{"id":419,"date":"2023-01-17T05:00:49","date_gmt":"2023-01-17T05:00:49","guid":{"rendered":"https:\/\/infobizy.com\/?page_id=419"},"modified":"2023-11-14T05:58:56","modified_gmt":"2023-11-14T05:58:56","slug":"zasady-ochrany-osobnich-udaju","status":"publish","type":"page","link":"https:\/\/infobizy.com\/cs\/politica-de-privacidade\/","title":{"rendered":"Z\u00e1sady ochrany osobn\u00edch \u00fadaj\u016f"},"content":{"rendered":"<div class=\"td-page-content tagdiv-type\">\n<p>Va\u0161e soukrom\u00ed je pro n\u00e1s d\u016fle\u017eit\u00e9. Je to politika <a href=\"https:\/\/infobizy.com\/cs\/\">Info Bizy<\/a> respektovat va\u0161e soukrom\u00ed ohledn\u011b jak\u00fdchkoli informac\u00ed, kter\u00e9 od v\u00e1s na webu m\u016f\u017eeme shrom\u00e1\u017edit <a href=\"https:\/\/infobizy.com\/cs\/\">Info Bizy<\/a>a dal\u0161\u00ed webov\u00e9 str\u00e1nky, kter\u00e9 vlastn\u00edme a provozujeme. Osobn\u00ed \u00fadaje po\u017eadujeme pouze tehdy, kdy\u017e je skute\u010dn\u011b pot\u0159ebujeme k tomu, abychom v\u00e1m mohli poskytnout slu\u017ebu. \u010cin\u00edme tak spravedliv\u00fdmi a z\u00e1konn\u00fdmi prost\u0159edky, s va\u0161\u00edm v\u011bdom\u00edm a souhlasem. Tak\u00e9 v\u00e1m d\u00e1me v\u011bd\u011bt, pro\u010d jej sb\u00edr\u00e1me a jak bude pou\u017eit. Shrom\u00e1\u017ed\u011bn\u00e9 informace uchov\u00e1v\u00e1me pouze po dobu nezbytn\u011b nutnou k poskytnut\u00ed po\u017eadovan\u00e9 slu\u017eby. Kdy\u017e data uchov\u00e1v\u00e1me, chr\u00e1n\u00edme je komer\u010dn\u011b p\u0159ijateln\u00fdmi prost\u0159edky, abychom zabr\u00e1nili ztr\u00e1t\u011b a kr\u00e1de\u017ei, stejn\u011b jako neopr\u00e1vn\u011bn\u00e9mu p\u0159\u00edstupu, zve\u0159ejn\u011bn\u00ed, kop\u00edrov\u00e1n\u00ed, pou\u017eit\u00ed nebo \u00faprav\u011b. Osobn\u00ed \u00fadaje nesd\u00edl\u00edme ve\u0159ejn\u011b ani se t\u0159et\u00edmi stranami, s v\u00fdjimkou p\u0159\u00edpad\u016f, kdy to vy\u017eaduje z\u00e1kon. Na\u0161e webov\u00e9 str\u00e1nky mohou obsahovat odkazy na extern\u00ed webov\u00e9 str\u00e1nky, kter\u00e9 neprovozujeme. Uv\u011bdomte si pros\u00edm, \u017ee nem\u00e1me \u017e\u00e1dnou kontrolu nad obsahem a praktikami t\u011bchto str\u00e1nek a nem\u016f\u017eeme p\u0159ijmout odpov\u011bdnost za jejich p\u0159\u00edslu\u0161n\u00e9 z\u00e1sady ochrany osobn\u00edch \u00fadaj\u016f. M\u016f\u017eete odm\u00edtnout na\u0161i \u017e\u00e1dost o osobn\u00ed \u00fadaje s t\u00edm, \u017ee v\u00e1m nemus\u00edme b\u00fdt schopni poskytnout n\u011bkter\u00e9 z v\u00e1mi po\u017eadovan\u00fdch slu\u017eeb. Va\u0161e dal\u0161\u00ed pou\u017e\u00edv\u00e1n\u00ed na\u0161ich webov\u00fdch str\u00e1nek bude pova\u017eov\u00e1no za p\u0159ijet\u00ed na\u0161ich postup\u016f v oblasti ochrany osobn\u00edch \u00fadaj\u016f a osobn\u00edch \u00fadaj\u016f. M\u00e1te-li jak\u00e9koli dotazy ohledn\u011b toho, jak nakl\u00e1d\u00e1me s u\u017eivatelsk\u00fdmi \u00fadaji a osobn\u00edmi \u00fadaji, kontaktujte n\u00e1s.<\/p>\n<h3 class=\"wp-block-heading\">Info Bizy Z\u00e1sady cookies<\/h3>\n<h3 class=\"wp-block-heading\">Co jsou cookies?<\/h3>\n<p>Jak je b\u011b\u017enou prax\u00ed u t\u00e9m\u011b\u0159 v\u0161ech profesion\u00e1ln\u00edch webov\u00fdch str\u00e1nek, tato str\u00e1nka pou\u017e\u00edv\u00e1 soubory cookie, co\u017e jsou mal\u00e9 soubory, kter\u00e9 se stahuj\u00ed do va\u0161eho po\u010d\u00edta\u010de, aby se zlep\u0161ila va\u0161e zku\u0161enost. Tato str\u00e1nka popisuje, jak\u00e9 informace shroma\u017e\u010fuj\u00ed, jak je pou\u017e\u00edv\u00e1me a pro\u010d n\u011bkdy pot\u0159ebujeme tyto soubory cookie ukl\u00e1dat. Pod\u011bl\u00edme se tak\u00e9 o to, jak m\u016f\u017eete zabr\u00e1nit ukl\u00e1d\u00e1n\u00ed t\u011bchto soubor\u016f cookie, m\u016f\u017ee to v\u0161ak sn\u00ed\u017eit nebo \u201enaru\u0161it\u201c ur\u010dit\u00e9 prvky funk\u010dnosti webu.<\/p>\n<h3 class=\"wp-block-heading\">Jak pou\u017e\u00edv\u00e1me soubory cookie?<\/h3>\n<p>Soubory cookie pou\u017e\u00edv\u00e1me z r\u016fzn\u00fdch d\u016fvod\u016f, kter\u00e9 jsou podrobn\u011b pops\u00e1ny n\u00ed\u017ee. Bohu\u017eel ve v\u011bt\u0161in\u011b p\u0159\u00edpad\u016f neexistuj\u00ed \u017e\u00e1dn\u00e9 standardn\u00ed mo\u017enosti pro zak\u00e1z\u00e1n\u00ed soubor\u016f cookie bez \u00fapln\u00e9ho vypnut\u00ed funkc\u00ed a funkc\u00ed, kter\u00e9 p\u0159id\u00e1vaj\u00ed na tento web. Pokud si nejste jisti, zda je pot\u0159ebujete, pokud se pou\u017e\u00edvaj\u00ed k poskytov\u00e1n\u00ed slu\u017eby, kterou pou\u017e\u00edv\u00e1te, doporu\u010dujeme vynechat v\u0161echny soubory cookie.<\/p>\n<h3 class=\"wp-block-heading\">zak\u00e1zat soubory cookie<\/h3>\n<p>Nastaven\u00ed cookies m\u016f\u017eete zabr\u00e1nit \u00fapravou nastaven\u00ed va\u0161eho prohl\u00ed\u017ee\u010de (viz N\u00e1pov\u011bda va\u0161eho prohl\u00ed\u017ee\u010de, jak to prov\u00e9st). Uv\u011bdomte si pros\u00edm, \u017ee zak\u00e1z\u00e1n\u00ed soubor\u016f cookie ovlivn\u00ed funk\u010dnost t\u00e9to a mnoha dal\u0161\u00edch webov\u00fdch str\u00e1nek, kter\u00e9 nav\u0161t\u00edv\u00edte. Zak\u00e1z\u00e1n\u00ed soubor\u016f cookie obecn\u011b povede k deaktivaci ur\u010dit\u00fdch funkc\u00ed a vlastnost\u00ed tohoto webu. Proto se doporu\u010duje nezakazovat soubory cookie.<\/p>\n<h3 class=\"wp-block-heading\">Soubory cookie, kter\u00e9 jsme nastavili<\/h3>\n<ul>\n<li>Cookies souvisej\u00edc\u00ed s \u00fa\u010dtem<\/li>\n<li>Pokud si u n\u00e1s vytvo\u0159\u00edte \u00fa\u010det, budeme pou\u017e\u00edvat soubory cookie ke spr\u00e1v\u011b registra\u010dn\u00edho procesu a obecn\u00e9 administrace. Tyto soubory cookie budou obvykle vymaz\u00e1ny, kdy\u017e se odhl\u00e1s\u00edte, v n\u011bkter\u00fdch p\u0159\u00edpadech v\u0161ak mohou z\u016fstat i pot\u00e9, aby si pamatovaly va\u0161e p\u0159edvolby webu, kdy\u017e se odhl\u00e1s\u00edte.<\/li>\n<li>Cookies souvisej\u00edc\u00ed s p\u0159ihl\u00e1\u0161en\u00edm<\/li>\n<li>Soubory cookie pou\u017e\u00edv\u00e1me, kdy\u017e jste p\u0159ihl\u00e1\u0161eni, abychom si tuto akci zapamatovali. D\u00edky tomu se nemus\u00edte p\u0159ihla\u0161ovat poka\u017ed\u00e9, kdy\u017e nav\u0161t\u00edv\u00edte novou str\u00e1nku. Tyto soubory cookie jsou obvykle odstran\u011bny nebo vymaz\u00e1ny, kdy\u017e se odhl\u00e1s\u00edte, aby bylo zaji\u0161t\u011bno, \u017ee po p\u0159ihl\u00e1\u0161en\u00ed budete m\u00edt p\u0159\u00edstup pouze k omezen\u00fdm funkc\u00edm a oblastem.<\/li>\n<li>Soubory cookie souvisej\u00edc\u00ed s e-mailov\u00fdmi zpravodaji<\/li>\n<li>Tato str\u00e1nka nab\u00edz\u00ed slu\u017eby odb\u011bru novinek nebo e-mail\u016f a soubory cookie mohou b\u00fdt pou\u017eity k zapamatov\u00e1n\u00ed, zda jste ji\u017e zaregistrov\u00e1ni a zda se maj\u00ed zobrazovat ur\u010dit\u00e1 upozorn\u011bn\u00ed platn\u00e1 pouze pro p\u0159ihl\u00e1\u0161en\u00e9\/neodhl\u00e1\u0161en\u00e9 u\u017eivatele.<\/li>\n<li>Objedn\u00e1vky zpracov\u00e1vaj\u00edc\u00ed souvisej\u00edc\u00ed cookies<\/li>\n<li>Tato str\u00e1nka nab\u00edz\u00ed mo\u017enosti elektronick\u00e9ho obchodov\u00e1n\u00ed nebo platby a n\u011bkter\u00e9 soubory cookie jsou nezbytn\u00e9 k tomu, aby se zajistilo zapamatov\u00e1n\u00ed va\u0161\u00ed objedn\u00e1vky mezi str\u00e1nkami, abychom ji mohli spr\u00e1vn\u011b zpracovat.<\/li>\n<li>Cookies souvisej\u00edc\u00ed s vyhled\u00e1v\u00e1n\u00edm<\/li>\n<li>Pravideln\u011b nab\u00edz\u00edme pr\u016fzkumy a dotazn\u00edky, abychom mohli poskytnout zaj\u00edmav\u00e9 informace, u\u017eite\u010dn\u00e9 n\u00e1stroje nebo l\u00e9pe porozum\u011bt na\u0161\u00ed u\u017eivatelsk\u00e9 z\u00e1kladn\u011b. Tyto pr\u016fzkumy mohou pou\u017e\u00edvat soubory cookie k zapamatov\u00e1n\u00ed, kdo se ji\u017e pr\u016fzkumu z\u00fa\u010dastnil, nebo k poskytov\u00e1n\u00ed p\u0159esn\u00fdch v\u00fdsledk\u016f pot\u00e9, co zm\u011bn\u00edte str\u00e1nky.<\/li>\n<li>Soubory cookie souvisej\u00edc\u00ed s formul\u00e1\u0159i<\/li>\n<li>Kdy\u017e ode\u0161lete data prost\u0159ednictv\u00edm formul\u00e1\u0159e, jako jsou ty, kter\u00e9 najdete na kontaktn\u00edch str\u00e1nk\u00e1ch nebo formul\u00e1\u0159\u00edch pro koment\u00e1\u0159e, mohou b\u00fdt soubory cookie nastaveny tak, aby si zapamatovaly va\u0161e u\u017eivatelsk\u00e9 \u00fadaje pro budouc\u00ed korespondenci.<\/li>\n<li>Soubory cookie p\u0159edvoleb webu<\/li>\n<li>Abychom v\u00e1m poskytli skv\u011bl\u00fd z\u00e1\u017eitek na tomto webu, poskytujeme funkci pro nastaven\u00ed va\u0161ich preferenc\u00ed pro b\u011bh tohoto webu, kdy\u017e je pou\u017e\u00edv\u00e1te. Abychom si zapamatovali va\u0161e preference, mus\u00edme nastavit soubory cookie, aby bylo mo\u017en\u00e9 tyto informace volat p\u0159i ka\u017ed\u00e9 interakci se str\u00e1nkou, kter\u00e1 je ovlivn\u011bna va\u0161imi preferencemi.<\/li>\n<\/ul>\n<h3 class=\"wp-block-heading\">Cookies t\u0159et\u00edch stran<\/h3>\n<p>V n\u011bkter\u00fdch zvl\u00e1\u0161tn\u00edch p\u0159\u00edpadech pou\u017e\u00edv\u00e1me tak\u00e9 soubory cookie poskytovan\u00e9 d\u016fv\u011bryhodn\u00fdmi t\u0159et\u00edmi stranami. N\u00e1sleduj\u00edc\u00ed \u010d\u00e1st podrobn\u011b popisuje, se kter\u00fdmi soubory cookie t\u0159et\u00edch stran se m\u016f\u017eete na t\u00e9to webov\u00e9 str\u00e1nce setkat.<\/p>\n<ul>\n<li>Tento web pou\u017e\u00edv\u00e1 Google Analytics, co\u017e je jedno z nejroz\u0161\u00ed\u0159en\u011bj\u0161\u00edch a nejd\u016fv\u011bryhodn\u011bj\u0161\u00edch analytick\u00fdch \u0159e\u0161en\u00ed na webu, aby n\u00e1m pomohl porozum\u011bt tomu, jak web pou\u017e\u00edv\u00e1te a jak m\u016f\u017eeme zlep\u0161it va\u0161i zku\u0161enost. Tyto soubory cookie mohou sledovat v\u011bci, jako je doba, kterou na webu str\u00e1v\u00edte a kter\u00e9 str\u00e1nky nav\u0161t\u00edv\u00edte, abychom mohli i nad\u00e1le vytv\u00e1\u0159et zaj\u00edmav\u00fd obsah.<\/li>\n<\/ul>\n<p>Dal\u0161\u00ed informace o souborech cookie Google Analytics naleznete na ofici\u00e1ln\u00ed str\u00e1nce Google Analytics.<\/p>\n<ul>\n<li>Anal\u00fdzy t\u0159et\u00edch stran se pou\u017e\u00edvaj\u00ed ke sledov\u00e1n\u00ed a m\u011b\u0159en\u00ed pou\u017e\u00edv\u00e1n\u00ed tohoto webu, abychom mohli pokra\u010dovat ve vytv\u00e1\u0159en\u00ed poutav\u00e9ho obsahu. Tyto soubory cookie mohou sledovat v\u011bci, jako je doba, kterou na webu str\u00e1v\u00edte nebo kter\u00e9 str\u00e1nky nav\u0161t\u00edv\u00edte, co\u017e n\u00e1m pom\u00e1h\u00e1 pochopit, jak pro v\u00e1s m\u016f\u017eeme web vylep\u0161it.<\/li>\n<li>Pravideln\u011b testujeme nov\u00e9 funkce a prov\u00e1d\u00edme drobn\u00e9 zm\u011bny ve vzhledu webu. Kdy\u017e st\u00e1le testujeme nov\u00e9 funkce, mohou b\u00fdt tyto soubory cookie pou\u017eity k tomu, abychom zajistili, \u017ee budete na webu dost\u00e1vat konzistentn\u00ed z\u00e1\u017eitek a z\u00e1rove\u0148 pochop\u00edte, kter\u00e9 optimalizace na\u0161i u\u017eivatel\u00e9 nejv\u00edce oce\u0148uj\u00ed.<\/li>\n<li>P\u0159i prodeji produkt\u016f je pro n\u00e1s d\u016fle\u017eit\u00e9 porozum\u011bt statistik\u00e1m o tom, kolik n\u00e1v\u0161t\u011bvn\u00edk\u016f na\u0161ich str\u00e1nek skute\u010dn\u011b nakoup\u00ed, a proto tyto soubory cookie budou sledovat tento typ dat. To je pro v\u00e1s d\u016fle\u017eit\u00e9, proto\u017ee to znamen\u00e1, \u017ee m\u016f\u017eeme p\u0159esn\u011b vytv\u00e1\u0159et obchodn\u00ed p\u0159edpov\u011bdi, kter\u00e9 n\u00e1m umo\u017e\u0148uj\u00ed analyzovat na\u0161e reklamn\u00ed a produktov\u00e9 n\u00e1klady, abychom zajistili nejlep\u0161\u00ed mo\u017enou cenu.<\/li>\n<li>Slu\u017eba Google AdSense, kterou pou\u017e\u00edv\u00e1me k zobrazov\u00e1n\u00ed reklam, pou\u017e\u00edv\u00e1 soubor cookie DoubleClick k zobrazov\u00e1n\u00ed relevantn\u011bj\u0161\u00edch reklam na webu a k omezen\u00ed po\u010dtu zobrazen\u00ed konkr\u00e9tn\u00ed reklamy. Dal\u0161\u00ed informace o AdSense naleznete v ofici\u00e1ln\u00edch nej\u010dast\u011bj\u0161\u00edch dotazech ohledn\u011b ochrany osobn\u00edch \u00fadaj\u016f AdSense.<\/li>\n<li>Reklamy pou\u017e\u00edv\u00e1me k vyrovn\u00e1n\u00ed n\u00e1klad\u016f na provoz t\u011bchto webov\u00fdch str\u00e1nek a k poskytnut\u00ed finan\u010dn\u00edch prost\u0159edk\u016f na budouc\u00ed rozvoj. Behavior\u00e1ln\u00ed reklamn\u00ed soubory cookie pou\u017e\u00edvan\u00e9 touto webovou str\u00e1nkou jsou navr\u017eeny tak, aby zajistily, \u017ee v\u00e1m poskytneme co nejrelevantn\u011bj\u0161\u00ed reklamy, anonymn\u011b sledujeme va\u0161e z\u00e1jmy a p\u0159edkl\u00e1d\u00e1me v\u00e1m podobn\u00e9 v\u011bci, kter\u00e9 by v\u00e1s mohly zaj\u00edmat.<\/li>\n<li>R\u016fzn\u00ed partne\u0159i inzeruj\u00ed na\u0161\u00edm jm\u00e9nem a soubory cookie pro sledov\u00e1n\u00ed affiliate partner\u016f n\u00e1m jednodu\u0161e umo\u017e\u0148uj\u00ed zjistit, zda na\u0161i z\u00e1kazn\u00edci p\u0159istoupili na web prost\u0159ednictv\u00edm n\u011bkter\u00e9ho z na\u0161ich partnersk\u00fdch web\u016f, abychom jim mohli \u0159\u00e1dn\u011b p\u0159ipsat kredit a p\u0159\u00edpadn\u011b umo\u017enit na\u0161im affiliate partner\u016fm nab\u00edzet jakoukoli propagaci, kter\u00e1 m\u016f\u017ee poskytnout v\u00e1m n\u00e1kup.<\/li>\n<\/ul>\n<h3 class=\"wp-block-heading\">Z\u00e1vazek u\u017eivatele<\/h3>\n<p>U\u017eivatel se zavazuje n\u00e1le\u017eit\u011b vyu\u017e\u00edvat obsah a informace, kter\u00e9 Info Bizy nab\u00edz\u00ed na webov\u00fdch str\u00e1nk\u00e1ch, a to s v\u00fdslovn\u00fdm, nikoli v\u0161ak omezuj\u00edc\u00edm charakterem:<\/p>\n<ul>\n<li>A) nezapojovat se do \u010dinnost\u00ed, kter\u00e9 jsou nez\u00e1konn\u00e9 nebo jsou v rozporu s dobrou v\u00edrou a ve\u0159ejn\u00fdm po\u0159\u00e1dkem;<\/li>\n<li>B) ne\u0161\u00ed\u0159it propagandu nebo obsah rasistick\u00e9, xenofobn\u00ed nebo ne\u0161\u0165astn\u00e9 povahy, \u017e\u00e1dn\u00fd druh neleg\u00e1ln\u00ed pornografie, omluvu za terorismus nebo proti lidsk\u00fdm pr\u00e1v\u016fm;<\/li>\n<li>C) Nepo\u0161kozovat fyzick\u00e9 (hardwarov\u00e9) a logick\u00e9 (softwarov\u00e9) syst\u00e9my spole\u010dnosti Info Bizy, jej\u00edch dodavatel\u016f nebo t\u0159et\u00edch stran, zav\u00e1d\u011bt nebo \u0161\u00ed\u0159it po\u010d\u00edta\u010dov\u00e9 viry nebo jak\u00fdkoli jin\u00fd hardwarov\u00fd nebo softwarov\u00fd syst\u00e9m, kter\u00fd je schopen zp\u016fsobit v\u00fd\u0161e uveden\u00e9 \u0161kody.<\/li>\n<\/ul>\n<h3 class=\"wp-block-heading\">V\u00edce informac\u00ed<\/h3>\n<p>Doufejme, \u017ee se to vyjasnilo, a jak ji\u017e bylo zm\u00edn\u011bno d\u0159\u00edve, pokud si nejste jisti, zda to pot\u0159ebujete nebo ne, je obecn\u011b bezpe\u010dn\u011bj\u0161\u00ed ponechat soubory cookie povolen\u00e9, pokud pou\u017e\u00edv\u00e1te n\u011bkterou z funkc\u00ed, kter\u00e9 na na\u0161em webu pou\u017e\u00edv\u00e1te. Tato politika je \u00fa\u010dinn\u00e1 od <strong>leden<\/strong>\/<strong>2022<\/strong>.<\/p>\n<\/div>","protected":false},"excerpt":{"rendered":"<p>A sua privacidade \u00e9 importante para n\u00f3s. \u00c9 pol\u00edtica do Info Bizy respeitar a sua privacidade em rela\u00e7\u00e3o a qualquer informa\u00e7\u00e3o sua que possamos coletar no site Info Bizy, e outros sites que possu\u00edmos e operamos. Solicitamos informa\u00e7\u00f5es pessoais apenas quando realmente precisamos delas para lhe fornecer um servi\u00e7o. Fazemo-lo por meios justos e legais, [&hellip;]<\/p>\n","protected":false},"author":4,"featured_media":0,"parent":0,"menu_order":0,"comment_status":"closed","ping_status":"closed","template":"","meta":{"footnotes":""},"class_list":["post-419","page","type-page","status-publish"],"_links":{"self":[{"href":"https:\/\/infobizy.com\/cs\/wp-json\/wp\/v2\/pages\/419","targetHints":{"allow":["GET"]}}],"collection":[{"href":"https:\/\/infobizy.com\/cs\/wp-json\/wp\/v2\/pages"}],"about":[{"href":"https:\/\/infobizy.com\/cs\/wp-json\/wp\/v2\/types\/page"}],"author":[{"embeddable":true,"href":"https:\/\/infobizy.com\/cs\/wp-json\/wp\/v2\/users\/4"}],"replies":[{"embeddable":true,"href":"https:\/\/infobizy.com\/cs\/wp-json\/wp\/v2\/comments?post=419"}],"version-history":[{"count":8,"href":"https:\/\/infobizy.com\/cs\/wp-json\/wp\/v2\/pages\/419\/revisions"}],"predecessor-version":[{"id":1194,"href":"https:\/\/infobizy.com\/cs\/wp-json\/wp\/v2\/pages\/419\/revisions\/1194"}],"wp:attachment":[{"href":"https:\/\/infobizy.com\/cs\/wp-json\/wp\/v2\/media?parent=419"}],"curies":[{"name":"wp","href":"https:\/\/api.w.org\/{rel}","templated":true}]}}