{"id":129,"date":"2023-01-17T02:02:30","date_gmt":"2023-01-17T02:02:30","guid":{"rendered":"https:\/\/infobizy.com\/?page_id=129"},"modified":"2023-11-14T05:54:44","modified_gmt":"2023-11-14T05:54:44","slug":"vilkar-for-brug","status":"publish","type":"page","link":"https:\/\/infobizy.com\/da\/termos-de-uso\/","title":{"rendered":"Vilk\u00e5r for brug"},"content":{"rendered":"<h3 class=\"wp-block-heading\" id=\"1-termos\">1. Vilk\u00e5r<\/h3>\n\n\n\n<p>N\u00e5r du g\u00e5r ind p\u00e5 hjemmesiden <a href=\"https:\/\/infobizy.com\/da\/\">Info Bizy<\/a>, accepterer du at overholde disse servicevilk\u00e5r, alle g\u00e6ldende love og regler og accepterer, at du er ansvarlig for overholdelse af enhver g\u00e6ldende lokal lovgivning. Hvis du ikke er enig i nogen af \u200b\u200bdisse vilk\u00e5r, har du forbud mod at bruge eller f\u00e5 adgang til dette websted. Materialerne p\u00e5 dette websted er beskyttet af g\u00e6ldende copyright- og varem\u00e6rkelovgivning.<\/p>\n\n\n\n<h3 class=\"wp-block-heading\" id=\"2-uso-de-licenca\">2. Licensbrug<\/h3>\n\n\n\n<p>Der gives tilladelse til midlertidigt at downloade \u00e9n kopi af materialerne (information eller software) p\u00e5 Info Bizys hjemmeside til personlig, ikke-kommerciel forbig\u00e5ende visning. Dette er tildelingen af en licens, ikke en overf\u00f8rsel af ejendomsret, og under denne licens m\u00e5 du ikke:&nbsp;<\/p>\n\n\n\n<ol class=\"wp-block-list\">\n<li>\u00e6ndre eller kopiere materialerne;&nbsp;<\/li>\n\n\n\n<li>bruge materialerne til ethvert kommercielt form\u00e5l eller til offentlig fremvisning (kommerciel eller ikke-kommerciel);&nbsp;<\/li>\n\n\n\n<li>fors\u00f8ge at dekompilere eller reverse engineering af software indeholdt p\u00e5 Info Bizys hjemmeside;&nbsp;<\/li>\n\n\n\n<li>fjerne enhver ophavsret eller anden ejendomsretlig bem\u00e6rkning fra materialerne; eller&nbsp;<\/li>\n\n\n\n<li>overf\u00f8re materialet til en anden person eller &#039;spejle&#039; materialet p\u00e5 en hvilken som helst anden server.<\/li>\n<\/ol>\n\n\n\n<p>Denne licens oph\u00f8rer automatisk, hvis du overtr\u00e6der nogen af disse begr\u00e6nsninger og kan til enhver tid opsiges af Info Bizy. N\u00e5r du afslutter din visning af disse materialer eller ved opsigelse af denne licens, skal du slette alle downloadede materialer i din besiddelse, hvad enten de er i elektronisk eller trykt format.<\/p>\n\n\n\n<h3 class=\"wp-block-heading\" id=\"3-isencao-de-responsabilidade\">3. Ansvarsfraskrivelse<\/h3>\n\n\n\n<ol class=\"wp-block-list\">\n<li>Materialerne p\u00e5 Info Bizys hjemmeside leveres p\u00e5 &#039;som de er&#039;-basis. Info Bizy giver ingen garantier, hverken udtrykte eller underforst\u00e5ede, og fraskriver sig og afviser hermed alle andre garantier, herunder, uden begr\u00e6nsning, underforst\u00e5ede garantier eller betingelser for salgbarhed, egnethed til et bestemt form\u00e5l eller ikke-kr\u00e6nkelse af intellektuel ejendom eller anden kr\u00e6nkelse af rettigheder.<\/li>\n\n\n\n<li>Yderligere garanterer Info Bizy ikke eller frems\u00e6tter nogen repr\u00e6sentationer vedr\u00f8rende n\u00f8jagtigheden, sandsynlige resultater eller p\u00e5lideligheden af \u200b\u200bbrugen af \u200b\u200bmaterialerne p\u00e5 sin hjemmeside eller p\u00e5 anden m\u00e5de relateret til s\u00e5danne materialer eller p\u00e5 nogen sider, der er linket til denne hjemmeside.<\/li>\n<\/ol>\n\n\n\n<h3 class=\"wp-block-heading\" id=\"4-limitacoes\">4. Begr\u00e6nsninger<\/h3>\n\n\n\n<p>Info Bizy eller dets leverand\u00f8rer kan under ingen omst\u00e6ndigheder holdes ansvarlige for skader (herunder, uden begr\u00e6nsning, skader for tab af data eller fortjeneste eller p\u00e5 grund af forretningsafbrydelser), der opst\u00e5r som f\u00f8lge af brugen eller manglende evne til at bruge materialerne p\u00e5 Info Bizy, selv hvis Info Bizy eller en autoriseret Info Bizy-repr\u00e6sentant er blevet underrettet mundtligt eller skriftligt om muligheden for s\u00e5danne skader. Fordi nogle jurisdiktioner ikke tillader begr\u00e6nsninger af underforst\u00e5ede garantier eller begr\u00e6nsninger af ansvar for f\u00f8lgeskader eller tilf\u00e6ldige skader, g\u00e6lder disse begr\u00e6nsninger muligvis ikke for dig.<\/p>\n\n\n\n<h3 class=\"wp-block-heading\" id=\"5-precisao-dos-materiais\">5. Pr\u00e6cision af materialer<\/h3>\n\n\n\n<p>Materialet, der vises p\u00e5 Info Bizys hjemmeside, kan omfatte tekniske, typografiske eller fotografiske fejl. Info Bizy garanterer ikke, at noget materiale p\u00e5 dets hjemmeside er n\u00f8jagtigt, fuldst\u00e6ndigt eller aktuelt. Info Bizy kan til enhver tid uden varsel foretage \u00e6ndringer i materialerne p\u00e5 sin hjemmeside. Info Bizy forpligter sig dog ikke til at opdatere materialerne.<\/p>\n\n\n\n<h3 class=\"wp-block-heading\" id=\"6-links\">6. Links<\/h3>\n\n\n\n<p>Info Bizy har ikke gennemg\u00e5et alle de sider, der er linket til dens hjemmeside, og er ikke ansvarlig for indholdet af nogen linket hjemmeside. Inkluderingen af et link indeb\u00e6rer ikke, at Info Bizy godkender webstedet. Brug af ethvert linket websted er p\u00e5 brugerens eget ansvar.<\/p>\n\n\n\n<h3 class=\"wp-block-heading\" id=\"modificacoes\">\u00c6ndringer<\/h3>\n\n\n\n<p>Info Bizy kan til enhver tid \u00e6ndre disse servicevilk\u00e5r for sit websted uden varsel. Ved at bruge denne hjemmeside accepterer du at v\u00e6re bundet af den aktuelle version af disse servicevilk\u00e5r.<\/p>\n\n\n\n<h3 class=\"wp-block-heading\" id=\"lei-aplicavel\">G\u00e6ldende lov<\/h3>\n\n\n\n<p>Disse vilk\u00e5r og betingelser er underlagt og fortolkes i overensstemmelse med lovene i Info Bizy, og du underkaster dig uigenkaldeligt den eksklusive jurisdiktion for domstolene i den p\u00e5g\u00e6ldende stat eller det p\u00e5g\u00e6ldende sted.<\/p>","protected":false},"excerpt":{"rendered":"<p>1. Termos Ao acessar ao site Info Bizy, concorda em cumprir estes termos de servi\u00e7o, todas as leis e regulamentos aplic\u00e1veis \u200b\u200be concorda que \u00e9 respons\u00e1vel pelo cumprimento de todas as leis locais aplic\u00e1veis. Se voc\u00ea n\u00e3o concordar com algum desses termos, est\u00e1 proibido de usar ou acessar este site. Os materiais contidos neste site [&hellip;]<\/p>\n","protected":false},"author":4,"featured_media":0,"parent":0,"menu_order":0,"comment_status":"closed","ping_status":"closed","template":"","meta":{"footnotes":""},"class_list":["post-129","page","type-page","status-publish"],"_links":{"self":[{"href":"https:\/\/infobizy.com\/da\/wp-json\/wp\/v2\/pages\/129","targetHints":{"allow":["GET"]}}],"collection":[{"href":"https:\/\/infobizy.com\/da\/wp-json\/wp\/v2\/pages"}],"about":[{"href":"https:\/\/infobizy.com\/da\/wp-json\/wp\/v2\/types\/page"}],"author":[{"embeddable":true,"href":"https:\/\/infobizy.com\/da\/wp-json\/wp\/v2\/users\/4"}],"replies":[{"embeddable":true,"href":"https:\/\/infobizy.com\/da\/wp-json\/wp\/v2\/comments?post=129"}],"version-history":[{"count":6,"href":"https:\/\/infobizy.com\/da\/wp-json\/wp\/v2\/pages\/129\/revisions"}],"predecessor-version":[{"id":1190,"href":"https:\/\/infobizy.com\/da\/wp-json\/wp\/v2\/pages\/129\/revisions\/1190"}],"wp:attachment":[{"href":"https:\/\/infobizy.com\/da\/wp-json\/wp\/v2\/media?parent=129"}],"curies":[{"name":"wp","href":"https:\/\/api.w.org\/{rel}","templated":true}]}}