{"id":419,"date":"2023-01-17T05:00:49","date_gmt":"2023-01-17T05:00:49","guid":{"rendered":"https:\/\/infobizy.com\/?page_id=419"},"modified":"2023-11-14T05:58:56","modified_gmt":"2023-11-14T05:58:56","slug":"fortrolighedspolitik","status":"publish","type":"page","link":"https:\/\/infobizy.com\/da\/politica-de-privacidade\/","title":{"rendered":"Fortrolighedspolitik"},"content":{"rendered":"<div class=\"td-page-content tagdiv-type\">\n<p>Dit privatliv er vigtigt for os. Det er politikken for <a href=\"https:\/\/infobizy.com\/da\/\">Info Bizy<\/a> respektere dit privatliv i forhold til enhver information, vi m\u00e5tte indsamle fra dig p\u00e5 hjemmesiden <a href=\"https:\/\/infobizy.com\/da\/\">Info Bizy<\/a>, og andre websteder, vi ejer og driver. Vi anmoder kun om personlige oplysninger, n\u00e5r vi virkelig har brug for dem for at give dig en service. Vi g\u00f8r det p\u00e5 retf\u00e6rdige og lovlige m\u00e5der, med din viden og samtykke. Vi fort\u00e6ller dig ogs\u00e5, hvorfor vi indsamler det, og hvordan det vil blive brugt. Vi opbevarer kun indsamlede oplysninger, s\u00e5 l\u00e6nge det er n\u00f8dvendigt for at levere den \u00f8nskede service. N\u00e5r vi opbevarer data, beskytter vi dem inden for kommercielt acceptable midler for at forhindre tab og tyveri samt uautoriseret adgang, offentligg\u00f8relse, kopiering, brug eller \u00e6ndring. Vi deler ikke personligt identificerbare oplysninger offentligt eller med tredjeparter, undtagen n\u00e5r loven kr\u00e6ver det. Vores hjemmeside kan have links til eksterne hjemmesider, som ikke drives af os. V\u00e6r opm\u00e6rksom p\u00e5, at vi ikke har kontrol over indholdet og praksis p\u00e5 disse websteder og kan ikke acceptere ansvar for deres respektive privatlivspolitikker. Du kan frit afvise vores anmodning om dine personlige oplysninger, med den forst\u00e5else, at vi muligvis ikke kan give dig nogle af dine \u00f8nskede tjenester. Din fortsatte brug af vores hjemmeside vil blive betragtet som accept af vores praksis omkring privatliv og personlige oplysninger. Hvis du har sp\u00f8rgsm\u00e5l til, hvordan vi h\u00e5ndterer brugerdata og personoplysninger, er du velkommen til at kontakte os.<\/p>\n<h3 class=\"wp-block-heading\">Info Bizy Cookies Politik<\/h3>\n<h3 class=\"wp-block-heading\">Hvad er cookies?<\/h3>\n<p>Som det er almindelig praksis med n\u00e6sten alle professionelle websteder, bruger denne side cookies, som er sm\u00e5 filer, der downloades til din computer, for at forbedre din oplevelse. Denne side beskriver, hvilke oplysninger de indsamler, hvordan vi bruger dem, og hvorfor vi nogle gange har brug for at gemme disse cookies. Vi vil ogs\u00e5 dele, hvordan du kan forhindre disse cookies i at blive gemt, men dette kan nedgradere eller &#039;bryde&#039; visse elementer af webstedets funktionalitet.<\/p>\n<h3 class=\"wp-block-heading\">Hvordan bruger vi cookies?<\/h3>\n<p>Vi bruger cookies af en r\u00e6kke \u00e5rsager, beskrevet nedenfor. Desv\u00e6rre er der i de fleste tilf\u00e6lde ingen industristandard muligheder for at deaktivere cookies uden helt at deaktivere den funktionalitet og de funktioner, de tilf\u00f8jer til denne side. Det anbefales, at du efterlader alle cookies, hvis du ikke er sikker p\u00e5, om du har brug for dem, hvis de bruges til at levere en tjeneste, du bruger.<\/p>\n<h3 class=\"wp-block-heading\">Deaktiver cookies<\/h3>\n<p>Du kan forhindre indstilling af cookies ved at justere dine browserindstillinger (se din browserhj\u00e6lp for, hvordan du g\u00f8r dette). V\u00e6r opm\u00e6rksom p\u00e5, at deaktivering af cookies vil p\u00e5virke funktionaliteten af denne og mange andre websteder, du bes\u00f8ger. Deaktivering af cookies vil generelt resultere i deaktivering af visse funktioner og funktioner p\u00e5 denne hjemmeside. Derfor anbefales det, at du ikke deaktiverer cookies.<\/p>\n<h3 class=\"wp-block-heading\">Cookies vi s\u00e6tter<\/h3>\n<ul>\n<li>Kontorelaterede cookies<\/li>\n<li>Hvis du opretter en konto hos os, bruger vi cookies til at administrere registreringsprocessen og generel administration. Disse cookies vil normalt blive slettet, n\u00e5r du logger ud, men i nogle tilf\u00e6lde kan de forblive bagefter for at huske dine webstedspr\u00e6ferencer, n\u00e5r du logger ud.<\/li>\n<li>Login-relaterede cookies<\/li>\n<li>Vi bruger cookies, n\u00e5r du er logget ind, s\u00e5 vi kan huske denne handling. Dette sparer dig for at skulle logge ind, hver gang du bes\u00f8ger en ny side. Disse cookies fjernes eller ryddes normalt, n\u00e5r du logger ud for at sikre, at du kun kan f\u00e5 adgang til begr\u00e6nsede funktioner og omr\u00e5der, n\u00e5r du er logget ind.<\/li>\n<li>Cookies relateret til e-mail nyhedsbreve<\/li>\n<li>Dette websted tilbyder nyhedsbreve eller e-mail-abonnementstjenester, og cookies kan bruges til at huske, om du allerede er registreret, og om visse meddelelser kun g\u00e6lder for tilmeldte\/afmeldte brugere.<\/li>\n<li>Ordrer, der behandler relaterede cookies<\/li>\n<li>Dette websted tilbyder e-handel eller betalingsfaciliteter, og nogle cookies er vigtige for at sikre, at din ordre huskes mellem siderne, s\u00e5 vi kan behandle den korrekt.<\/li>\n<li>S\u00f8gerelaterede cookies<\/li>\n<li>Med j\u00e6vne mellemrum tilbyder vi unders\u00f8gelser og sp\u00f8rgeskemaer for at give interessant information, nyttige v\u00e6rkt\u00f8jer eller for at forst\u00e5 vores brugerbase mere pr\u00e6cist. Disse unders\u00f8gelser kan bruge cookies til at huske, hvem der allerede har deltaget i en unders\u00f8gelse eller for at give n\u00f8jagtige resultater, efter du har skiftet side.<\/li>\n<li>Formular-relaterede cookies<\/li>\n<li>N\u00e5r du indsender data via en formular som dem, der findes p\u00e5 kontaktsider eller kommentarformularer, kan cookies indstilles til at huske dine brugeroplysninger til fremtidig korrespondance.<\/li>\n<li>Webstedspr\u00e6ferencecookies<\/li>\n<li>For at give dig en god oplevelse p\u00e5 dette websted, tilbyder vi funktionaliteten til at indstille dine pr\u00e6ferencer for, hvordan dette websted k\u00f8rer, n\u00e5r du bruger det. For at huske dine pr\u00e6ferencer skal vi indstille cookies, s\u00e5 disse oplysninger kan kaldes, n\u00e5r du interagerer med en side, der er p\u00e5virket af dine pr\u00e6ferencer.<\/li>\n<\/ul>\n<h3 class=\"wp-block-heading\">Tredjepartscookies<\/h3>\n<p>I nogle s\u00e6rlige tilf\u00e6lde bruger vi ogs\u00e5 cookies leveret af betroede tredjeparter. Det f\u00f8lgende afsnit beskriver, hvilke tredjepartscookies du kan st\u00f8de p\u00e5 via denne hjemmeside.<\/p>\n<ul>\n<li>Dette websted bruger Google Analytics, som er en af \u200b\u200bde mest udbredte og p\u00e5lidelige analysel\u00f8sninger p\u00e5 nettet for at hj\u00e6lpe os med at forst\u00e5, hvordan du bruger webstedet, og hvordan vi kan forbedre din oplevelse. Disse cookies kan spore ting som, hvor lang tid du bruger p\u00e5 webstedet og de sider, du bes\u00f8ger, s\u00e5 vi kan forts\u00e6tte med at producere engagerende indhold.<\/li>\n<\/ul>\n<p>For mere information om Google Analytics-cookies, se den officielle Google Analytics-side.<\/p>\n<ul>\n<li>Tredjepartsanalyser bruges til at spore og m\u00e5le brugen af dette websted, s\u00e5 vi kan forts\u00e6tte med at producere engagerende indhold. Disse cookies kan spore ting som den tid, du bruger p\u00e5 webstedet eller de sider, du bes\u00f8ger, hvilket hj\u00e6lper os med at forst\u00e5, hvordan vi kan forbedre webstedet for dig.<\/li>\n<li>Med j\u00e6vne mellemrum tester vi nye funktioner og foretager subtile \u00e6ndringer af den m\u00e5de, siden vises p\u00e5. N\u00e5r vi stadig tester nye funktioner, kan disse cookies blive brugt til at sikre, at du f\u00e5r en ensartet oplevelse, mens du er p\u00e5 webstedet, mens vi forst\u00e5r, hvilke optimeringer vores brugere s\u00e6tter mest pris p\u00e5.<\/li>\n<li>N\u00e5r vi s\u00e6lger produkter, er det vigtigt, at vi forst\u00e5r statistik over, hvor mange bes\u00f8gende p\u00e5 vores hjemmeside, der faktisk k\u00f8ber, og det er derfor den type data, som disse cookies vil spore. Dette er vigtigt for dig, da det betyder, at vi n\u00f8jagtigt kan lave forretningsprognoser, der giver os mulighed for at analysere vores annoncerings- og produktomkostninger for at sikre den bedst mulige pris.<\/li>\n<li>Google AdSense-tjenesten, vi bruger til at vise annoncering, bruger en DoubleClick-cookie til at vise mere relevante annoncer p\u00e5 tv\u00e6rs af nettet og begr\u00e6nse antallet af gange, en bestemt annonce vises til dig. For mere information om Google AdSense, se de officielle Google AdSense-privatlivssp\u00f8rgsm\u00e5l.<\/li>\n<li>Vi bruger annoncer til at kompensere for omkostningerne ved at drive dette websted og yde finansiering til fremtidig udvikling. De adf\u00e6rdsm\u00e6ssige annonceringscookies, der bruges af dette websted, er designet til at sikre, at vi giver dig de mest relevante annoncer, hvor det er muligt, ved anonymt at spore dine interesser og pr\u00e6sentere lignende ting, der kan v\u00e6re af interesse for dig.<\/li>\n<li>Adskillige partnere annoncerer p\u00e5 vores vegne, og affilierede sporingscookies giver os blot mulighed for at se, om vores kunder har tilg\u00e5et webstedet gennem en af vores partneres websteder, s\u00e5 vi kan kreditere dem korrekt og, hvor det er relevant, tillade vores tilknyttede partnere at tilbyde enhver kampagne, der kan give dig mulighed for at foretage et k\u00f8b.<\/li>\n<\/ul>\n<h3 class=\"wp-block-heading\">Brugerforpligtelse<\/h3>\n<p>Brugeren forpligter sig til at g\u00f8re passende brug af indholdet og informationen, som Info Bizy tilbyder p\u00e5 hjemmesiden og med en udtalende, men ikke begr\u00e6nsende karakter:<\/p>\n<ul>\n<li>A) ikke deltage i aktiviteter, der er ulovlige eller i modstrid med god tro og offentlig orden;<\/li>\n<li>B) Undlad at sprede propaganda eller indhold af racistisk, fremmedfjendsk eller d\u00e5rlig karakter, nogen form for ulovlig pornografi, til st\u00f8tte for terrorisme eller mod menneskerettigheder;<\/li>\n<li>C) Undlad at for\u00e5rsage skade p\u00e5 de fysiske (hardware) og logiske (software) systemer hos Info Bizy, dets leverand\u00f8rer eller tredjeparter, for at introducere eller sprede computervirus eller andre hardware- eller softwaresystemer, der er i stand til at for\u00e5rsage de f\u00f8rn\u00e6vnte skader.<\/li>\n<\/ul>\n<h3 class=\"wp-block-heading\">Mere information<\/h3>\n<p>Forh\u00e5bentlig er det klart, og som tidligere n\u00e6vnt, hvis der er noget, du ikke er sikker p\u00e5, om du har brug for eller ej, er det normalt sikrere at lade cookies v\u00e6re aktiveret, hvis det interagerer med en af de funktioner, du bruger p\u00e5 vores side. Denne politik er g\u00e6ldende fra <strong>januar<\/strong>\/<strong>2022<\/strong>.<\/p>\n<\/div>","protected":false},"excerpt":{"rendered":"<p>A sua privacidade \u00e9 importante para n\u00f3s. \u00c9 pol\u00edtica do Info Bizy respeitar a sua privacidade em rela\u00e7\u00e3o a qualquer informa\u00e7\u00e3o sua que possamos coletar no site Info Bizy, e outros sites que possu\u00edmos e operamos. Solicitamos informa\u00e7\u00f5es pessoais apenas quando realmente precisamos delas para lhe fornecer um servi\u00e7o. Fazemo-lo por meios justos e legais, [&hellip;]<\/p>\n","protected":false},"author":4,"featured_media":0,"parent":0,"menu_order":0,"comment_status":"closed","ping_status":"closed","template":"","meta":{"footnotes":""},"class_list":["post-419","page","type-page","status-publish"],"_links":{"self":[{"href":"https:\/\/infobizy.com\/da\/wp-json\/wp\/v2\/pages\/419","targetHints":{"allow":["GET"]}}],"collection":[{"href":"https:\/\/infobizy.com\/da\/wp-json\/wp\/v2\/pages"}],"about":[{"href":"https:\/\/infobizy.com\/da\/wp-json\/wp\/v2\/types\/page"}],"author":[{"embeddable":true,"href":"https:\/\/infobizy.com\/da\/wp-json\/wp\/v2\/users\/4"}],"replies":[{"embeddable":true,"href":"https:\/\/infobizy.com\/da\/wp-json\/wp\/v2\/comments?post=419"}],"version-history":[{"count":8,"href":"https:\/\/infobizy.com\/da\/wp-json\/wp\/v2\/pages\/419\/revisions"}],"predecessor-version":[{"id":1194,"href":"https:\/\/infobizy.com\/da\/wp-json\/wp\/v2\/pages\/419\/revisions\/1194"}],"wp:attachment":[{"href":"https:\/\/infobizy.com\/da\/wp-json\/wp\/v2\/media?parent=419"}],"curies":[{"name":"wp","href":"https:\/\/api.w.org\/{rel}","templated":true}]}}