{"id":419,"date":"2023-01-17T05:00:49","date_gmt":"2023-01-17T05:00:49","guid":{"rendered":"https:\/\/infobizy.com\/?page_id=419"},"modified":"2023-11-14T05:58:56","modified_gmt":"2023-11-14T05:58:56","slug":"datenschutzrichtlinie","status":"publish","type":"page","link":"https:\/\/infobizy.com\/de\/politica-de-privacidade\/","title":{"rendered":"Datenschutz-Bestimmungen"},"content":{"rendered":"<div class=\"td-page-content tagdiv-type\">\n<p>Ihre Privatsph\u00e4re ist uns wichtig. Es ist die Politik von <a href=\"https:\/\/infobizy.com\/de\/\">Infos Bizy<\/a> Respektieren Sie Ihre Privatsph\u00e4re in Bezug auf alle Informationen, die wir auf der Website m\u00f6glicherweise von Ihnen sammeln <a href=\"https:\/\/infobizy.com\/de\/\">Infos Bizy<\/a>und andere Websites, die wir besitzen und betreiben. Wir fragen nur dann nach personenbezogenen Daten, wenn wir diese wirklich ben\u00f6tigen, um Ihnen eine Dienstleistung bereitzustellen. Wir tun dies auf faire und rechtm\u00e4\u00dfige Weise, mit Ihrem Wissen und Ihrer Zustimmung. Wir teilen Ihnen auch mit, warum wir sie sammeln und wie sie verwendet werden. Wir bewahren die erfassten Informationen nur so lange auf, wie es f\u00fcr die Bereitstellung der angeforderten Dienstleistung erforderlich ist. Wenn wir Daten speichern, sch\u00fctzen wir sie mit kommerziell akzeptablen Mitteln, um Verlust und Diebstahl sowie unbefugten Zugriff, unbefugte Offenlegung, Vervielf\u00e4ltigung, Verwendung oder \u00c4nderung zu verhindern. Wir geben personenbezogene Daten nicht \u00f6ffentlich oder an Dritte weiter, es sei denn, dies ist gesetzlich vorgeschrieben. Unsere Website kann Links zu externen Websites enthalten, die nicht von uns betrieben werden. Bitte beachten Sie, dass wir keine Kontrolle \u00fcber den Inhalt und die Praktiken dieser Websites haben und keine Verantwortung f\u00fcr deren jeweilige Datenschutzrichtlinien \u00fcbernehmen k\u00f6nnen. Es steht Ihnen frei, unsere Anfrage nach personenbezogenen Daten abzulehnen, da Sie sich dar\u00fcber im Klaren sind, dass wir Ihnen m\u00f6glicherweise einige der von Ihnen gew\u00fcnschten Dienstleistungen nicht anbieten k\u00f6nnen. Durch Ihre fortgesetzte Nutzung unserer Website erkl\u00e4ren Sie sich mit unseren Praktiken in Bezug auf Datenschutz und pers\u00f6nliche Daten einverstanden. Wenn Sie Fragen zum Umgang mit Nutzerdaten und pers\u00f6nlichen Informationen haben, kontaktieren Sie uns bitte.<\/p>\n<h3 class=\"wp-block-heading\">Informationen zur Cookie-Richtlinie von Bizy<\/h3>\n<h3 class=\"wp-block-heading\">Was sind Cookies?<\/h3>\n<p>Wie bei fast allen professionellen Websites \u00fcblich, verwendet diese Website Cookies, kleine Dateien, die auf Ihren Computer heruntergeladen werden, um Ihr Erlebnis zu verbessern. Auf dieser Seite wird beschrieben, welche Informationen sie sammeln, wie wir sie verwenden und warum wir diese Cookies manchmal speichern m\u00fcssen. Wir erkl\u00e4ren Ihnen auch, wie Sie die Speicherung dieser Cookies verhindern k\u00f6nnen. Dies kann jedoch zu einer Beeintr\u00e4chtigung oder \u201eBeeintr\u00e4chtigung\u201c bestimmter Elemente der Website-Funktionalit\u00e4t f\u00fchren.<\/p>\n<h3 class=\"wp-block-heading\">Wie verwenden wir Cookies?<\/h3>\n<p>Wir verwenden Cookies aus verschiedenen Gr\u00fcnden, die im Folgenden n\u00e4her erl\u00e4utert werden. Leider gibt es in den meisten F\u00e4llen keine branchen\u00fcblichen Optionen zum Deaktivieren von Cookies, ohne die Funktionalit\u00e4t und Features, die sie dieser Website hinzuf\u00fcgen, vollst\u00e4ndig zu deaktivieren. Wir empfehlen Ihnen, alle Cookies wegzulassen, wenn Sie nicht sicher sind, ob Sie sie ben\u00f6tigen oder nicht, wenn sie zur Bereitstellung eines von Ihnen genutzten Dienstes verwendet werden.<\/p>\n<h3 class=\"wp-block-heading\">Cookies deaktivieren<\/h3>\n<p>Sie k\u00f6nnen das Setzen von Cookies verhindern, indem Sie die Einstellungen Ihres Browsers anpassen (Informationen dazu finden Sie in der Hilfe Ihres Browsers). Bitte beachten Sie, dass die Deaktivierung von Cookies die Funktionalit\u00e4t dieser und vieler anderer von Ihnen besuchter Websites beeintr\u00e4chtigt. Das Deaktivieren von Cookies f\u00fchrt im Allgemeinen dazu, dass bestimmte Funktionen und Merkmale dieser Website deaktiviert werden. Daher wird empfohlen, Cookies nicht zu deaktivieren.<\/p>\n<h3 class=\"wp-block-heading\">Von uns gesetzte Cookies<\/h3>\n<ul>\n<li>Kontobezogene Cookies<\/li>\n<li>Wenn Sie ein Konto bei uns erstellen, verwenden wir Cookies, um den Registrierungsprozess und die allgemeine Verwaltung zu verwalten. Diese Cookies werden in der Regel gel\u00f6scht, wenn Sie sich abmelden. In einigen F\u00e4llen k\u00f6nnen sie jedoch auch danach bestehen bleiben, um Ihre Website-Einstellungen zu speichern, wenn Sie sich abmelden.<\/li>\n<li>Anmeldebezogene Cookies<\/li>\n<li>Wir verwenden Cookies, wenn Sie eingeloggt sind, damit wir uns an diese Aktion erinnern k\u00f6nnen. Dies erspart Ihnen die erneute Anmeldung bei jedem Besuch einer neuen Seite. Diese Cookies werden normalerweise entfernt oder gel\u00f6scht, wenn Sie sich abmelden, um sicherzustellen, dass Sie nur auf eingeschr\u00e4nkte Funktionen und Bereiche zugreifen k\u00f6nnen, wenn Sie angemeldet sind.<\/li>\n<li>Cookies im Zusammenhang mit E-Mail-Newslettern<\/li>\n<li>Diese Website bietet Newsletter- oder E-Mail-Abonnementdienste an und Cookies k\u00f6nnen verwendet werden, um zu erkennen, ob Sie bereits registriert sind und ob bestimmte Benachrichtigungen angezeigt werden sollen, die nur f\u00fcr abonnierte\/abgemeldete Benutzer g\u00fcltig sind.<\/li>\n<li>Auftragsverarbeitungsbezogene Cookies<\/li>\n<li>Diese Website bietet E-Commerce- oder Zahlungsm\u00f6glichkeiten und einige Cookies sind unerl\u00e4sslich, um sicherzustellen, dass Ihre Bestellung zwischen den Seiten gespeichert wird, damit wir sie ordnungsgem\u00e4\u00df bearbeiten k\u00f6nnen.<\/li>\n<li>Suchbezogene Cookies<\/li>\n<li>In regelm\u00e4\u00dfigen Abst\u00e4nden bieten wir Umfragen und Frageb\u00f6gen an, um interessante Informationen und n\u00fctzliche Tools bereitzustellen oder um unsere Benutzerbasis genauer zu verstehen. Diese Umfragen k\u00f6nnen Cookies verwenden, um sich zu merken, wer bereits an einer Umfrage teilgenommen hat, oder um genaue Ergebnisse bereitzustellen, nachdem Sie die Seite gewechselt haben.<\/li>\n<li>Formularbezogene Cookies<\/li>\n<li>Wenn Sie Daten \u00fcber ein Formular \u00fcbermitteln, wie es beispielsweise auf Kontaktseiten oder Kommentarformularen zu finden ist, k\u00f6nnen Cookies gesetzt werden, um Ihre Benutzerdaten f\u00fcr zuk\u00fcnftige Korrespondenz zu speichern.<\/li>\n<li>Cookies f\u00fcr Website-Pr\u00e4ferenzen<\/li>\n<li>Um Ihnen ein gro\u00dfartiges Erlebnis auf dieser Website zu bieten, stellen wir die Funktionalit\u00e4t zur Verf\u00fcgung, mit der Sie Ihre Pr\u00e4ferenzen f\u00fcr die Funktionsweise dieser Website festlegen k\u00f6nnen, wenn Sie sie nutzen. Um Ihre Pr\u00e4ferenzen zu speichern, m\u00fcssen wir Cookies setzen, damit diese Informationen immer dann abgerufen werden k\u00f6nnen, wenn Sie mit einer Seite interagieren, die von Ihren Pr\u00e4ferenzen betroffen ist.<\/li>\n<\/ul>\n<h3 class=\"wp-block-heading\">Cookies von Drittanbietern<\/h3>\n<p>In einigen Sonderf\u00e4llen verwenden wir auch Cookies von vertrauensw\u00fcrdigen Dritten. Im folgenden Abschnitt erfahren Sie, welche Cookies von Drittanbietern Sie auf dieser Website finden k\u00f6nnen.<\/p>\n<ul>\n<li>Diese Website verwendet Google Analytics, eine der am weitesten verbreiteten und vertrauensw\u00fcrdigsten Analysel\u00f6sungen im Internet, um uns zu helfen, zu verstehen, wie Sie die Website nutzen und wie wir Ihr Erlebnis verbessern k\u00f6nnen. Diese Cookies k\u00f6nnen beispielsweise nachverfolgen, wie lange Sie auf der Website verbringen und welche Seiten Sie besuchen, damit wir weiterhin ansprechende Inhalte produzieren k\u00f6nnen.<\/li>\n<\/ul>\n<p>Weitere Informationen zu Google Analytics-Cookies finden Sie auf der offiziellen Google Analytics-Seite.<\/p>\n<ul>\n<li>Analysen von Drittanbietern werden verwendet, um die Nutzung dieser Website zu verfolgen und zu messen, damit wir weiterhin ansprechende Inhalte produzieren k\u00f6nnen. Diese Cookies k\u00f6nnen beispielsweise erfassen, wie lange Sie auf der Website verbringen oder welche Seiten Sie besuchen. Dies hilft uns zu verstehen, wie wir die Website f\u00fcr Sie verbessern k\u00f6nnen.<\/li>\n<li>In regelm\u00e4\u00dfigen Abst\u00e4nden testen wir neue Funktionen und nehmen geringf\u00fcgige \u00c4nderungen am Erscheinungsbild der Website vor. Wenn wir noch neue Funktionen testen, k\u00f6nnen diese Cookies verwendet werden, um sicherzustellen, dass Sie auf der Website ein einheitliches Erlebnis haben und gleichzeitig verstehen, welche Optimierungen unsere Benutzer am meisten sch\u00e4tzen.<\/li>\n<li>Da wir Produkte verkaufen, ist es f\u00fcr uns wichtig, Statistiken dar\u00fcber zu verstehen, wie viele Besucher unserer Website tats\u00e4chlich einen Kauf t\u00e4tigen. Daher werden diese Daten von diesen Cookies erfasst. Dies ist f\u00fcr Sie wichtig, da wir so genaue Gesch\u00e4ftsvorhersagen treffen k\u00f6nnen, die es uns erm\u00f6glichen, unsere Werbe- und Produktkosten zu analysieren, um den bestm\u00f6glichen Preis sicherzustellen.<\/li>\n<li>Der Google AdSense-Dienst, den wir nutzen, um Ihnen Werbung anzuzeigen, verwendet ein DoubleClick-Cookie, um Ihnen relevantere Anzeigen im gesamten Web anzuzeigen und die H\u00e4ufigkeit zu begrenzen, mit der Ihnen eine bestimmte Anzeige angezeigt wird. Weitere Informationen zu AdSense finden Sie in den offiziellen FAQ zum Datenschutz von AdSense.<\/li>\n<li>Wir nutzen Werbung, um die Kosten f\u00fcr den Betrieb dieser Website auszugleichen und Mittel f\u00fcr zuk\u00fcnftige Entwicklungen bereitzustellen. Die von dieser Website verwendeten verhaltensbezogenen Werbecookies sollen sicherstellen, dass wir Ihnen m\u00f6glichst relevante Werbung liefern, indem wir Ihre Interessen anonym verfolgen und Ihnen \u00e4hnliche Dinge pr\u00e4sentieren, die f\u00fcr Sie von Interesse sein k\u00f6nnten.<\/li>\n<li>Verschiedene Partner werben in unserem Namen und Affiliate-Tracking-Cookies erm\u00f6glichen es uns einfach zu sehen, ob unsere Kunden \u00fcber eine unserer Partnerseiten auf die Website zugegriffen haben, damit wir ihnen die entsprechende Gutschrift geben k\u00f6nnen und unseren Affiliate-Partnern gegebenenfalls die M\u00f6glichkeit geben k\u00f6nnen, Werbeaktionen anzubieten, die dies erm\u00f6glichen bieten Ihnen die M\u00f6glichkeit, einen Kauf zu t\u00e4tigen.<\/li>\n<\/ul>\n<h3 class=\"wp-block-heading\">Benutzerverpflichtung<\/h3>\n<p>Der Nutzer verpflichtet sich, die Inhalte und Informationen, die Info Bizy auf der Website anbietet, angemessen zu nutzen und zwar mit aussagekr\u00e4ftigem, aber nicht einschr\u00e4nkendem Charakter:<\/p>\n<ul>\n<li>A) sich nicht an Aktivit\u00e4ten zu beteiligen, die illegal sind oder gegen Treu und Glauben und die \u00f6ffentliche Ordnung versto\u00dfen;<\/li>\n<li>B) keine Propaganda oder Inhalte rassistischer, fremdenfeindlicher oder unheilvoller Natur, keine illegale Pornografie jeglicher Art, keine Entschuldigung f\u00fcr Terrorismus oder gegen die Menschenrechte zu verbreiten;<\/li>\n<li>C) Den physischen (Hardware) und logischen (Software) Systemen von Info Bizy, seinen Lieferanten oder Dritten keinen Schaden zuf\u00fcgen, Computerviren oder andere Hardware- oder Softwaresysteme einschleusen oder verbreiten, die die oben genannten Sch\u00e4den verursachen k\u00f6nnen.<\/li>\n<\/ul>\n<h3 class=\"wp-block-heading\">Mehr Informationen<\/h3>\n<p>Hoffentlich ist das gekl\u00e4rt, und wie bereits erw\u00e4hnt: Wenn Sie sich bei etwas nicht sicher sind, ob Sie es ben\u00f6tigen oder nicht, ist es im Allgemeinen sicherer, Cookies aktiviert zu lassen, wenn Sie mit einer der Funktionen interagieren, die Sie auf unserer Website verwenden. Diese Richtlinie gilt ab <strong>Januar<\/strong>\/<strong>2022<\/strong>.<\/p>\n<\/div>","protected":false},"excerpt":{"rendered":"<p>A sua privacidade \u00e9 importante para n\u00f3s. \u00c9 pol\u00edtica do Info Bizy respeitar a sua privacidade em rela\u00e7\u00e3o a qualquer informa\u00e7\u00e3o sua que possamos coletar no site Info Bizy, e outros sites que possu\u00edmos e operamos. Solicitamos informa\u00e7\u00f5es pessoais apenas quando realmente precisamos delas para lhe fornecer um servi\u00e7o. Fazemo-lo por meios justos e legais, [&hellip;]<\/p>\n","protected":false},"author":4,"featured_media":0,"parent":0,"menu_order":0,"comment_status":"closed","ping_status":"closed","template":"","meta":{"footnotes":""},"class_list":["post-419","page","type-page","status-publish"],"_links":{"self":[{"href":"https:\/\/infobizy.com\/de\/wp-json\/wp\/v2\/pages\/419","targetHints":{"allow":["GET"]}}],"collection":[{"href":"https:\/\/infobizy.com\/de\/wp-json\/wp\/v2\/pages"}],"about":[{"href":"https:\/\/infobizy.com\/de\/wp-json\/wp\/v2\/types\/page"}],"author":[{"embeddable":true,"href":"https:\/\/infobizy.com\/de\/wp-json\/wp\/v2\/users\/4"}],"replies":[{"embeddable":true,"href":"https:\/\/infobizy.com\/de\/wp-json\/wp\/v2\/comments?post=419"}],"version-history":[{"count":8,"href":"https:\/\/infobizy.com\/de\/wp-json\/wp\/v2\/pages\/419\/revisions"}],"predecessor-version":[{"id":1194,"href":"https:\/\/infobizy.com\/de\/wp-json\/wp\/v2\/pages\/419\/revisions\/1194"}],"wp:attachment":[{"href":"https:\/\/infobizy.com\/de\/wp-json\/wp\/v2\/media?parent=419"}],"curies":[{"name":"wp","href":"https:\/\/api.w.org\/{rel}","templated":true}]}}