{"id":419,"date":"2023-01-17T05:00:49","date_gmt":"2023-01-17T05:00:49","guid":{"rendered":"https:\/\/infobizy.com\/?page_id=419"},"modified":"2023-11-14T05:58:56","modified_gmt":"2023-11-14T05:58:56","slug":"tietosuojakaytanto","status":"publish","type":"page","link":"https:\/\/infobizy.com\/fi\/politica-de-privacidade\/","title":{"rendered":"Tietosuojak\u00e4yt\u00e4nt\u00f6"},"content":{"rendered":"<div class=\"td-page-content tagdiv-type\">\n<p>Yksityisyytesi on meille t\u00e4rke\u00e4\u00e4. Se on politiikkaa <a href=\"https:\/\/infobizy.com\/fi\/\">Tiedot Bizy<\/a> kunnioittaa yksityisyytt\u00e4si koskien tietoja, joita voimme ker\u00e4t\u00e4 sinulta sivustolla <a href=\"https:\/\/infobizy.com\/fi\/\">Tiedot Bizy<\/a>ja muut omistamamme ja yll\u00e4pit\u00e4m\u00e4mme verkkosivustot. Pyyd\u00e4mme henkil\u00f6tietoja vain silloin, kun todella tarvitsemme niit\u00e4 palvelun tarjoamiseksi. Teemme t\u00e4m\u00e4n oikeudenmukaisin ja laillisin keinoin tietosi ja suostumuksesi perusteella. Kerromme my\u00f6s, miksi ker\u00e4\u00e4mme sit\u00e4 ja miten sit\u00e4 k\u00e4ytet\u00e4\u00e4n. S\u00e4ilyt\u00e4mme ker\u00e4ttyj\u00e4 tietoja vain niin kauan kuin on tarpeen pyydetyn palvelun tarjoamiseksi. Kun tallennamme tietoja, suojaamme niit\u00e4 kaupallisesti hyv\u00e4ksytt\u00e4vin keinoin est\u00e4\u00e4ksemme katoamisen ja varkauden sek\u00e4 luvattoman k\u00e4yt\u00f6n, paljastamisen, kopioimisen, k\u00e4yt\u00f6n tai muuttamisen. Emme jaa henkil\u00f6kohtaisesti tunnistettavia tietoja julkisesti tai kolmansille osapuolille, paitsi lain edellytt\u00e4miss\u00e4 tapauksissa. Verkkosivustollamme voi olla linkkej\u00e4 ulkoisille verkkosivustoille, joita emme hallinnoi. Huomaa, ett\u00e4 emme voi valvoa n\u00e4iden sivustojen sis\u00e4lt\u00f6\u00e4 ja k\u00e4yt\u00e4nt\u00f6j\u00e4, emmek\u00e4 voi ottaa vastuuta niiden tietosuojak\u00e4yt\u00e4nn\u00f6ist\u00e4. Voit vapaasti hyl\u00e4t\u00e4 henkil\u00f6tietopyynt\u00f6mme ja ymm\u00e4rt\u00e4\u00e4, ett\u00e4 emme ehk\u00e4 pysty tarjoamaan sinulle joitain haluamistasi palveluista. Verkkosivustomme jatkuvan k\u00e4yt\u00f6n katsotaan hyv\u00e4ksyv\u00e4n tietosuojaa ja henkil\u00f6tietoja koskevat k\u00e4yt\u00e4nt\u00f6mme. Jos sinulla on kysytt\u00e4v\u00e4\u00e4 siit\u00e4, miten k\u00e4sittelemme k\u00e4ytt\u00e4j\u00e4tietoja ja henkil\u00f6tietoja, ota meihin yhteytt\u00e4.<\/p>\n<h3 class=\"wp-block-heading\">Info Bizyn ev\u00e4stek\u00e4yt\u00e4nt\u00f6<\/h3>\n<h3 class=\"wp-block-heading\">Mit\u00e4 ev\u00e4steet ovat?<\/h3>\n<p>Kuten yleinen k\u00e4yt\u00e4nt\u00f6 l\u00e4hes kaikilla ammattisivustoilla, t\u00e4m\u00e4 sivusto k\u00e4ytt\u00e4\u00e4 ev\u00e4steit\u00e4, jotka ovat pieni\u00e4 tiedostoja, jotka ladataan tietokoneellesi k\u00e4ytt\u00f6kokemuksesi parantamiseksi. T\u00e4ll\u00e4 sivulla kerrotaan, mit\u00e4 tietoja he ker\u00e4\u00e4v\u00e4t, kuinka k\u00e4yt\u00e4mme niit\u00e4 ja miksi meid\u00e4n on joskus tallennettava n\u00e4m\u00e4 ev\u00e4steet. Kerromme my\u00f6s, kuinka voit est\u00e4\u00e4 n\u00e4iden ev\u00e4steiden tallentamisen, mutta t\u00e4m\u00e4 saattaa heikent\u00e4\u00e4 tai &quot;rikkoa&quot; tietyt sivuston toiminnallisuuden elementit.<\/p>\n<h3 class=\"wp-block-heading\">Kuinka k\u00e4yt\u00e4mme ev\u00e4steit\u00e4?<\/h3>\n<p>K\u00e4yt\u00e4mme ev\u00e4steit\u00e4 useista syist\u00e4, jotka on kuvattu alla. Valitettavasti useimmissa tapauksissa ei ole alan standardivaihtoehtoja ev\u00e4steiden poistamiseksi k\u00e4yt\u00f6st\u00e4 poistamatta kokonaan k\u00e4yt\u00f6st\u00e4 niiden toimintoja ja ominaisuuksia, joita ne lis\u00e4\u00e4v\u00e4t t\u00e4lle verkkosivustolle. On suositeltavaa j\u00e4tt\u00e4\u00e4 kaikki ev\u00e4steet pois, jos et ole varma, tarvitsetko niit\u00e4, jos niit\u00e4 k\u00e4ytet\u00e4\u00e4n k\u00e4ytt\u00e4m\u00e4si palvelun tarjoamiseen.<\/p>\n<h3 class=\"wp-block-heading\">poista ev\u00e4steet k\u00e4yt\u00f6st\u00e4<\/h3>\n<p>Voit est\u00e4\u00e4 ev\u00e4steiden asettamisen s\u00e4\u00e4t\u00e4m\u00e4ll\u00e4 selaimesi asetuksia (katso selaimesi ohjeesta, miten t\u00e4m\u00e4 tehd\u00e4\u00e4n). Huomaa, ett\u00e4 ev\u00e4steiden poistaminen k\u00e4yt\u00f6st\u00e4 vaikuttaa t\u00e4m\u00e4n ja monien muiden vierailemiesi verkkosivustojen toimivuuteen. Ev\u00e4steiden poistaminen k\u00e4yt\u00f6st\u00e4 johtaa yleens\u00e4 t\u00e4m\u00e4n verkkosivuston tiettyjen toimintojen ja ominaisuuksien poistamiseen k\u00e4yt\u00f6st\u00e4. Siksi on suositeltavaa, ett\u00e4 et poista ev\u00e4steit\u00e4 k\u00e4yt\u00f6st\u00e4.<\/p>\n<h3 class=\"wp-block-heading\">Asetamme ev\u00e4steet<\/h3>\n<ul>\n<li>Tiliin liittyv\u00e4t ev\u00e4steet<\/li>\n<li>Jos luot meille tilin, k\u00e4yt\u00e4mme ev\u00e4steit\u00e4 rekister\u00f6intiprosessin ja yleisen hallinnon hallintaan. N\u00e4m\u00e4 ev\u00e4steet poistetaan yleens\u00e4, kun kirjaudut ulos, mutta joissain tapauksissa ne voivat j\u00e4\u00e4d\u00e4 j\u00e4lkeenp\u00e4in, jotta ne muistavat sivustoasetuksesi, kun kirjaudut ulos.<\/li>\n<li>Kirjautumiseen liittyv\u00e4t ev\u00e4steet<\/li>\n<li>K\u00e4yt\u00e4mme ev\u00e4steit\u00e4, kun olet kirjautunut sis\u00e4\u00e4n, jotta voimme muistaa t\u00e4m\u00e4n toiminnon. T\u00e4m\u00e4 s\u00e4\u00e4st\u00e4\u00e4 sinua joutumasta kirjautumaan sis\u00e4\u00e4n joka kerta, kun k\u00e4yt uudella sivulla. N\u00e4m\u00e4 ev\u00e4steet yleens\u00e4 poistetaan tai tyhjennet\u00e4\u00e4n, kun kirjaudut ulos, jotta voit varmistaa, ett\u00e4 voit k\u00e4ytt\u00e4\u00e4 vain rajoitettuja ominaisuuksia ja alueita sis\u00e4\u00e4nkirjautuneena.<\/li>\n<li>S\u00e4hk\u00f6postiuutiskirjeisiin liittyv\u00e4t ev\u00e4steet<\/li>\n<li>T\u00e4m\u00e4 sivusto tarjoaa uutiskirjeen tai s\u00e4hk\u00f6postin tilauspalveluita, ja ev\u00e4steit\u00e4 voidaan k\u00e4ytt\u00e4\u00e4 muistamaan, oletko jo rekister\u00f6itynyt ja n\u00e4ytet\u00e4\u00e4nk\u00f6 tietyt ilmoitukset vain tilaajille\/tilaamattomille k\u00e4ytt\u00e4jille.<\/li>\n<li>Tilaukset k\u00e4sittelev\u00e4t liittyvi\u00e4 ev\u00e4steit\u00e4<\/li>\n<li>T\u00e4m\u00e4 sivusto tarjoaa verkkokauppa- tai maksutoimintoja, ja jotkin ev\u00e4steet ovat v\u00e4ltt\u00e4m\u00e4tt\u00f6mi\u00e4 sen varmistamiseksi, ett\u00e4 tilauksesi muistetaan sivujen v\u00e4lill\u00e4, jotta voimme k\u00e4sitell\u00e4 sen oikein.<\/li>\n<li>Hakuun liittyv\u00e4t ev\u00e4steet<\/li>\n<li>Ajoittain tarjoamme kyselyit\u00e4 ja kyselyit\u00e4 tarjotaksemme mielenkiintoista tietoa, hy\u00f6dyllisi\u00e4 ty\u00f6kaluja tai ymm\u00e4rt\u00e4\u00e4ksemme k\u00e4ytt\u00e4j\u00e4kuntaamme tarkemmin. N\u00e4m\u00e4 kyselyt voivat k\u00e4ytt\u00e4\u00e4 ev\u00e4steit\u00e4 muistamaan, kuka on jo osallistunut kyselyyn, tai antaakseen tarkkoja tuloksia sivun vaihtamisen j\u00e4lkeen.<\/li>\n<li>Lomakkeisiin liittyv\u00e4t ev\u00e4steet<\/li>\n<li>Kun l\u00e4het\u00e4t tietoja yhteydenottosivuilta tai kommenttilomakkeilta l\u00f6ytyv\u00e4n lomakkeen kautta, ev\u00e4steet voidaan asettaa muistamaan k\u00e4ytt\u00e4j\u00e4tietosi tulevaa kirjeenvaihtoa varten.<\/li>\n<li>Sivustoasetusev\u00e4steet<\/li>\n<li>Voidaksemme tarjota sinulle erinomaisen kokemuksen t\u00e4ll\u00e4 sivustolla tarjoamme toiminnot, joiden avulla voit m\u00e4\u00e4ritt\u00e4\u00e4, miten t\u00e4m\u00e4 sivusto toimii, kun k\u00e4yt\u00e4t sit\u00e4. Muistaaksemme asetuksesi meid\u00e4n on asetettava ev\u00e4steet, jotta n\u00e4m\u00e4 tiedot voidaan kutsua aina, kun olet vuorovaikutuksessa sivun kanssa, johon asetuksesi vaikuttavat.<\/li>\n<\/ul>\n<h3 class=\"wp-block-heading\">Kolmannen osapuolen ev\u00e4steet<\/h3>\n<p>Joissakin erikoistapauksissa k\u00e4yt\u00e4mme my\u00f6s luotettujen kolmansien osapuolien ev\u00e4steit\u00e4. Seuraavassa osiossa kerrotaan, mit\u00e4 kolmannen osapuolen ev\u00e4steit\u00e4 saatat kohdata t\u00e4m\u00e4n verkkosivuston kautta.<\/p>\n<ul>\n<li>T\u00e4m\u00e4 verkkosivusto k\u00e4ytt\u00e4\u00e4 Google Analyticsia, joka on yksi verkon yleisimmist\u00e4 ja luotettavimmista analytiikkaratkaisuista, auttaakseen meit\u00e4 ymm\u00e4rt\u00e4m\u00e4\u00e4n, kuinka k\u00e4yt\u00e4t verkkosivustoa ja kuinka voimme parantaa k\u00e4ytt\u00f6kokemustasi. N\u00e4m\u00e4 ev\u00e4steet voivat seurata asioita, kuten kuinka kauan viet\u00e4t sivustolla ja mill\u00e4 sivuilla vierailet, jotta voimme jatkaa kiinnostavan sis\u00e4ll\u00f6n tuottamista.<\/li>\n<\/ul>\n<p>Lis\u00e4tietoja Google Analytics -ev\u00e4steist\u00e4 on virallisella Google Analytics -sivulla.<\/p>\n<ul>\n<li>Kolmannen osapuolen analytiikkaa k\u00e4ytet\u00e4\u00e4n t\u00e4m\u00e4n sivuston k\u00e4yt\u00f6n seuraamiseen ja mittaamiseen, jotta voimme jatkaa kiinnostavan sis\u00e4ll\u00f6n tuottamista. N\u00e4m\u00e4 ev\u00e4steet voivat seurata asioita, kuten kuinka kauan viet\u00e4t sivustolla tai mill\u00e4 sivuilla vierailet, mik\u00e4 auttaa meit\u00e4 ymm\u00e4rt\u00e4m\u00e4\u00e4n, kuinka voimme parantaa sivustoa puolestasi.<\/li>\n<li>Testaamme s\u00e4\u00e4nn\u00f6llisesti uusia ominaisuuksia ja teemme hienovaraisia \u200b\u200bmuutoksia sivuston ulkon\u00e4k\u00f6\u00f6n. Kun testaamme viel\u00e4 uusia ominaisuuksia, n\u00e4it\u00e4 ev\u00e4steit\u00e4 voidaan k\u00e4ytt\u00e4\u00e4 varmistamaan, ett\u00e4 saat tasaisen k\u00e4ytt\u00f6kokemuksen sivustolla samalla kun ymm\u00e4rr\u00e4mme, mit\u00e4 optimointeja k\u00e4ytt\u00e4j\u00e4mme arvostavat eniten.<\/li>\n<li>Kun myymme tuotteita, meid\u00e4n on t\u00e4rke\u00e4\u00e4 ymm\u00e4rt\u00e4\u00e4 tilastot siit\u00e4, kuinka moni sivustomme k\u00e4vij\u00e4 todella tekee ostoksen, ja siksi n\u00e4m\u00e4 ev\u00e4steet seuraavat t\u00e4m\u00e4ntyyppisi\u00e4 tietoja. T\u00e4m\u00e4 on sinulle t\u00e4rke\u00e4\u00e4, koska se tarkoittaa, ett\u00e4 voimme tehd\u00e4 t\u00e4sm\u00e4llisi\u00e4 liiketoimintaennusteita, joiden avulla voimme analysoida mainonta- ja tuotekulujamme varmistaaksemme parhaan mahdollisen hinnan.<\/li>\n<li>Google AdSense -palvelu, jota k\u00e4yt\u00e4mme mainosten n\u00e4ytt\u00e4miseen, k\u00e4ytt\u00e4\u00e4 DoubleClick-ev\u00e4stett\u00e4, joka n\u00e4ytt\u00e4\u00e4 sinulle osuvampia mainoksia verkossa ja rajoittaa tietyn mainoksen n\u00e4ytt\u00f6kertoja. Lis\u00e4tietoja AdSensesta on virallisessa AdSensen tietosuojaa koskevissa usein kysytyiss\u00e4 kysymyksiss\u00e4.<\/li>\n<li>K\u00e4yt\u00e4mme mainoksia korvataksemme t\u00e4m\u00e4n verkkosivuston yll\u00e4pitokustannuksia ja rahoittaaksemme tulevaa kehityst\u00e4. T\u00e4m\u00e4n verkkosivuston k\u00e4ytt\u00e4m\u00e4t k\u00e4ytt\u00e4ytymismainonnan ev\u00e4steet on suunniteltu varmistamaan, ett\u00e4 tarjoamme sinulle mahdollisimman osuvia mainoksia, seuraamalla anonyymisti kiinnostuksen kohteitasi ja esittelem\u00e4ll\u00e4 sinulle samankaltaisia \u200b\u200basioita, jotka saattavat kiinnostaa sinua.<\/li>\n<li>Useat kumppanit mainostavat puolestamme ja tyt\u00e4ryritysten seurantaev\u00e4steet antavat meille mahdollisuuden n\u00e4hd\u00e4, ovatko asiakkaamme k\u00e4ytt\u00e4neet sivustoa jonkin kumppanisivustomme kautta, jotta voimme hyvitt\u00e4\u00e4 heid\u00e4t asianmukaisesti ja sallia kumppanikumppaneidemme tarjota mahdollisia kampanjoita. tarjota sinulle ostoksen tekemist\u00e4.<\/li>\n<\/ul>\n<h3 class=\"wp-block-heading\">K\u00e4ytt\u00e4j\u00e4n sitoutuminen<\/h3>\n<p>K\u00e4ytt\u00e4j\u00e4 sitoutuu k\u00e4ytt\u00e4m\u00e4\u00e4n Info Bizyn verkkosivustolla tarjoamaa sis\u00e4lt\u00f6\u00e4 ja tietoja asianmukaisesti ilmaisullisesti, mutta ei rajoittavasti:<\/p>\n<ul>\n<li>A) olla osallistumatta toimintaan, joka on laitonta tai hyv\u00e4n uskon ja yleisen j\u00e4rjestyksen vastaista;<\/li>\n<li>B) olla levitt\u00e4m\u00e4tt\u00e4 propagandaa tai sis\u00e4lt\u00f6\u00e4, joka on luonteeltaan rasistista, muukalaisvihamielist\u00e4 tai huonoa onnea, mink\u00e4\u00e4nlaista laitonta pornografiaa, anteeksipyynt\u00f6\u00e4 terrorismista tai ihmisoikeuksien vastaisesta;<\/li>\n<li>C) \u00c4l\u00e4 vahingoita Info Bizyn, sen toimittajien tai kolmansien osapuolten fyysisi\u00e4 (laitteisto) ja loogisia (ohjelmisto) j\u00e4rjestelmi\u00e4 tietokonevirusten tai muiden laitteistojen tai ohjelmistojen tuomiseksi tai levitt\u00e4miseksi, jotka voivat aiheuttaa edell\u00e4 mainittuja vahinkoja.<\/li>\n<\/ul>\n<h3 class=\"wp-block-heading\">Lis\u00e4\u00e4 tietoa<\/h3>\n<p>Toivottavasti asia on selvitetty, ja kuten aiemmin mainittiin, jos et ole varma, tarvitsetko jotain vai et, on yleens\u00e4 turvallisempaa j\u00e4tt\u00e4\u00e4 ev\u00e4steet k\u00e4ytt\u00f6\u00f6n, jos k\u00e4yt\u00e4t jotakin verkkosivustollamme k\u00e4ytt\u00e4mist\u00e4si ominaisuuksista. T\u00e4m\u00e4 k\u00e4yt\u00e4nt\u00f6 on voimassa alkaen <strong>tammikuu<\/strong>\/<strong>2022<\/strong>.<\/p>\n<\/div>","protected":false},"excerpt":{"rendered":"<p>A sua privacidade \u00e9 importante para n\u00f3s. \u00c9 pol\u00edtica do Info Bizy respeitar a sua privacidade em rela\u00e7\u00e3o a qualquer informa\u00e7\u00e3o sua que possamos coletar no site Info Bizy, e outros sites que possu\u00edmos e operamos. Solicitamos informa\u00e7\u00f5es pessoais apenas quando realmente precisamos delas para lhe fornecer um servi\u00e7o. Fazemo-lo por meios justos e legais, [&hellip;]<\/p>\n","protected":false},"author":4,"featured_media":0,"parent":0,"menu_order":0,"comment_status":"closed","ping_status":"closed","template":"","meta":{"footnotes":""},"class_list":["post-419","page","type-page","status-publish"],"_links":{"self":[{"href":"https:\/\/infobizy.com\/fi\/wp-json\/wp\/v2\/pages\/419","targetHints":{"allow":["GET"]}}],"collection":[{"href":"https:\/\/infobizy.com\/fi\/wp-json\/wp\/v2\/pages"}],"about":[{"href":"https:\/\/infobizy.com\/fi\/wp-json\/wp\/v2\/types\/page"}],"author":[{"embeddable":true,"href":"https:\/\/infobizy.com\/fi\/wp-json\/wp\/v2\/users\/4"}],"replies":[{"embeddable":true,"href":"https:\/\/infobizy.com\/fi\/wp-json\/wp\/v2\/comments?post=419"}],"version-history":[{"count":8,"href":"https:\/\/infobizy.com\/fi\/wp-json\/wp\/v2\/pages\/419\/revisions"}],"predecessor-version":[{"id":1194,"href":"https:\/\/infobizy.com\/fi\/wp-json\/wp\/v2\/pages\/419\/revisions\/1194"}],"wp:attachment":[{"href":"https:\/\/infobizy.com\/fi\/wp-json\/wp\/v2\/media?parent=419"}],"curies":[{"name":"wp","href":"https:\/\/api.w.org\/{rel}","templated":true}]}}