{"id":129,"date":"2023-01-17T02:02:30","date_gmt":"2023-01-17T02:02:30","guid":{"rendered":"https:\/\/infobizy.com\/?page_id=129"},"modified":"2023-11-14T05:54:44","modified_gmt":"2023-11-14T05:54:44","slug":"conditions-dutilisation","status":"publish","type":"page","link":"https:\/\/infobizy.com\/fr\/termos-de-uso\/","title":{"rendered":"Conditions d&#039;utilisation"},"content":{"rendered":"<h3 class=\"wp-block-heading\" id=\"1-termos\">1. Conditions<\/h3>\n\n\n\n<p>Lors de l&#039;acc\u00e8s au site <a href=\"https:\/\/infobizy.com\/fr\/\">Infos Bizy<\/a>, acceptez de vous conformer aux pr\u00e9sentes conditions d&#039;utilisation, \u00e0 toutes les lois et r\u00e9glementations applicables, et convenez que vous \u00eates responsable du respect de toutes les lois locales applicables. Si vous n&#039;acceptez pas l&#039;une de ces conditions, il vous est interdit d&#039;utiliser ou d&#039;acc\u00e9der \u00e0 ce site Web. Le mat\u00e9riel contenu sur ce site est prot\u00e9g\u00e9 par les lois applicables sur le droit d&#039;auteur et les marques de commerce.<\/p>\n\n\n\n<h3 class=\"wp-block-heading\" id=\"2-uso-de-licenca\">2. Utilisation de la licence<\/h3>\n\n\n\n<p>L&#039;autorisation est accord\u00e9e de t\u00e9l\u00e9charger temporairement une copie du mat\u00e9riel (informations ou logiciels) sur le site Web d&#039;Info Bizy pour une visualisation transitoire personnelle et non commerciale uniquement. Il s&#039;agit de l&#039;octroi d&#039;une licence, et non d&#039;un transfert de titre, et en vertu de cette licence, vous ne pouvez pas\u00a0:&nbsp;<\/p>\n\n\n\n<ol class=\"wp-block-list\">\n<li>modifier ou copier le mat\u00e9riel\u00a0;&nbsp;<\/li>\n\n\n\n<li>utiliser le mat\u00e9riel \u00e0 des fins commerciales ou pour une pr\u00e9sentation publique (commerciale ou non commerciale)\u00a0;&nbsp;<\/li>\n\n\n\n<li>tenter de d\u00e9compiler ou d&#039;effectuer une ing\u00e9nierie inverse sur tout logiciel contenu sur le site Web d&#039;Info Bizy\u00a0;&nbsp;<\/li>\n\n\n\n<li>supprimer tout droit d&#039;auteur ou autres mentions de propri\u00e9t\u00e9 des documents\u00a0; ou&nbsp;<\/li>\n\n\n\n<li>transf\u00e9rer le mat\u00e9riel \u00e0 une autre personne ou \u00ab refl\u00e9ter \u00bb le mat\u00e9riel sur tout autre serveur.<\/li>\n<\/ol>\n\n\n\n<p>Cette licence prendra fin automatiquement si vous violez l&#039;une de ces restrictions et peut \u00eatre r\u00e9sili\u00e9e par Info Bizy \u00e0 tout moment. \u00c0 la fin de votre visionnage de ces documents ou \u00e0 la r\u00e9siliation de cette licence, vous devez supprimer tout mat\u00e9riel t\u00e9l\u00e9charg\u00e9 en votre possession, qu&#039;il soit au format \u00e9lectronique ou imprim\u00e9.<\/p>\n\n\n\n<h3 class=\"wp-block-heading\" id=\"3-isencao-de-responsabilidade\">3. Clause de non-responsabilit\u00e9<\/h3>\n\n\n\n<ol class=\"wp-block-list\">\n<li>Les documents pr\u00e9sents sur le site Web d&#039;Info Bizy sont fournis \u00ab tels quels \u00bb. Info Bizy ne donne aucune garantie, expresse ou implicite, et d\u00e9cline et annule par la pr\u00e9sente toute autre garantie, y compris, sans limitation, les garanties ou conditions implicites de qualit\u00e9 marchande, d&#039;ad\u00e9quation \u00e0 un usage particulier ou de non-violation de la propri\u00e9t\u00e9 intellectuelle ou autre violation des droits.<\/li>\n\n\n\n<li>De plus, Info Bizy ne garantit ni ne fait aucune d\u00e9claration concernant l&#039;exactitude, les r\u00e9sultats probables ou la fiabilit\u00e9 de l&#039;utilisation du mat\u00e9riel sur son site Web ou autrement li\u00e9 \u00e0 ce mat\u00e9riel ou sur tout site li\u00e9 \u00e0 ce site.<\/li>\n<\/ol>\n\n\n\n<h3 class=\"wp-block-heading\" id=\"4-limitacoes\">4. Limites<\/h3>\n\n\n\n<p>En aucun cas Info Bizy ou ses fournisseurs ne pourront \u00eatre tenus responsables de tout dommage (y compris, sans limitation, les dommages dus \u00e0 la perte de donn\u00e9es ou de profit, ou \u00e0 l&#039;interruption des activit\u00e9s) d\u00e9coulant de l&#039;utilisation ou de l&#039;impossibilit\u00e9 d&#039;utiliser le mat\u00e9riel sur Info Bizy, m\u00eame si Info Bizy ou un repr\u00e9sentant autoris\u00e9 d&#039;Info Bizy a \u00e9t\u00e9 inform\u00e9 oralement ou par \u00e9crit de la possibilit\u00e9 de tels dommages. \u00c9tant donn\u00e9 que certaines juridictions n&#039;autorisent pas les limitations des garanties implicites ou les limitations de responsabilit\u00e9 pour les dommages cons\u00e9cutifs ou accessoires, ces limitations peuvent ne pas s&#039;appliquer \u00e0 vous.<\/p>\n\n\n\n<h3 class=\"wp-block-heading\" id=\"5-precisao-dos-materiais\">5. Pr\u00e9cision des mat\u00e9riaux<\/h3>\n\n\n\n<p>Les \u00e9l\u00e9ments apparaissant sur le site Web d&#039;Info Bizy peuvent contenir des erreurs techniques, typographiques ou photographiques. Info Bizy ne garantit pas que les \u00e9l\u00e9ments pr\u00e9sents sur son site Web sont exacts, complets ou \u00e0 jour. Info Bizy peut apporter des modifications au mat\u00e9riel contenu sur son site Web \u00e0 tout moment et sans pr\u00e9avis. Toutefois Info Bizy ne s&#039;engage pas \u00e0 mettre \u00e0 jour les supports.<\/p>\n\n\n\n<h3 class=\"wp-block-heading\" id=\"6-links\">6. Liens<\/h3>\n\n\n\n<p>Info Bizy n&#039;a pas examin\u00e9 tous les sites li\u00e9s \u00e0 son site Web et n&#039;est pas responsable du contenu des sites li\u00e9s. L&#039;inclusion de tout lien n&#039;implique pas l&#039;approbation par Info Bizy du site. L&#039;utilisation de tout site li\u00e9 est aux propres risques de l&#039;utilisateur.<\/p>\n\n\n\n<h3 class=\"wp-block-heading\" id=\"modificacoes\">Modifications<\/h3>\n\n\n\n<p>Info Bizy peut r\u00e9viser les pr\u00e9sentes conditions d&#039;utilisation de son site Internet \u00e0 tout moment et sans pr\u00e9avis. En utilisant ce site Web, vous acceptez d&#039;\u00eatre li\u00e9 par la version actuelle de ces conditions d&#039;utilisation.<\/p>\n\n\n\n<h3 class=\"wp-block-heading\" id=\"lei-aplicavel\">Loi applicable<\/h3>\n\n\n\n<p>Ces termes et conditions sont r\u00e9gis et interpr\u00e9t\u00e9s conform\u00e9ment aux lois d&#039;Info Bizy et vous vous soumettez irr\u00e9vocablement \u00e0 la comp\u00e9tence exclusive des tribunaux de cet \u00c9tat ou lieu.<\/p>","protected":false},"excerpt":{"rendered":"<p>1. Termos Ao acessar ao site Info Bizy, concorda em cumprir estes termos de servi\u00e7o, todas as leis e regulamentos aplic\u00e1veis \u200b\u200be concorda que \u00e9 respons\u00e1vel pelo cumprimento de todas as leis locais aplic\u00e1veis. Se voc\u00ea n\u00e3o concordar com algum desses termos, est\u00e1 proibido de usar ou acessar este site. Os materiais contidos neste site [&hellip;]<\/p>\n","protected":false},"author":4,"featured_media":0,"parent":0,"menu_order":0,"comment_status":"closed","ping_status":"closed","template":"","meta":{"footnotes":""},"class_list":["post-129","page","type-page","status-publish"],"_links":{"self":[{"href":"https:\/\/infobizy.com\/fr\/wp-json\/wp\/v2\/pages\/129","targetHints":{"allow":["GET"]}}],"collection":[{"href":"https:\/\/infobizy.com\/fr\/wp-json\/wp\/v2\/pages"}],"about":[{"href":"https:\/\/infobizy.com\/fr\/wp-json\/wp\/v2\/types\/page"}],"author":[{"embeddable":true,"href":"https:\/\/infobizy.com\/fr\/wp-json\/wp\/v2\/users\/4"}],"replies":[{"embeddable":true,"href":"https:\/\/infobizy.com\/fr\/wp-json\/wp\/v2\/comments?post=129"}],"version-history":[{"count":6,"href":"https:\/\/infobizy.com\/fr\/wp-json\/wp\/v2\/pages\/129\/revisions"}],"predecessor-version":[{"id":1190,"href":"https:\/\/infobizy.com\/fr\/wp-json\/wp\/v2\/pages\/129\/revisions\/1190"}],"wp:attachment":[{"href":"https:\/\/infobizy.com\/fr\/wp-json\/wp\/v2\/media?parent=129"}],"curies":[{"name":"wp","href":"https:\/\/api.w.org\/{rel}","templated":true}]}}