{"id":129,"date":"2023-01-17T02:02:30","date_gmt":"2023-01-17T02:02:30","guid":{"rendered":"https:\/\/infobizy.com\/?page_id=129"},"modified":"2023-11-14T05:54:44","modified_gmt":"2023-11-14T05:54:44","slug":"%d7%aa%d7%a0%d7%90%d7%99-%d7%94%d7%a9%d7%99%d7%9e%d7%95%d7%a9","status":"publish","type":"page","link":"https:\/\/infobizy.com\/he\/termos-de-uso\/","title":{"rendered":"\u05ea\u05e0\u05d0\u05d9 \u05e9\u05d9\u05de\u05d5\u05e9"},"content":{"rendered":"<h3 class=\"wp-block-heading\" id=\"1-termos\">1. \u05ea\u05e0\u05d0\u05d9\u05dd<\/h3>\n\n\n\n<p>\u05d1\u05e2\u05ea \u05d4\u05db\u05e0\u05d9\u05e1\u05d4 \u05dc\u05d0\u05ea\u05e8 <a href=\"https:\/\/infobizy.com\/he\/\">\u05de\u05d9\u05d3\u05e2 \u05d1\u05d9\u05d6\u05d9<\/a>, \u05d0\u05ea\u05d4 \u05de\u05e1\u05db\u05d9\u05dd \u05dc\u05e6\u05d9\u05d9\u05ea \u05dc\u05ea\u05e0\u05d0\u05d9 \u05e9\u05d9\u05e8\u05d5\u05ea \u05d0\u05dc\u05d4, \u05dc\u05db\u05dc \u05d4\u05d7\u05d5\u05e7\u05d9\u05dd \u05d5\u05d4\u05ea\u05e7\u05e0\u05d5\u05ea \u05d4\u05d7\u05dc\u05d9\u05dd, \u05d5\u05de\u05e1\u05db\u05d9\u05dd \u05e9\u05d0\u05ea\u05d4 \u05d0\u05d7\u05e8\u05d0\u05d9 \u05dc\u05e6\u05d9\u05d5\u05ea \u05dc\u05db\u05dc \u05d4\u05d7\u05d5\u05e7\u05d9\u05dd \u05d4\u05de\u05e7\u05d5\u05de\u05d9\u05d9\u05dd \u05d4\u05d7\u05dc\u05d9\u05dd. \u05d0\u05dd \u05d0\u05d9\u05e0\u05da \u05de\u05e1\u05db\u05d9\u05dd \u05dc\u05d0\u05e3 \u05d0\u05d7\u05d3 \u05de\u05d4\u05ea\u05e0\u05d0\u05d9\u05dd \u05d4\u05dc\u05dc\u05d5, \u05e0\u05d0\u05e1\u05e8 \u05e2\u05dc\u05d9\u05da \u05dc\u05d4\u05e9\u05ea\u05de\u05e9 \u05d0\u05d5 \u05dc\u05d2\u05e9\u05ea \u05dc\u05d0\u05ea\u05e8 \u05d6\u05d4. \u05d4\u05d7\u05d5\u05de\u05e8\u05d9\u05dd \u05d4\u05db\u05dc\u05d5\u05dc\u05d9\u05dd \u05d1\u05d0\u05ea\u05e8 \u05d6\u05d4 \u05de\u05d5\u05d2\u05e0\u05d9\u05dd \u05e2\u05dc \u05d9\u05d3\u05d9 \u05d7\u05d5\u05e7\u05d9 \u05d6\u05db\u05d5\u05d9\u05d5\u05ea \u05d4\u05d9\u05d5\u05e6\u05e8\u05d9\u05dd \u05d5\u05d4\u05e1\u05d9\u05de\u05e0\u05d9\u05dd \u05d4\u05de\u05e1\u05d7\u05e8\u05d9\u05d9\u05dd \u05d4\u05d7\u05dc\u05d9\u05dd.<\/p>\n\n\n\n<h3 class=\"wp-block-heading\" id=\"2-uso-de-licenca\">2. \u05e9\u05d9\u05de\u05d5\u05e9 \u05d1\u05e8\u05d9\u05e9\u05d9\u05d5\u05df<\/h3>\n\n\n\n<p>\u05e0\u05d9\u05ea\u05e0\u05ea \u05d4\u05e8\u05e9\u05d0\u05d4 \u05dc\u05d4\u05d5\u05e8\u05d9\u05d3 \u05d1\u05d0\u05d5\u05e4\u05df \u05d6\u05de\u05e0\u05d9 \u05e2\u05d5\u05ea\u05e7 \u05d0\u05d7\u05d3 \u05e9\u05dc \u05d4\u05d7\u05d5\u05de\u05e8\u05d9\u05dd (\u05de\u05d9\u05d3\u05e2 \u05d0\u05d5 \u05ea\u05d5\u05db\u05e0\u05d4) \u05d1\u05d0\u05ea\u05e8 \u05d4\u05d0\u05d9\u05e0\u05d8\u05e8\u05e0\u05d8 \u05e9\u05dc Info Bizy \u05dc\u05e6\u05e4\u05d9\u05d9\u05d4 \u05d7\u05dc\u05d5\u05e4\u05d9\u05ea \u05d0\u05d9\u05e9\u05d9\u05ea \u05d5\u05dc\u05d0 \u05de\u05e1\u05d7\u05e8\u05d9\u05ea \u05d1\u05dc\u05d1\u05d3. \u05d6\u05d4\u05d5 \u05d4\u05e2\u05e0\u05e7\u05ea \u05e8\u05d9\u05e9\u05d9\u05d5\u05df, \u05dc\u05d0 \u05d4\u05e2\u05d1\u05e8\u05ea \u05d1\u05e2\u05dc\u05d5\u05ea, \u05d5\u05ea\u05d7\u05ea \u05e8\u05d9\u05e9\u05d9\u05d5\u05df \u05d6\u05d4 \u05d0\u05d9\u05e0\u05da \u05e8\u05e9\u05d0\u05d9:&nbsp;<\/p>\n\n\n\n<ol class=\"wp-block-list\">\n<li>\u05dc\u05e9\u05e0\u05d5\u05ea \u05d0\u05d5 \u05dc\u05d4\u05e2\u05ea\u05d9\u05e7 \u05d0\u05ea \u05d4\u05d7\u05d5\u05de\u05e8\u05d9\u05dd;&nbsp;<\/li>\n\n\n\n<li>\u05dc\u05d4\u05e9\u05ea\u05de\u05e9 \u05d1\u05d7\u05d5\u05de\u05e8\u05d9\u05dd \u05dc\u05db\u05dc \u05de\u05d8\u05e8\u05d4 \u05de\u05e1\u05d7\u05e8\u05d9\u05ea \u05d0\u05d5 \u05dc\u05ea\u05e6\u05d5\u05d2\u05d4 \u05e4\u05d5\u05de\u05d1\u05d9\u05ea (\u05de\u05e1\u05d7\u05e8\u05d9\u05ea \u05d0\u05d5 \u05dc\u05d0 \u05de\u05e1\u05d7\u05e8\u05d9\u05ea);&nbsp;<\/li>\n\n\n\n<li>\u05e0\u05d9\u05e1\u05d9\u05d5\u05df \u05dc\u05d1\u05e6\u05e2 \u05d3\u05d4-\u05e7\u05d5\u05de\u05e4\u05d9\u05dc\u05e6\u05d9\u05d4 \u05d0\u05d5 \u05d4\u05e0\u05d3\u05e1\u05d4 \u05dc\u05d0\u05d7\u05d5\u05e8 \u05e9\u05dc \u05db\u05dc \u05ea\u05d5\u05db\u05e0\u05d4 \u05d4\u05db\u05dc\u05d5\u05dc\u05d4 \u05d1\u05d0\u05ea\u05e8 \u05e9\u05dc Info Bizy;&nbsp;<\/li>\n\n\n\n<li>\u05dc\u05d4\u05e1\u05d9\u05e8 \u05db\u05dc \u05d6\u05db\u05d5\u05d9\u05d5\u05ea \u05d9\u05d5\u05e6\u05e8\u05d9\u05dd \u05d0\u05d5 \u05e1\u05d9\u05de\u05e0\u05d9\u05dd \u05e7\u05e0\u05d9\u05d9\u05e0\u05d9\u05d9\u05dd \u05d0\u05d7\u05e8\u05d9\u05dd \u05de\u05d4\u05d7\u05d5\u05de\u05e8\u05d9\u05dd; \u05d0\u05d5\u05b9&nbsp;<\/li>\n\n\n\n<li>\u05dc\u05d4\u05e2\u05d1\u05d9\u05e8 \u05d0\u05ea \u05d4\u05d7\u05d5\u05de\u05e8\u05d9\u05dd \u05dc\u05d0\u05d3\u05dd \u05d0\u05d7\u05e8 \u05d0\u05d5 &#039;\u05dc\u05e9\u05e7\u05e3&#039; \u05d0\u05ea \u05d4\u05d7\u05d5\u05de\u05e8\u05d9\u05dd \u05d1\u05db\u05dc \u05e9\u05e8\u05ea \u05d0\u05d7\u05e8.<\/li>\n<\/ol>\n\n\n\n<p>\u05e8\u05d9\u05e9\u05d9\u05d5\u05df \u05d6\u05d4 \u05d9\u05e1\u05ea\u05d9\u05d9\u05dd \u05d0\u05d5\u05d8\u05d5\u05de\u05d8\u05d9\u05ea \u05d0\u05dd \u05ea\u05e4\u05e8 \u05d0\u05d7\u05ea \u05de\u05d4\u05d4\u05d2\u05d1\u05dc\u05d5\u05ea \u05d4\u05dc\u05dc\u05d5 \u05d5\u05e2\u05e9\u05d5\u05d9 \u05dc\u05d4\u05e1\u05ea\u05d9\u05d9\u05dd \u05e2\u05dc \u05d9\u05d3\u05d9 Info Bizy \u05d1\u05db\u05dc \u05e2\u05ea. \u05e2\u05dd \u05d4\u05e4\u05e1\u05e7\u05ea \u05d4\u05e6\u05e4\u05d9\u05d9\u05d4 \u05e9\u05dc\u05da \u05d1\u05d7\u05d5\u05de\u05e8\u05d9\u05dd \u05d0\u05dc\u05d4 \u05d0\u05d5 \u05e2\u05dd \u05e1\u05d9\u05d5\u05dd \u05e8\u05d9\u05e9\u05d9\u05d5\u05df \u05d6\u05d4, \u05e2\u05dc\u05d9\u05da \u05dc\u05de\u05d7\u05d5\u05e7 \u05db\u05dc \u05d7\u05d5\u05de\u05e8 \u05e9\u05d4\u05d5\u05e8\u05d3\u05ea \u05e9\u05d1\u05e8\u05e9\u05d5\u05ea\u05da \u05d1\u05d9\u05df \u05d0\u05dd \u05d1\u05e4\u05d5\u05e8\u05de\u05d8 \u05d0\u05dc\u05e7\u05d8\u05e8\u05d5\u05e0\u05d9 \u05d0\u05d5 \u05de\u05d5\u05d3\u05e4\u05e1.<\/p>\n\n\n\n<h3 class=\"wp-block-heading\" id=\"3-isencao-de-responsabilidade\">3. \u05db\u05ea\u05d1 \u05d5\u05d9\u05ea\u05d5\u05e8<\/h3>\n\n\n\n<ol class=\"wp-block-list\">\n<li>\u05d4\u05d7\u05d5\u05de\u05e8\u05d9\u05dd \u05d1\u05d0\u05ea\u05e8 \u05e9\u05dc \u05d0\u05d9\u05e0\u05e4\u05d5 \u05d1\u05d9\u05d6\u05d9 \u05de\u05e1\u05d5\u05e4\u05e7\u05d9\u05dd \u05e2\u05dc \u05d1\u05e1\u05d9\u05e1 &#039;\u05db\u05de\u05d5\u05ea \u05e9\u05d4\u05dd&#039;. Info Bizy \u05d0\u05d9\u05e0\u05d4 \u05e0\u05d5\u05ea\u05e0\u05ea \u05d0\u05d7\u05e8\u05d9\u05d5\u05ea, \u05de\u05e4\u05d5\u05e8\u05e9\u05ea \u05d0\u05d5 \u05de\u05e9\u05ea\u05de\u05e2\u05ea, \u05d5\u05d1\u05db\u05da \u05de\u05ea\u05e0\u05e2\u05e8\u05ea \u05d5\u05de\u05d1\u05d8\u05dc\u05ea \u05d0\u05ea \u05db\u05dc \u05d4\u05d0\u05d7\u05e8\u05d9\u05d5\u05ea \u05d4\u05d0\u05d7\u05e8\u05d5\u05ea, \u05dc\u05e8\u05d1\u05d5\u05ea, \u05dc\u05dc\u05d0 \u05d4\u05d2\u05d1\u05dc\u05d4, \u05d0\u05d7\u05e8\u05d9\u05d5\u05ea \u05de\u05e9\u05ea\u05de\u05e2\u05ea \u05d0\u05d5 \u05ea\u05e0\u05d0\u05d9 \u05e1\u05d7\u05d9\u05e8\u05d5\u05ea, \u05d4\u05ea\u05d0\u05de\u05d4 \u05dc\u05de\u05d8\u05e8\u05d4 \u05de\u05e1\u05d5\u05d9\u05de\u05ea, \u05d0\u05d5 \u05d0\u05d9-\u05d4\u05e4\u05e8\u05d4 \u05e9\u05dc \u05e7\u05e0\u05d9\u05d9\u05df \u05e8\u05d5\u05d7\u05e0\u05d9 \u05d0\u05d5 \u05d4\u05e4\u05e8\u05d4 \u05d0\u05d7\u05e8\u05ea \u05e9\u05dc \u05d6\u05db\u05d5\u05d9\u05d5\u05ea.<\/li>\n\n\n\n<li>\u05d9\u05ea\u05e8\u05d4 \u05de\u05db\u05da, \u05d0\u05d9\u05e0\u05e4\u05d5 \u05d1\u05d9\u05d6\u05d9 \u05d0\u05d9\u05e0\u05d4 \u05de\u05ea\u05d7\u05d9\u05d9\u05d1\u05ea \u05d0\u05d5 \u05de\u05e6\u05d9\u05d2\u05d4 \u05de\u05e6\u05d2\u05d9\u05dd \u05db\u05dc\u05e9\u05d4\u05dd \u05d1\u05e0\u05d5\u05d2\u05e2 \u05dc\u05d3\u05d9\u05d5\u05e7, \u05d4\u05ea\u05d5\u05e6\u05d0\u05d5\u05ea \u05d4\u05e1\u05d1\u05d9\u05e8\u05d5\u05ea \u05d0\u05d5 \u05d4\u05de\u05d4\u05d9\u05de\u05e0\u05d5\u05ea \u05e9\u05dc \u05d4\u05e9\u05d9\u05de\u05d5\u05e9 \u05d1\u05d7\u05d5\u05de\u05e8\u05d9\u05dd \u05d1\u05d0\u05ea\u05e8 \u05d4\u05d0\u05d9\u05e0\u05d8\u05e8\u05e0\u05d8 \u05e9\u05dc\u05d4 \u05d0\u05d5 \u05d4\u05e7\u05e9\u05d5\u05e8\u05d9\u05dd \u05d0\u05d7\u05e8\u05ea \u05dc\u05d7\u05d5\u05de\u05e8\u05d9\u05dd \u05db\u05d0\u05dc\u05d4 \u05d0\u05d5 \u05d1\u05d0\u05ea\u05e8\u05d9\u05dd \u05d4\u05de\u05e7\u05d5\u05e9\u05e8\u05d9\u05dd \u05dc\u05d0\u05ea\u05e8 \u05d6\u05d4.<\/li>\n<\/ol>\n\n\n\n<h3 class=\"wp-block-heading\" id=\"4-limitacoes\">4. \u05de\u05d2\u05d1\u05dc\u05d5\u05ea<\/h3>\n\n\n\n<p>\u05d1\u05e9\u05d5\u05dd \u05de\u05e7\u05e8\u05d4 \u05d0\u05d9\u05e0\u05e4\u05d5 \u05d1\u05d9\u05d6\u05d9 \u05d0\u05d5 \u05d4\u05e1\u05e4\u05e7\u05d9\u05dd \u05e9\u05dc\u05d4 \u05d9\u05d4\u05d9\u05d5 \u05d0\u05d7\u05e8\u05d0\u05d9\u05dd \u05dc\u05db\u05dc \u05e0\u05d6\u05e7 (\u05dc\u05e8\u05d1\u05d5\u05ea, \u05dc\u05dc\u05d0 \u05d4\u05d2\u05d1\u05dc\u05d4, \u05e0\u05d6\u05e7 \u05d1\u05d2\u05d9\u05df \u05d0\u05d5\u05d1\u05d3\u05df \u05e0\u05ea\u05d5\u05e0\u05d9\u05dd \u05d0\u05d5 \u05e8\u05d5\u05d5\u05d7, \u05d0\u05d5 \u05e2\u05e7\u05d1 \u05d4\u05e4\u05e8\u05e2\u05d4 \u05d1\u05e2\u05e1\u05e7) \u05d4\u05e0\u05d5\u05d1\u05e2\u05d9\u05dd \u05de\u05d4\u05e9\u05d9\u05de\u05d5\u05e9 \u05d0\u05d5 \u05d7\u05d5\u05e1\u05e8 \u05d4\u05d9\u05db\u05d5\u05dc\u05ea \u05dc\u05d4\u05e9\u05ea\u05de\u05e9 \u05d1\u05d7\u05d5\u05de\u05e8\u05d9\u05dd \u05d1-Info Bizy, \u05d0\u05e4\u05d9\u05dc\u05d5 \u05d0\u05dd Info Bizy \u05d0\u05d5 \u05e0\u05e6\u05d9\u05d2 \u05de\u05d5\u05e8\u05e9\u05d4 \u05e9\u05dc Info Bizy \u05e7\u05d9\u05d1\u05dc\u05d5 \u05d4\u05d5\u05d3\u05e2\u05d4 \u05d1\u05e2\u05dc \u05e4\u05d4 \u05d0\u05d5 \u05d1\u05db\u05ea\u05d1 \u05e2\u05dc \u05d4\u05d0\u05e4\u05e9\u05e8\u05d5\u05ea \u05e9\u05dc \u05e0\u05d6\u05e7\u05d9\u05dd \u05db\u05d0\u05dc\u05d4. \u05de\u05db\u05d9\u05d5\u05d5\u05df \u05e9\u05ea\u05d7\u05d5\u05de\u05d9 \u05e9\u05d9\u05e4\u05d5\u05d8 \u05de\u05e1\u05d5\u05d9\u05de\u05d9\u05dd \u05d0\u05d9\u05e0\u05dd \u05de\u05ea\u05d9\u05e8\u05d9\u05dd \u05d4\u05d2\u05d1\u05dc\u05d5\u05ea \u05e2\u05dc \u05d0\u05d7\u05e8\u05d9\u05d5\u05ea \u05de\u05e9\u05ea\u05de\u05e2\u05ea, \u05d0\u05d5 \u05d4\u05d2\u05d1\u05dc\u05d5\u05ea \u05e9\u05dc \u05d0\u05d7\u05e8\u05d9\u05d5\u05ea \u05dc\u05e0\u05d6\u05e7\u05d9\u05dd \u05ea\u05d5\u05e6\u05d0\u05ea\u05d9\u05d9\u05dd \u05d0\u05d5 \u05de\u05e7\u05e8\u05d9\u05d9\u05dd, \u05d9\u05d9\u05ea\u05db\u05df \u05e9\u05d4\u05d2\u05d1\u05dc\u05d5\u05ea \u05d0\u05dc\u05d4 \u05dc\u05d0 \u05d9\u05d7\u05d5\u05dc\u05d5 \u05e2\u05dc\u05d9\u05da.<\/p>\n\n\n\n<h3 class=\"wp-block-heading\" id=\"5-precisao-dos-materiais\">5. \u05d3\u05d9\u05d5\u05e7 \u05e9\u05dc \u05d7\u05d5\u05de\u05e8\u05d9\u05dd<\/h3>\n\n\n\n<p>\u05d4\u05d7\u05d5\u05de\u05e8\u05d9\u05dd \u05d4\u05de\u05d5\u05e4\u05d9\u05e2\u05d9\u05dd \u05d1\u05d0\u05ea\u05e8 \u05e9\u05dc Info Bizy \u05e2\u05e9\u05d5\u05d9\u05d9\u05dd \u05dc\u05db\u05dc\u05d5\u05dc \u05e9\u05d2\u05d9\u05d0\u05d5\u05ea \u05d8\u05db\u05e0\u05d9\u05d5\u05ea, \u05d3\u05e4\u05d5\u05e1\u05d9\u05d5\u05ea \u05d0\u05d5 \u05e6\u05d9\u05dc\u05d5\u05de\u05d9\u05d5\u05ea. Info Bizy \u05d0\u05d9\u05e0\u05d4 \u05de\u05ea\u05d7\u05d9\u05d9\u05d1\u05ea \u05e9\u05d7\u05d5\u05de\u05e8\u05d9\u05dd \u05db\u05dc\u05e9\u05d4\u05dd \u05d1\u05d0\u05ea\u05e8 \u05d4\u05d0\u05d9\u05e0\u05d8\u05e8\u05e0\u05d8 \u05e9\u05dc\u05d4 \u05de\u05d3\u05d5\u05d9\u05e7\u05d9\u05dd, \u05de\u05dc\u05d0\u05d9\u05dd \u05d0\u05d5 \u05e2\u05d3\u05db\u05e0\u05d9\u05d9\u05dd. \u05de\u05d9\u05d3\u05e2 \u05d1\u05d9\u05d6\u05d9 \u05e8\u05e9\u05d0\u05d9\u05ea \u05dc\u05d1\u05e6\u05e2 \u05e9\u05d9\u05e0\u05d5\u05d9\u05d9\u05dd \u05d1\u05d7\u05d5\u05de\u05e8\u05d9\u05dd \u05d4\u05db\u05dc\u05d5\u05dc\u05d9\u05dd \u05d1\u05d0\u05ea\u05e8 \u05d4\u05d0\u05d9\u05e0\u05d8\u05e8\u05e0\u05d8 \u05e9\u05dc\u05d4 \u05d1\u05db\u05dc \u05e2\u05ea \u05dc\u05dc\u05d0 \u05d4\u05d5\u05d3\u05e2\u05d4 \u05de\u05d5\u05e7\u05d3\u05de\u05ea. \u05e2\u05dd \u05d6\u05d0\u05ea \u05d0\u05d9\u05e0\u05e4\u05d5 \u05d1\u05d9\u05d6\u05d9 \u05d0\u05d9\u05e0\u05d4 \u05de\u05ea\u05d7\u05d9\u05d9\u05d1\u05ea \u05dc\u05e2\u05d3\u05db\u05df \u05d0\u05ea \u05d4\u05d7\u05d5\u05de\u05e8\u05d9\u05dd.<\/p>\n\n\n\n<h3 class=\"wp-block-heading\" id=\"6-links\">6. \u05e7\u05d9\u05e9\u05d5\u05e8\u05d9\u05dd<\/h3>\n\n\n\n<p>Info Bizy \u05dc\u05d0 \u05d1\u05d7\u05e0\u05d4 \u05d0\u05ea \u05db\u05dc \u05d4\u05d0\u05ea\u05e8\u05d9\u05dd \u05d4\u05de\u05e7\u05d5\u05e9\u05e8\u05d9\u05dd \u05dc\u05d0\u05ea\u05e8 \u05e9\u05dc\u05d4 \u05d5\u05d0\u05d9\u05e0\u05d4 \u05d0\u05d7\u05e8\u05d0\u05d9\u05ea \u05dc\u05ea\u05db\u05e0\u05d9\u05dd \u05e9\u05dc \u05db\u05dc \u05d0\u05ea\u05e8 \u05de\u05e7\u05d5\u05e9\u05e8. \u05d4\u05db\u05dc\u05dc\u05ea \u05db\u05dc \u05e7\u05d9\u05e9\u05d5\u05e8 \u05d0\u05d9\u05e0\u05d4 \u05de\u05e2\u05d9\u05d3\u05d4 \u05e2\u05dc \u05d0\u05d9\u05e9\u05d5\u05e8 \u05e9\u05dc Info Bizy \u05dc\u05d0\u05ea\u05e8. \u05d4\u05e9\u05d9\u05de\u05d5\u05e9 \u05d1\u05db\u05dc \u05d0\u05ea\u05e8 \u05de\u05e7\u05d5\u05e9\u05e8 \u05d4\u05d5\u05d0 \u05e2\u05dc \u05d0\u05d7\u05e8\u05d9\u05d5\u05ea \u05d4\u05de\u05e9\u05ea\u05de\u05e9 \u05d1\u05dc\u05d1\u05d3.<\/p>\n\n\n\n<h3 class=\"wp-block-heading\" id=\"modificacoes\">\u05e9\u05d9\u05e0\u05d5\u05d9\u05d9\u05dd<\/h3>\n\n\n\n<p>Info Bizy \u05e8\u05e9\u05d0\u05d9\u05ea \u05dc\u05e9\u05e0\u05d5\u05ea \u05d0\u05ea \u05ea\u05e0\u05d0\u05d9 \u05d4\u05e9\u05d9\u05e8\u05d5\u05ea \u05e2\u05d1\u05d5\u05e8 \u05d4\u05d0\u05ea\u05e8 \u05e9\u05dc\u05d4 \u05d1\u05db\u05dc \u05e2\u05ea \u05dc\u05dc\u05d0 \u05d4\u05d5\u05d3\u05e2\u05d4 \u05de\u05d5\u05e7\u05d3\u05de\u05ea. \u05e2\u05dc \u05d9\u05d3\u05d9 \u05e9\u05d9\u05de\u05d5\u05e9 \u05d1\u05d0\u05ea\u05e8 \u05d6\u05d4, \u05d0\u05ea\u05d4 \u05de\u05e1\u05db\u05d9\u05dd \u05dc\u05d4\u05d9\u05d5\u05ea \u05de\u05d7\u05d5\u05d9\u05d1 \u05dc\u05d2\u05e8\u05e1\u05d4 \u05d4\u05e0\u05d5\u05db\u05d7\u05d9\u05ea \u05e9\u05dc \u05ea\u05e0\u05d0\u05d9 \u05e9\u05d9\u05e8\u05d5\u05ea \u05d0\u05dc\u05d4.<\/p>\n\n\n\n<h3 class=\"wp-block-heading\" id=\"lei-aplicavel\">\u05d7\u05d5\u05e7 \u05d9\u05e9\u05d9\u05dd<\/h3>\n\n\n\n<p>\u05ea\u05e0\u05d0\u05d9\u05dd \u05d5\u05d4\u05d2\u05d1\u05dc\u05d5\u05ea \u05d0\u05dc\u05d4 \u05db\u05e4\u05d5\u05e4\u05d9\u05dd \u05d5\u05de\u05ea\u05e4\u05e8\u05e9\u05d9\u05dd \u05d1\u05d4\u05ea\u05d0\u05dd \u05dc\u05d7\u05d5\u05e7\u05d9 Info Bizy \u05d5\u05d0\u05ea\u05d4 \u05e0\u05db\u05e0\u05e2 \u05d1\u05d0\u05d5\u05e4\u05df \u05d1\u05dc\u05ea\u05d9 \u05d4\u05e4\u05d9\u05da \u05dc\u05e1\u05de\u05db\u05d5\u05ea \u05d4\u05e9\u05d9\u05e4\u05d5\u05d8 \u05d4\u05d1\u05dc\u05e2\u05d3\u05d9\u05ea \u05e9\u05dc \u05d1\u05ea\u05d9 \u05d4\u05de\u05e9\u05e4\u05d8 \u05d1\u05d0\u05d5\u05ea\u05d4 \u05de\u05d3\u05d9\u05e0\u05d4 \u05d0\u05d5 \u05de\u05d9\u05e7\u05d5\u05dd.<\/p>","protected":false},"excerpt":{"rendered":"<p>1. Termos Ao acessar ao site Info Bizy, concorda em cumprir estes termos de servi\u00e7o, todas as leis e regulamentos aplic\u00e1veis \u200b\u200be concorda que \u00e9 respons\u00e1vel pelo cumprimento de todas as leis locais aplic\u00e1veis. Se voc\u00ea n\u00e3o concordar com algum desses termos, est\u00e1 proibido de usar ou acessar este site. Os materiais contidos neste site [&hellip;]<\/p>\n","protected":false},"author":4,"featured_media":0,"parent":0,"menu_order":0,"comment_status":"closed","ping_status":"closed","template":"","meta":{"footnotes":""},"class_list":["post-129","page","type-page","status-publish"],"_links":{"self":[{"href":"https:\/\/infobizy.com\/he\/wp-json\/wp\/v2\/pages\/129","targetHints":{"allow":["GET"]}}],"collection":[{"href":"https:\/\/infobizy.com\/he\/wp-json\/wp\/v2\/pages"}],"about":[{"href":"https:\/\/infobizy.com\/he\/wp-json\/wp\/v2\/types\/page"}],"author":[{"embeddable":true,"href":"https:\/\/infobizy.com\/he\/wp-json\/wp\/v2\/users\/4"}],"replies":[{"embeddable":true,"href":"https:\/\/infobizy.com\/he\/wp-json\/wp\/v2\/comments?post=129"}],"version-history":[{"count":6,"href":"https:\/\/infobizy.com\/he\/wp-json\/wp\/v2\/pages\/129\/revisions"}],"predecessor-version":[{"id":1190,"href":"https:\/\/infobizy.com\/he\/wp-json\/wp\/v2\/pages\/129\/revisions\/1190"}],"wp:attachment":[{"href":"https:\/\/infobizy.com\/he\/wp-json\/wp\/v2\/media?parent=129"}],"curies":[{"name":"wp","href":"https:\/\/api.w.org\/{rel}","templated":true}]}}