{"id":129,"date":"2023-01-17T02:02:30","date_gmt":"2023-01-17T02:02:30","guid":{"rendered":"https:\/\/infobizy.com\/?page_id=129"},"modified":"2023-11-14T05:54:44","modified_gmt":"2023-11-14T05:54:44","slug":"%e0%a4%89%e0%a4%aa%e0%a4%af%e0%a5%8b%e0%a4%97-%e0%a4%95%e0%a5%80-%e0%a4%b6%e0%a4%b0%e0%a5%8d%e0%a4%a4%e0%a5%87%e0%a4%82","status":"publish","type":"page","link":"https:\/\/infobizy.com\/hi\/termos-de-uso\/","title":{"rendered":"\u0909\u092a\u092f\u094b\u0917 \u0915\u0940 \u0936\u0930\u094d\u0924\u0947\u0902"},"content":{"rendered":"<h3 class=\"wp-block-heading\" id=\"1-termos\">1. \u0936\u0930\u094d\u0924\u0947\u0902<\/h3>\n\n\n\n<p>\u0935\u0947\u092c\u0938\u093e\u0907\u091f \u092a\u0930 \u092a\u0939\u0941\u0901\u091a\u0924\u0947 \u0938\u092e\u092f <a href=\"https:\/\/infobizy.com\/hi\/\">\u091c\u093e\u0928\u0915\u093e\u0930\u0940 \u092c\u093f\u091c\u093c\u0940<\/a>, \u0938\u0947\u0935\u093e \u0915\u0940 \u0907\u0928 \u0936\u0930\u094d\u0924\u094b\u0902, \u0938\u092d\u0940 \u0932\u093e\u0917\u0942 \u0915\u093e\u0928\u0942\u0928\u094b\u0902 \u0914\u0930 \u0935\u093f\u0928\u093f\u092f\u092e\u094b\u0902 \u0915\u093e \u0905\u0928\u0941\u092a\u093e\u0932\u0928 \u0915\u0930\u0928\u0947 \u0915\u0947 \u0932\u093f\u090f \u0938\u0939\u092e\u0924 \u0939\u0948\u0902, \u0914\u0930 \u0938\u0939\u092e\u0924 \u0939\u0948\u0902 \u0915\u093f \u0906\u092a \u0938\u092d\u0940 \u0932\u093e\u0917\u0942 \u0938\u094d\u0925\u093e\u0928\u0940\u092f \u0915\u093e\u0928\u0942\u0928\u094b\u0902 \u0915\u0947 \u0905\u0928\u0941\u092a\u093e\u0932\u0928 \u0915\u0947 \u0932\u093f\u090f \u091c\u093f\u092e\u094d\u092e\u0947\u0926\u093e\u0930 \u0939\u0948\u0902\u0964 \u092f\u0926\u093f \u0906\u092a \u0907\u0928\u092e\u0947\u0902 \u0938\u0947 \u0915\u093f\u0938\u0940 \u092d\u0940 \u0936\u0930\u094d\u0924 \u0938\u0947 \u0938\u0939\u092e\u0924 \u0928\u0939\u0940\u0902 \u0939\u0948\u0902, \u0924\u094b \u0906\u092a\u0915\u094b \u0907\u0938 \u0935\u0947\u092c\u0938\u093e\u0907\u091f \u0915\u093e \u0909\u092a\u092f\u094b\u0917 \u0915\u0930\u0928\u0947 \u092f\u093e \u0909\u0938 \u0924\u0915 \u092a\u0939\u0941\u0902\u091a\u0928\u0947 \u0938\u0947 \u092a\u094d\u0930\u0924\u093f\u092c\u0902\u0927\u093f\u0924 \u0915\u0930 \u0926\u093f\u092f\u093e \u091c\u093e\u090f\u0917\u093e\u0964 \u0907\u0938 \u0938\u093e\u0907\u091f \u092a\u0930 \u092e\u094c\u091c\u0942\u0926 \u0938\u093e\u092e\u0917\u094d\u0930\u0940 \u0932\u093e\u0917\u0942 \u0915\u0949\u092a\u0940\u0930\u093e\u0907\u091f \u0914\u0930 \u091f\u094d\u0930\u0947\u0921\u092e\u093e\u0930\u094d\u0915 \u0915\u093e\u0928\u0942\u0928\u094b\u0902 \u0926\u094d\u0935\u093e\u0930\u093e \u0938\u0902\u0930\u0915\u094d\u0937\u093f\u0924 \u0939\u0948\u0964<\/p>\n\n\n\n<h3 class=\"wp-block-heading\" id=\"2-uso-de-licenca\">2. \u0932\u093e\u0907\u0938\u0947\u0902\u0938 \u0915\u093e \u0909\u092a\u092f\u094b\u0917<\/h3>\n\n\n\n<p>\u0915\u0947\u0935\u0932 \u0935\u094d\u092f\u0915\u094d\u0924\u093f\u0917\u0924, \u0917\u0948\u0930-\u0935\u094d\u092f\u093e\u0935\u0938\u093e\u092f\u093f\u0915 \u0905\u0938\u094d\u0925\u093e\u092f\u0940 \u0926\u0947\u0916\u0928\u0947 \u0915\u0947 \u0932\u093f\u090f \u0907\u0928\u094d\u092b\u094b \u092c\u093f\u091c\u093c\u0940 \u0915\u0940 \u0935\u0947\u092c\u0938\u093e\u0907\u091f \u092a\u0930 \u0938\u093e\u092e\u0917\u094d\u0930\u0940 (\u0938\u0942\u091a\u0928\u093e \u092f\u093e \u0938\u0949\u092b\u093c\u094d\u091f\u0935\u0947\u092f\u0930) \u0915\u0940 \u090f\u0915 \u092a\u094d\u0930\u0924\u093f \u0905\u0938\u094d\u0925\u093e\u092f\u0940 \u0930\u0942\u092a \u0938\u0947 \u0921\u093e\u0909\u0928\u0932\u094b\u0921 \u0915\u0930\u0928\u0947 \u0915\u0940 \u0905\u0928\u0941\u092e\u0924\u093f \u0926\u0940 \u0917\u0908 \u0939\u0948\u0964 \u092f\u0939 \u0932\u093e\u0907\u0938\u0947\u0902\u0938 \u0915\u093e \u0905\u0928\u0941\u0926\u093e\u0928 \u0939\u0948, \u0938\u094d\u0935\u093e\u092e\u093f\u0924\u094d\u0935 \u0915\u093e \u0939\u0938\u094d\u0924\u093e\u0902\u0924\u0930\u0923 \u0928\u0939\u0940\u0902, \u0914\u0930 \u0907\u0938 \u0932\u093e\u0907\u0938\u0947\u0902\u0938 \u0915\u0947 \u0924\u0939\u0924 \u0906\u092a \u092f\u0939 \u0928\u0939\u0940\u0902 \u0915\u0930 \u0938\u0915\u0924\u0947:&nbsp;<\/p>\n\n\n\n<ol class=\"wp-block-list\">\n<li>\u0938\u093e\u092e\u0917\u094d\u0930\u0940 \u0915\u094b \u0938\u0902\u0936\u094b\u0927\u093f\u0924 \u092f\u093e \u0915\u0949\u092a\u0940 \u0915\u0930\u0928\u093e;&nbsp;<\/li>\n\n\n\n<li>\u0915\u093f\u0938\u0940 \u092d\u0940 \u0935\u094d\u092f\u093e\u0935\u0938\u093e\u092f\u093f\u0915 \u0909\u0926\u094d\u0926\u0947\u0936\u094d\u092f \u092f\u093e \u0938\u093e\u0930\u094d\u0935\u091c\u0928\u093f\u0915 \u092a\u094d\u0930\u0926\u0930\u094d\u0936\u0928 (\u0935\u093e\u0923\u093f\u091c\u094d\u092f\u093f\u0915 \u092f\u093e \u0917\u0948\u0930-\u0935\u094d\u092f\u093e\u0935\u0938\u093e\u092f\u093f\u0915) \u0915\u0947 \u0932\u093f\u090f \u0938\u093e\u092e\u0917\u094d\u0930\u0940 \u0915\u093e \u0909\u092a\u092f\u094b\u0917 \u0915\u0930\u0947\u0902;&nbsp;<\/li>\n\n\n\n<li>\u0907\u0928\u094d\u092b\u094b \u092c\u093f\u091c\u093c\u0940 \u0915\u0940 \u0935\u0947\u092c\u0938\u093e\u0907\u091f \u092a\u0930 \u092e\u094c\u091c\u0942\u0926 \u0915\u093f\u0938\u0940 \u092d\u0940 \u0938\u0949\u092b\u093c\u094d\u091f\u0935\u0947\u092f\u0930 \u0915\u094b \u0921\u093f\u0915\u0902\u092a\u093e\u0907\u0932 \u092f\u093e \u0930\u093f\u0935\u0930\u094d\u0938 \u0907\u0902\u091c\u0940\u0928\u093f\u092f\u0930 \u0915\u0930\u0928\u0947 \u0915\u093e \u092a\u094d\u0930\u092f\u093e\u0938;&nbsp;<\/li>\n\n\n\n<li>\u0938\u093e\u092e\u0917\u094d\u0930\u0940 \u0938\u0947 \u0915\u094b\u0908 \u092d\u0940 \u0915\u0949\u092a\u0940\u0930\u093e\u0907\u091f \u092f\u093e \u0905\u0928\u094d\u092f \u092e\u093e\u0932\u093f\u0915\u093e\u0928\u093e \u0928\u094b\u091f\u0947\u0936\u0928 \u0939\u091f\u093e \u0926\u0947\u0902; \u092f\u093e&nbsp;<\/li>\n\n\n\n<li>\u0938\u093e\u092e\u0917\u094d\u0930\u0940 \u0915\u094b \u0915\u093f\u0938\u0940 \u0905\u0928\u094d\u092f \u0935\u094d\u092f\u0915\u094d\u0924\u093f \u0915\u094b \u0938\u094d\u0925\u093e\u0928\u093e\u0902\u0924\u0930\u093f\u0924 \u0915\u0930\u0947\u0902 \u092f\u093e \u0915\u093f\u0938\u0940 \u0905\u0928\u094d\u092f \u0938\u0930\u094d\u0935\u0930 \u092a\u0930 \u0938\u093e\u092e\u0917\u094d\u0930\u0940 \u0915\u094b &#039;\u092a\u094d\u0930\u0924\u093f\u092c\u093f\u0902\u092c\u093f\u0924&#039; \u0915\u0930\u0947\u0902\u0964<\/li>\n<\/ol>\n\n\n\n<p>\u092f\u0926\u093f \u0906\u092a \u0907\u0928\u092e\u0947\u0902 \u0938\u0947 \u0915\u093f\u0938\u0940 \u092d\u0940 \u092a\u094d\u0930\u0924\u093f\u092c\u0902\u0927 \u0915\u093e \u0909\u0932\u094d\u0932\u0902\u0918\u0928 \u0915\u0930\u0924\u0947 \u0939\u0948\u0902 \u0924\u094b \u092f\u0939 \u0932\u093e\u0907\u0938\u0947\u0902\u0938 \u0938\u094d\u0935\u0924\u0903 \u0938\u092e\u093e\u092a\u094d\u0924 \u0939\u094b \u091c\u093e\u090f\u0917\u093e \u0914\u0930 \u0907\u0928\u094d\u092b\u094b \u092c\u093f\u091c\u093c\u0940 \u0926\u094d\u0935\u093e\u0930\u093e \u0907\u0938\u0947 \u0915\u093f\u0938\u0940 \u092d\u0940 \u0938\u092e\u092f \u0938\u092e\u093e\u092a\u094d\u0924 \u0915\u093f\u092f\u093e \u091c\u093e \u0938\u0915\u0924\u093e \u0939\u0948\u0964 \u0907\u0928 \u0938\u093e\u092e\u0917\u094d\u0930\u093f\u092f\u094b\u0902 \u0915\u094b \u0926\u0947\u0916\u0928\u093e \u0938\u092e\u093e\u092a\u094d\u0924 \u0915\u0930\u0928\u0947 \u092a\u0930 \u092f\u093e \u0907\u0938 \u0932\u093e\u0907\u0938\u0947\u0902\u0938 \u0915\u0940 \u0938\u092e\u093e\u092a\u094d\u0924\u093f \u092a\u0930, \u0906\u092a\u0915\u094b \u0905\u092a\u0928\u0947 \u092a\u093e\u0938 \u092e\u094c\u091c\u0942\u0926 \u0915\u093f\u0938\u0940 \u092d\u0940 \u0921\u093e\u0909\u0928\u0932\u094b\u0921 \u0915\u0940 \u0917\u0908 \u0938\u093e\u092e\u0917\u094d\u0930\u0940 \u0915\u094b \u0939\u091f\u093e\u0928\u093e \u0939\u094b\u0917\u093e, \u091a\u093e\u0939\u0947 \u0935\u0939 \u0907\u0932\u0947\u0915\u094d\u091f\u094d\u0930\u0949\u0928\u093f\u0915 \u092f\u093e \u092e\u0941\u0926\u094d\u0930\u093f\u0924 \u092a\u094d\u0930\u093e\u0930\u0942\u092a \u092e\u0947\u0902 \u0939\u094b\u0964<\/p>\n\n\n\n<h3 class=\"wp-block-heading\" id=\"3-isencao-de-responsabilidade\">3. \u0905\u0938\u094d\u0935\u0940\u0915\u0930\u0923<\/h3>\n\n\n\n<ol class=\"wp-block-list\">\n<li>\u0907\u0928\u094d\u092b\u094b \u092c\u093f\u091c\u093c\u0940 \u0915\u0940 \u0935\u0947\u092c\u0938\u093e\u0907\u091f \u092a\u0930 \u0938\u093e\u092e\u0917\u094d\u0930\u0940 &#039;\u091c\u0948\u0938\u093e \u0939\u0948&#039; \u0915\u0947 \u0906\u0927\u093e\u0930 \u092a\u0930 \u092a\u094d\u0930\u0926\u093e\u0928 \u0915\u0940 \u091c\u093e\u0924\u0940 \u0939\u0948\u0964 \u0907\u0928\u094d\u092b\u094b \u092c\u093f\u091c\u093c\u0940 \u0935\u094d\u092f\u0915\u094d\u0924 \u092f\u093e \u0928\u093f\u0939\u093f\u0924 \u0915\u094b\u0908 \u0935\u093e\u0930\u0902\u091f\u0940 \u0928\u0939\u0940\u0902 \u0926\u0947\u0924\u093e \u0939\u0948, \u0914\u0930 \u0907\u0938\u0915\u0947 \u0926\u094d\u0935\u093e\u0930\u093e \u0905\u0928\u094d\u092f \u0938\u092d\u0940 \u0935\u093e\u0930\u0902\u091f\u0940 \u0915\u094b \u0905\u0938\u094d\u0935\u0940\u0915\u093e\u0930 \u0914\u0930 \u0905\u0938\u094d\u0935\u0940\u0915\u093e\u0930 \u0915\u0930\u0924\u093e \u0939\u0948, \u091c\u093f\u0938\u092e\u0947\u0902 \u092c\u093f\u0928\u093e \u0915\u093f\u0938\u0940 \u0938\u0940\u092e\u093e \u0915\u0947, \u0928\u093f\u0939\u093f\u0924 \u0935\u093e\u0930\u0902\u091f\u0940 \u092f\u093e \u0935\u094d\u092f\u093e\u092a\u093e\u0930\u093f\u0915\u0924\u093e \u0915\u0940 \u0936\u0930\u094d\u0924\u0947\u0902, \u0915\u093f\u0938\u0940 \u0935\u093f\u0936\u0947\u0937 \u0909\u0926\u094d\u0926\u0947\u0936\u094d\u092f \u0915\u0947 \u0932\u093f\u090f \u0909\u092a\u092f\u0941\u0915\u094d\u0924\u0924\u093e, \u092f\u093e \u092c\u094c\u0926\u094d\u0927\u093f\u0915 \u0938\u0902\u092a\u0926\u093e \u0915\u093e \u0917\u0948\u0930-\u0909\u0932\u094d\u0932\u0902\u0918\u0928 \u092f\u093e \u0905\u0927\u093f\u0915\u093e\u0930\u094b\u0902 \u0915\u093e \u0905\u0928\u094d\u092f \u0909\u0932\u094d\u0932\u0902\u0918\u0928 \u0936\u093e\u092e\u093f\u0932 \u0939\u0948\u0964<\/li>\n\n\n\n<li>\u0907\u0938\u0915\u0947 \u0905\u0932\u093e\u0935\u093e, \u0907\u0928\u094d\u092b\u094b \u092c\u093f\u091c\u093c\u0940 \u0905\u092a\u0928\u0940 \u0935\u0947\u092c\u0938\u093e\u0907\u091f \u092a\u0930 \u092f\u093e \u0905\u0928\u094d\u092f\u0925\u093e \u0910\u0938\u0940 \u0938\u093e\u092e\u0917\u094d\u0930\u093f\u092f\u094b\u0902 \u0938\u0947 \u0938\u0902\u092c\u0902\u0927\u093f\u0924 \u092f\u093e \u0907\u0938 \u0938\u093e\u0907\u091f \u0938\u0947 \u091c\u0941\u0921\u093c\u0940 \u0915\u093f\u0938\u0940 \u092d\u0940 \u0938\u093e\u0907\u091f \u092a\u0930 \u0938\u093e\u092e\u0917\u094d\u0930\u0940 \u0915\u0947 \u0909\u092a\u092f\u094b\u0917 \u0915\u0940 \u0938\u091f\u0940\u0915\u0924\u093e, \u0938\u0902\u092d\u093e\u0935\u093f\u0924 \u092a\u0930\u093f\u0923\u093e\u092e \u092f\u093e \u0935\u093f\u0936\u094d\u0935\u0938\u0928\u0940\u092f\u0924\u093e \u0915\u0947 \u0938\u0902\u092c\u0902\u0927 \u092e\u0947\u0902 \u0915\u094b\u0908 \u0917\u093e\u0930\u0902\u091f\u0940 \u0928\u0939\u0940\u0902 \u0926\u0947\u0924\u093e \u0939\u0948 \u092f\u093e \u0915\u094b\u0908 \u092a\u094d\u0930\u0924\u093f\u0928\u093f\u0927\u093f\u0924\u094d\u0935 \u0928\u0939\u0940\u0902 \u0915\u0930\u0924\u093e \u0939\u0948\u0964<\/li>\n<\/ol>\n\n\n\n<h3 class=\"wp-block-heading\" id=\"4-limitacoes\">4. \u0938\u0940\u092e\u093e\u090f\u0901<\/h3>\n\n\n\n<p>\u0915\u093f\u0938\u0940 \u092d\u0940 \u0938\u094d\u0925\u093f\u0924\u093f \u092e\u0947\u0902 \u0907\u0928\u094d\u092b\u094b \u092c\u093f\u091c\u093c\u0940 \u092f\u093e \u0909\u0938\u0915\u0947 \u0906\u092a\u0942\u0930\u094d\u0924\u093f\u0915\u0930\u094d\u0924\u093e \u0907\u0928\u094d\u092b\u094b \u092c\u093f\u091c\u093c\u0940 \u092a\u0930 \u0938\u093e\u092e\u0917\u094d\u0930\u093f\u092f\u094b\u0902 \u0915\u0947 \u0909\u092a\u092f\u094b\u0917 \u092f\u093e \u0909\u092a\u092f\u094b\u0917 \u0915\u0930\u0928\u0947 \u092e\u0947\u0902 \u0905\u0938\u092e\u0930\u094d\u0925\u0924\u093e \u0938\u0947 \u0909\u0924\u094d\u092a\u0928\u094d\u0928 \u0939\u094b\u0928\u0947 \u0935\u093e\u0932\u0947 \u0915\u093f\u0938\u0940 \u092d\u0940 \u0928\u0941\u0915\u0938\u093e\u0928 \u0915\u0947 \u0932\u093f\u090f \u0909\u0924\u094d\u0924\u0930\u0926\u093e\u092f\u0940 \u0928\u0939\u0940\u0902 \u0939\u094b\u0902\u0917\u0947 (\u091c\u093f\u0938\u092e\u0947\u0902 \u092c\u093f\u0928\u093e \u0915\u093f\u0938\u0940 \u0938\u0940\u092e\u093e \u0915\u0947, \u0921\u0947\u091f\u093e \u092f\u093e \u0932\u093e\u092d \u0915\u0940 \u0939\u093e\u0928\u093f \u092f\u093e \u0935\u094d\u092f\u0935\u0938\u093e\u092f \u092e\u0947\u0902 \u0930\u0941\u0915\u093e\u0935\u091f \u0915\u0947 \u0915\u093e\u0930\u0923 \u0939\u094b\u0928\u0947 \u0935\u093e\u0932\u0940 \u0915\u094d\u0937\u0924\u093f \u0936\u093e\u092e\u093f\u0932 \u0939\u0948)\u0964 \u092f\u0926\u093f \u0907\u0928\u094d\u092b\u094b \u092c\u093f\u091c\u093c\u0940 \u092f\u093e \u0907\u0928\u094d\u092b\u094b \u092c\u093f\u091c\u093c\u0940 \u0905\u0927\u093f\u0915\u0943\u0924 \u092a\u094d\u0930\u0924\u093f\u0928\u093f\u0927\u093f \u0915\u094b \u0910\u0938\u0947 \u0928\u0941\u0915\u0938\u093e\u0928 \u0915\u0940 \u0938\u0902\u092d\u093e\u0935\u0928\u093e \u0915\u0947 \u092c\u093e\u0930\u0947 \u092e\u0947\u0902 \u092e\u094c\u0916\u093f\u0915 \u092f\u093e \u0932\u093f\u0916\u093f\u0924 \u0930\u0942\u092a \u0938\u0947 \u0938\u0942\u091a\u093f\u0924 \u0915\u093f\u092f\u093e \u0917\u092f\u093e \u0939\u0948\u0964 \u091a\u0942\u0901\u0915\u093f \u0915\u0941\u091b \u0928\u094d\u092f\u093e\u092f\u0915\u094d\u0937\u0947\u0924\u094d\u0930 \u0928\u093f\u0939\u093f\u0924 \u0935\u093e\u0930\u0902\u091f\u093f\u092f\u094b\u0902 \u092a\u0930 \u0938\u0940\u092e\u093e\u0913\u0902, \u092f\u093e \u092a\u0930\u093f\u0923\u093e\u092e\u0940 \u092f\u093e \u0906\u0915\u0938\u094d\u092e\u093f\u0915 \u0915\u094d\u0937\u0924\u093f \u0915\u0947 \u0932\u093f\u090f \u0926\u093e\u092f\u093f\u0924\u094d\u0935 \u0915\u0940 \u0938\u0940\u092e\u093e\u0913\u0902 \u0915\u0940 \u0905\u0928\u0941\u092e\u0924\u093f \u0928\u0939\u0940\u0902 \u0926\u0947\u0924\u0947 \u0939\u0948\u0902, \u092f\u0947 \u0938\u0940\u092e\u093e\u090f\u0901 \u0906\u092a \u092a\u0930 \u0932\u093e\u0917\u0942 \u0928\u0939\u0940\u0902 \u0939\u094b \u0938\u0915\u0924\u0940 \u0939\u0948\u0902\u0964<\/p>\n\n\n\n<h3 class=\"wp-block-heading\" id=\"5-precisao-dos-materiais\">5. \u0938\u093e\u092e\u0917\u094d\u0930\u0940 \u0915\u0940 \u0938\u091f\u0940\u0915\u0924\u093e<\/h3>\n\n\n\n<p>\u0907\u0928\u094d\u092b\u094b \u092c\u093f\u091c\u093c\u0940 \u0915\u0940 \u0935\u0947\u092c\u0938\u093e\u0907\u091f \u092a\u0930 \u0926\u093f\u0916\u093e\u0908 \u0926\u0947\u0928\u0947 \u0935\u093e\u0932\u0940 \u0938\u093e\u092e\u0917\u094d\u0930\u093f\u092f\u094b\u0902 \u092e\u0947\u0902 \u0924\u0915\u0928\u0940\u0915\u0940, \u092e\u0941\u0926\u094d\u0930\u0923 \u0938\u0902\u092c\u0902\u0927\u0940 \u092f\u093e \u092b\u094b\u091f\u094b\u0917\u094d\u0930\u093e\u092b\u093f\u0915 \u0924\u094d\u0930\u0941\u091f\u093f\u092f\u093e\u0901 \u0936\u093e\u092e\u093f\u0932 \u0939\u094b \u0938\u0915\u0924\u0940 \u0939\u0948\u0902\u0964 \u0907\u0928\u094d\u092b\u094b \u092c\u093f\u091c\u093c\u0940 \u092f\u0939 \u0917\u093e\u0930\u0902\u091f\u0940 \u0928\u0939\u0940\u0902 \u0926\u0947\u0924\u093e \u0939\u0948 \u0915\u093f \u0909\u0938\u0915\u0940 \u0935\u0947\u092c\u0938\u093e\u0907\u091f \u092a\u0930 \u0915\u094b\u0908 \u092d\u0940 \u0938\u093e\u092e\u0917\u094d\u0930\u0940 \u0938\u091f\u0940\u0915, \u092a\u0942\u0930\u094d\u0923 \u092f\u093e \u0928\u0935\u0940\u0928\u0924\u092e \u0939\u0948\u0964 \u0907\u0928\u094d\u092b\u094b \u092c\u093f\u091c\u093c\u0940 \u092c\u093f\u0928\u093e \u0915\u093f\u0938\u0940 \u0938\u0942\u091a\u0928\u093e \u0915\u0947 \u0915\u093f\u0938\u0940 \u092d\u0940 \u0938\u092e\u092f \u0905\u092a\u0928\u0940 \u0935\u0947\u092c\u0938\u093e\u0907\u091f \u092a\u0930 \u092e\u094c\u091c\u0942\u0926 \u0938\u093e\u092e\u0917\u094d\u0930\u093f\u092f\u094b\u0902 \u092e\u0947\u0902 \u092c\u0926\u0932\u093e\u0935 \u0915\u0930 \u0938\u0915\u0924\u093e \u0939\u0948\u0964 \u0939\u093e\u0932\u093e\u0901\u0915\u093f \u0907\u0928\u094d\u092b\u094b \u092c\u093f\u091c\u093c\u0940 \u0938\u093e\u092e\u0917\u094d\u0930\u093f\u092f\u094b\u0902 \u0915\u094b \u0905\u0926\u094d\u092f\u0924\u0928 \u0915\u0930\u0928\u0947 \u0915\u0947 \u0932\u093f\u090f \u0915\u094b\u0908 \u092a\u094d\u0930\u0924\u093f\u092c\u0926\u094d\u0927\u0924\u093e \u0928\u0939\u0940\u0902 \u0930\u0916\u0924\u093e \u0939\u0948\u0964<\/p>\n\n\n\n<h3 class=\"wp-block-heading\" id=\"6-links\">6. \u0932\u093f\u0902\u0915<\/h3>\n\n\n\n<p>\u0907\u0928\u094d\u092b\u094b \u092c\u093f\u091c\u093c\u0940 \u0928\u0947 \u0905\u092a\u0928\u0940 \u0935\u0947\u092c\u0938\u093e\u0907\u091f \u0938\u0947 \u091c\u0941\u0921\u093c\u0940 \u0938\u092d\u0940 \u0938\u093e\u0907\u091f\u094b\u0902 \u0915\u0940 \u0938\u092e\u0940\u0915\u094d\u0937\u093e \u0928\u0939\u0940\u0902 \u0915\u0940 \u0939\u0948 \u0914\u0930 \u0915\u093f\u0938\u0940 \u092d\u0940 \u0932\u093f\u0902\u0915 \u0915\u0940 \u0917\u0908 \u0938\u093e\u0907\u091f \u0915\u0940 \u0938\u093e\u092e\u0917\u094d\u0930\u0940 \u0915\u0947 \u0932\u093f\u090f \u091c\u093c\u093f\u092e\u094d\u092e\u0947\u0926\u093e\u0930 \u0928\u0939\u0940\u0902 \u0939\u0948\u0964 \u0915\u093f\u0938\u0940 \u092d\u0940 \u0932\u093f\u0902\u0915 \u0915\u094b \u0936\u093e\u092e\u093f\u0932 \u0915\u0930\u0928\u0947 \u0915\u093e \u092e\u0924\u0932\u092c \u0938\u093e\u0907\u091f \u0915\u0947 \u0907\u0928\u094d\u092b\u094b \u092c\u093f\u091c\u093c\u0940 \u0926\u094d\u0935\u093e\u0930\u093e \u0938\u092e\u0930\u094d\u0925\u0928 \u0928\u0939\u0940\u0902 \u0939\u0948\u0964 \u0915\u093f\u0938\u0940 \u092d\u0940 \u0932\u093f\u0902\u0915 \u0915\u0940 \u0917\u0908 \u0938\u093e\u0907\u091f \u0915\u093e \u0909\u092a\u092f\u094b\u0917 \u0909\u092a\u092f\u094b\u0917\u0915\u0930\u094d\u0924\u093e \u0915\u0947 \u0905\u092a\u0928\u0947 \u091c\u094b\u0916\u093f\u092e \u092a\u0930 \u0939\u0948\u0964<\/p>\n\n\n\n<h3 class=\"wp-block-heading\" id=\"modificacoes\">\u0938\u0902\u0936\u094b\u0927\u0928\u094b\u0902<\/h3>\n\n\n\n<p>\u0907\u0928\u094d\u092b\u094b \u092c\u093f\u091c\u093c\u0940 \u092c\u093f\u0928\u093e \u0915\u093f\u0938\u0940 \u0938\u0942\u091a\u0928\u093e \u0915\u0947 \u0915\u093f\u0938\u0940 \u092d\u0940 \u0938\u092e\u092f \u0905\u092a\u0928\u0940 \u0935\u0947\u092c\u0938\u093e\u0907\u091f \u0915\u0947 \u0932\u093f\u090f \u0938\u0947\u0935\u093e \u0915\u0940 \u0907\u0928 \u0936\u0930\u094d\u0924\u094b\u0902 \u0915\u094b \u0938\u0902\u0936\u094b\u0927\u093f\u0924 \u0915\u0930 \u0938\u0915\u0924\u093e \u0939\u0948\u0964 \u0907\u0938 \u0935\u0947\u092c\u0938\u093e\u0907\u091f \u0915\u093e \u0909\u092a\u092f\u094b\u0917 \u0915\u0930\u0915\u0947, \u0906\u092a \u0938\u0947\u0935\u093e \u0915\u0940 \u0907\u0928 \u0936\u0930\u094d\u0924\u094b\u0902 \u0915\u0947 \u0935\u0930\u094d\u0924\u092e\u093e\u0928 \u0938\u0902\u0938\u094d\u0915\u0930\u0923 \u0938\u0947 \u092c\u0902\u0927\u0947 \u0939\u094b\u0928\u0947 \u0915\u0947 \u0932\u093f\u090f \u0938\u0939\u092e\u0924 \u0939\u0948\u0902\u0964<\/p>\n\n\n\n<h3 class=\"wp-block-heading\" id=\"lei-aplicavel\">\u0932\u093e\u0917\u0942 \u0915\u093e\u0928\u0942\u0928<\/h3>\n\n\n\n<p>\u092f\u0947 \u0928\u093f\u092f\u092e \u0914\u0930 \u0936\u0930\u094d\u0924\u0947\u0902 \u0907\u0928\u094d\u092b\u094b \u092c\u093f\u091c\u093c\u0940 \u0915\u0947 \u0915\u093e\u0928\u0942\u0928\u094b\u0902 \u0915\u0947 \u0905\u0928\u0941\u0938\u093e\u0930 \u0928\u093f\u092f\u0902\u0924\u094d\u0930\u093f\u0924 \u0914\u0930 \u0938\u092e\u091d\u0940 \u091c\u093e\u0924\u0940 \u0939\u0948\u0902 \u0914\u0930 \u0906\u092a \u0905\u092a\u0930\u093f\u0935\u0930\u094d\u0924\u0928\u0940\u092f \u0930\u0942\u092a \u0938\u0947 \u0909\u0938 \u0930\u093e\u091c\u094d\u092f \u092f\u093e \u0938\u094d\u0925\u093e\u0928 \u0915\u0940 \u0905\u0926\u093e\u0932\u0924\u094b\u0902 \u0915\u0947 \u0935\u093f\u0936\u0947\u0937 \u0915\u094d\u0937\u0947\u0924\u094d\u0930\u093e\u0927\u093f\u0915\u093e\u0930 \u0915\u0947 \u0905\u0927\u0940\u0928 \u0939\u0948\u0902\u0964<\/p>","protected":false},"excerpt":{"rendered":"<p>1. Termos Ao acessar ao site Info Bizy, concorda em cumprir estes termos de servi\u00e7o, todas as leis e regulamentos aplic\u00e1veis \u200b\u200be concorda que \u00e9 respons\u00e1vel pelo cumprimento de todas as leis locais aplic\u00e1veis. Se voc\u00ea n\u00e3o concordar com algum desses termos, est\u00e1 proibido de usar ou acessar este site. Os materiais contidos neste site [&hellip;]<\/p>\n","protected":false},"author":4,"featured_media":0,"parent":0,"menu_order":0,"comment_status":"closed","ping_status":"closed","template":"","meta":{"footnotes":""},"class_list":["post-129","page","type-page","status-publish"],"_links":{"self":[{"href":"https:\/\/infobizy.com\/hi\/wp-json\/wp\/v2\/pages\/129","targetHints":{"allow":["GET"]}}],"collection":[{"href":"https:\/\/infobizy.com\/hi\/wp-json\/wp\/v2\/pages"}],"about":[{"href":"https:\/\/infobizy.com\/hi\/wp-json\/wp\/v2\/types\/page"}],"author":[{"embeddable":true,"href":"https:\/\/infobizy.com\/hi\/wp-json\/wp\/v2\/users\/4"}],"replies":[{"embeddable":true,"href":"https:\/\/infobizy.com\/hi\/wp-json\/wp\/v2\/comments?post=129"}],"version-history":[{"count":6,"href":"https:\/\/infobizy.com\/hi\/wp-json\/wp\/v2\/pages\/129\/revisions"}],"predecessor-version":[{"id":1190,"href":"https:\/\/infobizy.com\/hi\/wp-json\/wp\/v2\/pages\/129\/revisions\/1190"}],"wp:attachment":[{"href":"https:\/\/infobizy.com\/hi\/wp-json\/wp\/v2\/media?parent=129"}],"curies":[{"name":"\u0921\u092c\u094d\u0932\u094d\u092f\u0942\u092a\u0940","href":"https:\/\/api.w.org\/{rel}","templated":true}]}}