{"id":419,"date":"2023-01-17T05:00:49","date_gmt":"2023-01-17T05:00:49","guid":{"rendered":"https:\/\/infobizy.com\/?page_id=419"},"modified":"2023-11-14T05:58:56","modified_gmt":"2023-11-14T05:58:56","slug":"adatvedelmi-iranyelvek","status":"publish","type":"page","link":"https:\/\/infobizy.com\/hu\/politica-de-privacidade\/","title":{"rendered":"Adatv\u00e9delmi ir\u00e1nyelvek"},"content":{"rendered":"<div class=\"td-page-content tagdiv-type\">\n<p>Az \u00d6n adatainak v\u00e9delme fontos sz\u00e1munkra. Ez a politika <a href=\"https:\/\/infobizy.com\/hu\/\">Info Bizy<\/a> tiszteletben tartsa mag\u00e1n\u00e9let\u00e9t az \u00d6nt\u0151l az oldalon gy\u0171jthet\u0151 inform\u00e1ci\u00f3kkal kapcsolatban <a href=\"https:\/\/infobizy.com\/hu\/\">Info Bizy<\/a>, valamint a tulajdonunkban l\u00e9v\u0151 \u00e9s \u00e1ltalunk m\u0171k\u00f6dtetett egy\u00e9b webhelyek. Csak akkor k\u00e9r\u00fcnk szem\u00e9lyes adatokat, ha val\u00f3ban sz\u00fcks\u00e9g\u00fcnk van r\u00e1juk a szolg\u00e1ltat\u00e1s ny\u00fajt\u00e1s\u00e1hoz. Ezt tisztess\u00e9ges \u00e9s t\u00f6rv\u00e9nyes eszk\u00f6z\u00f6kkel, az \u00d6n tudt\u00e1val \u00e9s beleegyez\u00e9s\u00e9vel tessz\u00fck. Azt is tudatjuk, hogy mi\u00e9rt gy\u0171jtj\u00fck \u00e9s hogyan fogjuk felhaszn\u00e1lni. Az \u00f6sszegy\u0171jt\u00f6tt inform\u00e1ci\u00f3kat csak addig \u0151rizz\u00fck meg, ameddig a k\u00e9rt szolg\u00e1ltat\u00e1s ny\u00fajt\u00e1s\u00e1hoz sz\u00fcks\u00e9ges. Amikor adatokat t\u00e1rolunk, azokat a kereskedelmileg elfogadhat\u00f3 m\u00f3don v\u00e9dj\u00fck, hogy megakad\u00e1lyozzuk az adatveszt\u00e9st \u00e9s lop\u00e1st, valamint a jogosulatlan hozz\u00e1f\u00e9r\u00e9st, nyilv\u00e1noss\u00e1gra hozatalt, m\u00e1sol\u00e1st, felhaszn\u00e1l\u00e1st vagy m\u00f3dos\u00edt\u00e1st. Szem\u00e9lyazonos\u00edt\u00e1sra alkalmas adatokat nem osztunk meg nyilv\u00e1nosan vagy harmadik felekkel, kiv\u00e9ve, ha azt t\u00f6rv\u00e9ny \u00edrja el\u0151. Weboldalunk tartalmazhat hivatkoz\u00e1sokat olyan k\u00fcls\u0151 webhelyekre, amelyeket nem mi \u00fczemeltet\u00fcnk. K\u00e9rj\u00fck, vegye figyelembe, hogy nincs befoly\u00e1sunk ezen webhelyek tartalm\u00e1ra \u00e9s gyakorlat\u00e1ra, \u00e9s nem v\u00e1llalhatunk felel\u0151ss\u00e9get a vonatkoz\u00f3 adatv\u00e9delmi szab\u00e1lyzatok\u00e9rt. \u00d6n szabadon visszautas\u00edthatja szem\u00e9lyes adatokra vonatkoz\u00f3 k\u00e9r\u00e9s\u00fcnket, meg\u00e9rtve, hogy el\u0151fordulhat, hogy nem tudjuk biztos\u00edtani \u00d6nnek az \u00d6n \u00e1ltal k\u00edv\u00e1nt szolg\u00e1ltat\u00e1sok egy r\u00e9sz\u00e9t. Weboldalunk tov\u00e1bbi haszn\u00e1lata az adatv\u00e9delemmel \u00e9s szem\u00e9lyes adatokkal kapcsolatos gyakorlatunk elfogad\u00e1s\u00e1nak min\u0151s\u00fcl. Ha b\u00e1rmilyen k\u00e9rd\u00e9se van a felhaszn\u00e1l\u00f3i adatok \u00e9s szem\u00e9lyes adatok kezel\u00e9s\u00e9vel kapcsolatban, k\u00e9rj\u00fck, l\u00e9pjen kapcsolatba vel\u00fcnk.<\/p>\n<h3 class=\"wp-block-heading\">Info Bizy Cookie-szab\u00e1lyzat<\/h3>\n<h3 class=\"wp-block-heading\">Mik azok a s\u00fctik?<\/h3>\n<p>Szinte minden professzion\u00e1lis webhelyen bevett gyakorlatnak megfelel\u0151en ez a webhely cookie-kat haszn\u00e1l, amelyek kism\u00e9ret\u0171 f\u00e1jlok, amelyek let\u00f6lt\u0151dnek az \u00d6n sz\u00e1m\u00edt\u00f3g\u00e9p\u00e9re, hogy jav\u00edtsa az \u00e9lm\u00e9nyt. Ez az oldal le\u00edrja, hogy milyen inform\u00e1ci\u00f3kat gy\u0171jtenek, hogyan haszn\u00e1ljuk azokat, \u00e9s mi\u00e9rt kell n\u00e9ha t\u00e1rolnunk ezeket a s\u00fctiket. Azt is megosztjuk, hogyan akad\u00e1lyozhatja meg ezeknek a s\u00fctiknek a t\u00e1rol\u00e1s\u00e1t, azonban ez lemin\u0151s\u00edtheti vagy \u201emegszak\u00edthatja\u201d a webhely funkci\u00f3inak bizonyos elemeit.<\/p>\n<h3 class=\"wp-block-heading\">Hogyan haszn\u00e1ljuk a s\u00fctiket?<\/h3>\n<p>Sokf\u00e9le okb\u00f3l haszn\u00e1lunk s\u00fctiket, amelyeket al\u00e1bb r\u00e9szletez\u00fcnk. Sajnos a legt\u00f6bb esetben nincsenek ipari szabv\u00e1nyok a cookie-k letilt\u00e1s\u00e1ra an\u00e9lk\u00fcl, hogy teljesen letiltan\u00e1k a webhelyhez hozz\u00e1adott funkci\u00f3kat \u00e9s funkci\u00f3kat. Javasoljuk, hogy hagyjon ki minden cookie-t, ha nem biztos abban, hogy sz\u00fcks\u00e9ge van-e r\u00e1juk, ha az \u00d6n \u00e1ltal haszn\u00e1lt szolg\u00e1ltat\u00e1s ny\u00fajt\u00e1s\u00e1ra haszn\u00e1lj\u00e1k \u0151ket.<\/p>\n<h3 class=\"wp-block-heading\">letiltja a s\u00fctiket<\/h3>\n<p>A cookie-k be\u00e1ll\u00edt\u00e1s\u00e1t a b\u00f6ng\u00e9sz\u0151 be\u00e1ll\u00edt\u00e1sainak m\u00f3dos\u00edt\u00e1s\u00e1val akad\u00e1lyozhatja meg (err\u0151l a b\u00f6ng\u00e9sz\u0151 s\u00fag\u00f3j\u00e1ban olvashat). K\u00e9rj\u00fck, vegye figyelembe, hogy a cookie-k letilt\u00e1sa hat\u00e1ssal lesz ennek \u00e9s sok m\u00e1s megl\u00e1togatott webhelynek a m\u0171k\u00f6d\u00e9s\u00e9re. A cookie-k letilt\u00e1sa \u00e1ltal\u00e1ban a webhely bizonyos funkci\u00f3inak \u00e9s funkci\u00f3inak letilt\u00e1s\u00e1t eredm\u00e9nyezi. Ez\u00e9rt azt javasoljuk, hogy ne tiltsa le a cookie-kat.<\/p>\n<h3 class=\"wp-block-heading\">Az \u00e1ltalunk be\u00e1ll\u00edtott s\u00fctik<\/h3>\n<ul>\n<li>Fi\u00f3khoz kapcsol\u00f3d\u00f3 cookie-k<\/li>\n<li>Ha fi\u00f3kot hoz l\u00e9tre n\u00e1lunk, cookie-kat haszn\u00e1lunk a regisztr\u00e1ci\u00f3s folyamat \u00e9s az \u00e1ltal\u00e1nos adminisztr\u00e1ci\u00f3 kezel\u00e9s\u00e9re. Ezek a cookie-k \u00e1ltal\u00e1ban t\u00f6rl\u0151dnek, amikor kijelentkezik, de bizonyos esetekben k\u00e9s\u0151bb is megmaradhatnak, hogy eml\u00e9kezzenek a webhely be\u00e1ll\u00edt\u00e1saira, amikor kijelentkezik.<\/li>\n<li>Bejelentkez\u00e9shez kapcsol\u00f3d\u00f3 cookie-k<\/li>\n<li>Amikor bejelentkezik, cookie-kat haszn\u00e1lunk, hogy megjegyezz\u00fck ezt a m\u0171veletet. Ez meg\u00f3vja att\u00f3l, hogy minden alkalommal be kelljen jelentkeznie, amikor \u00faj oldalt l\u00e1togat meg. Ezeket a s\u00fctiket rendszerint elt\u00e1vol\u00edtjuk vagy t\u00f6rlj\u00fck, amikor kijelentkezik, hogy bejelentkez\u00e9skor csak korl\u00e1tozott funkci\u00f3khoz \u00e9s ter\u00fcletekhez f\u00e9rhessen hozz\u00e1.<\/li>\n<li>Az e-mailes h\u00edrlevelekhez kapcsol\u00f3d\u00f3 s\u00fctik<\/li>\n<li>Ez az oldal h\u00edrlev\u00e9l- vagy e-mail feliratkoz\u00e1si szolg\u00e1ltat\u00e1sokat k\u00edn\u00e1l, \u00e9s cookie-kat haszn\u00e1lhatunk annak eml\u00e9kez\u00e9s\u00e9re, hogy \u00d6n m\u00e1r regisztr\u00e1lt-e, \u00e9s hogy bizonyos \u00e9rtes\u00edt\u00e9sek csak a feliratkozott\/leiratkozott felhaszn\u00e1l\u00f3k sz\u00e1m\u00e1ra jelenjenek-e meg.<\/li>\n<li>A kapcsol\u00f3d\u00f3 cookie-k feldolgoz\u00e1s\u00e1val kapcsolatos megrendel\u00e9sek<\/li>\n<li>Ez az oldal e-kereskedelmi vagy fizet\u00e9si lehet\u0151s\u00e9geket k\u00edn\u00e1l, \u00e9s bizonyos cookie-k elengedhetetlenek annak biztos\u00edt\u00e1s\u00e1hoz, hogy megrendel\u00e9s\u00e9t az oldalak k\u00f6z\u00f6tt megjegyezz\u00fck, hogy megfelel\u0151en tudjuk feldolgozni.<\/li>\n<li>Keres\u00e9shez kapcsol\u00f3d\u00f3 cookie-k<\/li>\n<li>Id\u0151nk\u00e9nt felm\u00e9r\u00e9seket \u00e9s k\u00e9rd\u0151\u00edveket k\u00edn\u00e1lunk, hogy \u00e9rdekes inform\u00e1ci\u00f3kkal, hasznos eszk\u00f6z\u00f6kkel szolg\u00e1ljunk, vagy felhaszn\u00e1l\u00f3i b\u00e1zisunkat pontosabban meg\u00e9rts\u00fck. Ezek a felm\u00e9r\u00e9sek cookie-kat haszn\u00e1lhatnak, hogy eml\u00e9kezzenek arra, hogy kik vettek m\u00e1r r\u00e9szt egy felm\u00e9r\u00e9sben, vagy hogy pontos eredm\u00e9nyeket adjanak az oldalv\u00e1lt\u00e1s ut\u00e1n.<\/li>\n<li>\u0170rlapokhoz kapcsol\u00f3d\u00f3 cookie-k<\/li>\n<li>Amikor adatokat k\u00fcld el egy \u0171rlapon, p\u00e9ld\u00e1ul a kapcsolatfelv\u00e9teli oldalakon vagy a megjegyz\u00e9s \u0171rlapokon kereszt\u00fcl, a cookie-k be\u00e1ll\u00edthat\u00f3k, hogy megjegyezz\u00e9k felhaszn\u00e1l\u00f3i adatait a j\u00f6v\u0151beni levelez\u00e9shez.<\/li>\n<li>Webhelypreferencia cookie-k<\/li>\n<li>Annak \u00e9rdek\u00e9ben, hogy nagyszer\u0171 \u00e9lm\u00e9nyben legyen r\u00e9sze ezen az oldalon, biztos\u00edtjuk azt a funkci\u00f3t, amellyel be\u00e1ll\u00edthatja a webhely m\u0171k\u00f6d\u00e9s\u00e9t, amikor haszn\u00e1lja azt. Ahhoz, hogy eml\u00e9kezz\u00fcnk a preferenci\u00e1ira, be kell \u00e1ll\u00edtanunk a cookie-kat, hogy ezeket az inform\u00e1ci\u00f3kat b\u00e1rmikor le lehessen h\u00edvni, amikor olyan oldallal l\u00e9p kapcsolatba, amelyre az \u00d6n be\u00e1ll\u00edt\u00e1sai hat\u00e1ssal vannak.<\/li>\n<\/ul>\n<h3 class=\"wp-block-heading\">Harmadik f\u00e9lt\u0151l sz\u00e1rmaz\u00f3 cookie-k<\/h3>\n<p>Bizonyos speci\u00e1lis esetekben megb\u00edzhat\u00f3 harmadik felek \u00e1ltal biztos\u00edtott cookie-kat is haszn\u00e1lunk. A k\u00f6vetkez\u0151 szakasz r\u00e9szletezi, hogy mely harmadik f\u00e9lt\u0151l sz\u00e1rmaz\u00f3 cookie-kkal tal\u00e1lkozhat ezen a webhelyen.<\/p>\n<ul>\n<li>Ez a webhely a Google Analytics szolg\u00e1ltat\u00e1st haszn\u00e1lja, amely az egyik legelterjedtebb \u00e9s legmegb\u00edzhat\u00f3bb elemz\u00e9si megold\u00e1s az interneten, hogy seg\u00edtsen meg\u00e9rteni, hogyan haszn\u00e1lja a webhelyet, \u00e9s hogyan jav\u00edthatjuk a felhaszn\u00e1l\u00f3i \u00e9lm\u00e9nyt. Ezek a cookie-k nyomon k\u00f6vethetik p\u00e9ld\u00e1ul azt, hogy mennyi id\u0151t t\u00f6lt a webhelyen, \u00e9s mely oldalakat l\u00e1togatja meg, hogy tov\u00e1bbra is lebilincsel\u0151 tartalmat \u00e1ll\u00edthassunk el\u0151.<\/li>\n<\/ul>\n<p>A Google Analytics cookie-kkal kapcsolatos tov\u00e1bbi inform\u00e1ci\u00f3k\u00e9rt tekintse meg a hivatalos Google Analytics oldalt.<\/p>\n<ul>\n<li>Harmadik f\u00e9lt\u0151l sz\u00e1rmaz\u00f3 elemz\u00e9seket haszn\u00e1lunk a webhely haszn\u00e1lat\u00e1nak nyomon k\u00f6vet\u00e9s\u00e9re \u00e9s m\u00e9r\u00e9s\u00e9re, hogy tov\u00e1bbra is lebilincsel\u0151 tartalmat \u00e1ll\u00edthassunk el\u0151. Ezek a cookie-k nyomon k\u00f6vethetik p\u00e9ld\u00e1ul azt, hogy mennyi id\u0151t t\u00f6lt az oldalon, vagy mely oldalakat l\u00e1togatja meg, ami seg\u00edt nek\u00fcnk meg\u00e9rteni, hogyan jav\u00edthatjuk az \u00d6n sz\u00e1m\u00e1ra a webhelyet.<\/li>\n<li>Id\u0151nk\u00e9nt tesztel\u00fcnk \u00faj funkci\u00f3kat, \u00e9s finoman m\u00f3dos\u00edtjuk a webhely megjelen\u00e9s\u00e9t. Amikor m\u00e9g tesztelj\u00fck az \u00faj funkci\u00f3kat, ezek a cookie-k felhaszn\u00e1lhat\u00f3k annak biztos\u00edt\u00e1s\u00e1ra, hogy \u00e1lland\u00f3 \u00e9lm\u00e9nyben legyen r\u00e9sze az oldalon, mik\u00f6zben meg\u00e9rtj\u00fck, mely optimaliz\u00e1l\u00e1sokat \u00e9rt\u00e9kelik legink\u00e1bb felhaszn\u00e1l\u00f3ink.<\/li>\n<li>Term\u00e9kek \u00e9rt\u00e9kes\u00edt\u00e9se sor\u00e1n fontos, hogy meg\u00e9rts\u00fck a statisztik\u00e1kat arra vonatkoz\u00f3an, hogy webhely\u00fcnk h\u00e1ny l\u00e1togat\u00f3ja v\u00e1s\u00e1rol t\u00e9nylegesen, ez\u00e9rt ezek a cookie-k ilyen t\u00edpus\u00fa adatokat fognak nyomon k\u00f6vetni. Ez fontos az \u00d6n sz\u00e1m\u00e1ra, mivel ez azt jelenti, hogy pontosan tudunk olyan \u00fczleti el\u0151rejelz\u00e9seket k\u00e9sz\u00edteni, amelyek lehet\u0151v\u00e9 teszik hirdet\u00e9si \u00e9s term\u00e9kk\u00f6lts\u00e9geink elemz\u00e9s\u00e9t a lehet\u0151 legjobb \u00e1r biztos\u00edt\u00e1sa \u00e9rdek\u00e9ben.<\/li>\n<li>A hirdet\u00e9sek megjelen\u00edt\u00e9s\u00e9re haszn\u00e1lt Google AdSense szolg\u00e1ltat\u00e1s DoubleClick cookie-t haszn\u00e1l, hogy relev\u00e1nsabb hirdet\u00e9seket jelen\u00edtsen meg az interneten, \u00e9s korl\u00e1tozza, hogy egy adott hirdet\u00e9s h\u00e1nyszor jelenjen meg \u00d6nnek. Az AdSense szolg\u00e1ltat\u00e1ssal kapcsolatos tov\u00e1bbi inform\u00e1ci\u00f3k\u00e9rt tekintse meg a hivatalos AdSense adatv\u00e9delmi GYIK-et.<\/li>\n<li>Rekl\u00e1mokat haszn\u00e1lunk a webhely \u00fczemeltet\u00e9si k\u00f6lts\u00e9geinek ellens\u00falyoz\u00e1s\u00e1ra \u00e9s a j\u00f6v\u0151beni fejleszt\u00e9sek finansz\u00edroz\u00e1s\u00e1ra. Az ezen a weboldalon haszn\u00e1lt viselked\u00e9salap\u00fa hirdet\u00e9si cookie-k c\u00e9lja, hogy lehet\u0151s\u00e9g szerint a legrelev\u00e1nsabb hirdet\u00e9seket biztos\u00edtsuk \u00d6nnek, n\u00e9vtelen\u00fcl nyomon k\u00f6vetve \u00e9rdekl\u0151d\u00e9s\u00e9t, \u00e9s hasonl\u00f3 dolgokat bemutatva, amelyek \u00e9rdekelhetik \u00d6nt.<\/li>\n<li>K\u00fcl\u00f6nf\u00e9le partnerek hirdetnek a nev\u00fcnkben, \u00e9s a kapcsolt v\u00e1llalkoz\u00e1sok nyomk\u00f6vet\u0151 s\u00fctijei egyszer\u0171en lehet\u0151v\u00e9 teszik sz\u00e1munkra, hogy megn\u00e9zz\u00fck, \u00fcgyfeleink valamelyik partneroldalunkon kereszt\u00fcl jutottak-e el az oldalra, \u00edgy megfelel\u0151en j\u00f3v\u00e1\u00edrhatjuk \u0151ket, \u00e9s adott esetben lehet\u0151v\u00e9 tessz\u00fck kapcsolt partnereink sz\u00e1m\u00e1ra, hogy b\u00e1rmilyen prom\u00f3ci\u00f3t k\u00edn\u00e1ljanak, biztos\u00edtja \u00d6nnek a v\u00e1s\u00e1rl\u00e1st.<\/li>\n<\/ul>\n<h3 class=\"wp-block-heading\">Felhaszn\u00e1l\u00f3i k\u00f6telezetts\u00e9gv\u00e1llal\u00e1s<\/h3>\n<p>A felhaszn\u00e1l\u00f3 v\u00e1llalja, hogy az Info Bizy \u00e1ltal a weboldalon k\u00edn\u00e1lt tartalmat \u00e9s inform\u00e1ci\u00f3kat megfelel\u0151 m\u00f3don, kifejez\u0151, de nem korl\u00e1toz\u00f3 jelleggel haszn\u00e1lja fel:<\/p>\n<ul>\n<li>A) Tilos olyan tev\u00e9kenys\u00e9get folytatni, amely illeg\u00e1lis vagy ellent\u00e9tes a j\u00f3hiszem\u0171s\u00e9ggel \u00e9s a k\u00f6zrenddel;<\/li>\n<li>B) Nem terjeszteni rasszista, idegengy\u0171l\u00f6l\u0151 vagy balszerencse jelleg\u0171 propagand\u00e1t vagy tartalmat, semmilyen illeg\u00e1lis pornogr\u00e1fi\u00e1t, bocs\u00e1natk\u00e9r\u00e9s a terrorizmus\u00e9rt vagy az emberi jogok ellen;<\/li>\n<li>C) Ne okozzon k\u00e1rt az Info Bizy, besz\u00e1ll\u00edt\u00f3i vagy harmadik f\u00e9l fizikai (hardver) \u00e9s logikai (szoftver) rendszer\u00e9ben, sz\u00e1m\u00edt\u00f3g\u00e9pes v\u00edrusok vagy egy\u00e9b olyan hardver- vagy szoftverrendszerek bejuttat\u00e1s\u00e1val vagy terjeszt\u00e9s\u00e9vel, amelyek k\u00e9pesek a fent eml\u00edtett k\u00e1rokat okozni.<\/li>\n<\/ul>\n<h3 class=\"wp-block-heading\">T\u00f6bb inform\u00e1ci\u00f3<\/h3>\n<p>Rem\u00e9lhet\u0151leg ez tiszt\u00e1z\u00f3dott, \u00e9s amint azt kor\u00e1bban eml\u00edtett\u00fck, ha valamiben nem biztos abban, hogy sz\u00fcks\u00e9ge van-e r\u00e1, \u00e1ltal\u00e1ban biztons\u00e1gosabb enged\u00e9lyezni a cookie-kat, ha a webhely\u00fcnk\u00f6n haszn\u00e1lt funkci\u00f3k valamelyik\u00e9t haszn\u00e1lja. Ez a szab\u00e1lyzat t\u00f3l hat\u00e1lyos <strong>janu\u00e1r<\/strong>\/<strong>2022<\/strong>.<\/p>\n<\/div>","protected":false},"excerpt":{"rendered":"<p>A sua privacidade \u00e9 importante para n\u00f3s. \u00c9 pol\u00edtica do Info Bizy respeitar a sua privacidade em rela\u00e7\u00e3o a qualquer informa\u00e7\u00e3o sua que possamos coletar no site Info Bizy, e outros sites que possu\u00edmos e operamos. Solicitamos informa\u00e7\u00f5es pessoais apenas quando realmente precisamos delas para lhe fornecer um servi\u00e7o. Fazemo-lo por meios justos e legais, [&hellip;]<\/p>\n","protected":false},"author":4,"featured_media":0,"parent":0,"menu_order":0,"comment_status":"closed","ping_status":"closed","template":"","meta":{"footnotes":""},"class_list":["post-419","page","type-page","status-publish"],"_links":{"self":[{"href":"https:\/\/infobizy.com\/hu\/wp-json\/wp\/v2\/pages\/419","targetHints":{"allow":["GET"]}}],"collection":[{"href":"https:\/\/infobizy.com\/hu\/wp-json\/wp\/v2\/pages"}],"about":[{"href":"https:\/\/infobizy.com\/hu\/wp-json\/wp\/v2\/types\/page"}],"author":[{"embeddable":true,"href":"https:\/\/infobizy.com\/hu\/wp-json\/wp\/v2\/users\/4"}],"replies":[{"embeddable":true,"href":"https:\/\/infobizy.com\/hu\/wp-json\/wp\/v2\/comments?post=419"}],"version-history":[{"count":8,"href":"https:\/\/infobizy.com\/hu\/wp-json\/wp\/v2\/pages\/419\/revisions"}],"predecessor-version":[{"id":1194,"href":"https:\/\/infobizy.com\/hu\/wp-json\/wp\/v2\/pages\/419\/revisions\/1194"}],"wp:attachment":[{"href":"https:\/\/infobizy.com\/hu\/wp-json\/wp\/v2\/media?parent=419"}],"curies":[{"name":"munkaf\u00fczet","href":"https:\/\/api.w.org\/{rel}","templated":true}]}}