{"id":419,"date":"2023-01-17T05:00:49","date_gmt":"2023-01-17T05:00:49","guid":{"rendered":"https:\/\/infobizy.com\/?page_id=419"},"modified":"2023-11-14T05:58:56","modified_gmt":"2023-11-14T05:58:56","slug":"politica-sulla-riservatezza","status":"publish","type":"page","link":"https:\/\/infobizy.com\/it\/politica-de-privacidade\/","title":{"rendered":"politica sulla riservatezza"},"content":{"rendered":"<div class=\"td-page-content tagdiv-type\">\n<p>La tua privacy \u00e8 importante per noi. \u00c8 la politica di <a href=\"https:\/\/infobizy.com\/it\/\">Informazioni Bizy<\/a> rispettare la tua privacy in merito a qualsiasi informazione che potremmo raccogliere da te sul sito <a href=\"https:\/\/infobizy.com\/it\/\">Informazioni Bizy<\/a>e altri siti web che possediamo e gestiamo. Chiediamo informazioni personali solo quando ne abbiamo veramente bisogno per fornirti un servizio. Lo facciamo con mezzi equi e legali, con la tua conoscenza e il tuo consenso. Ti facciamo anche sapere perch\u00e9 lo stiamo raccogliendo e come verr\u00e0 utilizzato. Conserviamo le informazioni raccolte solo per il tempo necessario a fornire il servizio richiesto. Quando memorizziamo i dati, li proteggiamo con mezzi commercialmente accettabili per prevenire la perdita e il furto, nonch\u00e9 l&#039;accesso, la divulgazione, la copia, l&#039;uso o la modifica non autorizzati. Non condividiamo informazioni di identificazione personale pubblicamente o con terze parti, ad eccezione di quanto richiesto dalla legge. Il nostro sito Web pu\u00f2 contenere collegamenti a siti Web esterni che non sono gestiti da noi. Si prega di essere consapevoli del fatto che non abbiamo alcun controllo sul contenuto e sulle pratiche di questi siti e non possiamo accettare la responsabilit\u00e0 per le rispettive politiche sulla privacy. Sei libero di rifiutare la nostra richiesta di informazioni personali, comprendendo che potremmo non essere in grado di fornirti alcuni dei servizi desiderati. L&#039;uso continuato del nostro sito Web sar\u00e0 considerato come accettazione delle nostre pratiche in materia di privacy e informazioni personali. Se hai domande su come gestiamo i dati degli utenti e le informazioni personali, ti preghiamo di contattarci.<\/p>\n<h3 class=\"wp-block-heading\">Informativa Cookies Policy di Bizy<\/h3>\n<h3 class=\"wp-block-heading\">Cosa sono i cookie?<\/h3>\n<p>Come \u00e8 prassi comune con quasi tutti i siti Web professionali, questo sito utilizza i cookie, ovvero piccoli file che vengono scaricati sul tuo computer per migliorare la tua esperienza. Questa pagina descrive quali informazioni raccolgono, come le utilizziamo e perch\u00e9 a volte abbiamo bisogno di memorizzare questi cookie. Condivideremo anche come impedire la memorizzazione di questi cookie, tuttavia ci\u00f2 potrebbe ridurre o &quot;interrompere&quot; alcuni elementi della funzionalit\u00e0 del sito.<\/p>\n<h3 class=\"wp-block-heading\">Come utilizziamo i cookie?<\/h3>\n<p>Utilizziamo i cookie per una serie di motivi, descritti di seguito. Sfortunatamente, nella maggior parte dei casi, non ci sono opzioni standard del settore per disabilitare i cookie senza disabilitare completamente la funzionalit\u00e0 e le caratteristiche che aggiungono a questo sito web. Si consiglia di escludere tutti i cookie se non si \u00e8 sicuri di averne bisogno o meno se vengono utilizzati per fornire un servizio che si utilizza.<\/p>\n<h3 class=\"wp-block-heading\">disabilitare i cookie<\/h3>\n<p>\u00c8 possibile impedire l&#039;impostazione dei cookie modificando le impostazioni del browser (consultare la Guida del browser per sapere come farlo). Tieni presente che la disabilitazione dei cookie influir\u00e0 sulla funzionalit\u00e0 di questo e di molti altri siti web che visiti. La disabilitazione dei cookie generalmente comporter\u00e0 la disabilitazione di alcune funzionalit\u00e0 e caratteristiche di questo sito web. Pertanto, si consiglia di non disabilitare i cookie.<\/p>\n<h3 class=\"wp-block-heading\">Cookie che impostiamo<\/h3>\n<ul>\n<li>Cookie relativi all&#039;account<\/li>\n<li>Se crei un account con noi, utilizzeremo i cookie per gestire il processo di registrazione e l&#039;amministrazione generale. Questi cookie verranno solitamente eliminati quando ti disconnetti, tuttavia in alcuni casi potrebbero rimanere successivamente per ricordare le tue preferenze del sito quando ti disconnetti.<\/li>\n<li>Cookie relativi all&#039;accesso<\/li>\n<li>Utilizziamo i cookie quando hai effettuato l&#039;accesso in modo da poter ricordare questa azione. Ci\u00f2 ti evita di dover effettuare il login ogni volta che visiti una nuova pagina. Questi cookie vengono normalmente rimossi o cancellati quando ti disconnetti per garantire che tu possa accedere a funzionalit\u00e0 e aree riservate solo dopo aver effettuato l&#039;accesso.<\/li>\n<li>Cookie relativi alle newsletter via email<\/li>\n<li>Questo sito offre servizi di newsletter o iscrizione via email e i cookie potrebbero essere utilizzati per ricordare se sei gi\u00e0 registrato e se mostrare determinate notifiche valide solo per gli utenti iscritti\/non iscritti.<\/li>\n<li>Cookie relativi all&#039;elaborazione degli ordini<\/li>\n<li>Questo sito offre servizi di e-commerce o di pagamento e alcuni cookie sono essenziali per garantire che il tuo ordine venga ricordato tra le pagine in modo che possiamo elaborarlo correttamente.<\/li>\n<li>Cookie relativi alla ricerca<\/li>\n<li>Periodicamente offriamo sondaggi e questionari per fornire informazioni interessanti, strumenti utili o per comprendere la nostra base utenti in modo pi\u00f9 accurato. Questi sondaggi potrebbero utilizzare i cookie per ricordare chi ha gi\u00e0 partecipato a un sondaggio o per fornire risultati accurati dopo aver cambiato pagina.<\/li>\n<li>Cookie relativi ai moduli<\/li>\n<li>Quando invii dati tramite un modulo come quelli che si trovano nelle pagine di contatto o nei moduli di commento, i cookie potrebbero essere impostati per ricordare i tuoi dettagli utente per la corrispondenza futura.<\/li>\n<li>Cookie di preferenza del sito<\/li>\n<li>Per offrirti un&#039;ottima esperienza su questo sito, forniamo la funzionalit\u00e0 per impostare le tue preferenze su come funziona questo sito quando lo utilizzi. Per ricordare le tue preferenze, dobbiamo impostare i cookie in modo che queste informazioni possano essere richiamate ogni volta che interagisci con una pagina che \u00e8 influenzata dalle tue preferenze.<\/li>\n<\/ul>\n<h3 class=\"wp-block-heading\">Cookie di terze parti<\/h3>\n<p>In alcuni casi particolari, utilizziamo anche cookie forniti da terze parti di fiducia. La sezione seguente descrive in dettaglio quali cookie di terze parti potresti incontrare attraverso questo sito web.<\/p>\n<ul>\n<li>Questo sito Web utilizza Google Analytics, che \u00e8 una delle soluzioni di analisi pi\u00f9 diffuse e affidabili sul Web, per aiutarci a capire come utilizzi il sito Web e come possiamo migliorare la tua esperienza. Questi cookie possono tenere traccia di cose come quanto tempo trascorri sul sito e quali pagine visiti in modo che possiamo continuare a produrre contenuti accattivanti.<\/li>\n<\/ul>\n<p>Per ulteriori informazioni sui cookie di Google Analytics, consultare la pagina ufficiale di Google Analytics.<\/p>\n<ul>\n<li>Le analisi di terze parti vengono utilizzate per tracciare e misurare l&#039;utilizzo di questo sito in modo che possiamo continuare a produrre contenuti accattivanti. Questi cookie possono tenere traccia di cose come quanto tempo trascorri sul sito o quali pagine visiti, il che ci aiuta a capire come possiamo migliorare il sito per te.<\/li>\n<li>Periodicamente, testiamo nuove funzionalit\u00e0 e apportiamo sottili modifiche all&#039;aspetto del sito. Quando stiamo ancora testando nuove funzionalit\u00e0, questi cookie possono essere utilizzati per assicurarti di ricevere un&#039;esperienza coerente mentre sei sul sito, comprendendo al contempo quali ottimizzazioni i nostri utenti apprezzano di pi\u00f9.<\/li>\n<li>Poich\u00e9 vendiamo prodotti, \u00e8 importante per noi comprendere le statistiche su quanti visitatori del nostro sito effettuano effettivamente un acquisto, e quindi questo \u00e8 il tipo di dati che questi cookie tracceranno. Questo \u00e8 importante per te in quanto significa che possiamo fare previsioni aziendali accurate che ci consentono di analizzare i nostri costi pubblicitari e di prodotto per garantire il miglior prezzo possibile.<\/li>\n<li>Il servizio Google AdSense che utilizziamo per offrirti pubblicit\u00e0 utilizza un cookie DoubleClick per offrirti annunci pi\u00f9 pertinenti sul Web e per limitare il numero di volte in cui ti viene mostrato un determinato annuncio. Per ulteriori informazioni su AdSense, consulta le domande frequenti ufficiali sulla privacy di AdSense.<\/li>\n<li>Utilizziamo la pubblicit\u00e0 per compensare i costi di gestione di questo sito Web e per fornire finanziamenti per lo sviluppo futuro. I cookie pubblicitari comportamentali utilizzati da questo sito Web sono progettati per garantire che ti forniamo gli annunci pubblicitari pi\u00f9 pertinenti ove possibile, monitorando in modo anonimo i tuoi interessi e presentandoti cose simili che potrebbero interessarti.<\/li>\n<li>Vari partner fanno pubblicit\u00e0 per nostro conto e i cookie di monitoraggio degli affiliati ci consentono semplicemente di vedere se i nostri clienti hanno effettuato l&#039;accesso al sito tramite uno dei nostri siti partner in modo da poterli accreditare correttamente e, ove applicabile, consentire ai nostri partner affiliati di offrire qualsiasi promozione che possa fornirti di effettuare un acquisto.<\/li>\n<\/ul>\n<h3 class=\"wp-block-heading\">Impegno dell&#039;utente<\/h3>\n<p>L&#039;utente si impegna a fare un uso appropriato dei contenuti e delle informazioni che Info Bizy offre sul sito web e con carattere enunciativo ma non limitativo:<\/p>\n<ul>\n<li>A) Non svolgere attivit\u00e0 illegali o contrarie alla buona fede e all&#039;ordine pubblico;<\/li>\n<li>B) Non diffondere propaganda o contenuti di natura razzista, xenofoba o di cattiva sorte, qualsiasi tipo di pornografia illegale, apologia del terrorismo o contro i diritti umani;<\/li>\n<li>C) Non causare danni ai sistemi fisici (hardware) e logici (software) di Info Bizy, dei suoi fornitori o di terzi, per introdurre o diffondere virus informatici o qualsiasi altro sistema hardware o software in grado di causare i suddetti danni.<\/li>\n<\/ul>\n<h3 class=\"wp-block-heading\">Maggiori informazioni<\/h3>\n<p>Speriamo che sia chiarito e, come accennato in precedenza, se c&#039;\u00e8 qualcosa di cui non sei sicuro di aver bisogno o meno, \u00e8 generalmente pi\u00f9 sicuro lasciare i cookie abilitati se interagisci con una delle funzionalit\u00e0 che utilizzi sul nostro sito web. Questa politica \u00e8 efficace da <strong>Gennaio<\/strong>\/<strong>2022<\/strong>.<\/p>\n<\/div>","protected":false},"excerpt":{"rendered":"<p>A sua privacidade \u00e9 importante para n\u00f3s. \u00c9 pol\u00edtica do Info Bizy respeitar a sua privacidade em rela\u00e7\u00e3o a qualquer informa\u00e7\u00e3o sua que possamos coletar no site Info Bizy, e outros sites que possu\u00edmos e operamos. Solicitamos informa\u00e7\u00f5es pessoais apenas quando realmente precisamos delas para lhe fornecer um servi\u00e7o. Fazemo-lo por meios justos e legais, [&hellip;]<\/p>\n","protected":false},"author":4,"featured_media":0,"parent":0,"menu_order":0,"comment_status":"closed","ping_status":"closed","template":"","meta":{"footnotes":""},"class_list":["post-419","page","type-page","status-publish"],"_links":{"self":[{"href":"https:\/\/infobizy.com\/it\/wp-json\/wp\/v2\/pages\/419","targetHints":{"allow":["GET"]}}],"collection":[{"href":"https:\/\/infobizy.com\/it\/wp-json\/wp\/v2\/pages"}],"about":[{"href":"https:\/\/infobizy.com\/it\/wp-json\/wp\/v2\/types\/page"}],"author":[{"embeddable":true,"href":"https:\/\/infobizy.com\/it\/wp-json\/wp\/v2\/users\/4"}],"replies":[{"embeddable":true,"href":"https:\/\/infobizy.com\/it\/wp-json\/wp\/v2\/comments?post=419"}],"version-history":[{"count":8,"href":"https:\/\/infobizy.com\/it\/wp-json\/wp\/v2\/pages\/419\/revisions"}],"predecessor-version":[{"id":1194,"href":"https:\/\/infobizy.com\/it\/wp-json\/wp\/v2\/pages\/419\/revisions\/1194"}],"wp:attachment":[{"href":"https:\/\/infobizy.com\/it\/wp-json\/wp\/v2\/media?parent=419"}],"curies":[{"name":"parola chiave","href":"https:\/\/api.w.org\/{rel}","templated":true}]}}