{"id":129,"date":"2023-01-17T02:02:30","date_gmt":"2023-01-17T02:02:30","guid":{"rendered":"https:\/\/infobizy.com\/?page_id=129"},"modified":"2023-11-14T05:54:44","modified_gmt":"2023-11-14T05:54:44","slug":"%ec%9d%b4%ec%9a%a9-%ec%95%bd%ea%b4%80","status":"publish","type":"page","link":"https:\/\/infobizy.com\/ko\/termos-de-uso\/","title":{"rendered":"\uc774\uc6a9\uc57d\uad00"},"content":{"rendered":"<h3 class=\"wp-block-heading\" id=\"1-termos\">1. \uc57d\uad00<\/h3>\n\n\n\n<p>\ud648\ud398\uc774\uc9c0 \uc811\uc18d \uc2dc <a href=\"https:\/\/infobizy.com\/ko\/\">\uc778\ud3ec\ube44\uc9c0<\/a>, \uadc0\ud558\ub294 \ubcf8 \uc11c\ube44\uc2a4 \uc57d\uad00, \ubaa8\ub4e0 \uad00\ub828 \ubc95\ub960 \ubc0f \uaddc\uc815\uc744 \uc900\uc218\ud560 \uac83\uc5d0 \ub3d9\uc758\ud558\uba70 \uad00\ub828 \ud604\uc9c0 \ubc95\ub960\uc744 \uc900\uc218\ud560 \ucc45\uc784\uc774 \uadc0\ud558\uc5d0\uac8c \uc788\uc74c\uc5d0 \ub3d9\uc758\ud569\ub2c8\ub2e4. \uadc0\ud558\uac00 \ubcf8 \uc57d\uad00 \uc911 \uc5b4\ub290 \ud558\ub098\ub77c\ub3c4 \ub3d9\uc758\ud558\uc9c0 \uc54a\ub294 \uacbd\uc6b0, \uadc0\ud558\ub294 \uc774 \uc0ac\uc774\ud2b8\ub97c \uc0ac\uc6a9\ud558\uac70\ub098 \uc811\uc18d\ud558\ub294 \uac83\uc774 \uae08\uc9c0\ub429\ub2c8\ub2e4. \uc774 \uc0ac\uc774\ud2b8\uc5d0 \ud3ec\ud568\ub41c \uc790\ub8cc\ub294 \ud574\ub2f9 \uc800\uc791\uad8c \ubc0f \uc0c1\ud45c\ubc95\uc5d0 \uc758\ud574 \ubcf4\ud638\ub429\ub2c8\ub2e4.<\/p>\n\n\n\n<h3 class=\"wp-block-heading\" id=\"2-uso-de-licenca\">2. \ub77c\uc774\uc13c\uc2a4 \uc0ac\uc6a9<\/h3>\n\n\n\n<p>Info Bizy \uc6f9\uc0ac\uc774\ud2b8\uc5d0 \uc788\ub294 \uc790\ub8cc(\uc815\ubcf4 \ub610\ub294 \uc18c\ud504\ud2b8\uc6e8\uc5b4)\uc758 \uc0ac\ubcf8 1\ubd80\ub97c \uac1c\uc778\uc801, \ube44\uc0c1\uc5c5\uc801 \uc77c\uc2dc\uc801 \uc5f4\ub78c \ubaa9\uc801\uc73c\ub85c \uc77c\uc2dc\uc801\uc73c\ub85c \ub2e4\uc6b4\ub85c\ub4dc\ud560 \uc218 \uc788\ub294 \uad8c\ud55c\uc774 \ubd80\uc5ec\ub429\ub2c8\ub2e4. \uc774\ub294 \uc18c\uc720\uad8c \uc774\uc804\uc774 \uc544\ub2cc \ub77c\uc774\uc120\uc2a4 \ubd80\uc5ec\uc774\uba70, \uc774 \ub77c\uc774\uc120\uc2a4\uc5d0 \ub530\ub77c \uadc0\ud558\ub294 \ub2e4\uc74c\uc744 \uc218\ud589\ud560 \uc218 \uc5c6\uc2b5\ub2c8\ub2e4.&nbsp;<\/p>\n\n\n\n<ol class=\"wp-block-list\">\n<li>\uc790\ub8cc\ub97c \uc218\uc815\ud558\uac70\ub098 \ubcf5\uc0ac\ud569\ub2c8\ub2e4.&nbsp;<\/li>\n\n\n\n<li>\uc0c1\uc5c5\uc801 \ubaa9\uc801 \ub610\ub294 \uacf5\uac1c \uc804\uc2dc(\uc0c1\uc5c5 \ub610\ub294 \ube44\uc0c1\uc5c5)\ub97c \uc704\ud574 \uc790\ub8cc\ub97c \uc0ac\uc6a9\ud569\ub2c8\ub2e4.&nbsp;<\/li>\n\n\n\n<li>Info Bizy \uc6f9\uc0ac\uc774\ud2b8\uc5d0 \ud3ec\ud568\ub41c \uc18c\ud504\ud2b8\uc6e8\uc5b4\ub97c \ub514\ucef4\ud30c\uc77c\ud558\uac70\ub098 \ub9ac\ubc84\uc2a4 \uc5d4\uc9c0\ub2c8\uc5b4\ub9c1\ud558\ub824\uace0 \uc2dc\ub3c4\ud558\ub294 \ud589\uc704&nbsp;<\/li>\n\n\n\n<li>\uc790\ub8cc\uc5d0\uc11c \uc800\uc791\uad8c \ub610\ub294 \uae30\ud0c0 \ub3c5\uc810 \ud45c\uae30\ub97c \uc81c\uac70\ud569\ub2c8\ub2e4. \ub610\ub294&nbsp;<\/li>\n\n\n\n<li>\uc790\ub8cc\ub97c \ub2e4\ub978 \uc0ac\ub78c\uc5d0\uac8c \uc804\uc1a1\ud558\uac70\ub098 \ub2e4\ub978 \uc11c\ubc84\uc758 \uc790\ub8cc\ub97c &#039;\ubbf8\ub7ec\ub9c1&#039;\ud569\ub2c8\ub2e4.<\/li>\n<\/ol>\n\n\n\n<p>\uc774 \ub77c\uc774\uc13c\uc2a4\ub294 \uadc0\ud558\uac00 \uc774\ub7ec\ud55c \uc81c\ud55c \uc0ac\ud56d\uc744 \uc704\ubc18\ud558\ub294 \uacbd\uc6b0 \uc790\ub3d9\uc73c\ub85c \uc885\ub8cc\ub418\uba70 Info Bizy\uc5d0 \uc758\ud574 \uc5b8\uc81c\ub4e0\uc9c0 \uc885\ub8cc\ub420 \uc218 \uc788\uc2b5\ub2c8\ub2e4. \uc774\ub7ec\ud55c \uc790\ub8cc \ubcf4\uae30\ub97c \uc885\ub8cc\ud558\uac70\ub098 \ubcf8 \ub77c\uc774\uc13c\uc2a4\uac00 \uc885\ub8cc\ub418\uba74 \uadc0\ud558\ub294 \uc804\uc790 \ud615\uc2dd\uc774\ub4e0 \uc778\uc1c4 \ud615\uc2dd\uc774\ub4e0 \uad00\uacc4\uc5c6\uc774 \uadc0\ud558\uac00 \uc18c\uc720\ud558\uace0 \uc788\ub294 \ub2e4\uc6b4\ub85c\ub4dc\ud55c \ubaa8\ub4e0 \uc790\ub8cc\ub97c \uc0ad\uc81c\ud574\uc57c \ud569\ub2c8\ub2e4.<\/p>\n\n\n\n<h3 class=\"wp-block-heading\" id=\"3-isencao-de-responsabilidade\">3. \uba74\ucc45\uc870\ud56d<\/h3>\n\n\n\n<ol class=\"wp-block-list\">\n<li>Info Bizy \uc6f9\uc0ac\uc774\ud2b8\uc758 \uc790\ub8cc\ub294 &#039;\uc788\ub294 \uadf8\ub300\ub85c&#039; \uc81c\uacf5\ub429\ub2c8\ub2e4. Info Bizy\ub294 \uba85\uc2dc\uc801\uc774\ub4e0 \ubb35\uc2dc\uc801\uc774\ub4e0 \uc5b4\ub5a0\ud55c \ubcf4\uc99d\ub3c4 \ud558\uc9c0 \uc54a\uc73c\uba70 \uc774\uc5d0 \ub530\ub77c \uc0c1\ud488\uc131, \ud2b9\uc815 \ubaa9\uc801\uc5d0\uc758 \uc801\ud569\uc131, \uc9c0\uc801 \uc7ac\uc0b0\uad8c\uc758 \ube44\uce68\ud574 \ub610\ub294 \uae30\ud0c0 \uad8c\ub9ac \uce68\ud574\uc5d0 \ub300\ud55c \ubb35\uc2dc\uc801\uc778 \ubcf4\uc99d\uc774\ub098 \uc870\uac74\uc744 \ud3ec\ud568\ud558\ub418 \uc774\uc5d0 \uad6d\ud55c\ub418\uc9c0 \uc54a\ub294 \uae30\ud0c0 \ubaa8\ub4e0 \ubcf4\uc99d\uc744 \ubd80\uc778\ud558\uace0 \ubb34\ud6a8\ud654\ud569\ub2c8\ub2e4.<\/li>\n\n\n\n<li>\ub610\ud55c Info Bizy\ub294 \ud574\ub2f9 \uc6f9 \uc0ac\uc774\ud2b8\ub098 \ud574\ub2f9 \uc790\ub8cc \ub610\ub294 \uc774 \uc0ac\uc774\ud2b8\uc5d0 \ub9c1\ud06c\ub41c \ubaa8\ub4e0 \uc0ac\uc774\ud2b8\uc640 \uad00\ub828\ub41c \uc790\ub8cc \uc0ac\uc6a9\uc758 \uc815\ud655\uc131, \uc608\uc0c1 \uacb0\uacfc \ub610\ub294 \uc2e0\ub8b0\uc131\uc5d0 \ub300\ud574 \uc5b4\ub5a0\ud55c \ubcf4\uc99d\uc774\ub098 \uc9c4\uc220\ub3c4 \ud558\uc9c0 \uc54a\uc2b5\ub2c8\ub2e4.<\/li>\n<\/ol>\n\n\n\n<h3 class=\"wp-block-heading\" id=\"4-limitacoes\">4. \uc81c\ud55c \uc0ac\ud56d<\/h3>\n\n\n\n<p>\uc5b4\ub5a0\ud55c \uacbd\uc6b0\uc5d0\ub3c4 Info Bizy \ub610\ub294 \uadf8 \uacf5\uae09\uc5c5\uccb4\ub294 Info Bizy\uc758 \uc790\ub8cc\ub97c \uc0ac\uc6a9\ud558\uac70\ub098 \uc0ac\uc6a9\ud560 \uc218 \uc5c6\uc74c\uc73c\ub85c \uc778\ud574 \ubc1c\uc0dd\ud558\ub294 \ubaa8\ub4e0 \uc190\ud574(\ub370\uc774\ud130\ub098 \uc774\uc775\uc758 \uc190\uc2e4, \uc5c5\ubb34 \uc911\ub2e8\uc73c\ub85c \uc778\ud55c \uc190\ud574\ub97c \ud3ec\ud568\ud558\ub418 \uc774\uc5d0 \uad6d\ud55c\ub418\uc9c0 \uc54a\uc74c)\uc5d0 \ub300\ud574 \ucc45\uc784\uc744 \uc9c0\uc9c0 \uc54a\uc2b5\ub2c8\ub2e4. Info Bizy \ub610\ub294 Info Bizy \uacf5\uc2dd \ub300\ub9ac\uc778\uc5d0\uac8c \uadf8\ub7ec\ud55c \uc190\ud574\uc758 \uac00\ub2a5\uc131\uc774 \uad6c\ub450 \ub610\ub294 \uc11c\uba74\uc73c\ub85c \ud1b5\ubcf4\ub41c \uacbd\uc6b0. \uc77c\ubd80 \uad00\ud560\uad8c\uc5d0\uc11c\ub294 \ubb35\uc2dc\uc801 \ubcf4\uc99d\uc5d0 \ub300\ud55c \uc81c\ud55c\uc774\ub098 \uacb0\uacfc\uc801 \ub610\ub294 \ubd80\uc218\uc801 \uc190\ud574\uc5d0 \ub300\ud55c \ucc45\uc784 \uc81c\ud55c\uc744 \ud5c8\uc6a9\ud558\uc9c0 \uc54a\uae30 \ub54c\ubb38\uc5d0 \uc774\ub7ec\ud55c \uc81c\ud55c\uc740 \uadc0\ud558\uc5d0\uac8c \uc801\uc6a9\ub418\uc9c0 \uc54a\uc744 \uc218\ub3c4 \uc788\uc2b5\ub2c8\ub2e4.<\/p>\n\n\n\n<h3 class=\"wp-block-heading\" id=\"5-precisao-dos-materiais\">5. \uc7ac\ub8cc\uc758 \uc815\ubc00\ub3c4<\/h3>\n\n\n\n<p>Info Bizy \uc6f9\uc0ac\uc774\ud2b8\uc5d0 \ub098\ud0c0\ub098\ub294 \uc790\ub8cc\uc5d0\ub294 \uae30\uc220\uc801, \uc778\uc1c4\uc0c1 \ub610\ub294 \uc0ac\uc9c4\uc0c1\uc758 \uc624\ub958\uac00 \ud3ec\ud568\ub420 \uc218 \uc788\uc2b5\ub2c8\ub2e4. Info Bizy\ub294 \uc6f9\uc0ac\uc774\ud2b8\uc758 \ubaa8\ub4e0 \uc790\ub8cc\uac00 \uc815\ud655\ud558\uac70\ub098 \uc644\uc804\ud558\uac70\ub098 \ucd5c\uc2e0\uc784\uc744 \ubcf4\uc7a5\ud558\uc9c0 \uc54a\uc2b5\ub2c8\ub2e4. Info Bizy\ub294 \uc6f9\uc0ac\uc774\ud2b8\uc5d0 \ud3ec\ud568\ub41c \uc790\ub8cc\ub97c \uc0ac\uc804 \ud1b5\uc9c0 \uc5c6\uc774 \uc5b8\uc81c\ub4e0\uc9c0 \ubcc0\uacbd\ud560 \uc218 \uc788\uc2b5\ub2c8\ub2e4. \uadf8\ub7ec\ub098 Info Bizy\ub294 \uc790\ub8cc \uc5c5\ub370\uc774\ud2b8\uc5d0 \ub300\ud55c \uc5b4\ub5a0\ud55c \uc57d\uc18d\ub3c4 \ud558\uc9c0 \uc54a\uc2b5\ub2c8\ub2e4.<\/p>\n\n\n\n<h3 class=\"wp-block-heading\" id=\"6-links\">6. \ub9c1\ud06c<\/h3>\n\n\n\n<p>Info Bizy\ub294 \uc790\uc0ac \uc6f9\uc0ac\uc774\ud2b8\uc5d0 \ub9c1\ud06c\ub41c \ubaa8\ub4e0 \uc0ac\uc774\ud2b8\ub97c \uac80\ud1a0\ud558\uc9c0 \uc54a\uc558\uc73c\uba70, \ub9c1\ud06c\ub41c \uc0ac\uc774\ud2b8\uc758 \ub0b4\uc6a9\uc5d0 \ub300\ud574 \ucc45\uc784\uc744 \uc9c0\uc9c0 \uc54a\uc2b5\ub2c8\ub2e4. \ub9c1\ud06c\uac00 \ud3ec\ud568\ub418\uc5b4 \uc788\ub2e4\uace0 \ud574\uc11c Info Bizy\uac00 \ud574\ub2f9 \uc0ac\uc774\ud2b8\ub97c \ubcf4\uc99d\ud55c\ub2e4\ub294 \uc758\ubbf8\ub294 \uc544\ub2d9\ub2c8\ub2e4. \ub9c1\ud06c\ub41c \uc0ac\uc774\ud2b8\uc758 \uc0ac\uc6a9\uc5d0 \ub530\ub978 \uc704\ud5d8\uc740 \uc0ac\uc6a9\uc790 \ubcf8\uc778\uc774 \ubd80\ub2f4\ud569\ub2c8\ub2e4.<\/p>\n\n\n\n<h3 class=\"wp-block-heading\" id=\"modificacoes\">\uc218\uc815<\/h3>\n\n\n\n<p>Info Bizy\ub294 \ud1b5\uc9c0 \uc5c6\uc774 \uc5b8\uc81c\ub4e0\uc9c0 \uc6f9\uc0ac\uc774\ud2b8\uc5d0 \ub300\ud55c \ubcf8 \uc11c\ube44\uc2a4 \uc57d\uad00\uc744 \uac1c\uc815\ud560 \uc218 \uc788\uc2b5\ub2c8\ub2e4. \uc774 \uc6f9\uc0ac\uc774\ud2b8\ub97c \uc0ac\uc6a9\ud568\uc73c\ub85c\uc368 \uadc0\ud558\ub294 \ubcf8 \uc11c\ube44\uc2a4 \uc57d\uad00\uc758 \ucd5c\uc2e0 \ubc84\uc804\uc744 \uc900\uc218\ud560 \uac83\uc5d0 \ub3d9\uc758\ud558\uac8c \ub429\ub2c8\ub2e4.<\/p>\n\n\n\n<h3 class=\"wp-block-heading\" id=\"lei-aplicavel\">\uc900\uac70\ubc95<\/h3>\n\n\n\n<p>\ubcf8 \uc774\uc6a9 \uc57d\uad00\uc740 Info Bizy\uc758 \ubc95\ub960\uc5d0 \ub530\ub77c \uaddc\uc728\ub418\uace0 \ud574\uc11d\ub418\uba70 \uadc0\ud558\ub294 \ud574\ub2f9 \uc8fc \ub610\ub294 \uc704\uce58\uc5d0 \uc788\ub294 \ubc95\uc6d0\uc758 \uc804\uc18d \uad00\ud560\uad8c\uc5d0 \ucd5c\uc885\uc801\uc73c\ub85c \ubcf5\uc18d\ub429\ub2c8\ub2e4.<\/p>","protected":false},"excerpt":{"rendered":"<p>1. Termos Ao acessar ao site Info Bizy, concorda em cumprir estes termos de servi\u00e7o, todas as leis e regulamentos aplic\u00e1veis \u200b\u200be concorda que \u00e9 respons\u00e1vel pelo cumprimento de todas as leis locais aplic\u00e1veis. Se voc\u00ea n\u00e3o concordar com algum desses termos, est\u00e1 proibido de usar ou acessar este site. Os materiais contidos neste site [&hellip;]<\/p>\n","protected":false},"author":4,"featured_media":0,"parent":0,"menu_order":0,"comment_status":"closed","ping_status":"closed","template":"","meta":{"footnotes":""},"class_list":["post-129","page","type-page","status-publish"],"_links":{"self":[{"href":"https:\/\/infobizy.com\/ko\/wp-json\/wp\/v2\/pages\/129","targetHints":{"allow":["GET"]}}],"collection":[{"href":"https:\/\/infobizy.com\/ko\/wp-json\/wp\/v2\/pages"}],"about":[{"href":"https:\/\/infobizy.com\/ko\/wp-json\/wp\/v2\/types\/page"}],"author":[{"embeddable":true,"href":"https:\/\/infobizy.com\/ko\/wp-json\/wp\/v2\/users\/4"}],"replies":[{"embeddable":true,"href":"https:\/\/infobizy.com\/ko\/wp-json\/wp\/v2\/comments?post=129"}],"version-history":[{"count":6,"href":"https:\/\/infobizy.com\/ko\/wp-json\/wp\/v2\/pages\/129\/revisions"}],"predecessor-version":[{"id":1190,"href":"https:\/\/infobizy.com\/ko\/wp-json\/wp\/v2\/pages\/129\/revisions\/1190"}],"wp:attachment":[{"href":"https:\/\/infobizy.com\/ko\/wp-json\/wp\/v2\/media?parent=129"}],"curies":[{"name":"wp","href":"https:\/\/api.w.org\/{rel}","templated":true}]}}