{"id":129,"date":"2023-01-17T02:02:30","date_gmt":"2023-01-17T02:02:30","guid":{"rendered":"https:\/\/infobizy.com\/?page_id=129"},"modified":"2023-11-14T05:54:44","modified_gmt":"2023-11-14T05:54:44","slug":"naudojimo-salygos","status":"publish","type":"page","link":"https:\/\/infobizy.com\/lt\/termos-de-uso\/","title":{"rendered":"Naudojimo s\u0105lygos"},"content":{"rendered":"<h3 class=\"wp-block-heading\" id=\"1-termos\">1. S\u0105lygos<\/h3>\n\n\n\n<p>Kai patenkama \u012f svetain\u0119 <a href=\"https:\/\/infobizy.com\/lt\/\">Informacija Bizy<\/a>, sutinkate laikytis \u0161i\u0173 paslaug\u0173 teikimo s\u0105lyg\u0173, vis\u0173 taikom\u0173 \u012fstatym\u0173 ir taisykli\u0173 bei sutinkate, kad esate atsakingi u\u017e vis\u0173 taikom\u0173 vietini\u0173 \u012fstatym\u0173 laikym\u0105si. Jei nesutinkate su bet kuria i\u0161 \u0161i\u0173 s\u0105lyg\u0173, jums draud\u017eiama naudotis \u0161ia svetaine ar prie jos prieiti. \u0160ioje svetain\u0117je esanti med\u017eiaga yra saugoma galiojan\u010di\u0173 autori\u0173 teisi\u0173 ir preki\u0173 \u017eenkl\u0173 \u012fstatym\u0173.<\/p>\n\n\n\n<h3 class=\"wp-block-heading\" id=\"2-uso-de-licenca\">2. Licencijos naudojimas<\/h3>\n\n\n\n<p>Suteikiamas leidimas laikinai atsisi\u0173sti vien\u0105 med\u017eiagos (informacijos ar programin\u0117s \u012frangos) kopij\u0105 \u201eInfo Bizy\u201c svetain\u0117je tik asmeniniam, nekomerciniam laikinai per\u017ei\u016brai. Tai yra licencijos suteikimas, o ne nuosavyb\u0117s teis\u0117s perleidimas, ir pagal \u0161i\u0105 licencij\u0105 j\u016bs negalite:&nbsp;<\/p>\n\n\n\n<ol class=\"wp-block-list\">\n<li>keisti arba kopijuoti med\u017eiag\u0105;&nbsp;<\/li>\n\n\n\n<li>naudoti med\u017eiag\u0105 bet kokiais komerciniais tikslais arba vie\u0161ai rodyti (komerciniais ar nekomerciniais tikslais);&nbsp;<\/li>\n\n\n\n<li>bandyti dekompiliuoti arba pakeisti bet koki\u0105 programin\u0119 \u012frang\u0105, esan\u010di\u0105 Info Bizy svetain\u0117je;&nbsp;<\/li>\n\n\n\n<li>pa\u0161alinti i\u0161 med\u017eiagos bet kokias autori\u0173 teises ar kitus nuosavyb\u0117s \u017eenklus; arba&nbsp;<\/li>\n\n\n\n<li>perduoti med\u017eiag\u0105 kitam asmeniui arba \u201eatspind\u0117ti\u201c med\u017eiag\u0105 bet kuriame kitame serveryje.<\/li>\n<\/ol>\n\n\n\n<p>\u0160i licencija automati\u0161kai nustoja galioti, jei pa\u017eeid\u017eiate kur\u012f nors i\u0161 \u0161i\u0173 apribojim\u0173, ir \u201eInfo Bizy\u201c gali bet kada j\u0105 nutraukti. Nutrauk\u0119 \u0161ios med\u017eiagos per\u017ei\u016br\u0105 arba nutrauk\u0119 \u0161ios licencijos galiojim\u0105, turite i\u0161trinti vis\u0105 turim\u0105 atsisi\u0173st\u0105 med\u017eiag\u0105 elektroniniu ar spausdintu formatu.<\/p>\n\n\n\n<h3 class=\"wp-block-heading\" id=\"3-isencao-de-responsabilidade\">3. Atsisakymas<\/h3>\n\n\n\n<ol class=\"wp-block-list\">\n<li>\u201eInfo Bizy\u201c svetain\u0117je esanti med\u017eiaga pateikiama tokia, kokia yra. \u201eInfo Bizy\u201c nesuteikia joki\u0173 i\u0161reik\u0161t\u0173 ar numanom\u0173 garantij\u0173, taip pat atsisako ir paneigia visas kitas garantijas, \u012fskaitant, be apribojim\u0173, numanomas garantijas ar tinkamumo parduoti, tinkamumo konkre\u010diam tikslui arba intelektin\u0117s nuosavyb\u0117s nepa\u017eeidimo ar kitokio teisi\u0173 pa\u017eeidimo s\u0105lygas.<\/li>\n\n\n\n<li>Be to, \u201eInfo Bizy\u201c negarantuoja ir neteikia joki\u0173 parei\u0161kim\u0173 d\u0117l med\u017eiagos naudojimo tikslumo, tik\u0117tin\u0173 rezultat\u0173 ar patikimumo savo svetain\u0117je ar kitaip susijusio su tokia med\u017eiaga ar bet kokiomis su \u0161ia svetaine susietose svetain\u0117se.<\/li>\n<\/ol>\n\n\n\n<h3 class=\"wp-block-heading\" id=\"4-limitacoes\">4. Apribojimai<\/h3>\n\n\n\n<p>Jokiu b\u016bdu \u201eInfo Bizy\u201c ar jos tiek\u0117jai n\u0117ra atsakingi u\u017e jokius nuostolius (\u012fskaitant, bet neapsiribojant, nuostolius d\u0117l duomen\u0173 ar pelno praradimo arba d\u0117l verslo nutraukimo), atsiradusius d\u0117l \u201eInfo Bizy\u201c med\u017eiagos naudojimo ar negal\u0117jimo naudoti, net jei \u201eInfo Bizy\u201c arba \u201eInfo Bizy\u201c \u012fgaliotas atstovas buvo \u012fsp\u0117tas \u017eod\u017eiu arba ra\u0161tu apie tokios \u017ealos galimyb\u0119. Kadangi kai kurios jurisdikcijos neleid\u017eia apriboti numanom\u0173 garantij\u0173 arba atsakomyb\u0117s u\u017e pasekmin\u0119 ar atsitiktin\u0119 \u017eal\u0105, \u0161ie apribojimai jums gali b\u016bti netaikomi.<\/p>\n\n\n\n<h3 class=\"wp-block-heading\" id=\"5-precisao-dos-materiais\">5. Med\u017eiag\u0173 tikslumas<\/h3>\n\n\n\n<p>\u201eInfo Bizy\u201c svetain\u0117je pateikiamoje med\u017eiagoje gali b\u016bti technini\u0173, spausdinimo ar fotografijos klaid\u0173. \u201eInfo Bizy\u201c negarantuoja, kad jo svetain\u0117je esanti med\u017eiaga yra tiksli, i\u0161sami ar naujausia. \u201eInfo Bizy\u201c gali bet kuriuo metu be \u012fsp\u0117jimo keisti savo svetain\u0117je esan\u010di\u0105 med\u017eiag\u0105. Ta\u010diau \u201eInfo Bizy\u201c ne\u012fsipareigoja atnaujinti med\u017eiagos.<\/p>\n\n\n\n<h3 class=\"wp-block-heading\" id=\"6-links\">6. Nuorodos<\/h3>\n\n\n\n<p>\u201eInfo Bizy\u201c neper\u017ei\u016br\u0117jo vis\u0173 su jo svetaine susijusi\u0173 svetaini\u0173 ir n\u0117ra atsakinga u\u017e jokios nuorodos svetain\u0117s turin\u012f. Bet kokios nuorodos \u012ftraukimas nerei\u0161kia, kad \u201eInfo Bizy\u201c patvirtina svetain\u0119. Naudodamasis bet kuria nuoroda svetaine prisiima vartotojas.<\/p>\n\n\n\n<h3 class=\"wp-block-heading\" id=\"modificacoes\">Modifikacijos<\/h3>\n\n\n\n<p>\u201eInfo Bizy\u201c gali bet kuriuo metu be \u012fsp\u0117jimo per\u017ei\u016br\u0117ti \u0161ias paslaug\u0173 teikimo s\u0105lygas savo svetainei. Naudodamiesi \u0161ia svetaine, j\u016bs sutinkate laikytis dabartin\u0117s \u0161i\u0173 paslaug\u0173 teikimo s\u0105lyg\u0173 versijos.<\/p>\n\n\n\n<h3 class=\"wp-block-heading\" id=\"lei-aplicavel\">Taikytina teis\u0117<\/h3>\n\n\n\n<p>\u0160ios s\u0105lygos yra reglamentuojamos ir ai\u0161kinamos pagal Info Bizy \u012fstatymus, tod\u0117l j\u016bs neat\u0161aukiamai pakl\u016bstate i\u0161skirtinei tos valstyb\u0117s ar vietos teism\u0173 jurisdikcijai.<\/p>","protected":false},"excerpt":{"rendered":"<p>1. Termos Ao acessar ao site Info Bizy, concorda em cumprir estes termos de servi\u00e7o, todas as leis e regulamentos aplic\u00e1veis \u200b\u200be concorda que \u00e9 respons\u00e1vel pelo cumprimento de todas as leis locais aplic\u00e1veis. Se voc\u00ea n\u00e3o concordar com algum desses termos, est\u00e1 proibido de usar ou acessar este site. Os materiais contidos neste site [&hellip;]<\/p>\n","protected":false},"author":4,"featured_media":0,"parent":0,"menu_order":0,"comment_status":"closed","ping_status":"closed","template":"","meta":{"footnotes":""},"class_list":["post-129","page","type-page","status-publish"],"_links":{"self":[{"href":"https:\/\/infobizy.com\/lt\/wp-json\/wp\/v2\/pages\/129","targetHints":{"allow":["GET"]}}],"collection":[{"href":"https:\/\/infobizy.com\/lt\/wp-json\/wp\/v2\/pages"}],"about":[{"href":"https:\/\/infobizy.com\/lt\/wp-json\/wp\/v2\/types\/page"}],"author":[{"embeddable":true,"href":"https:\/\/infobizy.com\/lt\/wp-json\/wp\/v2\/users\/4"}],"replies":[{"embeddable":true,"href":"https:\/\/infobizy.com\/lt\/wp-json\/wp\/v2\/comments?post=129"}],"version-history":[{"count":6,"href":"https:\/\/infobizy.com\/lt\/wp-json\/wp\/v2\/pages\/129\/revisions"}],"predecessor-version":[{"id":1190,"href":"https:\/\/infobizy.com\/lt\/wp-json\/wp\/v2\/pages\/129\/revisions\/1190"}],"wp:attachment":[{"href":"https:\/\/infobizy.com\/lt\/wp-json\/wp\/v2\/media?parent=129"}],"curies":[{"name":"wp","href":"https:\/\/api.w.org\/{rel}","templated":true}]}}