{"id":419,"date":"2023-01-17T05:00:49","date_gmt":"2023-01-17T05:00:49","guid":{"rendered":"https:\/\/infobizy.com\/?page_id=419"},"modified":"2023-11-14T05:58:56","modified_gmt":"2023-11-14T05:58:56","slug":"privatumo-politika","status":"publish","type":"page","link":"https:\/\/infobizy.com\/lt\/politica-de-privacidade\/","title":{"rendered":"Privatumo politika"},"content":{"rendered":"<div class=\"td-page-content tagdiv-type\">\n<p>J\u016bs\u0173 privatumas mums svarbus. Tai yra politika <a href=\"https:\/\/infobizy.com\/lt\/\">Informacija Bizy<\/a> gerbti j\u016bs\u0173 privatum\u0105 d\u0117l bet kokios informacijos, kuri\u0105 galime surinkti i\u0161 j\u016bs\u0173 svetain\u0117je <a href=\"https:\/\/infobizy.com\/lt\/\">Informacija Bizy<\/a>, ir kitose mums priklausan\u010diose ir valdomose svetain\u0117se. Mes pra\u0161ome asmenin\u0117s informacijos tik tada, kai mums jos tikrai reikia norint suteikti jums paslaug\u0105. Tai darome s\u0105\u017einingomis ir teis\u0117tomis priemon\u0117mis, jums \u017einant ir sutikus. Taip pat informuojame, kod\u0117l j\u012f renkame ir kaip jis bus naudojamas. Surinkt\u0105 informacij\u0105 saugome tik tiek, kiek reikia norint suteikti pra\u0161om\u0105 paslaug\u0105. Kai saugome duomenis, saugome juos komerci\u0161kai priimtinomis priemon\u0117mis, kad i\u0161vengtume praradimo ir vagyst\u0117s, taip pat neteis\u0117tos prieigos, atskleidimo, kopijavimo, naudojimo ar modifikavimo. Mes nesidaliname asmen\u012f identifikuojan\u010dia informacija vie\u0161ai ar su tre\u010diosiomis \u0161alimis, i\u0161skyrus atvejus, kai to reikalauja \u012fstatymas. M\u016bs\u0173 svetain\u0117je gali b\u016bti nuorod\u0173 \u012f i\u0161orines svetaines, kuri\u0173 nevaldome mes. Atminkite, kad mes nekontroliuojame \u0161i\u0173 svetaini\u0173 turinio ir praktikos ir negalime prisiimti atsakomyb\u0117s u\u017e atitinkam\u0105 privatumo politik\u0105. Galite laisvai atmesti m\u016bs\u0173 pra\u0161ym\u0105 d\u0117l asmenin\u0117s informacijos, suprasdami, kad galime nesuteikti jums kai kuri\u0173 pageidaujam\u0173 paslaug\u0173. J\u016bs\u0173 tolesnis naudojimasis m\u016bs\u0173 svetaine bus laikomas sutinkantis su m\u016bs\u0173 praktika, susijusia su privatumu ir asmenine informacija. Jei turite klausim\u0173, kaip tvarkome vartotojo duomenis ir asmenin\u0119 informacij\u0105, susisiekite su mumis.<\/p>\n<h3 class=\"wp-block-heading\">Informacija Bizy slapuk\u0173 politika<\/h3>\n<h3 class=\"wp-block-heading\">Kas yra slapukai?<\/h3>\n<p>Kaip \u012fprasta beveik visose profesionaliose svetain\u0117se, \u0161i svetain\u0117 naudoja slapukus, kurie yra ma\u017ei failai, atsisiun\u010diami \u012f j\u016bs\u0173 kompiuter\u012f, kad pagerint\u0173 j\u016bs\u0173 patirt\u012f. \u0160iame puslapyje apra\u0161oma, koki\u0105 informacij\u0105 jie renka, kaip j\u0105 naudojame ir kod\u0117l kartais reikia saugoti \u0161iuos slapukus. Taip pat pasidalinsime, kaip galite u\u017ekirsti keli\u0105 \u0161i\u0173 slapuk\u0173 saugojimui, ta\u010diau tai gali suma\u017einti arba \u201esugadinti\u201c tam tikrus svetain\u0117s funkcionalumo elementus.<\/p>\n<h3 class=\"wp-block-heading\">Kaip naudojame slapukus?<\/h3>\n<p>Slapukus naudojame d\u0117l \u012fvairi\u0173 prie\u017eas\u010di\u0173, kurios i\u0161samiai apra\u0161ytos toliau. Deja, daugeliu atvej\u0173 n\u0117ra pramon\u0117s standartini\u0173 parink\u010di\u0173, kaip i\u0161jungti slapukus, visi\u0161kai nei\u0161jungus funkcij\u0173 ir funkcij\u0173, kurias jie prideda prie \u0161ios svetain\u0117s. Jei nesate tikri, ar jums j\u0173 reikia, jei jie naudojami j\u016bs\u0173 naudojamai paslaugai teikti, rekomenduojama palikti visus slapukus.<\/p>\n<h3 class=\"wp-block-heading\">i\u0161jungti slapukus<\/h3>\n<p>Galite u\u017ekirsti keli\u0105 slapuk\u0173 nustatymui koreguodami savo nar\u0161ykl\u0117s nustatymus (kaip tai padaryti, \u017er. nar\u0161ykl\u0117s \u017einyne). Atminkite, kad slapuk\u0173 i\u0161jungimas tur\u0117s \u012ftakos \u0161ios ir daugelio kit\u0173 lankom\u0173 svetaini\u0173 funkcionalumui. I\u0161jungus slapukus paprastai bus i\u0161jungtos tam tikros \u0161ios svetain\u0117s funkcijos ir funkcijos. Tod\u0117l slapuk\u0173 nerekomenduojama i\u0161jungti.<\/p>\n<h3 class=\"wp-block-heading\">Mes nustatome slapukus<\/h3>\n<ul>\n<li>Su paskyra susij\u0119 slapukai<\/li>\n<li>Jei sukursite paskyr\u0105 pas mus, mes naudosime slapukus registracijos procesui ir bendram administravimui valdyti. \u0160ie slapukai paprastai i\u0161trinami, kai atsijungiate, ta\u010diau kai kuriais atvejais jie gali likti ir po to, kad atsimint\u0173 j\u016bs\u0173 svetain\u0117s nuostatas, kai atsijungiate.<\/li>\n<li>Su prisijungimu susij\u0119 slapukai<\/li>\n<li>Kai esate prisijung\u0119, naudojame slapukus, kad gal\u0117tume prisiminti \u0161\u012f veiksm\u0105. Taip jums nereik\u0117s prisijungti kiekvien\u0105 kart\u0105, kai lankot\u0117s naujame puslapyje. \u0160ie slapukai paprastai pa\u0161alinami arba i\u0161valomi, kai atsijungiate, siekiant u\u017etikrinti, kad prisijung\u0119 gal\u0117tum\u0117te pasiekti tik apribotas funkcijas ir sritis.<\/li>\n<li>Slapukai, susij\u0119 su naujienlai\u0161kiais el. pa\u0161tu<\/li>\n<li>\u0160ioje svetain\u0117je si\u016blomos naujienlai\u0161ki\u0173 arba el. pa\u0161to prenumeratos paslaugos, o slapukai gali b\u016bti naudojami siekiant prisiminti, ar jau esate u\u017esiregistrav\u0119 ir ar rodyti tam tikrus prane\u0161imus, galiojan\u010dius tik u\u017esiprenumeravusiems\/neprenumeruojantiems vartotojams.<\/li>\n<li>U\u017esakymai apdoroti susijusius slapukus<\/li>\n<li>\u0160i svetain\u0117 si\u016blo elektronin\u0117s prekybos arba mok\u0117jimo priemones, o kai kurie slapukai yra b\u016btini, kad j\u016bs\u0173 u\u017esakymas b\u016bt\u0173 \u012fsimenamas tarp puslapi\u0173, kad gal\u0117tume tinkamai j\u012f apdoroti.<\/li>\n<li>Su paie\u0161ka susij\u0119 slapukai<\/li>\n<li>Periodi\u0161kai si\u016blome atlikti apklausas ir anketas, kad gautume \u012fdomios informacijos, nauding\u0173 \u012franki\u0173 ar tiksliau suprastume savo vartotoj\u0173 baz\u0119. \u0160iose apklausose gali b\u016bti naudojami slapukai, siekiant prisiminti, kas jau dalyvavo apklausoje, arba pateikti tikslius rezultatus pakeitus puslapius.<\/li>\n<li>Su formomis susij\u0119 slapukai<\/li>\n<li>Kai pateikiate duomenis naudodami form\u0105, pvz., esan\u010dias kontakt\u0173 puslapiuose arba komentar\u0173 formose, gali b\u016bti nustatyti slapukai, kad prisimint\u0173 j\u016bs\u0173 naudotojo informacij\u0105 b\u016bsimam susira\u0161in\u0117jimui.<\/li>\n<li>Svetain\u0117s pasirinkimo slapukai<\/li>\n<li>Siekdami suteikti jums puiki\u0105 patirt\u012f \u0161ioje svetain\u0117je, suteikiame funkcij\u0105, leid\u017eian\u010di\u0105 nustatyti j\u016bs\u0173 nuostatas, kaip \u0161i svetain\u0117 veikt\u0173, kai j\u0105 naudojate. Kad prisimintume j\u016bs\u0173 nuostatas, turime nustatyti slapukus, kad \u0161i\u0105 informacij\u0105 b\u016bt\u0173 galima i\u0161kviesti kiekvien\u0105 kart\u0105, kai s\u0105veikaujate su puslapiu, kuriam \u012ftakos turi j\u016bs\u0173 nuostatos.<\/li>\n<\/ul>\n<h3 class=\"wp-block-heading\">Tre\u010di\u0173j\u0173 \u0161ali\u0173 slapukai<\/h3>\n<p>Kai kuriais ypatingais atvejais taip pat naudojame slapukus, kuriuos pateikia patikimos tre\u010diosios \u0161alys. Toliau pateiktame skyriuje apra\u0161oma, su kokiais tre\u010di\u0173j\u0173 \u0161ali\u0173 slapukais galite susidurti \u0161ioje svetain\u0117je.<\/p>\n<ul>\n<li>\u0160ioje svetain\u0117je naudojama Google Analytics, kuri yra vienas i\u0161 labiausiai paplitusi\u0173 ir patikimiausi\u0173 analiz\u0117s sprendim\u0173 internete, kad pad\u0117t\u0173 mums suprasti, kaip naudojat\u0117s svetaine ir kaip galime pagerinti j\u016bs\u0173 patirt\u012f. \u0160ie slapukai gali sekti tokius dalykus kaip tai, kiek laiko praleid\u017eiate svetain\u0117je ir kuriuose puslapiuose lankot\u0117s, kad gal\u0117tume toliau kurti patraukl\u0173 turin\u012f.<\/li>\n<\/ul>\n<p>Daugiau informacijos apie Google Analytics slapukus rasite oficialiame Google Analytics puslapyje.<\/p>\n<ul>\n<li>Tre\u010di\u0173j\u0173 \u0161ali\u0173 analiz\u0117 naudojama \u0161ios svetain\u0117s naudojimui steb\u0117ti ir \u012fvertinti, kad gal\u0117tume toliau kurti patraukl\u0173 turin\u012f. \u0160ie slapukai gali steb\u0117ti tokius dalykus kaip tai, kiek laiko praleid\u017eiate svetain\u0117je arba kuriuose puslapiuose lankot\u0117s, o tai padeda mums suprasti, kaip gal\u0117tume patobulinti svetain\u0119 u\u017e jus.<\/li>\n<li>Periodi\u0161kai i\u0161bandome naujas funkcijas ir subtiliai kei\u010diame svetain\u0117s i\u0161vaizd\u0105. Kai vis dar testuojame naujas funkcijas, \u0161ie slapukai gali b\u016bti naudojami siekiant u\u017etikrinti, kad b\u016bdami svetain\u0117je gautum\u0117te nuosekli\u0105 patirt\u012f, kartu suprasdami, kuriuos optimizavimus m\u016bs\u0173 vartotojai vertina labiausiai.<\/li>\n<li>Kai parduodame produktus, mums svarbu suprasti statistik\u0105 apie tai, kiek m\u016bs\u0173 svetain\u0117s lankytoj\u0173 i\u0161 tikr\u0173j\u0173 perka, tod\u0117l \u0161ie slapukai steb\u0117s tokio tipo duomenis. Tai jums svarbu, nes tai rei\u0161kia, kad galime tiksliai numatyti verslo prognozes, leid\u017eian\u010dias analizuoti reklamos ir produkt\u0173 i\u0161laidas, kad u\u017etikrintume geriausi\u0105 \u012fmanom\u0105 kain\u0105.<\/li>\n<li>\u201eGoogle AdSense\u201c paslauga, kuri\u0105 naudojame reklamuodami, naudoja \u201eDoubleClick\u201c slapuk\u0105, kad pateikt\u0173 jums tinkamesnius skelbimus \u017einiatinklyje ir apribot\u0173, kiek kart\u0173 jums rodomas konkretus skelbimas. Nor\u0117dami gauti daugiau informacijos apie \u201eAdSense\u201c, \u017er. oficialius \u201eAdSense\u201c privatumo DUK.<\/li>\n<li>Naudojame skelbimus, kad kompensuotume \u0161ios svetain\u0117s eksploatavimo i\u0161laidas ir finansuotume b\u016bsimai pl\u0117trai. \u0160ioje svetain\u0117je naudojami elgsenos reklamos slapukai yra skirti u\u017etikrinti, kad, kai \u012fmanoma, pateiktume jums aktualiausius skelbimus, anonimi\u0161kai steb\u0117dami j\u016bs\u0173 pom\u0117gius ir pristatydami pana\u0161ius dalykus, kurie jus gali sudominti.<\/li>\n<li>\u012evair\u016bs partneriai reklamuojasi m\u016bs\u0173 vardu ir filial\u0173 steb\u0117jimo slapukai tiesiog leid\u017eia mums pamatyti, ar m\u016bs\u0173 klientai prisijung\u0117 prie svetain\u0117s per vien\u0105 i\u0161 m\u016bs\u0173 partneri\u0173 svetaini\u0173, kad gal\u0117tume tinkamai juos kredituoti ir, jei reikia, leisti m\u016bs\u0173 partneriams si\u016blyti bet koki\u0105 reklam\u0105, kuri gali suteikti jums galimyb\u0119 pirkti.<\/li>\n<\/ul>\n<h3 class=\"wp-block-heading\">Vartotojo \u012fsipareigojimas<\/h3>\n<p>Vartotojas \u012fsipareigoja tinkamai naudoti turin\u012f ir informacij\u0105, kuri\u0105 \u201eInfo Bizy\u201c si\u016blo svetain\u0117je, d\u0117sningu, bet neapsiribojant:<\/p>\n<ul>\n<li>A) Neu\u017esiimti veikla, kuri yra neteis\u0117ta arba prie\u0161tarauja s\u0105\u017einingumui ir vie\u0161ajai tvarkai;<\/li>\n<li>B) neplatinti propagandos ar rasistinio, ksenofobinio ar nes\u0117kmingo pob\u016bd\u017eio turinio, jokios nelegalios pornografijos, atsipra\u0161ymo u\u017e terorizm\u0105 ar prie\u0161 \u017emogaus teises;<\/li>\n<li>C) Nedaryti \u017ealos Info Bizy, jos tiek\u0117j\u0173 ar tre\u010di\u0173j\u0173 \u0161ali\u0173 fizin\u0117ms (aparatin\u0117s) ir login\u0117ms (programin\u0117s \u012frangos) sistemoms, \u012fvesti ar platinti kompiuterinius virusus ar bet kokias kitas technin\u0117s ar programin\u0117s \u012frangos sistemas, galin\u010dias sukelti pirmiau min\u0117t\u0105 \u017eal\u0105.<\/li>\n<\/ul>\n<h3 class=\"wp-block-heading\">Daugiau informacijos<\/h3>\n<p>Tikim\u0117s, kad tai i\u0161ai\u0161kinta ir, kaip min\u0117ta anks\u010diau, jei nesate tikri, ar to reikia, ar ne, paprastai saugiau palikti slapukus \u012fjungtus, jei s\u0105veikaujate su viena i\u0161 m\u016bs\u0173 svetain\u0117je naudojam\u0173 funkcij\u0173. \u0160i politika galioja nuo <strong>sausio m\u0117n<\/strong>\/<strong>2022<\/strong>.<\/p>\n<\/div>","protected":false},"excerpt":{"rendered":"<p>A sua privacidade \u00e9 importante para n\u00f3s. \u00c9 pol\u00edtica do Info Bizy respeitar a sua privacidade em rela\u00e7\u00e3o a qualquer informa\u00e7\u00e3o sua que possamos coletar no site Info Bizy, e outros sites que possu\u00edmos e operamos. Solicitamos informa\u00e7\u00f5es pessoais apenas quando realmente precisamos delas para lhe fornecer um servi\u00e7o. Fazemo-lo por meios justos e legais, [&hellip;]<\/p>\n","protected":false},"author":4,"featured_media":0,"parent":0,"menu_order":0,"comment_status":"closed","ping_status":"closed","template":"","meta":{"footnotes":""},"class_list":["post-419","page","type-page","status-publish"],"_links":{"self":[{"href":"https:\/\/infobizy.com\/lt\/wp-json\/wp\/v2\/pages\/419","targetHints":{"allow":["GET"]}}],"collection":[{"href":"https:\/\/infobizy.com\/lt\/wp-json\/wp\/v2\/pages"}],"about":[{"href":"https:\/\/infobizy.com\/lt\/wp-json\/wp\/v2\/types\/page"}],"author":[{"embeddable":true,"href":"https:\/\/infobizy.com\/lt\/wp-json\/wp\/v2\/users\/4"}],"replies":[{"embeddable":true,"href":"https:\/\/infobizy.com\/lt\/wp-json\/wp\/v2\/comments?post=419"}],"version-history":[{"count":8,"href":"https:\/\/infobizy.com\/lt\/wp-json\/wp\/v2\/pages\/419\/revisions"}],"predecessor-version":[{"id":1194,"href":"https:\/\/infobizy.com\/lt\/wp-json\/wp\/v2\/pages\/419\/revisions\/1194"}],"wp:attachment":[{"href":"https:\/\/infobizy.com\/lt\/wp-json\/wp\/v2\/media?parent=419"}],"curies":[{"name":"wp","href":"https:\/\/api.w.org\/{rel}","templated":true}]}}