{"id":129,"date":"2023-01-17T02:02:30","date_gmt":"2023-01-17T02:02:30","guid":{"rendered":"https:\/\/infobizy.com\/?page_id=129"},"modified":"2023-11-14T05:54:44","modified_gmt":"2023-11-14T05:54:44","slug":"vilkar-for-bruk","status":"publish","type":"page","link":"https:\/\/infobizy.com\/nb\/termos-de-uso\/","title":{"rendered":"Vilk\u00e5r for bruk"},"content":{"rendered":"<h3 class=\"wp-block-heading\" id=\"1-termos\">1. Vilk\u00e5r<\/h3>\n\n\n\n<p>N\u00e5r du g\u00e5r inn p\u00e5 nettsiden <a href=\"https:\/\/infobizy.com\/nb\/\">Info Bizy<\/a>, samtykker du i \u00e5 overholde disse tjenestevilk\u00e5rene, alle gjeldende lover og forskrifter, og godtar at du er ansvarlig for \u00e5 overholde gjeldende lokale lover. Hvis du ikke godtar noen av disse vilk\u00e5rene, har du forbud mot \u00e5 bruke eller f\u00e5 tilgang til dette nettstedet. Materialet p\u00e5 dette nettstedet er beskyttet av gjeldende lover om opphavsrett og varemerke.<\/p>\n\n\n\n<h3 class=\"wp-block-heading\" id=\"2-uso-de-licenca\">2. Lisensbruk<\/h3>\n\n\n\n<p>Tillatelse er gitt til midlertidig \u00e5 laste ned \u00e9n kopi av materialet (informasjon eller programvare) p\u00e5 Info Bizys nettsted kun for personlig, ikke-kommersiell forbig\u00e5ende visning. Dette er tildeling av en lisens, ikke en overf\u00f8ring av eiendom, og under denne lisensen kan du ikke:&nbsp;<\/p>\n\n\n\n<ol class=\"wp-block-list\">\n<li>endre eller kopiere materialet;&nbsp;<\/li>\n\n\n\n<li>bruke materialet til kommersielle form\u00e5l eller til offentlig visning (kommersiell eller ikke-kommersiell);&nbsp;<\/li>\n\n\n\n<li>fors\u00f8ke \u00e5 dekompilere eller reversere programvare som finnes p\u00e5 Info Bizys nettsted;&nbsp;<\/li>\n\n\n\n<li>fjerne opphavsrett eller andre eiendomsbetegnelser fra materialet; eller&nbsp;<\/li>\n\n\n\n<li>overf\u00f8re materialet til en annen person eller &#039;speile&#039; materialet p\u00e5 en annen server.<\/li>\n<\/ol>\n\n\n\n<p>Denne lisensen opph\u00f8rer automatisk hvis du bryter noen av disse begrensningene og kan sies opp av Info Bizy n\u00e5r som helst. N\u00e5r du avslutter visningen av dette materialet eller ved oppsigelse av denne lisensen, m\u00e5 du slette alt nedlastet materiale i din besittelse, enten det er i elektronisk eller trykt format.<\/p>\n\n\n\n<h3 class=\"wp-block-heading\" id=\"3-isencao-de-responsabilidade\">3. Ansvarsfraskrivelse<\/h3>\n\n\n\n<ol class=\"wp-block-list\">\n<li>Materialet p\u00e5 Info Bizys nettsted er gitt p\u00e5 \u00absom det er\u00bb-basis. Info Bizy gir ingen garantier, uttrykte eller underforst\u00e5tte, og fraskriver seg og nekter herved alle andre garantier, inkludert, uten begrensning, underforst\u00e5tte garantier eller betingelser for salgbarhet, egnethet for et bestemt form\u00e5l, eller ikke-krenkelse av intellektuell eiendom eller andre brudd p\u00e5 rettigheter.<\/li>\n\n\n\n<li>Info Bizy garanterer heller ikke for eller gir noen representasjoner ang\u00e5ende n\u00f8yaktigheten, sannsynlige resultater eller p\u00e5liteligheten av bruken av materialet p\u00e5 sin nettside eller p\u00e5 annen m\u00e5te relatert til slikt materiale eller p\u00e5 noen nettsteder som er koblet til dette nettstedet.<\/li>\n<\/ol>\n\n\n\n<h3 class=\"wp-block-heading\" id=\"4-limitacoes\">4. Begrensninger<\/h3>\n\n\n\n<p>Info Bizy eller dets leverand\u00f8rer skal ikke under noen omstendigheter holdes ansvarlig for skader (inkludert, uten begrensning, skader for tap av data eller fortjeneste, eller p\u00e5 grunn av forretningsavbrudd) som oppst\u00e5r som f\u00f8lge av bruk eller manglende evne til \u00e5 bruke materialet p\u00e5 Info Bizy, selv hvis Info Bizy eller en autorisert Info Bizy-representant har blitt varslet muntlig eller skriftlig om muligheten for slike skader. Fordi noen jurisdiksjoner ikke tillater begrensninger p\u00e5 underforst\u00e5tte garantier, eller begrensninger av ansvar for f\u00f8lgeskader eller tilfeldige skader, kan det hende at disse begrensningene ikke gjelder deg.<\/p>\n\n\n\n<h3 class=\"wp-block-heading\" id=\"5-precisao-dos-materiais\">5. Presisjon av materialer<\/h3>\n\n\n\n<p>Materialet som vises p\u00e5 Info Bizys nettsted kan inneholde tekniske, typografiske eller fotografiske feil. Info Bizy garanterer ikke at noe materiale p\u00e5 nettstedet er n\u00f8yaktig, fullstendig eller oppdatert. Info Bizy kan n\u00e5r som helst gj\u00f8re endringer i materialet som finnes p\u00e5 nettsiden uten varsel. Info Bizy forplikter seg imidlertid ikke til \u00e5 oppdatere materialet.<\/p>\n\n\n\n<h3 class=\"wp-block-heading\" id=\"6-links\">6. Lenker<\/h3>\n\n\n\n<p>Info Bizy har ikke gjennomg\u00e5tt alle nettstedene som er koblet til nettstedet, og er ikke ansvarlig for innholdet p\u00e5 noen koblede nettsteder. Inkluderingen av noen lenker inneb\u00e6rer ikke at Info Bizy st\u00f8tter nettstedet. Bruk av et lenket nettsted er p\u00e5 brukerens egen risiko.<\/p>\n\n\n\n<h3 class=\"wp-block-heading\" id=\"modificacoes\">Modifikasjoner<\/h3>\n\n\n\n<p>Info Bizy kan revidere disse tjenestevilk\u00e5rene for nettstedet sitt n\u00e5r som helst uten varsel. Ved \u00e5 bruke denne nettsiden godtar du \u00e5 v\u00e6re bundet av gjeldende versjon av disse tjenestevilk\u00e5rene.<\/p>\n\n\n\n<h3 class=\"wp-block-heading\" id=\"lei-aplicavel\">Gjeldende lov<\/h3>\n\n\n\n<p>Disse vilk\u00e5rene og betingelsene styres av og tolkes i samsvar med lovene til Info Bizy, og du underkaster deg ugjenkallelig den eksklusive jurisdiksjonen til domstolene i den staten eller stedet.<\/p>","protected":false},"excerpt":{"rendered":"<p>1. Termos Ao acessar ao site Info Bizy, concorda em cumprir estes termos de servi\u00e7o, todas as leis e regulamentos aplic\u00e1veis \u200b\u200be concorda que \u00e9 respons\u00e1vel pelo cumprimento de todas as leis locais aplic\u00e1veis. Se voc\u00ea n\u00e3o concordar com algum desses termos, est\u00e1 proibido de usar ou acessar este site. Os materiais contidos neste site [&hellip;]<\/p>\n","protected":false},"author":4,"featured_media":0,"parent":0,"menu_order":0,"comment_status":"closed","ping_status":"closed","template":"","meta":{"footnotes":""},"class_list":["post-129","page","type-page","status-publish"],"_links":{"self":[{"href":"https:\/\/infobizy.com\/nb\/wp-json\/wp\/v2\/pages\/129","targetHints":{"allow":["GET"]}}],"collection":[{"href":"https:\/\/infobizy.com\/nb\/wp-json\/wp\/v2\/pages"}],"about":[{"href":"https:\/\/infobizy.com\/nb\/wp-json\/wp\/v2\/types\/page"}],"author":[{"embeddable":true,"href":"https:\/\/infobizy.com\/nb\/wp-json\/wp\/v2\/users\/4"}],"replies":[{"embeddable":true,"href":"https:\/\/infobizy.com\/nb\/wp-json\/wp\/v2\/comments?post=129"}],"version-history":[{"count":6,"href":"https:\/\/infobizy.com\/nb\/wp-json\/wp\/v2\/pages\/129\/revisions"}],"predecessor-version":[{"id":1190,"href":"https:\/\/infobizy.com\/nb\/wp-json\/wp\/v2\/pages\/129\/revisions\/1190"}],"wp:attachment":[{"href":"https:\/\/infobizy.com\/nb\/wp-json\/wp\/v2\/media?parent=129"}],"curies":[{"name":"wp","href":"https:\/\/api.w.org\/{rel}","templated":true}]}}