{"id":419,"date":"2023-01-17T05:00:49","date_gmt":"2023-01-17T05:00:49","guid":{"rendered":"https:\/\/infobizy.com\/?page_id=419"},"modified":"2023-11-14T05:58:56","modified_gmt":"2023-11-14T05:58:56","slug":"personvernerklaering","status":"publish","type":"page","link":"https:\/\/infobizy.com\/nb\/politica-de-privacidade\/","title":{"rendered":"Personvernerkl\u00e6ring"},"content":{"rendered":"<div class=\"td-page-content tagdiv-type\">\n<p>Personvernet ditt er viktig for oss. Det er politikken til <a href=\"https:\/\/infobizy.com\/nb\/\">Info Bizy<\/a> respekter personvernet ditt i forhold til all informasjon vi kan samle inn fra deg p\u00e5 nettstedet <a href=\"https:\/\/infobizy.com\/nb\/\">Info Bizy<\/a>, og andre nettsteder vi eier og driver. Vi ber bare om personlig informasjon n\u00e5r vi virkelig trenger det for \u00e5 gi deg en tjeneste. Vi gj\u00f8r det p\u00e5 rettferdige og lovlige m\u00e5ter, med din kunnskap og ditt samtykke. Vi forteller deg ogs\u00e5 hvorfor vi samler det inn og hvordan det skal brukes. Vi beholder kun innsamlet informasjon s\u00e5 lenge det er n\u00f8dvendig for \u00e5 yte den forespurte tjenesten. N\u00e5r vi lagrer data, beskytter vi dem innenfor kommersielt akseptable midler for \u00e5 forhindre tap og tyveri, samt uautorisert tilgang, avsl\u00f8ring, kopiering, bruk eller modifikasjon. Vi deler ikke personlig identifiserbar informasjon offentlig eller med tredjeparter unntatt n\u00e5r det er p\u00e5krevd ved lov. V\u00e5r nettside kan ha lenker til eksterne nettsider som ikke drives av oss. V\u00e6r oppmerksom p\u00e5 at vi ikke har kontroll over innholdet og praksisen p\u00e5 disse sidene og kan ikke akseptere ansvar for deres respektive personvernregler. Du st\u00e5r fritt til \u00e5 avsl\u00e5 v\u00e5r foresp\u00f8rsel om din personlige informasjon, med den forst\u00e5else at vi kanskje ikke kan gi deg noen av dine \u00f8nskede tjenester. Din fortsatte bruk av nettstedet v\u00e5rt vil bli ansett som aksept av v\u00e5r praksis rundt personvern og personlig informasjon. Hvis du har sp\u00f8rsm\u00e5l om hvordan vi h\u00e5ndterer brukerdata og personopplysninger, vennligst kontakt oss.<\/p>\n<h3 class=\"wp-block-heading\">Info Bizy Cookies Policy<\/h3>\n<h3 class=\"wp-block-heading\">Hva er informasjonskapsler?<\/h3>\n<p>Som vanlig praksis med nesten alle profesjonelle nettsteder bruker denne siden informasjonskapsler, som er sm\u00e5 filer som lastes ned til datamaskinen din, for \u00e5 forbedre opplevelsen din. Denne siden beskriver hvilken informasjon de samler inn, hvordan vi bruker den og hvorfor vi noen ganger trenger \u00e5 lagre disse informasjonskapslene. Vi vil ogs\u00e5 dele hvordan du kan forhindre at disse informasjonskapslene lagres, men dette kan nedgradere eller &quot;bryte&quot; visse elementer av nettstedets funksjonalitet.<\/p>\n<h3 class=\"wp-block-heading\">Hvordan bruker vi informasjonskapsler?<\/h3>\n<p>Vi bruker informasjonskapsler av en rekke \u00e5rsaker, beskrevet nedenfor. Dessverre er det i de fleste tilfeller ingen bransjestandardalternativer for \u00e5 deaktivere informasjonskapsler uten \u00e5 fullstendig deaktivere funksjonaliteten og funksjonene de legger til denne siden. Det anbefales at du legger igjen alle informasjonskapsler hvis du ikke er sikker p\u00e5 om du trenger dem eller ikke i tilfelle de brukes til \u00e5 tilby en tjeneste du bruker.<\/p>\n<h3 class=\"wp-block-heading\">Deaktiver informasjonskapsler<\/h3>\n<p>Du kan forhindre innstilling av informasjonskapsler ved \u00e5 justere nettleserinnstillingene (se nettleserens hjelp for hvordan du gj\u00f8r dette). V\u00e6r oppmerksom p\u00e5 at deaktivering av informasjonskapsler vil p\u00e5virke funksjonaliteten til denne og mange andre nettsteder du bes\u00f8ker. Deaktivering av informasjonskapsler vil generelt f\u00f8re til at visse funksjoner og funksjoner p\u00e5 denne nettsiden deaktiveres. Derfor anbefales det at du ikke deaktiverer informasjonskapsler.<\/p>\n<h3 class=\"wp-block-heading\">Informasjonskapsler vi setter<\/h3>\n<ul>\n<li>Kontorelaterte informasjonskapsler<\/li>\n<li>Hvis du oppretter en konto hos oss, vil vi bruke informasjonskapsler for \u00e5 administrere registreringsprosessen og generell administrasjon. Disse informasjonskapslene vil vanligvis bli slettet n\u00e5r du logger ut, men i noen tilfeller kan de bli v\u00e6rende etterp\u00e5 for \u00e5 huske nettstedpreferansene dine n\u00e5r du logger ut.<\/li>\n<li>Innloggingsrelaterte informasjonskapsler<\/li>\n<li>Vi bruker informasjonskapsler n\u00e5r du er p\u00e5logget slik at vi kan huske denne handlingen. Dette sparer deg for \u00e5 m\u00e5tte logge p\u00e5 hver gang du bes\u00f8ker en ny side. Disse informasjonskapslene blir normalt fjernet eller slettet n\u00e5r du logger ut for \u00e5 sikre at du kun f\u00e5r tilgang til begrensede funksjoner og omr\u00e5der n\u00e5r du logger p\u00e5.<\/li>\n<li>Informasjonskapsler relatert til nyhetsbrev p\u00e5 e-post<\/li>\n<li>Dette nettstedet tilbyr abonnementstjenester for nyhetsbrev eller e-post, og informasjonskapsler kan brukes til \u00e5 huske om du allerede er registrert og om du skal vise visse varsler som kun er gyldige for brukere som abonnerer p\u00e5\/avmeldte.<\/li>\n<li>Bestillinger som behandler relaterte informasjonskapsler<\/li>\n<li>Dette nettstedet tilbyr e-handel eller betalingsfasiliteter, og noen informasjonskapsler er avgj\u00f8rende for \u00e5 sikre at bestillingen din huskes mellom sidene slik at vi kan behandle den p\u00e5 riktig m\u00e5te.<\/li>\n<li>S\u00f8kerelaterte informasjonskapsler<\/li>\n<li>Med jevne mellomrom tilbyr vi unders\u00f8kelser og sp\u00f8rreskjemaer for \u00e5 gi interessant informasjon, nyttige verkt\u00f8y eller for \u00e5 forst\u00e5 brukerbasen v\u00e5r mer n\u00f8yaktig. Disse unders\u00f8kelsene kan bruke informasjonskapsler for \u00e5 huske hvem som allerede har deltatt i en unders\u00f8kelse eller for \u00e5 gi n\u00f8yaktige resultater etter at du bytter side.<\/li>\n<li>Skjemarelaterte informasjonskapsler<\/li>\n<li>N\u00e5r du sender inn data via et skjema som de som finnes p\u00e5 kontaktsider eller kommentarskjemaer, kan informasjonskapsler settes til \u00e5 huske brukerdetaljene dine for fremtidig korrespondanse.<\/li>\n<li>Informasjonskapsler for nettstedspreferanser<\/li>\n<li>For \u00e5 gi deg en god opplevelse p\u00e5 dette nettstedet, tilbyr vi funksjonaliteten for \u00e5 angi dine preferanser for hvordan dette nettstedet kj\u00f8rer n\u00e5r du bruker det. For \u00e5 huske preferansene dine, m\u00e5 vi sette informasjonskapsler slik at denne informasjonen kan kalles n\u00e5r du samhandler med en side som er p\u00e5virket av dine preferanser.<\/li>\n<\/ul>\n<h3 class=\"wp-block-heading\">Tredjeparts informasjonskapsler<\/h3>\n<p>I noen spesielle tilfeller bruker vi ogs\u00e5 informasjonskapsler levert av p\u00e5litelige tredjeparter. F\u00f8lgende avsnitt beskriver hvilke tredjeparts informasjonskapsler du kan st\u00f8te p\u00e5 gjennom denne nettsiden.<\/p>\n<ul>\n<li>Dette nettstedet bruker Google Analytics, som er en av de mest utbredte og p\u00e5litelige analysel\u00f8sningene p\u00e5 nettet for \u00e5 hjelpe oss \u00e5 forst\u00e5 hvordan du bruker nettstedet og hvordan vi kan forbedre opplevelsen din. Disse informasjonskapslene kan spore ting som hvor lenge du bruker p\u00e5 nettstedet og sidene du bes\u00f8ker, slik at vi kan fortsette \u00e5 produsere engasjerende innhold.<\/li>\n<\/ul>\n<p>For mer informasjon om Google Analytics-informasjonskapsler, se den offisielle Google Analytics-siden.<\/p>\n<ul>\n<li>Tredjepartsanalyser brukes til \u00e5 spore og m\u00e5le bruken av dette nettstedet slik at vi kan fortsette \u00e5 produsere engasjerende innhold. Disse informasjonskapslene kan spore ting som tiden du bruker p\u00e5 nettstedet eller sidene du bes\u00f8ker, noe som hjelper oss \u00e5 forst\u00e5 hvordan vi kan forbedre nettstedet for deg.<\/li>\n<li>Med jevne mellomrom tester vi nye funksjoner og gj\u00f8r subtile endringer i m\u00e5ten nettstedet vises p\u00e5. N\u00e5r vi fortsatt tester nye funksjoner, kan disse informasjonskapslene bli brukt for \u00e5 sikre at du f\u00e5r en konsistent opplevelse mens du er p\u00e5 nettstedet, mens vi forst\u00e5r hvilke optimaliseringer brukerne v\u00e5re setter mest pris p\u00e5.<\/li>\n<li>N\u00e5r vi selger produkter, er det viktig at vi forst\u00e5r statistikk om hvor mange bes\u00f8kende p\u00e5 nettstedet v\u00e5rt som faktisk kj\u00f8per, og det er derfor denne typen data som disse informasjonskapslene vil spore. Dette er viktig for deg, da det betyr at vi kan lage forretningsprognoser som lar oss analysere v\u00e5re annonserings- og produktkostnader for \u00e5 sikre best mulig pris.<\/li>\n<li>Google AdSense-tjenesten vi bruker for \u00e5 vise annonser, bruker en DoubleClick-informasjonskapsel for \u00e5 vise mer relevante annonser p\u00e5 nettet og begrense antall ganger en bestemt annonse vises til deg. For mer informasjon om Google AdSense, se de offisielle sp\u00f8rsm\u00e5lene om personvern for Google AdSense.<\/li>\n<li>Vi bruker annonser for \u00e5 kompensere for kostnadene ved \u00e5 drive denne siden og gi finansiering til fremtidig utvikling. De adferdsbaserte annonseringsinformasjonskapslene som brukes av dette nettstedet er utformet for \u00e5 sikre at vi gir deg de mest relevante reklamene der det er mulig ved anonymt \u00e5 spore interessene dine og presentere lignende ting som kan v\u00e6re av interesse for deg.<\/li>\n<li>Flere partnere annonserer p\u00e5 v\u00e5re vegne og tilknyttede sporingsinformasjonskapsler lar oss ganske enkelt se om kundene v\u00e5re har bes\u00f8kt nettstedet gjennom en av partnernes nettsteder, slik at vi kan kreditere dem p\u00e5 riktig m\u00e5te og, der det er aktuelt, tillate v\u00e5re tilknyttede partnere \u00e5 tilby kampanjer som kan gi deg et kj\u00f8p.<\/li>\n<\/ul>\n<h3 class=\"wp-block-heading\">Brukerforpliktelse<\/h3>\n<p>Brukeren forplikter seg til \u00e5 gj\u00f8re passende bruk av innholdet og informasjonen som Info Bizy tilbyr p\u00e5 nettstedet og med en uttalende, men ikke begrensende natur:<\/p>\n<ul>\n<li>A) Ikke delta i aktiviteter som er ulovlige eller i strid med god tro og offentlig orden;<\/li>\n<li>B) Ikke spre propaganda eller innhold av rasistisk, fremmedfiendtlig eller d\u00e5rlig natur, noen form for ulovlig pornografi, til st\u00f8tte for terrorisme eller mot menneskerettigheter;<\/li>\n<li>C) Ikke for\u00e5rsake skade p\u00e5 de fysiske (maskinvare) og logiske (programvare) systemene til Info Bizy, dets leverand\u00f8rer eller tredjeparter, for \u00e5 introdusere eller spre datavirus eller andre maskinvare- eller programvaresystemer som er i stand til \u00e5 for\u00e5rsake de nevnte skadene.<\/li>\n<\/ul>\n<h3 class=\"wp-block-heading\">Mer informasjon<\/h3>\n<p>Forh\u00e5pentligvis er det klart, og som nevnt tidligere, hvis det er noe du ikke er sikker p\u00e5 om du trenger eller ikke, er det vanligvis tryggere \u00e5 la informasjonskapsler v\u00e6re aktivert i tilfelle det samhandler med en av funksjonene du bruker p\u00e5 nettstedet v\u00e5rt. Denne politikken gjelder fra <strong>januar<\/strong>\/<strong>2022<\/strong>.<\/p>\n<\/div>","protected":false},"excerpt":{"rendered":"<p>A sua privacidade \u00e9 importante para n\u00f3s. \u00c9 pol\u00edtica do Info Bizy respeitar a sua privacidade em rela\u00e7\u00e3o a qualquer informa\u00e7\u00e3o sua que possamos coletar no site Info Bizy, e outros sites que possu\u00edmos e operamos. Solicitamos informa\u00e7\u00f5es pessoais apenas quando realmente precisamos delas para lhe fornecer um servi\u00e7o. Fazemo-lo por meios justos e legais, [&hellip;]<\/p>\n","protected":false},"author":4,"featured_media":0,"parent":0,"menu_order":0,"comment_status":"closed","ping_status":"closed","template":"","meta":{"footnotes":""},"class_list":["post-419","page","type-page","status-publish"],"_links":{"self":[{"href":"https:\/\/infobizy.com\/nb\/wp-json\/wp\/v2\/pages\/419","targetHints":{"allow":["GET"]}}],"collection":[{"href":"https:\/\/infobizy.com\/nb\/wp-json\/wp\/v2\/pages"}],"about":[{"href":"https:\/\/infobizy.com\/nb\/wp-json\/wp\/v2\/types\/page"}],"author":[{"embeddable":true,"href":"https:\/\/infobizy.com\/nb\/wp-json\/wp\/v2\/users\/4"}],"replies":[{"embeddable":true,"href":"https:\/\/infobizy.com\/nb\/wp-json\/wp\/v2\/comments?post=419"}],"version-history":[{"count":8,"href":"https:\/\/infobizy.com\/nb\/wp-json\/wp\/v2\/pages\/419\/revisions"}],"predecessor-version":[{"id":1194,"href":"https:\/\/infobizy.com\/nb\/wp-json\/wp\/v2\/pages\/419\/revisions\/1194"}],"wp:attachment":[{"href":"https:\/\/infobizy.com\/nb\/wp-json\/wp\/v2\/media?parent=419"}],"curies":[{"name":"wp","href":"https:\/\/api.w.org\/{rel}","templated":true}]}}