{"id":419,"date":"2023-01-17T05:00:49","date_gmt":"2023-01-17T05:00:49","guid":{"rendered":"https:\/\/infobizy.com\/?page_id=419"},"modified":"2023-11-14T05:58:56","modified_gmt":"2023-11-14T05:58:56","slug":"polityka-prywatnosci","status":"publish","type":"page","link":"https:\/\/infobizy.com\/pl\/politica-de-privacidade\/","title":{"rendered":"Polityka prywatno\u015bci"},"content":{"rendered":"<div class=\"td-page-content tagdiv-type\">\n<p>Twoja prywatno\u015b\u0107 jest dla nas wa\u017cna. Taka jest polityka <a href=\"https:\/\/infobizy.com\/pl\/\">Informacje Bizy<\/a> szanowa\u0107 Twoj\u0105 prywatno\u015b\u0107 w odniesieniu do wszelkich informacji, kt\u00f3re mo\u017cemy zebra\u0107 od Ciebie na stronie <a href=\"https:\/\/infobizy.com\/pl\/\">Informacje Bizy<\/a>oraz inne strony internetowe, kt\u00f3re posiadamy i kt\u00f3re obs\u0142ugujemy. Prosimy o podanie danych osobowych tylko wtedy, gdy naprawd\u0119 potrzebujemy ich do \u015bwiadczenia us\u0142ug. Robimy to w uczciwy i zgodny z prawem spos\u00f3b, za Twoj\u0105 wiedz\u0105 i zgod\u0105. Informujemy r\u00f3wnie\u017c, dlaczego je zbieramy i jak b\u0119d\u0105 wykorzystywane. Przechowujemy zebrane informacje tylko tak d\u0142ugo, jak jest to konieczne do \u015bwiadczenia \u017c\u0105danej us\u0142ugi. Przechowuj\u0105c dane, chronimy je za pomoc\u0105 komercyjnie akceptowalnych \u015brodk\u00f3w, aby zapobiec utracie i kradzie\u017cy, a tak\u017ce nieautoryzowanemu dost\u0119powi, ujawnieniu, kopiowaniu, wykorzystaniu lub modyfikacji. Nie udost\u0119pniamy informacji umo\u017cliwiaj\u0105cych identyfikacj\u0119 os\u00f3b publicznie ani stronom trzecim, z wyj\u0105tkiem przypadk\u00f3w wymaganych przez prawo. Nasza strona internetowa mo\u017ce zawiera\u0107 linki do zewn\u0119trznych stron internetowych, kt\u00f3re nie s\u0105 przez nas obs\u0142ugiwane. Nale\u017cy pami\u0119ta\u0107, \u017ce nie mamy kontroli nad tre\u015bci\u0105 i praktykami tych witryn i nie mo\u017cemy przyj\u0105\u0107 odpowiedzialno\u015bci za ich polityk\u0119 prywatno\u015bci. Mo\u017cesz odrzuci\u0107 nasz\u0105 pro\u015bb\u0119 o dane osobowe, rozumiej\u0105c, \u017ce mo\u017cemy nie by\u0107 w stanie zapewni\u0107 Ci niekt\u00f3rych po\u017c\u0105danych us\u0142ug. Dalsze korzystanie z naszej witryny b\u0119dzie r\u00f3wnoznaczne z akceptacj\u0105 naszych praktyk dotycz\u0105cych prywatno\u015bci i danych osobowych. Je\u015bli masz jakiekolwiek pytania dotycz\u0105ce sposobu, w jaki post\u0119pujemy z danymi u\u017cytkownik\u00f3w i danymi osobowymi, skontaktuj si\u0119 z nami.<\/p>\n<h3 class=\"wp-block-heading\">Informacje Bizy Polityka plik\u00f3w cookies<\/h3>\n<h3 class=\"wp-block-heading\">Co to s\u0105 pliki cookie?<\/h3>\n<p>Zgodnie z powszechn\u0105 praktyk\u0105 w przypadku prawie wszystkich profesjonalnych witryn internetowych, ta witryna wykorzystuje pliki cookie, czyli ma\u0142e pliki pobierane na Tw\u00f3j komputer w celu poprawy komfortu korzystania z niej. Na tej stronie opisano, jakie informacje gromadz\u0105, w jaki spos\u00f3b je wykorzystujemy i dlaczego czasami musimy przechowywa\u0107 te pliki cookie. Powiemy Ci r\u00f3wnie\u017c, w jaki spos\u00f3b mo\u017cesz zapobiec przechowywaniu tych plik\u00f3w cookie, jednak\u017ce mo\u017ce to spowodowa\u0107 pogorszenie lub \u201ezepsucie\u201d niekt\u00f3rych element\u00f3w funkcjonalno\u015bci witryny.<\/p>\n<h3 class=\"wp-block-heading\">Jak u\u017cywamy plik\u00f3w cookie?<\/h3>\n<p>U\u017cywamy plik\u00f3w cookie z r\u00f3\u017cnych powod\u00f3w, wyszczeg\u00f3lnionych poni\u017cej. Niestety, w wi\u0119kszo\u015bci przypadk\u00f3w nie ma standardowych bran\u017cowych opcji wy\u0142\u0105czania plik\u00f3w cookie bez ca\u0142kowitego wy\u0142\u0105czania funkcjonalno\u015bci i funkcji dodawanych do tej witryny. Zaleca si\u0119 pozostawienie wszystkich plik\u00f3w cookie, je\u015bli nie masz pewno\u015bci, czy ich potrzebujesz, je\u015bli s\u0105 wykorzystywane do \u015bwiadczenia us\u0142ugi, z kt\u00f3rej korzystasz.<\/p>\n<h3 class=\"wp-block-heading\">wy\u0142\u0105cz pliki cookie<\/h3>\n<p>Mo\u017cesz zapobiec ustawianiu plik\u00f3w cookie, dostosowuj\u0105c ustawienia przegl\u0105darki (zobacz Pomoc przegl\u0105darki, jak to zrobi\u0107). Nale\u017cy pami\u0119ta\u0107, \u017ce wy\u0142\u0105czenie plik\u00f3w cookie wp\u0142ynie na funkcjonalno\u015b\u0107 tej i wielu innych witryn, kt\u00f3re odwiedzasz. Wy\u0142\u0105czenie plik\u00f3w cookie spowoduje zazwyczaj wy\u0142\u0105czenie niekt\u00f3rych funkcji i funkcji tej witryny. Dlatego zaleca si\u0119, aby nie wy\u0142\u0105cza\u0107 plik\u00f3w cookie.<\/p>\n<h3 class=\"wp-block-heading\">Pliki cookie, kt\u00f3re ustawiamy<\/h3>\n<ul>\n<li>Pliki cookie zwi\u0105zane z kontem<\/li>\n<li>Je\u015bli utworzysz u nas konto, b\u0119dziemy u\u017cywa\u0107 plik\u00f3w cookie do zarz\u0105dzania procesem rejestracji i og\u00f3ln\u0105 administracj\u0105. Te pliki cookie s\u0105 zwykle usuwane po wylogowaniu, jednak w niekt\u00f3rych przypadkach mog\u0105 pozosta\u0107 p\u00f3\u017aniej, aby zapami\u0119ta\u0107 preferencje witryny po wylogowaniu.<\/li>\n<li>Pliki cookie zwi\u0105zane z logowaniem<\/li>\n<li>U\u017cywamy plik\u00f3w cookies, gdy jeste\u015b zalogowany, aby\u015bmy mogli zapami\u0119ta\u0107 t\u0119 czynno\u015b\u0107. Dzi\u0119ki temu nie musisz si\u0119 logowa\u0107 za ka\u017cdym razem, gdy odwiedzasz now\u0105 stron\u0119. Te pliki cookie s\u0105 zwykle usuwane lub kasowane po wylogowaniu si\u0119, aby mie\u0107 pewno\u015b\u0107, \u017ce dost\u0119p do ograniczonych funkcji i obszar\u00f3w b\u0119dzie mo\u017cliwy tylko po zalogowaniu.<\/li>\n<li>Pliki cookie zwi\u0105zane z biuletynami e-mailowymi<\/li>\n<li>Ta witryna oferuje us\u0142ugi subskrypcji biuletynu lub poczty e-mail, a pliki cookie mog\u0105 by\u0107 u\u017cywane do zapami\u0119tywania, czy jeste\u015b ju\u017c zarejestrowany i czy wy\u015bwietla\u0107 okre\u015blone powiadomienia wa\u017cne tylko dla subskrybowanych\/niesubskrybowanych u\u017cytkownik\u00f3w.<\/li>\n<li>Przetwarzanie zam\u00f3wie\u0144 zwi\u0105zane z plikami cookie<\/li>\n<li>Ta strona oferuje funkcje handlu elektronicznego lub p\u0142atno\u015bci, a niekt\u00f3re pliki cookie s\u0105 niezb\u0119dne, aby zapewni\u0107 zapami\u0119tanie Twojego zam\u00f3wienia mi\u0119dzy stronami, aby\u015bmy mogli je prawid\u0142owo przetworzy\u0107.<\/li>\n<li>Pliki cookie zwi\u0105zane z wyszukiwaniem<\/li>\n<li>Okresowo oferujemy ankiety i kwestionariusze, aby dostarczy\u0107 interesuj\u0105cych informacji, przydatnych narz\u0119dzi lub dok\u0142adniej pozna\u0107 nasz\u0105 baz\u0119 u\u017cytkownik\u00f3w. Ankiety te mog\u0105 wykorzystywa\u0107 pliki cookie, aby zapami\u0119ta\u0107, kto ju\u017c wzi\u0105\u0142 udzia\u0142 w ankiecie lub zapewni\u0107 dok\u0142adne wyniki po zmianie strony.<\/li>\n<li>Pliki cookie zwi\u0105zane z formularzami<\/li>\n<li>Gdy przesy\u0142asz dane za po\u015brednictwem formularza, takiego jak te znajduj\u0105ce si\u0119 na stronach kontaktowych lub w formularzach komentarzy, mog\u0105 zosta\u0107 ustawione pliki cookie, kt\u00f3re zapami\u0119tuj\u0105 dane u\u017cytkownika na potrzeby przysz\u0142ej korespondencji.<\/li>\n<li>Pliki cookie preferencji witryny<\/li>\n<li>Aby zapewni\u0107 Ci doskona\u0142e do\u015bwiadczenie w korzystaniu z tej witryny, zapewniamy funkcj\u0119 umo\u017cliwiaj\u0105c\u0105 ustawienie preferencji dotycz\u0105cych sposobu dzia\u0142ania tej witryny, gdy z niej korzystasz. Aby zapami\u0119ta\u0107 Twoje preferencje, musimy ustawi\u0107 pliki cookie, aby informacje te mog\u0142y zosta\u0107 wywo\u0142ane za ka\u017cdym razem, gdy wchodzisz w interakcj\u0119 ze stron\u0105, na kt\u00f3r\u0105 maj\u0105 wp\u0142yw Twoje preferencje.<\/li>\n<\/ul>\n<h3 class=\"wp-block-heading\">Pliki cookie stron trzecich<\/h3>\n<p>W niekt\u00f3rych szczeg\u00f3lnych przypadkach u\u017cywamy r\u00f3wnie\u017c plik\u00f3w cookie dostarczanych przez zaufane strony trzecie. Poni\u017csza sekcja szczeg\u00f3\u0142owo opisuje, jakie pliki cookie innych firm mo\u017cna napotka\u0107 za po\u015brednictwem tej witryny.<\/p>\n<ul>\n<li>Ta strona korzysta z Google Analytics, kt\u00f3re jest jednym z najbardziej rozpowszechnionych i zaufanych rozwi\u0105za\u0144 analitycznych w sieci, aby pom\u00f3c nam zrozumie\u0107, w jaki spos\u00f3b korzystasz z witryny i jak mo\u017cemy poprawi\u0107 Twoje wra\u017cenia. Te pliki cookie mog\u0105 \u015bledzi\u0107 takie rzeczy, jak czas sp\u0119dzony w witrynie i odwiedzane strony, aby\u015bmy mogli nadal tworzy\u0107 interesuj\u0105ce tre\u015bci.<\/li>\n<\/ul>\n<p>Wi\u0119cej informacji na temat plik\u00f3w cookie Google Analytics mo\u017cna znale\u017a\u0107 na oficjalnej stronie Google Analytics.<\/p>\n<ul>\n<li>Zewn\u0119trzne narz\u0119dzia analityczne s\u0142u\u017c\u0105 do \u015bledzenia i mierzenia korzystania z tej witryny, aby\u015bmy mogli nadal tworzy\u0107 interesuj\u0105ce tre\u015bci. Te pliki cookie mog\u0105 \u015bledzi\u0107 takie rzeczy, jak czas sp\u0119dzony w witrynie lub odwiedzane strony, co pomaga nam zrozumie\u0107, w jaki spos\u00f3b mo\u017cemy ulepszy\u0107 witryn\u0119 dla Ciebie.<\/li>\n<li>Okresowo testujemy nowe funkcje i wprowadzamy subtelne zmiany w wygl\u0105dzie strony. Kiedy wci\u0105\u017c testujemy nowe funkcje, te pliki cookie mog\u0105 by\u0107 u\u017cywane w celu zapewnienia sp\u00f3jnego korzystania z witryny przy jednoczesnym zrozumieniu, kt\u00f3re optymalizacje nasi u\u017cytkownicy ceni\u0105 sobie najbardziej.<\/li>\n<li>Poniewa\u017c sprzedajemy produkty, wa\u017cne jest dla nas zrozumienie statystyk dotycz\u0105cych liczby os\u00f3b odwiedzaj\u0105cych nasz\u0105 witryn\u0119, kt\u00f3re faktycznie dokonuj\u0105 zakupu, a zatem jest to rodzaj danych, kt\u00f3re b\u0119d\u0105 \u015bledzone przez te pliki cookie. Jest to dla Ciebie wa\u017cne, poniewa\u017c oznacza, \u017ce mo\u017cemy dok\u0142adnie prognozowa\u0107 biznes, co pozwala nam analizowa\u0107 koszty naszych reklam i produkt\u00f3w, aby zapewni\u0107 najlepsz\u0105 mo\u017cliw\u0105 cen\u0119.<\/li>\n<li>Us\u0142uga Google AdSense, kt\u00f3rej u\u017cywamy do wy\u015bwietlania reklam, wykorzystuje plik cookie DoubleClick, aby wy\u015bwietla\u0107 trafniejsze reklamy w Internecie i ogranicza\u0107 liczb\u0119 wy\u015bwietle\u0144 okre\u015blonej reklamy. Aby uzyska\u0107 wi\u0119cej informacji na temat AdSense, zobacz oficjalne najcz\u0119\u015bciej zadawane pytania dotycz\u0105ce prywatno\u015bci AdSense.<\/li>\n<li>U\u017cywamy reklam, aby zrekompensowa\u0107 koszty prowadzenia tej witryny i zapewni\u0107 fundusze na przysz\u0142y rozw\u00f3j. Pliki cookie reklam behawioralnych u\u017cywane przez t\u0119 witryn\u0119 maj\u0105 na celu zapewnienie, \u017ce w miar\u0119 mo\u017cliwo\u015bci dostarczamy Ci najbardziej odpowiednie reklamy, anonimowo \u015bledz\u0105c Twoje zainteresowania i prezentuj\u0105c podobne rzeczy, kt\u00f3re mog\u0105 Ci\u0119 zainteresowa\u0107.<\/li>\n<li>R\u00f3\u017cni partnerzy reklamuj\u0105 si\u0119 w naszym imieniu, a \u015bledz\u0105ce pliki cookie podmiot\u00f3w stowarzyszonych pozwalaj\u0105 nam po prostu sprawdzi\u0107, czy nasi klienci uzyskali dost\u0119p do witryny za po\u015brednictwem jednej z naszych witryn partnerskich, aby\u015bmy mogli odpowiednio ich oznaczy\u0107 i, w stosownych przypadkach, umo\u017cliwi\u0107 naszym partnerom stowarzyszonym oferowanie wszelkich promocji, kt\u00f3re mog\u0105 zapewni\u0107 mo\u017cliwo\u015b\u0107 zakupu.<\/li>\n<\/ul>\n<h3 class=\"wp-block-heading\">Zobowi\u0105zanie u\u017cytkownika<\/h3>\n<p>U\u017cytkownik zobowi\u0105zuje si\u0119 do prawid\u0142owego korzystania z tre\u015bci i informacji oferowanych przez Info Bizy na stronie internetowej, o charakterze informacyjnym, ale nie ograniczaj\u0105cym:<\/p>\n<ul>\n<li>A) Nie anga\u017cowa\u0107 si\u0119 w dzia\u0142ania niezgodne z prawem lub sprzeczne z dobr\u0105 wiar\u0105 i porz\u0105dkiem publicznym;<\/li>\n<li>B) Nierozpowszechniania propagandy lub tre\u015bci o charakterze rasistowskim, ksenofobicznym lub pechowym, wszelkiego rodzaju nielegalnej pornografii, przeprosin za terroryzm lub przeciwko prawom cz\u0142owieka;<\/li>\n<li>C) Nie powodowa\u0107 uszkodze\u0144 system\u00f3w fizycznych (sprz\u0119tu) i logicznych (oprogramowania) firmy Info Bizy, jej dostawc\u00f3w lub os\u00f3b trzecich, wprowadza\u0107 lub rozpowszechnia\u0107 wirus\u00f3w komputerowych lub innego sprz\u0119tu lub system\u00f3w oprogramowania, kt\u00f3re mog\u0105 spowodowa\u0107 wy\u017cej wymienione szkody.<\/li>\n<\/ul>\n<h3 class=\"wp-block-heading\">Wi\u0119cej informacji<\/h3>\n<p>Mamy nadziej\u0119, \u017ce to zosta\u0142o wyja\u015bnione i jak wspomniano wcze\u015bniej, je\u015bli jest co\u015b, czego nie jeste\u015b pewien, czy potrzebujesz, czy nie, generalnie bezpieczniej jest pozostawi\u0107 w\u0142\u0105czon\u0105 obs\u0142ug\u0119 plik\u00f3w cookie, je\u015bli korzystasz z jednej z funkcji, z kt\u00f3rych korzystasz na naszej stronie internetowej. Niniejsza polityka obowi\u0105zuje od <strong>Stycze\u0144<\/strong>\/<strong>2022<\/strong>.<\/p>\n<\/div>","protected":false},"excerpt":{"rendered":"<p>A sua privacidade \u00e9 importante para n\u00f3s. \u00c9 pol\u00edtica do Info Bizy respeitar a sua privacidade em rela\u00e7\u00e3o a qualquer informa\u00e7\u00e3o sua que possamos coletar no site Info Bizy, e outros sites que possu\u00edmos e operamos. Solicitamos informa\u00e7\u00f5es pessoais apenas quando realmente precisamos delas para lhe fornecer um servi\u00e7o. Fazemo-lo por meios justos e legais, [&hellip;]<\/p>\n","protected":false},"author":4,"featured_media":0,"parent":0,"menu_order":0,"comment_status":"closed","ping_status":"closed","template":"","meta":{"footnotes":""},"class_list":["post-419","page","type-page","status-publish"],"_links":{"self":[{"href":"https:\/\/infobizy.com\/pl\/wp-json\/wp\/v2\/pages\/419","targetHints":{"allow":["GET"]}}],"collection":[{"href":"https:\/\/infobizy.com\/pl\/wp-json\/wp\/v2\/pages"}],"about":[{"href":"https:\/\/infobizy.com\/pl\/wp-json\/wp\/v2\/types\/page"}],"author":[{"embeddable":true,"href":"https:\/\/infobizy.com\/pl\/wp-json\/wp\/v2\/users\/4"}],"replies":[{"embeddable":true,"href":"https:\/\/infobizy.com\/pl\/wp-json\/wp\/v2\/comments?post=419"}],"version-history":[{"count":8,"href":"https:\/\/infobizy.com\/pl\/wp-json\/wp\/v2\/pages\/419\/revisions"}],"predecessor-version":[{"id":1194,"href":"https:\/\/infobizy.com\/pl\/wp-json\/wp\/v2\/pages\/419\/revisions\/1194"}],"wp:attachment":[{"href":"https:\/\/infobizy.com\/pl\/wp-json\/wp\/v2\/media?parent=419"}],"curies":[{"name":"wp","href":"https:\/\/api.w.org\/{rel}","templated":true}]}}