{"id":419,"date":"2023-01-17T05:00:49","date_gmt":"2023-01-17T05:00:49","guid":{"rendered":"https:\/\/infobizy.com\/?page_id=419"},"modified":"2023-11-14T05:58:56","modified_gmt":"2023-11-14T05:58:56","slug":"politica-de-confidentialitate","status":"publish","type":"page","link":"https:\/\/infobizy.com\/ro\/politica-de-privacidade\/","title":{"rendered":"Politica de confiden\u021bialitate"},"content":{"rendered":"<div class=\"td-page-content tagdiv-type\">\n<p>Confiden\u021bialitatea dumneavoastr\u0103 este important\u0103 pentru noi. Este politica de <a href=\"https:\/\/infobizy.com\/ro\/\">Info Bizy<\/a> respect\u0103-\u021bi confiden\u021bialitatea cu privire la orice informa\u021bii pe care le putem colecta de la tine pe site <a href=\"https:\/\/infobizy.com\/ro\/\">Info Bizy<\/a>, \u0219i alte site-uri web pe care le de\u021binem \u0219i le gestion\u0103m. Solicit\u0103m informa\u021bii personale doar atunci c\u00e2nd avem cu adev\u0103rat nevoie de ele pentru a v\u0103 oferi un serviciu. Facem acest lucru prin mijloace corecte \u0219i legale, cu cuno\u0219tin\u021bele \u0219i consim\u021b\u0103m\u00e2ntul dumneavoastr\u0103. De asemenea, v\u0103 inform\u0103m de ce \u00eel colect\u0103m \u0219i cum va fi utilizat. Re\u021binem informa\u021biile colectate doar at\u00e2t timp c\u00e2t este necesar pentru a furniza serviciul solicitat. Atunci c\u00e2nd stoc\u0103m date, le protej\u0103m \u00een mijloace acceptabile din punct de vedere comercial pentru a preveni pierderea \u0219i furtul, precum \u0219i accesul neautorizat, dezv\u0103luirea, copierea, utilizarea sau modificarea. Nu \u00eemp\u0103rt\u0103\u0219im informa\u021bii de identificare personal\u0103 \u00een mod public sau cu ter\u021bi, cu excep\u021bia cazurilor impuse de lege. Site-ul nostru web poate avea link-uri c\u0103tre site-uri web externe care nu sunt operate de noi. V\u0103 rug\u0103m s\u0103 re\u021bine\u021bi c\u0103 nu avem control asupra con\u021binutului \u0219i practicilor acestor site-uri \u0219i nu putem accepta responsabilitatea pentru politicile lor de confiden\u021bialitate respective. Sunte\u021bi liber s\u0103 refuza\u021bi solicitarea noastr\u0103 de informa\u021bii personale, \u00een\u021beleg\u00e2nd c\u0103 este posibil s\u0103 nu v\u0103 putem oferi unele dintre serviciile dorite. Utilizarea \u00een continuare a site-ului nostru web va fi considerat\u0103 o acceptare a practicilor noastre privind confiden\u021bialitatea \u0219i informa\u021biile personale. Dac\u0103 ave\u021bi \u00eentreb\u0103ri despre modul \u00een care gestion\u0103m datele utilizatorului \u0219i informa\u021biile personale, v\u0103 rug\u0103m s\u0103 ne contacta\u021bi.<\/p>\n<h3 class=\"wp-block-heading\">Informatii Politica de cookie-uri Bizy<\/h3>\n<h3 class=\"wp-block-heading\">Ce sunt cookie-urile?<\/h3>\n<p>A\u0219a cum este o practic\u0103 obi\u0219nuit\u0103 cu aproape toate site-urile web profesionale, acest site folose\u0219te cookie-uri, care sunt fi\u0219iere mici care sunt desc\u0103rcate pe computerul dvs., pentru a v\u0103 \u00eembun\u0103t\u0103\u021bi experien\u021ba. Aceast\u0103 pagin\u0103 descrie ce informa\u021bii colecteaz\u0103, cum le folosim \u0219i de ce uneori trebuie s\u0103 stoc\u0103m aceste cookie-uri. De asemenea, vom \u00eemp\u0103rt\u0103\u0219i modul \u00een care pute\u021bi \u00eempiedica stocarea acestor cookie-uri, cu toate acestea, acest lucru poate reduce sau \u201erupe\u201d anumite elemente ale func\u021bionalit\u0103\u021bii site-ului.<\/p>\n<h3 class=\"wp-block-heading\">Cum folosim cookie-urile?<\/h3>\n<p>Folosim cookie-uri dintr-o varietate de motive, detaliate mai jos. Din p\u0103cate, \u00een majoritatea cazurilor, nu exist\u0103 op\u021biuni standard \u00een industrie pentru dezactivarea cookie-urilor f\u0103r\u0103 a dezactiva complet func\u021bionalitatea \u0219i caracteristicile pe care le adaug\u0103 acestui site web. Este recomandat s\u0103 l\u0103sa\u021bi toate cookie-urile afar\u0103 dac\u0103 nu sunte\u021bi sigur dac\u0103 ave\u021bi nevoie sau nu de ele dac\u0103 sunt folosite pentru a furniza un serviciu pe care \u00eel utiliza\u021bi.<\/p>\n<h3 class=\"wp-block-heading\">dezactiva\u021bi cookie-urile<\/h3>\n<p>Pute\u021bi \u00eempiedica setarea cookie-urilor ajust\u00e2nd set\u0103rile browserului dvs. (consulta\u021bi Ajutorul browserului pentru cum s\u0103 face\u021bi acest lucru). V\u0103 rug\u0103m s\u0103 re\u021bine\u021bi c\u0103 dezactivarea cookie-urilor va afecta func\u021bionalitatea acestui site \u0219i a multor alte site-uri web pe care le vizita\u021bi. Dezactivarea cookie-urilor va duce, \u00een general, la dezactivarea anumitor func\u021bionalit\u0103\u021bi \u0219i caracteristici ale acestui site web. Prin urmare, este recomandat s\u0103 nu dezactiva\u021bi cookie-urile.<\/p>\n<h3 class=\"wp-block-heading\">Cookie-uri pe care le set\u0103m<\/h3>\n<ul>\n<li>Cookie-uri legate de cont<\/li>\n<li>Dac\u0103 v\u0103 crea\u021bi un cont la noi, vom folosi cookie-uri pentru a gestiona procesul de \u00eenregistrare \u0219i administrarea general\u0103. Aceste cookie-uri vor fi de obicei \u0219terse atunci c\u00e2nd v\u0103 deconecta\u021bi, totu\u0219i, \u00een unele cazuri, ele pot r\u0103m\u00e2ne ulterior pentru a v\u0103 aminti preferin\u021bele de site c\u00e2nd v\u0103 deconecta\u021bi.<\/li>\n<li>Cookie-uri legate de autentificare<\/li>\n<li>Folosim cookie-uri atunci c\u00e2nd sunte\u021bi autentificat, astfel \u00eenc\u00e2t s\u0103 ne putem aminti aceast\u0103 ac\u021biune. Acest lucru v\u0103 scute\u0219te de a fi nevoie s\u0103 v\u0103 conecta\u021bi de fiecare dat\u0103 c\u00e2nd vizita\u021bi o pagin\u0103 nou\u0103. Aceste cookie-uri sunt \u00een mod normal eliminate sau \u0219terse atunci c\u00e2nd v\u0103 deconecta\u021bi pentru a v\u0103 asigura c\u0103 pute\u021bi accesa func\u021bii \u0219i zone restric\u021bionate numai atunci c\u00e2nd sunte\u021bi autentificat.<\/li>\n<li>Cookie-uri legate de buletinele informative prin e-mail<\/li>\n<li>Acest site ofer\u0103 servicii de abonare la newsletter sau e-mail, iar cookie-urile pot fi folosite pentru a v\u0103 aminti dac\u0103 sunte\u021bi deja \u00eenregistrat \u0219i dac\u0103 s\u0103 afi\u0219a\u021bi anumite notific\u0103ri valabile doar pentru utilizatorii abona\u021bi\/dezabona\u021bi.<\/li>\n<li>Comenzi care proceseaz\u0103 cookie-uri aferente<\/li>\n<li>Acest site ofer\u0103 facilit\u0103\u021bi de comer\u021b electronic sau de plat\u0103, iar unele cookie-uri sunt esen\u021biale pentru a ne asigura c\u0103 comanda dumneavoastr\u0103 este re\u021binut\u0103 \u00eentre pagini, astfel \u00eenc\u00e2t s\u0103 o putem procesa corect.<\/li>\n<li>Cookie-uri legate de c\u0103utare<\/li>\n<li>Periodic, oferim sondaje \u0219i chestionare pentru a oferi informa\u021bii interesante, instrumente utile sau pentru a \u00een\u021belege mai corect baza noastr\u0103 de utilizatori. Aceste sondaje pot folosi cookie-uri pentru a re\u021bine cine a participat deja la un sondaj sau pentru a oferi rezultate exacte dup\u0103 ce schimba\u021bi paginile.<\/li>\n<li>Cookie-uri legate de formulare<\/li>\n<li>C\u00e2nd trimite\u021bi date printr-un formular, cum ar fi cele g\u0103site \u00een paginile de contact sau formularele de comentarii, cookie-urile pot fi setate pentru a v\u0103 aminti detaliile utilizatorului pentru coresponden\u021ba viitoare.<\/li>\n<li>Cookie-uri de preferin\u021b\u0103 site<\/li>\n<li>Pentru a v\u0103 oferi o experien\u021b\u0103 excelent\u0103 pe acest site, v\u0103 oferim func\u021bionalitatea de a v\u0103 seta preferin\u021bele pentru modul \u00een care func\u021bioneaz\u0103 acest site atunci c\u00e2nd \u00eel utiliza\u021bi. Pentru a v\u0103 aminti preferin\u021bele, trebuie s\u0103 set\u0103m module cookie astfel \u00eenc\u00e2t aceste informa\u021bii s\u0103 poat\u0103 fi apelate ori de c\u00e2te ori interac\u021biona\u021bi cu o pagin\u0103 care este afectat\u0103 de preferin\u021bele dumneavoastr\u0103.<\/li>\n<\/ul>\n<h3 class=\"wp-block-heading\">Cookie-uri ale ter\u021bilor<\/h3>\n<p>\u00cen unele cazuri speciale, folosim \u0219i cookie-uri furnizate de ter\u021bi de \u00eencredere. Urm\u0103toarea sec\u021biune detaliaz\u0103 ce cookie-uri ter\u021b\u0103 parte le pute\u021bi \u00eent\u00e2lni prin intermediul acestui site web.<\/p>\n<ul>\n<li>Acest site web utilizeaz\u0103 Google Analytics, care este una dintre cele mai r\u0103sp\u00e2ndite \u0219i de \u00eencredere solu\u021bii de analiz\u0103 de pe web, pentru a ne ajuta s\u0103 \u00een\u021belegem cum utiliza\u021bi site-ul \u0219i cum v\u0103 putem \u00eembun\u0103t\u0103\u021bi experien\u021ba. Aceste module cookie pot urm\u0103ri lucruri precum c\u00e2t timp petrece\u021bi pe site \u0219i ce pagini vizita\u021bi, astfel \u00eenc\u00e2t s\u0103 putem continua s\u0103 producem con\u021binut captivant.<\/li>\n<\/ul>\n<p>Pentru mai multe informa\u021bii despre cookie-urile Google Analytics, consulta\u021bi pagina oficial\u0103 Google Analytics.<\/p>\n<ul>\n<li>Analizele ter\u021bilor sunt folosite pentru a urm\u0103ri \u0219i m\u0103sura utilizarea acestui site, astfel \u00eenc\u00e2t s\u0103 putem continua s\u0103 producem con\u021binut captivant. Aceste cookie-uri pot urm\u0103ri lucruri precum c\u00e2t timp petrece\u021bi pe site sau ce pagini vizita\u021bi, ceea ce ne ajut\u0103 s\u0103 \u00een\u021belegem cum putem \u00eembun\u0103t\u0103\u021bi site-ul pentru dvs.<\/li>\n<li>Periodic, test\u0103m noi func\u021bii \u0219i facem modific\u0103ri subtile ale modului \u00een care arat\u0103 site-ul. C\u00e2nd \u00eenc\u0103 test\u0103m noi func\u021bii, aceste cookie-uri pot fi folosite pentru a ne asigura c\u0103 primi\u021bi o experien\u021b\u0103 consecvent\u0103 \u00een timp ce v\u0103 afla\u021bi pe site, \u00een\u021beleg\u00e2nd \u00een acela\u0219i timp ce optimiz\u0103ri apreciaz\u0103 cel mai mult utilizatorii no\u0219tri.<\/li>\n<li>Pe m\u0103sur\u0103 ce vindem produse, este important pentru noi s\u0103 \u00een\u021belegem statistici despre c\u00e2\u021bi vizitatori ai site-ului nostru realizeaz\u0103 o achizi\u021bie \u0219i, prin urmare, acesta este tipul de date pe care aceste cookie-uri le vor urm\u0103ri. Acest lucru este important pentru dvs., deoarece \u00eenseamn\u0103 c\u0103 putem face previziuni de afaceri cu precizie care ne permit s\u0103 analiz\u0103m costurile noastre de publicitate \u0219i produse pentru a asigura cel mai bun pre\u021b posibil.<\/li>\n<li>Serviciul Google AdSense pe care \u00eel folosim pentru a v\u0103 oferi publicitate utilizeaz\u0103 un cookie DoubleClick pentru a v\u0103 oferi anun\u021buri mai relevante pe web \u0219i pentru a limita num\u0103rul de afi\u0219\u0103ri ale unui anume anun\u021b. Pentru mai multe informa\u021bii despre AdSense, consulta\u021bi \u00eentreb\u0103rile frecvente oficiale privind confiden\u021bialitatea AdSense.<\/li>\n<li>Folosim reclame pentru a compensa costurile de func\u021bionare a acestui site web \u0219i pentru a oferi finan\u021bare pentru dezvoltarea viitoare. Cookie-urile de publicitate comportamental\u0103 utilizate de acest site web sunt concepute pentru a se asigura c\u0103 v\u0103 oferim cele mai relevante reclame acolo unde este posibil, urm\u0103rindu-v\u0103 \u00een mod anonim interesele \u0219i prezent\u00e2ndu-v\u0103 lucruri similare care ar putea fi de interes pentru dvs.<\/li>\n<li>Diferi\u021bi parteneri fac publicitate \u00een numele nostru \u0219i cookie-urile de urm\u0103rire a afilia\u021bilor ne permit pur \u0219i simplu s\u0103 vedem dac\u0103 clien\u021bii no\u0219tri au accesat site-ul prin intermediul unuia dintre site-urile partenere, astfel \u00eenc\u00e2t s\u0103 le putem credita \u00een mod corespunz\u0103tor \u0219i, dac\u0103 este cazul, s\u0103 le permitem partenerilor no\u0219tri afilia\u021bi s\u0103 ofere orice promo\u021bie care poate v\u0103 ofer\u0103 s\u0103 face\u021bi o achizi\u021bie.<\/li>\n<\/ul>\n<h3 class=\"wp-block-heading\">Angajamentul utilizatorului<\/h3>\n<p>Utilizatorul se oblig\u0103 s\u0103 utilizeze \u00een mod corespunz\u0103tor con\u021binutul \u0219i informa\u021biile pe care Info Bizy le ofer\u0103 pe site \u0219i cu caracter enun\u021biv, dar nelimitator:<\/p>\n<ul>\n<li>A) s\u0103 nu se angajeze \u00een activit\u0103\u021bi ilegale sau contrare bunei-credin\u021be \u0219i ordinii publice;<\/li>\n<li>B) S\u0103 nu difuzeze propagand\u0103 sau con\u021binut cu caracter rasist, xenofob sau ghinion, orice tip de pornografie ilegal\u0103, apologia terorismului sau \u00eempotriva drepturilor omului;<\/li>\n<li>C) Nu provoca\u021bi daune sistemelor fizice (hardware) \u0219i logice (software) ale Info Bizy, furnizorilor s\u0103i sau ter\u021bilor, pentru a introduce sau r\u0103sp\u00e2ndi viru\u0219i informatici sau orice alte sisteme hardware sau software care sunt capabile s\u0103 provoace daunele men\u021bionate mai sus.<\/li>\n<\/ul>\n<h3 class=\"wp-block-heading\">Mai multe informatii<\/h3>\n<p>Sper\u0103m c\u0103 acest lucru a fost clarificat \u0219i, a\u0219a cum am men\u021bionat mai devreme, dac\u0103 exist\u0103 ceva de care nu e\u0219ti sigur dac\u0103 ave\u021bi nevoie sau nu, este, \u00een general, mai sigur s\u0103 l\u0103sa\u021bi cookie-urile activate dac\u0103 interac\u021biona\u021bi cu una dintre func\u021biile pe care le utiliza\u021bi pe site-ul nostru. Aceast\u0103 politic\u0103 este \u00een vigoare de la <strong>ianuarie<\/strong>\/<strong>2022<\/strong>.<\/p>\n<\/div>","protected":false},"excerpt":{"rendered":"<p>A sua privacidade \u00e9 importante para n\u00f3s. \u00c9 pol\u00edtica do Info Bizy respeitar a sua privacidade em rela\u00e7\u00e3o a qualquer informa\u00e7\u00e3o sua que possamos coletar no site Info Bizy, e outros sites que possu\u00edmos e operamos. Solicitamos informa\u00e7\u00f5es pessoais apenas quando realmente precisamos delas para lhe fornecer um servi\u00e7o. Fazemo-lo por meios justos e legais, [&hellip;]<\/p>\n","protected":false},"author":4,"featured_media":0,"parent":0,"menu_order":0,"comment_status":"closed","ping_status":"closed","template":"","meta":{"footnotes":""},"class_list":["post-419","page","type-page","status-publish"],"_links":{"self":[{"href":"https:\/\/infobizy.com\/ro\/wp-json\/wp\/v2\/pages\/419","targetHints":{"allow":["GET"]}}],"collection":[{"href":"https:\/\/infobizy.com\/ro\/wp-json\/wp\/v2\/pages"}],"about":[{"href":"https:\/\/infobizy.com\/ro\/wp-json\/wp\/v2\/types\/page"}],"author":[{"embeddable":true,"href":"https:\/\/infobizy.com\/ro\/wp-json\/wp\/v2\/users\/4"}],"replies":[{"embeddable":true,"href":"https:\/\/infobizy.com\/ro\/wp-json\/wp\/v2\/comments?post=419"}],"version-history":[{"count":8,"href":"https:\/\/infobizy.com\/ro\/wp-json\/wp\/v2\/pages\/419\/revisions"}],"predecessor-version":[{"id":1194,"href":"https:\/\/infobizy.com\/ro\/wp-json\/wp\/v2\/pages\/419\/revisions\/1194"}],"wp:attachment":[{"href":"https:\/\/infobizy.com\/ro\/wp-json\/wp\/v2\/media?parent=419"}],"curies":[{"name":"wp","href":"https:\/\/api.w.org\/{rel}","templated":true}]}}