{"id":129,"date":"2023-01-17T02:02:30","date_gmt":"2023-01-17T02:02:30","guid":{"rendered":"https:\/\/infobizy.com\/?page_id=129"},"modified":"2023-11-14T05:54:44","modified_gmt":"2023-11-14T05:54:44","slug":"podmienky-pouzivania","status":"publish","type":"page","link":"https:\/\/infobizy.com\/sk\/termos-de-uso\/","title":{"rendered":"Podmienky pou\u017e\u00edvania"},"content":{"rendered":"<h3 class=\"wp-block-heading\" id=\"1-termos\">1. Podmienky<\/h3>\n\n\n\n<p>Pri pr\u00edstupe na webov\u00fa str\u00e1nku <a href=\"https:\/\/infobizy.com\/sk\/\">Info Bizy<\/a>s\u00fahlas\u00edte s dodr\u017eiavan\u00edm t\u00fdchto podmienok slu\u017eby, v\u0161etk\u00fdch pr\u00edslu\u0161n\u00fdch z\u00e1konov a nariaden\u00ed a s\u00fahlas\u00edte s t\u00fdm, \u017ee zodpoved\u00e1te za dodr\u017eiavanie v\u0161etk\u00fdch pr\u00edslu\u0161n\u00fdch miestnych z\u00e1konov. Ak nes\u00fahlas\u00edte s niektorou z t\u00fdchto podmienok, m\u00e1te zak\u00e1zan\u00e9 pou\u017e\u00edva\u0165 t\u00fato webov\u00fa str\u00e1nku alebo k nej pristupova\u0165. Materi\u00e1ly obsiahnut\u00e9 na tejto str\u00e1nke s\u00fa chr\u00e1nen\u00e9 platn\u00fdmi z\u00e1konmi o autorsk\u00fdch pr\u00e1vach a ochrann\u00fdch zn\u00e1mkach.<\/p>\n\n\n\n<h3 class=\"wp-block-heading\" id=\"2-uso-de-licenca\">2. Pou\u017eitie licencie<\/h3>\n\n\n\n<p>Ude\u013euje sa povolenie na do\u010dasn\u00e9 stiahnutie jednej k\u00f3pie materi\u00e1lov (inform\u00e1ci\u00ed alebo softv\u00e9ru) z webovej str\u00e1nky Info Bizy len na osobn\u00e9, nekomer\u010dn\u00e9 prechodn\u00e9 prezeranie. Toto je udelenie licencie, nie prevod vlastn\u00edckeho pr\u00e1va, a na z\u00e1klade tejto licencie nesmiete:&nbsp;<\/p>\n\n\n\n<ol class=\"wp-block-list\">\n<li>upravova\u0165 alebo kop\u00edrova\u0165 materi\u00e1ly;&nbsp;<\/li>\n\n\n\n<li>pou\u017e\u00edva\u0165 materi\u00e1ly na ak\u00e9ko\u013evek komer\u010dn\u00e9 \u00fa\u010dely alebo na verejn\u00e9 vystavenie (komer\u010dn\u00e9 alebo nekomer\u010dn\u00e9);&nbsp;<\/li>\n\n\n\n<li>pok\u00fasi\u0165 sa dekompilova\u0165 alebo sp\u00e4tne analyzova\u0165 ak\u00fdko\u013evek softv\u00e9r obsiahnut\u00fd na webovej str\u00e1nke Info Bizy;&nbsp;<\/li>\n\n\n\n<li>odstr\u00e1ni\u0165 z materi\u00e1lov ak\u00e9ko\u013evek autorsk\u00e9 alebo in\u00e9 vlastn\u00edcke z\u00e1pisy; alebo&nbsp;<\/li>\n\n\n\n<li>prenies\u0165 materi\u00e1ly inej osobe alebo \u201ezrkadli\u0165\u201c materi\u00e1ly na akomko\u013evek inom serveri.<\/li>\n<\/ol>\n\n\n\n<p>T\u00e1to licencia bude automaticky ukon\u010den\u00e1, ak poru\u0161\u00edte ktor\u00e9ko\u013evek z t\u00fdchto obmedzen\u00ed a m\u00f4\u017ee by\u0165 kedyko\u013evek ukon\u010den\u00e1 spolo\u010dnos\u0165ou Info Bizy. Po ukon\u010den\u00ed prezerania t\u00fdchto materi\u00e1lov alebo po ukon\u010den\u00ed tejto licencie mus\u00edte vymaza\u0165 v\u0161etky stiahnut\u00e9 materi\u00e1ly, ktor\u00e9 vlastn\u00edte, \u010di u\u017e v elektronickej alebo tla\u010denej podobe.<\/p>\n\n\n\n<h3 class=\"wp-block-heading\" id=\"3-isencao-de-responsabilidade\">3. Vyl\u00fa\u010denie zodpovednosti<\/h3>\n\n\n\n<ol class=\"wp-block-list\">\n<li>Materi\u00e1ly na webovej str\u00e1nke Info Bizy sa poskytuj\u00fa \u201etak, ako s\u00fa\u201c. Info Bizy neposkytuje \u017eiadne z\u00e1ruky, vyjadren\u00e9 alebo predpokladan\u00e9, a t\u00fdmto sa zrieka a neguje v\u0161etky ostatn\u00e9 z\u00e1ruky, vr\u00e1tane, bez obmedzenia, predpokladan\u00fdch z\u00e1ruk alebo podmienok predajnosti, vhodnosti na konkr\u00e9tny \u00fa\u010del alebo neporu\u0161ovania du\u0161evn\u00e9ho vlastn\u00edctva alebo in\u00e9ho poru\u0161enia pr\u00e1v.<\/li>\n\n\n\n<li>Spolo\u010dnos\u0165 Info Bizy \u010falej nezaru\u010duje ani neposkytuje \u017eiadne vyhl\u00e1senia t\u00fdkaj\u00face sa presnosti, pravdepodobn\u00fdch v\u00fdsledkov alebo spo\u013eahlivosti pou\u017eitia materi\u00e1lov na svojich webov\u00fdch str\u00e1nkach alebo inak s\u00favisiacich s tak\u00fdmito materi\u00e1lmi alebo na ak\u00fdchko\u013evek str\u00e1nkach prepojen\u00fdch s touto str\u00e1nkou.<\/li>\n<\/ol>\n\n\n\n<h3 class=\"wp-block-heading\" id=\"4-limitacoes\">4. Obmedzenia<\/h3>\n\n\n\n<p>Info Bizy ani jej dod\u00e1vatelia nebud\u00fa v \u017eiadnom pr\u00edpade zodpovedn\u00ed za \u017eiadne \u0161kody (vr\u00e1tane, bez obmedzenia, \u0161k\u00f4d za stratu \u00fadajov alebo zisku alebo v d\u00f4sledku preru\u0161enia podnikania), ktor\u00e9 vznikn\u00fa v d\u00f4sledku pou\u017eitia alebo nemo\u017enosti pou\u017ei\u0165 materi\u00e1ly na Info Bizy, a to aj ak bola Info Bizy alebo poveren\u00fd z\u00e1stupca Info Bizy \u00fastne alebo p\u00edsomne \u200b\u200bupozornen\u00e1 na mo\u017enos\u0165 tak\u00fdchto \u0161k\u00f4d. Preto\u017ee niektor\u00e9 jurisdikcie nepovo\u013euj\u00fa obmedzenia implicitn\u00fdch z\u00e1ruk alebo obmedzenia zodpovednosti za n\u00e1sledn\u00e9 alebo n\u00e1hodn\u00e9 \u0161kody, tieto obmedzenia sa na v\u00e1s nemusia vz\u0165ahova\u0165.<\/p>\n\n\n\n<h3 class=\"wp-block-heading\" id=\"5-precisao-dos-materiais\">5. Presnos\u0165 materi\u00e1lov<\/h3>\n\n\n\n<p>Materi\u00e1ly, ktor\u00e9 sa objavuj\u00fa na webovej str\u00e1nke Info Bizy, m\u00f4\u017eu obsahova\u0165 technick\u00e9, typografick\u00e9 alebo fotografick\u00e9 chyby. Info Bizy nezaru\u010duje, \u017ee ak\u00e9ko\u013evek materi\u00e1ly na jej webovej str\u00e1nke s\u00fa presn\u00e9, \u00fapln\u00e9 alebo aktu\u00e1lne. Info Bizy m\u00f4\u017ee kedyko\u013evek bez upozornenia zmeni\u0165 materi\u00e1ly obsiahnut\u00e9 na svojich webov\u00fdch str\u00e1nkach. Info Bizy sa v\u0161ak nezav\u00e4zuje aktualizova\u0165 materi\u00e1ly.<\/p>\n\n\n\n<h3 class=\"wp-block-heading\" id=\"6-links\">6. Odkazy<\/h3>\n\n\n\n<p>Info Bizy neskontrolovala v\u0161etky str\u00e1nky prepojen\u00e9 s jej webovou str\u00e1nkou a nezodpoved\u00e1 za obsah \u017eiadnej prepojenej lokality. Zahrnutie ak\u00e9hoko\u013evek odkazu neznamen\u00e1, \u017ee Info Bizy podporuje str\u00e1nku. Pou\u017e\u00edvanie akejko\u013evek prepojenej str\u00e1nky je na vlastn\u00e9 riziko pou\u017e\u00edvate\u013ea.<\/p>\n\n\n\n<h3 class=\"wp-block-heading\" id=\"modificacoes\">\u00dapravy<\/h3>\n\n\n\n<p>Info Bizy m\u00f4\u017ee kedyko\u013evek bez upozornenia upravi\u0165 tieto zmluvn\u00e9 podmienky pre svoju webov\u00fa str\u00e1nku. Pou\u017e\u00edvan\u00edm tejto webovej str\u00e1nky s\u00fahlas\u00edte s t\u00fdm, \u017ee budete viazan\u00ed aktu\u00e1lnou verziou t\u00fdchto podmienok slu\u017eby.<\/p>\n\n\n\n<h3 class=\"wp-block-heading\" id=\"lei-aplicavel\">Platn\u00e9 pr\u00e1vo<\/h3>\n\n\n\n<p>Tieto zmluvn\u00e9 podmienky sa riadia a vykladaj\u00fa v s\u00falade so z\u00e1konmi Info Bizy a vy sa neodvolate\u013ene podria\u010fujete v\u00fdlu\u010dnej jurisdikcii s\u00fadov v danom \u0161t\u00e1te alebo mieste.<\/p>","protected":false},"excerpt":{"rendered":"<p>1. Termos Ao acessar ao site Info Bizy, concorda em cumprir estes termos de servi\u00e7o, todas as leis e regulamentos aplic\u00e1veis \u200b\u200be concorda que \u00e9 respons\u00e1vel pelo cumprimento de todas as leis locais aplic\u00e1veis. Se voc\u00ea n\u00e3o concordar com algum desses termos, est\u00e1 proibido de usar ou acessar este site. Os materiais contidos neste site [&hellip;]<\/p>\n","protected":false},"author":4,"featured_media":0,"parent":0,"menu_order":0,"comment_status":"closed","ping_status":"closed","template":"","meta":{"footnotes":""},"class_list":["post-129","page","type-page","status-publish"],"_links":{"self":[{"href":"https:\/\/infobizy.com\/sk\/wp-json\/wp\/v2\/pages\/129","targetHints":{"allow":["GET"]}}],"collection":[{"href":"https:\/\/infobizy.com\/sk\/wp-json\/wp\/v2\/pages"}],"about":[{"href":"https:\/\/infobizy.com\/sk\/wp-json\/wp\/v2\/types\/page"}],"author":[{"embeddable":true,"href":"https:\/\/infobizy.com\/sk\/wp-json\/wp\/v2\/users\/4"}],"replies":[{"embeddable":true,"href":"https:\/\/infobizy.com\/sk\/wp-json\/wp\/v2\/comments?post=129"}],"version-history":[{"count":6,"href":"https:\/\/infobizy.com\/sk\/wp-json\/wp\/v2\/pages\/129\/revisions"}],"predecessor-version":[{"id":1190,"href":"https:\/\/infobizy.com\/sk\/wp-json\/wp\/v2\/pages\/129\/revisions\/1190"}],"wp:attachment":[{"href":"https:\/\/infobizy.com\/sk\/wp-json\/wp\/v2\/media?parent=129"}],"curies":[{"name":"pracovn\u00fd list","href":"https:\/\/api.w.org\/{rel}","templated":true}]}}