{"id":419,"date":"2023-01-17T05:00:49","date_gmt":"2023-01-17T05:00:49","guid":{"rendered":"https:\/\/infobizy.com\/?page_id=419"},"modified":"2023-11-14T05:58:56","modified_gmt":"2023-11-14T05:58:56","slug":"politika-zasebnosti","status":"publish","type":"page","link":"https:\/\/infobizy.com\/sl\/politica-de-privacidade\/","title":{"rendered":"Politika zasebnosti"},"content":{"rendered":"<div class=\"td-page-content tagdiv-type\">\n<p>Va\u0161a zasebnost nam je pomembna. To je politika <a href=\"https:\/\/infobizy.com\/sl\/\">Info Bizy<\/a> spo\u0161tovati va\u0161o zasebnost v zvezi s kakr\u0161nimi koli informacijami, ki jih lahko zberemo od vas na spletnem mestu <a href=\"https:\/\/infobizy.com\/sl\/\">Info Bizy<\/a>, in druga spletna mesta, ki so v na\u0161i lasti in jih upravljamo. Osebne podatke zahtevamo le, kadar jih resni\u010dno potrebujemo, da vam zagotovimo storitev. To po\u010dnemo na po\u0161ten in zakonit na\u010din, z va\u0161o vednostjo in soglasjem. Obve\u0161\u010damo vas tudi, zakaj ga zbiramo in kako ga bomo uporabljali. Zbrane podatke hranimo le toliko \u010dasa, kolikor je potrebno za zagotavljanje zahtevane storitve. Ko shranjujemo podatke, jih varujemo s komercialno sprejemljivimi sredstvi, da prepre\u010dimo izgubo in krajo ter nepoobla\u0161\u010den dostop, razkritje, kopiranje, uporabo ali spreminjanje. Osebnih podatkov ne delimo javno ali s tretjimi osebami, razen \u010de to zahteva zakon. Na\u0161e spletno mesto ima lahko povezave do zunanjih spletnih mest, ki jih ne upravljamo mi. Zavedajte se, da nimamo nadzora nad vsebino in praksami teh spletnih mest in ne moremo prevzeti odgovornosti za njihove politike zasebnosti. Na\u0161o zahtevo po osebnih podatkih lahko zavrnete, saj razumete, da vam morda ne bomo mogli zagotoviti nekaterih \u017eelenih storitev. Va\u0161a nadaljnja uporaba na\u0161ega spletnega mesta se bo \u0161tela za sprejemanje na\u0161ih praks glede zasebnosti in osebnih podatkov. \u010ce imate kakr\u0161na koli vpra\u0161anja o tem, kako ravnamo z uporabni\u0161kimi in osebnimi podatki, se obrnite na nas.<\/p>\n<h3 class=\"wp-block-heading\">Politika pi\u0161kotkov Info Bizy<\/h3>\n<h3 class=\"wp-block-heading\">Kaj so pi\u0161kotki?<\/h3>\n<p>Kot je obi\u010dajna praksa pri skoraj vseh profesionalnih spletnih mestih, to spletno mesto uporablja pi\u0161kotke, ki so majhne datoteke, ki se prenesejo na va\u0161 ra\u010dunalnik, da izbolj\u0161ajo va\u0161o izku\u0161njo. Na tej strani je opisano, katere podatke zbirajo, kako jih uporabljamo in zakaj moramo v\u010dasih te pi\u0161kotke shraniti. Povedali vam bomo tudi, kako lahko prepre\u010dite shranjevanje teh pi\u0161kotkov, vendar lahko to poslab\u0161a ali &#039;pokvari&#039; nekatere elemente funkcionalnosti spletnega mesta.<\/p>\n<h3 class=\"wp-block-heading\">Kako uporabljamo pi\u0161kotke?<\/h3>\n<p>Pi\u0161kotke uporabljamo iz razli\u010dnih razlogov, ki so podrobno opisani spodaj. Na \u017ealost v ve\u010dini primerov ni nobenih industrijskih standardnih mo\u017enosti za onemogo\u010danje pi\u0161kotkov, ne da bi popolnoma onemogo\u010dili funkcionalnost in funkcije, ki jih dodajo tej spletni strani. Priporo\u010dljivo je, da izpustite vse pi\u0161kotke, \u010de niste prepri\u010dani, ali jih potrebujete ali ne, \u010de se uporabljajo za zagotavljanje storitve, ki jo uporabljate.<\/p>\n<h3 class=\"wp-block-heading\">onemogo\u010di pi\u0161kotke<\/h3>\n<p>Nastavitev pi\u0161kotkov lahko prepre\u010dite tako, da prilagodite nastavitve brskalnika (glejte pomo\u010d brskalnika, kako to storiti). Zavedajte se, da bo onemogo\u010danje pi\u0161kotkov vplivalo na delovanje tega in \u0161tevilnih drugih spletnih mest, ki jih obi\u0161\u010dete. \u010ce onemogo\u010dite pi\u0161kotke, boste na splo\u0161no onemogo\u010dili nekatere funkcije in funkcije tega spletnega mesta. Zato je priporo\u010dljivo, da pi\u0161kotkov ne onemogo\u010dite.<\/p>\n<h3 class=\"wp-block-heading\">Pi\u0161kotke smo nastavili<\/h3>\n<ul>\n<li>Pi\u0161kotki, povezani z ra\u010dunom<\/li>\n<li>\u010ce pri nas ustvarite ra\u010dun, bomo za upravljanje postopka registracije in splo\u0161ne administracije uporabljali pi\u0161kotke. Ti pi\u0161kotki se obi\u010dajno izbri\u0161ejo, ko se odjavite, v nekaterih primerih pa lahko ostanejo tudi pozneje, da si zapomnijo va\u0161e nastavitve spletnega mesta, ko se odjavite.<\/li>\n<li>Pi\u0161kotki, povezani s prijavo<\/li>\n<li>Ko ste prijavljeni, uporabljamo pi\u0161kotke, da si lahko zapomnimo to dejanje. Tako se vam ne bo treba prijaviti vsaki\u010d, ko obi\u0161\u010dete novo stran. Ti pi\u0161kotki se obi\u010dajno odstranijo ali izbri\u0161ejo, ko se odjavite, da zagotovite, da lahko dostopate samo do omejenih funkcij in obmo\u010dij, ko ste prijavljeni.<\/li>\n<li>Pi\u0161kotki, povezani z e-novicami<\/li>\n<li>To spletno mesto ponuja storitve naro\u010danja na novice ali e-po\u0161to, pi\u0161kotki pa se lahko uporabljajo, da si zapomnijo, ali ste \u017ee registrirani in ali \u017eelite prikazati dolo\u010dena obvestila, veljavna samo za naro\u010dene\/nenaro\u010dene uporabnike.<\/li>\n<li>Naro\u010dila za obdelavo povezanih pi\u0161kotkov<\/li>\n<li>To spletno mesto ponuja mo\u017enosti e-trgovine ali pla\u010dila in nekateri pi\u0161kotki so bistveni za zagotovitev, da se va\u0161e naro\u010dilo zapomni med stranmi, da ga lahko pravilno obdelamo.<\/li>\n<li>Pi\u0161kotki, povezani z iskanjem<\/li>\n<li>Ob\u010dasno ponujamo ankete in vpra\u0161alnike, da zagotovimo zanimive informacije, uporabna orodja ali da natan\u010dneje razumemo na\u0161o bazo uporabnikov. Te ankete lahko uporabljajo pi\u0161kotke, da si zapomnijo, kdo je \u017ee sodeloval v anketi, ali da zagotovijo natan\u010dne rezultate, potem ko zamenjate stran.<\/li>\n<li>Pi\u0161kotki, povezani z obrazci<\/li>\n<li>Ko po\u0161ljete podatke prek obrazca, kot so tisti, ki jih najdete na kontaktnih straneh ali obrazcih za komentarje, so lahko pi\u0161kotki nastavljeni tako, da si zapomnijo va\u0161e uporabni\u0161ke podatke za prihodnjo korespondenco.<\/li>\n<li>Pi\u0161kotki za nastavitev spletnega mesta<\/li>\n<li>Da bi vam zagotovili odli\u010dno izku\u0161njo na tem spletnem mestu, nudimo funkcionalnost, s katero nastavite svoje nastavitve za delovanje tega spletnega mesta, ko ga uporabljate. Da bi si zapomnili va\u0161e nastavitve, moramo nastaviti pi\u0161kotke, tako da se te informacije lahko prikli\u010dejo vsaki\u010d, ko komunicirate s stranjo, na katero vplivajo va\u0161e nastavitve.<\/li>\n<\/ul>\n<h3 class=\"wp-block-heading\">Pi\u0161kotki tretjih oseb<\/h3>\n<p>V nekaterih posebnih primerih uporabljamo tudi pi\u0161kotke zaupanja vrednih tretjih oseb. V naslednjem razdelku je podrobno opisano, na katere pi\u0161kotke tretjih oseb lahko naletite na tem spletnem mestu.<\/p>\n<ul>\n<li>To spletno mesto uporablja Google Analytics, ki je ena najbolj raz\u0161irjenih in zaupanja vrednih analiti\u010dnih re\u0161itev na spletu, da nam pomaga razumeti, kako uporabljate spletno mesto in kako lahko izbolj\u0161amo va\u0161o izku\u0161njo. Ti pi\u0161kotki lahko spremljajo stvari, na primer, koliko \u010dasa pre\u017eivite na spletnem mestu in katere strani obi\u0161\u010dete, tako da lahko \u0161e naprej ustvarjamo privla\u010dno vsebino.<\/li>\n<\/ul>\n<p>Za ve\u010d informacij o pi\u0161kotkih Google Analytics si oglejte uradno stran Google Analytics.<\/p>\n<ul>\n<li>Za sledenje in merjenje uporabe tega spletnega mesta se uporablja analitika tretjih oseb, da lahko \u0161e naprej ustvarjamo privla\u010dno vsebino. Ti pi\u0161kotki lahko spremljajo stvari, na primer, koliko \u010dasa pre\u017eivite na spletnem mestu ali katere strani obi\u0161\u010dete, kar nam pomaga razumeti, kako lahko izbolj\u0161amo spletno mesto za vas.<\/li>\n<li>Ob\u010dasno testiramo nove funkcije in naredimo subtilne spremembe videza spletnega mesta. Ko \u0161e preizku\u0161amo nove funkcije, lahko te pi\u0161kotke uporabimo za zagotavljanje dosledne izku\u0161nje na spletnem mestu, hkrati pa razumemo, katere optimizacije na\u0161i uporabniki najbolj cenijo.<\/li>\n<li>Ker prodajamo izdelke, je pomembno, da razumemo statisti\u010dne podatke o tem, koliko obiskovalcev na\u0161ega spletnega mesta dejansko opravi nakup, zato je to vrsta podatkov, ki jim bodo ti pi\u0161kotki sledili. To je za vas pomembno, saj pomeni, da lahko natan\u010dno oblikujemo poslovne napovedi, ki nam omogo\u010dajo analizo na\u0161ih stro\u0161kov ogla\u0161evanja in izdelkov, da zagotovimo najbolj\u0161o mo\u017eno ceno.<\/li>\n<li>Storitev Google AdSense, ki jo uporabljamo za ogla\u0161evanje, uporablja pi\u0161kotek DoubleClick, da vam prika\u017ee ustreznej\u0161e oglase po spletu in omeji, kolikokrat se vam dolo\u010den oglas prika\u017ee. Za ve\u010d informacij o AdSense glejte uradna pogosta vpra\u0161anja o zasebnosti AdSense.<\/li>\n<li>Z oglasi pokrivamo stro\u0161ke delovanja te spletne strani in zagotavljamo sredstva za prihodnji razvoj. Pi\u0161kotki za vedenjsko ogla\u0161evanje, ki jih uporablja to spletno mesto, so zasnovani tako, da vam zagotovimo najbolj ustrezne oglase, kjer je to mogo\u010de, anonimno sledimo va\u0161im zanimanjem in vam predstavimo podobne stvari, ki bi vas lahko zanimale.<\/li>\n<li>Razli\u010dni partnerji ogla\u0161ujejo v na\u0161em imenu in pi\u0161kotki za sledenje pridru\u017eenih partnerjev nam preprosto omogo\u010dajo, da vidimo, ali so na\u0161e stranke dostopale do spletnega mesta prek enega od na\u0161ih partnerskih spletnih mest, tako da jih lahko ustrezno pripi\u0161emo in, kjer je primerno, omogo\u010dimo na\u0161im pridru\u017eenim partnerjem, da ponudijo kakr\u0161no koli promocijo, ki lahko omogo\u010di nakup.<\/li>\n<\/ul>\n<h3 class=\"wp-block-heading\">Zaveza uporabnika<\/h3>\n<p>Uporabnik se zavezuje, da bo vsebine in informacije, ki jih Info Bizy ponuja na spletnem mestu, uporabljal na primeren na\u010din in so navedbene, a ne omejujo\u010de narave:<\/p>\n<ul>\n<li>A) Ne sodelujejo v dejavnostih, ki so nezakonite ali v nasprotju z dobro vero in javnim redom;<\/li>\n<li>B) Ne raz\u0161irjati propagande ali vsebine rasisti\u010dne, ksenofobi\u010dne ali slabe sre\u010dne narave, katere koli vrste nezakonite pornografije, opravi\u010dila za terorizem ali proti \u010dlovekovim pravicam;<\/li>\n<li>C) Ne povzro\u010dajte \u0161kode fizi\u010dnim (strojna oprema) in logi\u010dnim (programska oprema) sistemom Info Bizy, njegovih dobaviteljev ali tretjih oseb, da bi vnesli ali raz\u0161irjali ra\u010dunalni\u0161ke viruse ali katere koli druge sisteme strojne ali programske opreme, ki lahko povzro\u010dijo prej omenjeno \u0161kodo.<\/li>\n<\/ul>\n<h3 class=\"wp-block-heading\">Ve\u010d informacij<\/h3>\n<p>Upajmo, da je to razjasnjeno, in kot smo \u017ee omenili, \u010de obstaja nekaj, za kar niste prepri\u010dani, ali potrebujete ali ne, je na splo\u0161no varneje pustiti pi\u0161kotke omogo\u010dene, \u010de uporabljate eno od funkcij, ki jih uporabljate na na\u0161em spletnem mestu. Ta pravilnik velja od <strong>januar<\/strong>\/<strong>2022<\/strong>.<\/p>\n<\/div>","protected":false},"excerpt":{"rendered":"<p>A sua privacidade \u00e9 importante para n\u00f3s. \u00c9 pol\u00edtica do Info Bizy respeitar a sua privacidade em rela\u00e7\u00e3o a qualquer informa\u00e7\u00e3o sua que possamos coletar no site Info Bizy, e outros sites que possu\u00edmos e operamos. Solicitamos informa\u00e7\u00f5es pessoais apenas quando realmente precisamos delas para lhe fornecer um servi\u00e7o. Fazemo-lo por meios justos e legais, [&hellip;]<\/p>\n","protected":false},"author":4,"featured_media":0,"parent":0,"menu_order":0,"comment_status":"closed","ping_status":"closed","template":"","meta":{"footnotes":""},"class_list":["post-419","page","type-page","status-publish"],"_links":{"self":[{"href":"https:\/\/infobizy.com\/sl\/wp-json\/wp\/v2\/pages\/419","targetHints":{"allow":["GET"]}}],"collection":[{"href":"https:\/\/infobizy.com\/sl\/wp-json\/wp\/v2\/pages"}],"about":[{"href":"https:\/\/infobizy.com\/sl\/wp-json\/wp\/v2\/types\/page"}],"author":[{"embeddable":true,"href":"https:\/\/infobizy.com\/sl\/wp-json\/wp\/v2\/users\/4"}],"replies":[{"embeddable":true,"href":"https:\/\/infobizy.com\/sl\/wp-json\/wp\/v2\/comments?post=419"}],"version-history":[{"count":8,"href":"https:\/\/infobizy.com\/sl\/wp-json\/wp\/v2\/pages\/419\/revisions"}],"predecessor-version":[{"id":1194,"href":"https:\/\/infobizy.com\/sl\/wp-json\/wp\/v2\/pages\/419\/revisions\/1194"}],"wp:attachment":[{"href":"https:\/\/infobizy.com\/sl\/wp-json\/wp\/v2\/media?parent=419"}],"curies":[{"name":"delovni list","href":"https:\/\/api.w.org\/{rel}","templated":true}]}}