{"id":129,"date":"2023-01-17T02:02:30","date_gmt":"2023-01-17T02:02:30","guid":{"rendered":"https:\/\/infobizy.com\/?page_id=129"},"modified":"2023-11-14T05:54:44","modified_gmt":"2023-11-14T05:54:44","slug":"kushtet-e-perdorimit","status":"publish","type":"page","link":"https:\/\/infobizy.com\/sq\/termos-de-uso\/","title":{"rendered":"Kushtet e p\u00ebrdorimit"},"content":{"rendered":"<h3 class=\"wp-block-heading\" id=\"1-termos\">1. Kushtet<\/h3>\n\n\n\n<p>Kur hyni n\u00eb faqen e internetit <a href=\"https:\/\/infobizy.com\/sq\/\">Info Bizy<\/a>, pranoni t\u00eb pajtoheni me k\u00ebto kushte sh\u00ebrbimi, t\u00eb gjitha ligjet dhe rregulloret n\u00eb fuqi dhe pranoni q\u00eb jeni p\u00ebrgjegj\u00ebs p\u00ebr pajtueshm\u00ebrin\u00eb me t\u00eb gjitha ligjet vendore n\u00eb fuqi. N\u00ebse nuk pajtoheni me ndonj\u00eb nga k\u00ebto kushte, ju ndalohet t\u00eb p\u00ebrdorni ose t\u00eb hyni n\u00eb k\u00ebt\u00eb faqe interneti. Materialet e p\u00ebrfshira n\u00eb k\u00ebt\u00eb sajt mbrohen nga ligjet e aplikueshme p\u00ebr t\u00eb drejtat e autorit dhe markat tregtare.<\/p>\n\n\n\n<h3 class=\"wp-block-heading\" id=\"2-uso-de-licenca\">2. P\u00ebrdorimi i Licenc\u00ebs<\/h3>\n\n\n\n<p>Jepet leje p\u00ebr t\u00eb shkarkuar p\u00ebrkoh\u00ebsisht nj\u00eb kopje t\u00eb materialeve (informacione ose softuer) n\u00eb faqen e internetit t\u00eb Info Bizy vet\u00ebm p\u00ebr shikim kalimtar personal, jo-tregtar. Ky \u00ebsht\u00eb dh\u00ebnie e nj\u00eb licence, jo nj\u00eb transferim i titullit, dhe sipas k\u00ebsaj licence nuk mund t\u00eb:&nbsp;<\/p>\n\n\n\n<ol class=\"wp-block-list\">\n<li>modifikoni ose kopjoni materialet;&nbsp;<\/li>\n\n\n\n<li>p\u00ebrdorimi i materialeve p\u00ebr \u00e7far\u00ebdo q\u00ebllimi komercial ose p\u00ebr ekspozim publik (komercial ose jokomercial);&nbsp;<\/li>\n\n\n\n<li>p\u00ebrpiquni t\u00eb dekompiloni ose t\u00eb ndryshoni inxhinierin\u00eb e \u00e7do softueri q\u00eb gjendet n\u00eb faqen e internetit t\u00eb Info Bizy;&nbsp;<\/li>\n\n\n\n<li>hiqni \u00e7do t\u00eb drejt\u00eb autori ose sh\u00ebnime t\u00eb tjera pron\u00ebsore nga materialet; ose&nbsp;<\/li>\n\n\n\n<li>transferoni materialet te nj\u00eb person tjet\u00ebr ose &#039;pasqyroni&#039; materialet n\u00eb ndonj\u00eb server tjet\u00ebr.<\/li>\n<\/ol>\n\n\n\n<p>Kjo licenc\u00eb do t\u00eb p\u00ebrfundoj\u00eb automatikisht n\u00ebse ju shkelni ndonj\u00eb nga k\u00ebto kufizime dhe mund t\u00eb nd\u00ebrpritet nga Info Bizy n\u00eb \u00e7do koh\u00eb. Pas p\u00ebrfundimit t\u00eb shikimit t\u00eb k\u00ebtyre materialeve ose pas p\u00ebrfundimit t\u00eb k\u00ebsaj licence, ju duhet t\u00eb fshini \u00e7do material t\u00eb shkarkuar q\u00eb posedoni, qoft\u00eb n\u00eb format elektronik apo t\u00eb printuar.<\/p>\n\n\n\n<h3 class=\"wp-block-heading\" id=\"3-isencao-de-responsabilidade\">3. Mohim p\u00ebrgjegj\u00ebsie<\/h3>\n\n\n\n<ol class=\"wp-block-list\">\n<li>Materialet n\u00eb faqen e internetit t\u00eb Info Bizy ofrohen &#039;si\u00e7 jan\u00eb&#039;. Info Bizy nuk jep asnj\u00eb garanci, t\u00eb shprehur ose t\u00eb n\u00ebnkuptuar, dhe n\u00eb k\u00ebt\u00eb m\u00ebnyr\u00eb mohon dhe mohon t\u00eb gjitha garancit\u00eb e tjera, duke p\u00ebrfshir\u00eb, pa kufizim, garancit\u00eb e n\u00ebnkuptuara ose kushtet e tregtueshm\u00ebris\u00eb, p\u00ebrshtatshm\u00ebrin\u00eb p\u00ebr nj\u00eb q\u00ebllim t\u00eb caktuar ose mosshkeljen e pron\u00ebsis\u00eb intelektuale ose shkelje t\u00eb tjera t\u00eb t\u00eb drejtave.<\/li>\n\n\n\n<li>M\u00eb tej, Info Bizy nuk garanton ose nuk b\u00ebn asnj\u00eb p\u00ebrfaq\u00ebsim n\u00eb lidhje me sakt\u00ebsin\u00eb, rezultatet e mundshme ose besueshm\u00ebrin\u00eb e p\u00ebrdorimit t\u00eb materialeve n\u00eb faqen e tij t\u00eb internetit ose n\u00eb lidhje me materiale t\u00eb tilla ose n\u00eb ndonj\u00eb sajt t\u00eb lidhur me k\u00ebt\u00eb sajt.<\/li>\n<\/ol>\n\n\n\n<h3 class=\"wp-block-heading\" id=\"4-limitacoes\">4. Kufizimet<\/h3>\n\n\n\n<p>N\u00eb asnj\u00eb rast Info Bizy ose furnizuesit e tij nuk do t\u00eb jen\u00eb p\u00ebrgjegj\u00ebs p\u00ebr \u00e7do d\u00ebm (p\u00ebrfshir\u00eb, pa kufizim, d\u00ebmtime p\u00ebr humbjen e t\u00eb dh\u00ebnave ose fitimit, ose p\u00ebr shkak t\u00eb nd\u00ebrprerjes s\u00eb biznesit) q\u00eb rrjedhin nga p\u00ebrdorimi ose pamund\u00ebsia p\u00ebr t\u00eb p\u00ebrdorur materialet n\u00eb Info Bizy, madje edhe n\u00ebse Info Bizy ose nj\u00eb p\u00ebrfaq\u00ebsues i autorizuar i Info Bizy \u00ebsht\u00eb njoftuar gojarisht ose me shkrim p\u00ebr mund\u00ebsin\u00eb e d\u00ebmeve t\u00eb tilla. P\u00ebr shkak se disa juridiksione nuk lejojn\u00eb kufizime n\u00eb garancit\u00eb e n\u00ebnkuptuara, ose kufizime t\u00eb p\u00ebrgjegj\u00ebsis\u00eb p\u00ebr d\u00ebme pasuese ose t\u00eb rast\u00ebsishme, k\u00ebto kufizime mund t\u00eb mos zbatohen p\u00ebr ju.<\/p>\n\n\n\n<h3 class=\"wp-block-heading\" id=\"5-precisao-dos-materiais\">5. Sakt\u00ebsia e materialeve<\/h3>\n\n\n\n<p>Materialet q\u00eb shfaqen n\u00eb faqen e internetit t\u00eb Info Bizy mund t\u00eb p\u00ebrfshijn\u00eb gabime teknike, tipografike ose fotografike. Info Bizy nuk garanton q\u00eb \u00e7do material n\u00eb faqen e tij t\u00eb internetit \u00ebsht\u00eb i sakt\u00eb, i plot\u00eb ose aktual. Info Bizy mund t\u00eb b\u00ebj\u00eb ndryshime n\u00eb materialet e p\u00ebrfshira n\u00eb faqen e tij t\u00eb internetit n\u00eb \u00e7do koh\u00eb pa paralajm\u00ebrim. Megjithat\u00eb Info Bizy nuk merr asnj\u00eb angazhim p\u00ebr p\u00ebrdit\u00ebsimin e materialeve.<\/p>\n\n\n\n<h3 class=\"wp-block-heading\" id=\"6-links\">6. Lidhjet<\/h3>\n\n\n\n<p>Info Bizy nuk i ka shqyrtuar t\u00eb gjitha faqet e lidhura me faqen e tij t\u00eb internetit dhe nuk \u00ebsht\u00eb p\u00ebrgjegj\u00ebs p\u00ebr p\u00ebrmbajtjen e ndonj\u00eb sajti t\u00eb lidhur. P\u00ebrfshirja e ndonj\u00eb lidhjeje nuk n\u00ebnkupton miratimin e faqes nga Info Bizy. P\u00ebrdorimi i \u00e7do faqeje t\u00eb lidhur \u00ebsht\u00eb n\u00eb rrezik t\u00eb vet\u00eb p\u00ebrdoruesit.<\/p>\n\n\n\n<h3 class=\"wp-block-heading\" id=\"modificacoes\">Modifikimet<\/h3>\n\n\n\n<p>Info Bizy mund t&#039;i rishikoj\u00eb k\u00ebto kushte sh\u00ebrbimi p\u00ebr faqen e saj t\u00eb internetit n\u00eb \u00e7do koh\u00eb pa paralajm\u00ebrim. Duke p\u00ebrdorur k\u00ebt\u00eb faqe interneti, ju pranoni t\u00eb jeni t\u00eb detyruar nga versioni aktual i k\u00ebtyre kushteve t\u00eb sh\u00ebrbimit.<\/p>\n\n\n\n<h3 class=\"wp-block-heading\" id=\"lei-aplicavel\">Ligji n\u00eb fuqi<\/h3>\n\n\n\n<p>K\u00ebto terma dhe kushte rregullohen dhe interpretohen n\u00eb p\u00ebrputhje me ligjet e Info Bizy dhe ju i n\u00ebnshtroheni n\u00eb m\u00ebnyr\u00eb t\u00eb pakthyeshme juridiksionit ekskluziv t\u00eb gjykatave n\u00eb at\u00eb shtet ose vendndodhje.<\/p>","protected":false},"excerpt":{"rendered":"<p>1. Termos Ao acessar ao site Info Bizy, concorda em cumprir estes termos de servi\u00e7o, todas as leis e regulamentos aplic\u00e1veis \u200b\u200be concorda que \u00e9 respons\u00e1vel pelo cumprimento de todas as leis locais aplic\u00e1veis. Se voc\u00ea n\u00e3o concordar com algum desses termos, est\u00e1 proibido de usar ou acessar este site. Os materiais contidos neste site [&hellip;]<\/p>\n","protected":false},"author":4,"featured_media":0,"parent":0,"menu_order":0,"comment_status":"closed","ping_status":"closed","template":"","meta":{"footnotes":""},"class_list":["post-129","page","type-page","status-publish"],"_links":{"self":[{"href":"https:\/\/infobizy.com\/sq\/wp-json\/wp\/v2\/pages\/129","targetHints":{"allow":["GET"]}}],"collection":[{"href":"https:\/\/infobizy.com\/sq\/wp-json\/wp\/v2\/pages"}],"about":[{"href":"https:\/\/infobizy.com\/sq\/wp-json\/wp\/v2\/types\/page"}],"author":[{"embeddable":true,"href":"https:\/\/infobizy.com\/sq\/wp-json\/wp\/v2\/users\/4"}],"replies":[{"embeddable":true,"href":"https:\/\/infobizy.com\/sq\/wp-json\/wp\/v2\/comments?post=129"}],"version-history":[{"count":6,"href":"https:\/\/infobizy.com\/sq\/wp-json\/wp\/v2\/pages\/129\/revisions"}],"predecessor-version":[{"id":1190,"href":"https:\/\/infobizy.com\/sq\/wp-json\/wp\/v2\/pages\/129\/revisions\/1190"}],"wp:attachment":[{"href":"https:\/\/infobizy.com\/sq\/wp-json\/wp\/v2\/media?parent=129"}],"curies":[{"name":"wp","href":"https:\/\/api.w.org\/{rel}","templated":true}]}}