{"id":419,"date":"2023-01-17T05:00:49","date_gmt":"2023-01-17T05:00:49","guid":{"rendered":"https:\/\/infobizy.com\/?page_id=419"},"modified":"2023-11-14T05:58:56","modified_gmt":"2023-11-14T05:58:56","slug":"politika-e-privatesise","status":"publish","type":"page","link":"https:\/\/infobizy.com\/sq\/politica-de-privacidade\/","title":{"rendered":"Politika e privat\u00ebsis\u00eb"},"content":{"rendered":"<div class=\"td-page-content tagdiv-type\">\n<p>Privat\u00ebsia juaj \u00ebsht\u00eb e r\u00ebnd\u00ebsishme p\u00ebr ne. \u00cbsht\u00eb politika e <a href=\"https:\/\/infobizy.com\/sq\/\">Info Bizy<\/a> respektoni privat\u00ebsin\u00eb tuaj n\u00eb lidhje me \u00e7do informacion q\u00eb mund t\u00eb mbledhim nga ju n\u00eb faqe <a href=\"https:\/\/infobizy.com\/sq\/\">Info Bizy<\/a>, dhe faqet e tjera t\u00eb internetit q\u00eb ne zot\u00ebrojm\u00eb dhe operojm\u00eb. Ne k\u00ebrkojm\u00eb informacion personal vet\u00ebm kur na nevojitet v\u00ebrtet p\u00ebr t&#039;ju ofruar nj\u00eb sh\u00ebrbim. Ne e b\u00ebjm\u00eb k\u00ebt\u00eb me mjete t\u00eb drejta dhe t\u00eb ligjshme, me dijenin\u00eb dhe p\u00eblqimin tuaj. Gjithashtu ju b\u00ebjm\u00eb me dije pse po e mbledhim dhe si do t\u00eb p\u00ebrdoret. Ne ruajm\u00eb informacionin e mbledhur vet\u00ebm p\u00ebr aq koh\u00eb sa \u00ebsht\u00eb e nevojshme p\u00ebr t\u00eb ofruar sh\u00ebrbimin e k\u00ebrkuar. Kur ruajm\u00eb t\u00eb dh\u00ebna, ne i mbrojm\u00eb ato brenda mjeteve t\u00eb pranueshme komerciale p\u00ebr t\u00eb parandaluar humbjen dhe vjedhjen, si dhe aksesin, zbulimin, kopjimin, p\u00ebrdorimin ose modifikimin e paautorizuar. Ne nuk ndajm\u00eb informacion personal t\u00eb identifikuesh\u00ebm publikisht ose me pal\u00ebt e treta, p\u00ebrve\u00e7se si\u00e7 k\u00ebrkohet me ligj. Faqja jon\u00eb e internetit mund t\u00eb ket\u00eb lidhje me faqet e jashtme t\u00eb internetit q\u00eb nuk operohen nga ne. Ju lutemi, kini parasysh se ne nuk kemi kontroll mbi p\u00ebrmbajtjen dhe praktikat e k\u00ebtyre faqeve dhe nuk mund t\u00eb pranojm\u00eb p\u00ebrgjegj\u00ebsin\u00eb p\u00ebr politikat e tyre p\u00ebrkat\u00ebse t\u00eb privat\u00ebsis\u00eb. Ju jeni t\u00eb lir\u00eb t\u00eb refuzoni k\u00ebrkes\u00ebn ton\u00eb p\u00ebr informacion personal, duke kuptuar se ne mund t\u00eb mos jemi n\u00eb gjendje t&#039;ju ofrojm\u00eb disa nga sh\u00ebrbimet tuaja t\u00eb d\u00ebshiruara. P\u00ebrdorimi i vazhduesh\u00ebm i faqes son\u00eb t\u00eb internetit do t\u00eb konsiderohet si pranim i praktikave tona rreth privat\u00ebsis\u00eb dhe informacionit personal. N\u00ebse keni ndonj\u00eb pyetje n\u00eb lidhje me m\u00ebnyr\u00ebn se si ne i trajtojm\u00eb t\u00eb dh\u00ebnat e p\u00ebrdoruesit dhe informacionin personal, ju lutemi na kontaktoni.<\/p>\n<h3 class=\"wp-block-heading\">Politika e informacionit t\u00eb Bizy Cookies<\/h3>\n<h3 class=\"wp-block-heading\">\u00c7far\u00eb jan\u00eb cookies?<\/h3>\n<p>Si\u00e7 \u00ebsht\u00eb praktik\u00eb e zakonshme me pothuajse t\u00eb gjitha faqet e internetit profesionale, kjo faqe p\u00ebrdor cookie, t\u00eb cilat jan\u00eb skedar\u00eb t\u00eb vegj\u00ebl q\u00eb shkarkohen n\u00eb kompjuterin tuaj, p\u00ebr t\u00eb p\u00ebrmir\u00ebsuar p\u00ebrvoj\u00ebn tuaj. Kjo faqe p\u00ebrshkruan se \u00e7far\u00eb informacioni ata mbledhin, si i p\u00ebrdorim ne dhe pse ndonj\u00ebher\u00eb na duhet t&#039;i ruajm\u00eb k\u00ebto cookie. Ne do t\u00eb ndajm\u00eb gjithashtu se si mund t&#039;i parandaloni k\u00ebto skedar\u00eb kuki q\u00eb t\u00eb ruhen, megjithat\u00eb kjo mund t\u00eb zvog\u00ebloj\u00eb ose &#039;prish&#039; element\u00eb t\u00eb caktuar t\u00eb funksionalitetit t\u00eb sajtit.<\/p>\n<h3 class=\"wp-block-heading\">Si i p\u00ebrdorim cookies?<\/h3>\n<p>Ne p\u00ebrdorim cookies p\u00ebr nj\u00eb s\u00ebr\u00eb arsyesh, t\u00eb detajuara m\u00eb posht\u00eb. Fatkeq\u00ebsisht, n\u00eb shumic\u00ebn e rasteve, nuk ka opsione standarde t\u00eb industris\u00eb p\u00ebr \u00e7aktivizimin e cookies pa \u00e7aktivizuar plot\u00ebsisht funksionalitetin dhe ve\u00e7orit\u00eb q\u00eb ata shtojn\u00eb n\u00eb k\u00ebt\u00eb faqe interneti. Rekomandohet q\u00eb t&#039;i lini jasht\u00eb t\u00eb gjitha cookie-t n\u00ebse nuk jeni t\u00eb sigurt n\u00ebse ju nevojiten apo jo n\u00ebse ato p\u00ebrdoren p\u00ebr t\u00eb ofruar nj\u00eb sh\u00ebrbim q\u00eb p\u00ebrdorni.<\/p>\n<h3 class=\"wp-block-heading\">\u00e7aktivizoni cookie-t<\/h3>\n<p>Ju mund t\u00eb parandaloni vendosjen e skedar\u00ebve t\u00eb cookies duke rregulluar cil\u00ebsimet e shfletuesit tuaj (shihni Ndihm\u00ebn e shfletuesit tuaj se si ta b\u00ebni k\u00ebt\u00eb). Ju lutemi, kini parasysh se \u00e7aktivizimi i cookies do t\u00eb ndikoj\u00eb n\u00eb funksionalitetin e k\u00ebtij dhe shum\u00eb faqeve t\u00eb tjera t\u00eb internetit q\u00eb vizitoni. \u00c7aktivizimi i cookies n\u00eb p\u00ebrgjith\u00ebsi do t\u00eb rezultoj\u00eb n\u00eb \u00e7aktivizimin e disa funksioneve dhe ve\u00e7orive t\u00eb k\u00ebsaj faqe interneti. Prandaj, rekomandohet q\u00eb t\u00eb mos \u00e7aktivizoni cookies.<\/p>\n<h3 class=\"wp-block-heading\">Biskota q\u00eb vendosim<\/h3>\n<ul>\n<li>Kuki t\u00eb lidhura me llogarin\u00eb<\/li>\n<li>N\u00ebse krijoni nj\u00eb llogari me ne, ne do t\u00eb p\u00ebrdorim cookie p\u00ebr t\u00eb menaxhuar procesin e regjistrimit dhe administrimin e p\u00ebrgjithsh\u00ebm. K\u00ebto cookie zakonisht do t\u00eb fshihen kur t\u00eb dilni, megjithat\u00eb n\u00eb disa raste ato mund t\u00eb mbeten m\u00eb pas p\u00ebr t\u00eb kujtuar preferencat e faqes tuaj kur t\u00eb dilni.<\/li>\n<li>Kuki t\u00eb lidhura me hyrjen<\/li>\n<li>Ne p\u00ebrdorim cookie kur jeni t\u00eb identifikuar n\u00eb m\u00ebnyr\u00eb q\u00eb t\u00eb mund ta mbajm\u00eb mend k\u00ebt\u00eb veprim. Kjo ju kursen nga detyrimi p\u00ebr t&#039;u identifikuar sa her\u00eb q\u00eb vizitoni nj\u00eb faqe t\u00eb re. K\u00ebto kuki zakonisht hiqen ose pastrohen kur dilni p\u00ebr t&#039;u siguruar q\u00eb mund t\u00eb p\u00ebrdorni ve\u00e7orit\u00eb dhe zonat e kufizuara vet\u00ebm kur jeni identifikuar.<\/li>\n<li>Cookies q\u00eb lidhen me buletinet e emailit<\/li>\n<li>Ky sajt ofron sh\u00ebrbime t\u00eb abonimit n\u00eb buletinin ose emailin dhe mund t\u00eb p\u00ebrdoren skedar\u00eb kuki p\u00ebr t\u00eb kujtuar n\u00ebse jeni regjistruar tashm\u00eb dhe n\u00ebse duhet t\u00eb shfaqen njoftime t\u00eb caktuara t\u00eb vlefshme vet\u00ebm p\u00ebr p\u00ebrdoruesit e abonuar\/t\u00eb paabonuar.<\/li>\n<li>Porosit\u00eb q\u00eb p\u00ebrpunojn\u00eb cookie-t e lidhura<\/li>\n<li>Kjo faqe ofron leht\u00ebsira t\u00eb tregtis\u00eb elektronike ose pagesave dhe disa cookie jan\u00eb thelb\u00ebsore p\u00ebr t\u00eb siguruar q\u00eb porosia juaj t\u00eb mbahet mend midis faqeve n\u00eb m\u00ebnyr\u00eb q\u00eb ne ta p\u00ebrpunojm\u00eb at\u00eb si\u00e7 duhet.<\/li>\n<li>Kuki t\u00eb lidhura me k\u00ebrkimin<\/li>\n<li>Periodikisht, ne ofrojm\u00eb sondazhe dhe pyet\u00ebsor\u00eb p\u00ebr t\u00eb ofruar informacion interesant, mjete t\u00eb dobishme ose p\u00ebr t\u00eb kuptuar m\u00eb sakt\u00eb baz\u00ebn ton\u00eb t\u00eb p\u00ebrdoruesve. K\u00ebto sondazhe mund t\u00eb p\u00ebrdorin cookie p\u00ebr t\u00eb kujtuar se kush ka marr\u00eb pjes\u00eb tashm\u00eb n\u00eb nj\u00eb anket\u00eb ose p\u00ebr t\u00eb dh\u00ebn\u00eb rezultate t\u00eb sakta pasi t\u00eb ndryshoni faqet.<\/li>\n<li>Kuki t\u00eb lidhura me format<\/li>\n<li>Kur dor\u00ebzoni t\u00eb dh\u00ebna p\u00ebrmes nj\u00eb formulari t\u00eb till\u00eb si ato q\u00eb gjenden n\u00eb faqet e kontaktit ose n\u00eb formular\u00ebt e komenteve, kukit mund t\u00eb vendosen p\u00ebr t\u00eb mbajtur mend t\u00eb dh\u00ebnat tuaja t\u00eb p\u00ebrdoruesit p\u00ebr korrespondenc\u00ebn e ardhshme.<\/li>\n<li>Kukit e preferencave t\u00eb sajtit<\/li>\n<li>P\u00ebr t&#039;ju ofruar nj\u00eb p\u00ebrvoj\u00eb t\u00eb shk\u00eblqyer n\u00eb k\u00ebt\u00eb sajt, ne ofrojm\u00eb funksionalitetin p\u00ebr t\u00eb vendosur preferencat tuaja p\u00ebr m\u00ebnyr\u00ebn se si funksionon kjo faqe kur e p\u00ebrdorni. P\u00ebr t\u00eb kujtuar preferencat tuaja, ne duhet t\u00eb vendosim skedar\u00eb kuki n\u00eb m\u00ebnyr\u00eb q\u00eb ky informacion t\u00eb mund t\u00eb thirret sa her\u00eb q\u00eb nd\u00ebrveproni me nj\u00eb faqe q\u00eb ndikohet nga preferencat tuaja.<\/li>\n<\/ul>\n<h3 class=\"wp-block-heading\">Cookies nga pal\u00ebt e treta<\/h3>\n<p>N\u00eb disa raste t\u00eb ve\u00e7anta, ne p\u00ebrdorim gjithashtu cookie t\u00eb ofruara nga pal\u00eb t\u00eb treta t\u00eb besuara. Seksioni i m\u00ebposht\u00ebm detajon se cilat cookie t\u00eb pal\u00ebve t\u00eb treta mund t\u00eb hasni p\u00ebrmes k\u00ebsaj faqe interneti.<\/p>\n<ul>\n<li>Kjo faqe interneti p\u00ebrdor Google Analytics, e cila \u00ebsht\u00eb nj\u00eb nga zgjidhjet analitike m\u00eb t\u00eb p\u00ebrhapura dhe m\u00eb t\u00eb besuara n\u00eb ueb, p\u00ebr t\u00eb na ndihmuar t\u00eb kuptojm\u00eb se si e p\u00ebrdorni faqen e internetit dhe si mund t\u00eb p\u00ebrmir\u00ebsojm\u00eb p\u00ebrvoj\u00ebn tuaj. K\u00ebto kuki mund t\u00eb gjurmojn\u00eb gj\u00ebra t\u00eb tilla si se sa koh\u00eb kaloni n\u00eb sajt dhe cilat faqe vizitoni n\u00eb m\u00ebnyr\u00eb q\u00eb ne t\u00eb mund t\u00eb vazhdojm\u00eb t\u00eb prodhojm\u00eb p\u00ebrmbajtje t\u00ebrheq\u00ebse.<\/li>\n<\/ul>\n<p>P\u00ebr m\u00eb shum\u00eb informacion rreth kukit t\u00eb Google Analytics, shihni faqen zyrtare t\u00eb Google Analytics.<\/p>\n<ul>\n<li>Analizat e pal\u00ebve t\u00eb treta p\u00ebrdoren p\u00ebr t\u00eb gjurmuar dhe matur p\u00ebrdorimin e k\u00ebsaj faqeje n\u00eb m\u00ebnyr\u00eb q\u00eb ne t\u00eb mund t\u00eb vazhdojm\u00eb t\u00eb prodhojm\u00eb p\u00ebrmbajtje t\u00ebrheq\u00ebse. K\u00ebto kuki mund t\u00eb gjurmojn\u00eb gj\u00ebra t\u00eb tilla si se sa koh\u00eb kaloni n\u00eb sajt ose cilat faqe vizitoni, gj\u00eb q\u00eb na ndihmon t\u00eb kuptojm\u00eb se si mund ta p\u00ebrmir\u00ebsojm\u00eb sajtin p\u00ebr ju.<\/li>\n<li>Periodikisht, ne testojm\u00eb ve\u00e7ori t\u00eb reja dhe b\u00ebjm\u00eb ndryshime delikate n\u00eb pamjen e sajtit. Kur ne jemi ende duke testuar ve\u00e7ori t\u00eb reja, k\u00ebto skedar\u00eb cookie mund t\u00eb p\u00ebrdoren p\u00ebr t\u00eb siguruar q\u00eb ju t\u00eb merrni nj\u00eb p\u00ebrvoj\u00eb t\u00eb q\u00ebndrueshme nd\u00ebrsa jeni n\u00eb sajt, nd\u00ebrkoh\u00eb q\u00eb kuptoni se cilat optimizime vler\u00ebsojn\u00eb m\u00eb shum\u00eb p\u00ebrdoruesit tan\u00eb.<\/li>\n<li>Nd\u00ebrsa ne shesim produkte, \u00ebsht\u00eb e r\u00ebnd\u00ebsishme p\u00ebr ne t\u00eb kuptojm\u00eb statistikat rreth numrit t\u00eb vizitor\u00ebve t\u00eb faqes son\u00eb q\u00eb b\u00ebjn\u00eb nj\u00eb blerje, dhe p\u00ebr k\u00ebt\u00eb arsye ky \u00ebsht\u00eb lloji i t\u00eb dh\u00ebnave q\u00eb do t\u00eb gjurmojn\u00eb k\u00ebto cookie. Kjo \u00ebsht\u00eb e r\u00ebnd\u00ebsishme p\u00ebr ju pasi do t\u00eb thot\u00eb se ne mund t\u00eb b\u00ebjm\u00eb me sakt\u00ebsi parashikime biznesi q\u00eb na lejojn\u00eb t\u00eb analizojm\u00eb kostot tona t\u00eb reklamave dhe produkteve p\u00ebr t\u00eb siguruar \u00e7mimin m\u00eb t\u00eb mir\u00eb t\u00eb mundsh\u00ebm.<\/li>\n<li>Sh\u00ebrbimi Google AdSense q\u00eb ne p\u00ebrdorim p\u00ebr t&#039;ju sh\u00ebrbyer reklamave p\u00ebrdor nj\u00eb cookie DoubleClick p\u00ebr t&#039;ju sh\u00ebrbyer reklama m\u00eb t\u00eb r\u00ebnd\u00ebsishme n\u00eb ueb dhe p\u00ebr t\u00eb kufizuar numrin e her\u00ebve q\u00eb ju shfaqet nj\u00eb reklam\u00eb e caktuar. P\u00ebr m\u00eb shum\u00eb informacion rreth AdSense, shihni FAQ-t\u00eb zyrtare t\u00eb privat\u00ebsis\u00eb s\u00eb AdSense.<\/li>\n<li>Ne p\u00ebrdorim reklama p\u00ebr t\u00eb kompensuar kostot e funksionimit t\u00eb k\u00ebsaj faqe interneti dhe p\u00ebr t\u00eb siguruar fonde p\u00ebr zhvillimin e ardhsh\u00ebm. Kukit e reklamave t\u00eb sjelljes t\u00eb p\u00ebrdorura nga kjo faqe interneti jan\u00eb krijuar p\u00ebr t&#039;ju siguruar q\u00eb ne t&#039;ju ofrojm\u00eb reklamat m\u00eb t\u00eb p\u00ebrshtatshme kur \u00ebsht\u00eb e mundur, duke gjurmuar n\u00eb m\u00ebnyr\u00eb anonime interesat tuaja dhe duke ju paraqitur gj\u00ebra t\u00eb ngjashme q\u00eb mund t\u00eb jen\u00eb me interes p\u00ebr ju.<\/li>\n<li>Partner\u00eb t\u00eb ndrysh\u00ebm reklamohen n\u00eb emrin ton\u00eb dhe skedar\u00ebt e ndjekjes s\u00eb filialeve thjesht na lejojn\u00eb t\u00eb shohim n\u00ebse klient\u00ebt tan\u00eb kan\u00eb hyr\u00eb n\u00eb sajt p\u00ebrmes nj\u00eb prej faqeve tona partnere, n\u00eb m\u00ebnyr\u00eb q\u00eb ne t&#039;i kreditojm\u00eb si\u00e7 duhet dhe, kur \u00ebsht\u00eb e mundur, t&#039;i lejojm\u00eb partner\u00ebt tan\u00eb t\u00eb filialeve t\u00eb ofrojn\u00eb \u00e7do promovim q\u00eb mund t\u00eb ju mund\u00ebsojn\u00eb t\u00eb b\u00ebni nj\u00eb blerje.<\/li>\n<\/ul>\n<h3 class=\"wp-block-heading\">Angazhimi i p\u00ebrdoruesit<\/h3>\n<p>P\u00ebrdoruesi merr p\u00ebrsip\u00ebr t\u00eb p\u00ebrdor\u00eb n\u00eb m\u00ebnyr\u00eb t\u00eb p\u00ebrshtatshme p\u00ebrmbajtjen dhe informacionin q\u00eb Info Bizy ofron n\u00eb faqen e internetit dhe me nj\u00eb natyr\u00eb t\u00eb theksuar, por jo kufizuese:<\/p>\n<ul>\n<li>A) T\u00eb mos p\u00ebrfshihen n\u00eb aktivitete q\u00eb jan\u00eb t\u00eb paligjshme ose n\u00eb kund\u00ebrshtim me mir\u00ebbesimin dhe rendin publik;<\/li>\n<li>B) T\u00eb mos shp\u00ebrndaj\u00eb propagand\u00eb ose p\u00ebrmbajtje t\u00eb natyr\u00ebs raciste, ksenofobike ose t\u00eb fatit t\u00eb keq, \u00e7do lloj pornografie t\u00eb paligjshme, falje p\u00ebr terroriz\u00ebm ose kund\u00ebr t\u00eb drejtave t\u00eb njeriut;<\/li>\n<li>C) Mos shkaktoni d\u00ebme n\u00eb sistemet fizike (hardware) dhe logjike (softuerike) t\u00eb Info Bizy, furnitor\u00ebve t\u00eb tij ose pal\u00ebve t\u00eb treta, p\u00ebr t\u00eb futur ose shp\u00ebrndar\u00eb viruse kompjuterike ose \u00e7do sistem tjet\u00ebr harduer ose softuer q\u00eb \u00ebsht\u00eb n\u00eb gjendje t\u00eb shkaktoj\u00eb d\u00ebmet e sip\u00ebrp\u00ebrmendura.<\/li>\n<\/ul>\n<h3 class=\"wp-block-heading\">M\u00eb shum\u00eb informacion<\/h3>\n<p>Shpresojm\u00eb q\u00eb kjo t\u00eb sqarohet dhe si\u00e7 u p\u00ebrmend m\u00eb her\u00ebt, n\u00ebse ka di\u00e7ka q\u00eb nuk jeni t\u00eb sigurt n\u00ebse ju nevojitet apo jo, \u00ebsht\u00eb p\u00ebrgjith\u00ebsisht m\u00eb e sigurt t\u00eb lini skedar\u00ebt e skedar\u00ebve t\u00eb aktivizuar n\u00ebse nd\u00ebrveproni me nj\u00eb nga ve\u00e7orit\u00eb q\u00eb p\u00ebrdorni n\u00eb faqen ton\u00eb t\u00eb internetit. Kjo politik\u00eb \u00ebsht\u00eb efektive nga <strong>janar<\/strong>\/<strong>2022<\/strong>.<\/p>\n<\/div>","protected":false},"excerpt":{"rendered":"<p>A sua privacidade \u00e9 importante para n\u00f3s. \u00c9 pol\u00edtica do Info Bizy respeitar a sua privacidade em rela\u00e7\u00e3o a qualquer informa\u00e7\u00e3o sua que possamos coletar no site Info Bizy, e outros sites que possu\u00edmos e operamos. Solicitamos informa\u00e7\u00f5es pessoais apenas quando realmente precisamos delas para lhe fornecer um servi\u00e7o. Fazemo-lo por meios justos e legais, [&hellip;]<\/p>\n","protected":false},"author":4,"featured_media":0,"parent":0,"menu_order":0,"comment_status":"closed","ping_status":"closed","template":"","meta":{"footnotes":""},"class_list":["post-419","page","type-page","status-publish"],"_links":{"self":[{"href":"https:\/\/infobizy.com\/sq\/wp-json\/wp\/v2\/pages\/419","targetHints":{"allow":["GET"]}}],"collection":[{"href":"https:\/\/infobizy.com\/sq\/wp-json\/wp\/v2\/pages"}],"about":[{"href":"https:\/\/infobizy.com\/sq\/wp-json\/wp\/v2\/types\/page"}],"author":[{"embeddable":true,"href":"https:\/\/infobizy.com\/sq\/wp-json\/wp\/v2\/users\/4"}],"replies":[{"embeddable":true,"href":"https:\/\/infobizy.com\/sq\/wp-json\/wp\/v2\/comments?post=419"}],"version-history":[{"count":8,"href":"https:\/\/infobizy.com\/sq\/wp-json\/wp\/v2\/pages\/419\/revisions"}],"predecessor-version":[{"id":1194,"href":"https:\/\/infobizy.com\/sq\/wp-json\/wp\/v2\/pages\/419\/revisions\/1194"}],"wp:attachment":[{"href":"https:\/\/infobizy.com\/sq\/wp-json\/wp\/v2\/media?parent=419"}],"curies":[{"name":"wp","href":"https:\/\/api.w.org\/{rel}","templated":true}]}}