{"id":419,"date":"2023-01-17T05:00:49","date_gmt":"2023-01-17T05:00:49","guid":{"rendered":"https:\/\/infobizy.com\/?page_id=419"},"modified":"2023-11-14T05:58:56","modified_gmt":"2023-11-14T05:58:56","slug":"integritetspolicy","status":"publish","type":"page","link":"https:\/\/infobizy.com\/sv\/politica-de-privacidade\/","title":{"rendered":"Integritetspolicy"},"content":{"rendered":"<div class=\"td-page-content tagdiv-type\">\n<p>Din integritet \u00e4r viktig f\u00f6r oss. Det \u00e4r politiken f\u00f6r <a href=\"https:\/\/infobizy.com\/sv\/\">Info Bizy<\/a> respektera din integritet ang\u00e5ende all information vi kan samla in fr\u00e5n dig p\u00e5 webbplatsen <a href=\"https:\/\/infobizy.com\/sv\/\">Info Bizy<\/a>, och andra webbplatser som vi \u00e4ger och driver. Vi ber bara om personlig information n\u00e4r vi verkligen beh\u00f6ver dem f\u00f6r att kunna ge dig en tj\u00e4nst. Vi g\u00f6r detta p\u00e5 r\u00e4ttvisa och lagliga s\u00e4tt, med din kunskap och ditt samtycke. Vi l\u00e5ter dig ocks\u00e5 veta varf\u00f6r vi samlar in den och hur den kommer att anv\u00e4ndas. Vi beh\u00e5ller endast insamlad information s\u00e5 l\u00e4nge det \u00e4r n\u00f6dv\u00e4ndigt f\u00f6r att tillhandah\u00e5lla den beg\u00e4rda tj\u00e4nsten. N\u00e4r vi lagrar data skyddar vi dem p\u00e5 kommersiellt godtagbara s\u00e4tt f\u00f6r att f\u00f6rhindra f\u00f6rlust och st\u00f6ld, s\u00e5v\u00e4l som obeh\u00f6rig \u00e5tkomst, avsl\u00f6jande, kopiering, anv\u00e4ndning eller modifiering. Vi delar inte personligt identifierbar information offentligt eller med tredje part, f\u00f6rutom vad som kr\u00e4vs enligt lag. V\u00e5r webbplats kan ha l\u00e4nkar till externa webbplatser som inte drivs av oss. Var medveten om att vi inte har n\u00e5gon kontroll \u00f6ver inneh\u00e5llet och praxis p\u00e5 dessa webbplatser och kan inte ta ansvar f\u00f6r deras respektive integritetspolicyer. Du \u00e4r fri att avb\u00f6ja v\u00e5r beg\u00e4ran om personlig information, med f\u00f6rst\u00e5else f\u00f6r att vi kanske inte kan ge dig n\u00e5gra av dina \u00f6nskade tj\u00e4nster. Din fortsatta anv\u00e4ndning av v\u00e5r webbplats kommer att anses acceptera v\u00e5r praxis kring integritet och personlig information. Om du har n\u00e5gra fr\u00e5gor om hur vi hanterar anv\u00e4ndardata och personlig information, v\u00e4nligen kontakta oss.<\/p>\n<h3 class=\"wp-block-heading\">Info Bizy Cookies Policy<\/h3>\n<h3 class=\"wp-block-heading\">Vad \u00e4r cookies?<\/h3>\n<p>Som det \u00e4r vanligt med n\u00e4stan alla professionella webbplatser anv\u00e4nder denna webbplats cookies, som \u00e4r sm\u00e5 filer som laddas ner till din dator, f\u00f6r att f\u00f6rb\u00e4ttra din upplevelse. Den h\u00e4r sidan beskriver vilken information de samlar in, hur vi anv\u00e4nder den och varf\u00f6r vi ibland beh\u00f6ver lagra dessa cookies. Vi kommer ocks\u00e5 att dela hur du kan f\u00f6rhindra att dessa cookies lagras, men detta kan nedgradera eller &quot;bryta&quot; vissa delar av webbplatsens funktionalitet.<\/p>\n<h3 class=\"wp-block-heading\">Hur anv\u00e4nder vi cookies?<\/h3>\n<p>Vi anv\u00e4nder cookies av en m\u00e4ngd olika sk\u00e4l, som beskrivs nedan. Tyv\u00e4rr finns det i de flesta fall inga branschstandardalternativ f\u00f6r att inaktivera cookies utan att helt inaktivera funktionaliteten och funktionerna som de l\u00e4gger till p\u00e5 denna webbplats. Det rekommenderas att du utel\u00e4mnar alla cookies om du \u00e4r os\u00e4ker p\u00e5 om du beh\u00f6ver dem eller inte om de anv\u00e4nds f\u00f6r att tillhandah\u00e5lla en tj\u00e4nst du anv\u00e4nder.<\/p>\n<h3 class=\"wp-block-heading\">inaktivera cookies<\/h3>\n<p>Du kan f\u00f6rhindra inst\u00e4llningen av cookies genom att justera dina webbl\u00e4sarinst\u00e4llningar (se webbl\u00e4sarens hj\u00e4lp f\u00f6r hur du g\u00f6r detta). Var medveten om att inaktivering av cookies kommer att p\u00e5verka funktionen hos denna och m\u00e5nga andra webbplatser du bes\u00f6ker. Inaktivering av cookies kommer i allm\u00e4nhet att leda till att vissa funktioner och funktioner p\u00e5 denna webbplats inaktiveras. D\u00e4rf\u00f6r rekommenderas det att du inte inaktiverar cookies.<\/p>\n<h3 class=\"wp-block-heading\">Cookies vi s\u00e4tter<\/h3>\n<ul>\n<li>Kontorelaterade cookies<\/li>\n<li>Om du skapar ett konto hos oss kommer vi att anv\u00e4nda cookies f\u00f6r att hantera registreringsprocessen och allm\u00e4n administration. Dessa cookies kommer vanligtvis att raderas n\u00e4r du loggar ut, men i vissa fall kan de finnas kvar efter\u00e5t f\u00f6r att komma ih\u00e5g dina webbplatsinst\u00e4llningar n\u00e4r du loggar ut.<\/li>\n<li>Inloggningsrelaterade cookies<\/li>\n<li>Vi anv\u00e4nder cookies n\u00e4r du \u00e4r inloggad s\u00e5 att vi kan komma ih\u00e5g denna \u00e5tg\u00e4rd. Detta g\u00f6r att du slipper logga in varje g\u00e5ng du bes\u00f6ker en ny sida. Dessa cookies tas normalt bort eller rensas n\u00e4r du loggar ut f\u00f6r att s\u00e4kerst\u00e4lla att du bara kan komma \u00e5t begr\u00e4nsade funktioner och omr\u00e5den n\u00e4r du \u00e4r inloggad.<\/li>\n<li>Cookies relaterade till nyhetsbrev via e-post<\/li>\n<li>Denna webbplats erbjuder nyhetsbrev eller e-postprenumerationstj\u00e4nster och cookies kan anv\u00e4ndas f\u00f6r att komma ih\u00e5g om du redan \u00e4r registrerad och om vissa meddelanden ska visas som endast g\u00e4ller f\u00f6r prenumererade\/avregistrerade anv\u00e4ndare.<\/li>\n<li>Best\u00e4llningar som bearbetar relaterade cookies<\/li>\n<li>Den h\u00e4r webbplatsen erbjuder e-handel eller betalningsm\u00f6jligheter och vissa cookies \u00e4r viktiga f\u00f6r att s\u00e4kerst\u00e4lla att din best\u00e4llning kommer ih\u00e5g mellan sidorna s\u00e5 att vi kan behandla den korrekt.<\/li>\n<li>S\u00f6krelaterade cookies<\/li>\n<li>Med j\u00e4mna mellanrum erbjuder vi unders\u00f6kningar och fr\u00e5geformul\u00e4r f\u00f6r att ge intressant information, anv\u00e4ndbara verktyg eller f\u00f6r att f\u00f6rst\u00e5 v\u00e5r anv\u00e4ndarbas mer exakt. Dessa unders\u00f6kningar kan anv\u00e4nda cookies f\u00f6r att komma ih\u00e5g vem som redan har deltagit i en unders\u00f6kning eller f\u00f6r att ge korrekta resultat efter att du byter sida.<\/li>\n<li>Formul\u00e4rrelaterade cookies<\/li>\n<li>N\u00e4r du skickar data via ett formul\u00e4r som de som finns p\u00e5 kontaktsidor eller kommentarsformul\u00e4r kan cookies st\u00e4llas in f\u00f6r att komma ih\u00e5g dina anv\u00e4ndaruppgifter f\u00f6r framtida korrespondens.<\/li>\n<li>Webbplatspreferenscookies<\/li>\n<li>F\u00f6r att ge dig en fantastisk upplevelse p\u00e5 den h\u00e4r webbplatsen tillhandah\u00e5ller vi funktionaliteten f\u00f6r att st\u00e4lla in dina preferenser f\u00f6r hur den h\u00e4r sidan k\u00f6rs n\u00e4r du anv\u00e4nder den. F\u00f6r att komma ih\u00e5g dina inst\u00e4llningar m\u00e5ste vi st\u00e4lla in cookies s\u00e5 att denna information kan anropas n\u00e4r du interagerar med en sida som p\u00e5verkas av dina inst\u00e4llningar.<\/li>\n<\/ul>\n<h3 class=\"wp-block-heading\">Tredjepartscookies<\/h3>\n<p>I vissa speciella fall anv\u00e4nder vi \u00e4ven cookies fr\u00e5n betrodda tredje parter. F\u00f6ljande avsnitt beskriver vilka tredjepartscookies du kan st\u00f6ta p\u00e5 via denna webbplats.<\/p>\n<ul>\n<li>Den h\u00e4r webbplatsen anv\u00e4nder Google Analytics, som \u00e4r en av de mest utbredda och p\u00e5litliga analysl\u00f6sningarna p\u00e5 webben, f\u00f6r att hj\u00e4lpa oss f\u00f6rst\u00e5 hur du anv\u00e4nder webbplatsen och hur vi kan f\u00f6rb\u00e4ttra din upplevelse. Dessa cookies kan sp\u00e5ra saker som hur l\u00e4nge du spenderar p\u00e5 webbplatsen och vilka sidor du bes\u00f6ker s\u00e5 att vi kan forts\u00e4tta att producera engagerande inneh\u00e5ll.<\/li>\n<\/ul>\n<p>F\u00f6r mer information om Google Analytics-cookies, se den officiella Google Analytics-sidan.<\/p>\n<ul>\n<li>Tredjepartsanalyser anv\u00e4nds f\u00f6r att sp\u00e5ra och m\u00e4ta anv\u00e4ndningen av denna webbplats s\u00e5 att vi kan forts\u00e4tta att producera engagerande inneh\u00e5ll. Dessa cookies kan sp\u00e5ra saker som hur l\u00e4nge du spenderar p\u00e5 webbplatsen eller vilka sidor du bes\u00f6ker, vilket hj\u00e4lper oss att f\u00f6rst\u00e5 hur vi kan f\u00f6rb\u00e4ttra webbplatsen \u00e5t dig.<\/li>\n<li>Med j\u00e4mna mellanrum testar vi nya funktioner och g\u00f6r subtila \u00e4ndringar i hur sidan ser ut. N\u00e4r vi fortfarande testar nya funktioner kan dessa cookies anv\u00e4ndas f\u00f6r att s\u00e4kerst\u00e4lla att du f\u00e5r en konsekvent upplevelse n\u00e4r du \u00e4r p\u00e5 webbplatsen samtidigt som du f\u00f6rst\u00e5r vilka optimeringar v\u00e5ra anv\u00e4ndare uppskattar mest.<\/li>\n<li>N\u00e4r vi s\u00e4ljer produkter \u00e4r det viktigt f\u00f6r oss att f\u00f6rst\u00e5 statistik om hur m\u00e5nga bes\u00f6kare p\u00e5 v\u00e5r sida som faktiskt g\u00f6r ett k\u00f6p, och d\u00e4rf\u00f6r \u00e4r det denna typ av data som dessa cookies kommer att sp\u00e5ra. Detta \u00e4r viktigt f\u00f6r dig eftersom det betyder att vi kan g\u00f6ra aff\u00e4rsf\u00f6ruts\u00e4gelser exakt som g\u00f6r att vi kan analysera v\u00e5ra annonserings- och produktkostnader f\u00f6r att s\u00e4kerst\u00e4lla b\u00e4sta m\u00f6jliga pris.<\/li>\n<li>Google AdSense-tj\u00e4nsten som vi anv\u00e4nder f\u00f6r att ge dig reklam anv\u00e4nder en DoubleClick-cookie f\u00f6r att visa dig mer relevanta annonser p\u00e5 webben och f\u00f6r att begr\u00e4nsa antalet g\u00e5nger en viss annons visas f\u00f6r dig. Mer information om AdSense finns i de officiella vanliga fr\u00e5gorna om AdSense-sekretess.<\/li>\n<li>Vi anv\u00e4nder annonser f\u00f6r att kompensera kostnaderna f\u00f6r att driva denna webbplats och f\u00f6r att tillhandah\u00e5lla finansiering f\u00f6r framtida utveckling. De beteendebaserade reklamcookies som anv\u00e4nds av denna webbplats \u00e4r utformade f\u00f6r att s\u00e4kerst\u00e4lla att vi f\u00f6rser dig med de mest relevanta annonserna d\u00e4r det \u00e4r m\u00f6jligt, sp\u00e5rar anonymt dina intressen och presenterar liknande saker som kan vara av intresse f\u00f6r dig.<\/li>\n<li>Olika partners annonserar \u00e5 v\u00e5ra v\u00e4gnar och affiliate tracking cookies till\u00e5ter oss helt enkelt att se om v\u00e5ra kunder har bes\u00f6kt webbplatsen via en av v\u00e5ra partners webbplatser s\u00e5 att vi kan kreditera dem korrekt och, i f\u00f6rekommande fall, till\u00e5ta v\u00e5ra affiliate partners att erbjuda alla erbjudanden som kan ger dig ett k\u00f6p.<\/li>\n<\/ul>\n<h3 class=\"wp-block-heading\">Anv\u00e4ndarens engagemang<\/h3>\n<p>Anv\u00e4ndaren f\u00f6rbinder sig att p\u00e5 l\u00e4mpligt s\u00e4tt anv\u00e4nda inneh\u00e5llet och informationen som Info Bizy erbjuder p\u00e5 webbplatsen och med en uttalande men inte begr\u00e4nsande karakt\u00e4r:<\/p>\n<ul>\n<li>A) Att inte delta i aktiviteter som \u00e4r olagliga eller strider mot god tro och allm\u00e4n ordning;<\/li>\n<li>B) Att inte sprida propaganda eller inneh\u00e5ll av rasistisk, fr\u00e4mlingsfientlighet eller oturskarakt\u00e4r, n\u00e5gon form av olaglig pornografi, urs\u00e4kt f\u00f6r terrorism eller mot m\u00e4nskliga r\u00e4ttigheter;<\/li>\n<li>C) F\u00f6rorsak inte skada p\u00e5 de fysiska (h\u00e5rdvaran) och logiska (mjukvaran) systemen hos Info Bizy, dess leverant\u00f6rer eller tredje parter, f\u00f6r att introducera eller sprida datavirus eller n\u00e5gon annan h\u00e5rdvara eller mjukvara som kan orsaka ovann\u00e4mnda skador.<\/li>\n<\/ul>\n<h3 class=\"wp-block-heading\">Mer information<\/h3>\n<p>F\u00f6rhoppningsvis \u00e4r det uppklarat, och som tidigare n\u00e4mnts, om det \u00e4r n\u00e5got du inte \u00e4r s\u00e4ker p\u00e5 om du beh\u00f6ver eller inte, \u00e4r det generellt sett s\u00e4krare att l\u00e4mna cookies aktiverade om du interagerar med n\u00e5gon av funktionerna du anv\u00e4nder p\u00e5 v\u00e5r webbplats. Denna policy g\u00e4ller fr\u00e5n <strong>januari<\/strong>\/<strong>2022<\/strong>.<\/p>\n<\/div>","protected":false},"excerpt":{"rendered":"<p>A sua privacidade \u00e9 importante para n\u00f3s. \u00c9 pol\u00edtica do Info Bizy respeitar a sua privacidade em rela\u00e7\u00e3o a qualquer informa\u00e7\u00e3o sua que possamos coletar no site Info Bizy, e outros sites que possu\u00edmos e operamos. Solicitamos informa\u00e7\u00f5es pessoais apenas quando realmente precisamos delas para lhe fornecer um servi\u00e7o. Fazemo-lo por meios justos e legais, [&hellip;]<\/p>\n","protected":false},"author":4,"featured_media":0,"parent":0,"menu_order":0,"comment_status":"closed","ping_status":"closed","template":"","meta":{"footnotes":""},"class_list":["post-419","page","type-page","status-publish"],"_links":{"self":[{"href":"https:\/\/infobizy.com\/sv\/wp-json\/wp\/v2\/pages\/419","targetHints":{"allow":["GET"]}}],"collection":[{"href":"https:\/\/infobizy.com\/sv\/wp-json\/wp\/v2\/pages"}],"about":[{"href":"https:\/\/infobizy.com\/sv\/wp-json\/wp\/v2\/types\/page"}],"author":[{"embeddable":true,"href":"https:\/\/infobizy.com\/sv\/wp-json\/wp\/v2\/users\/4"}],"replies":[{"embeddable":true,"href":"https:\/\/infobizy.com\/sv\/wp-json\/wp\/v2\/comments?post=419"}],"version-history":[{"count":8,"href":"https:\/\/infobizy.com\/sv\/wp-json\/wp\/v2\/pages\/419\/revisions"}],"predecessor-version":[{"id":1194,"href":"https:\/\/infobizy.com\/sv\/wp-json\/wp\/v2\/pages\/419\/revisions\/1194"}],"wp:attachment":[{"href":"https:\/\/infobizy.com\/sv\/wp-json\/wp\/v2\/media?parent=419"}],"curies":[{"name":"wp","href":"https:\/\/api.w.org\/{rel}","templated":true}]}}