{"id":419,"date":"2023-01-17T05:00:49","date_gmt":"2023-01-17T05:00:49","guid":{"rendered":"https:\/\/infobizy.com\/?page_id=419"},"modified":"2023-11-14T05:58:56","modified_gmt":"2023-11-14T05:58:56","slug":"gizlilik-politikasi","status":"publish","type":"page","link":"https:\/\/infobizy.com\/tr\/politica-de-privacidade\/","title":{"rendered":"Gizlilik Politikas\u0131"},"content":{"rendered":"<div class=\"td-page-content tagdiv-type\">\n<p>Gizlili\u011finiz bizim i\u00e7in \u00f6nemlidir. politikas\u0131 <a href=\"https:\/\/infobizy.com\/tr\/\">Bilgi Bizy<\/a> Sitede sizden toplayabilece\u011fimiz herhangi bir bilgiyle ilgili gizlili\u011finize sayg\u0131 g\u00f6sterin <a href=\"https:\/\/infobizy.com\/tr\/\">Bilgi Bizy<\/a>ve sahibi oldu\u011fumuz ve i\u015fletti\u011fimiz di\u011fer web siteleri. Ki\u015fisel bilgileri yaln\u0131zca size bir hizmet sunmak i\u00e7in ger\u00e7ekten ihtiyac\u0131m\u0131z oldu\u011funda isteriz. Bunu, sizin bilginiz ve izninizle adil ve yasal yollarla yap\u0131yoruz. Ayr\u0131ca bunlar\u0131 neden toplad\u0131\u011f\u0131m\u0131z\u0131 ve nas\u0131l kullan\u0131laca\u011f\u0131n\u0131 da size bildiririz. Toplanan bilgileri yaln\u0131zca istenen hizmeti sa\u011flamak i\u00e7in gerekli oldu\u011fu s\u00fcrece saklar\u0131z. Verileri saklad\u0131\u011f\u0131m\u0131zda, kay\u0131p ve h\u0131rs\u0131zl\u0131\u011f\u0131n yan\u0131 s\u0131ra yetkisiz eri\u015fim, if\u015fa, kopyalama, kullan\u0131m veya de\u011fi\u015ftirmeyi \u00f6nlemek i\u00e7in ticari olarak kabul edilebilir yollarla koruruz. Yasalar\u0131n gerektirdi\u011fi durumlar d\u0131\u015f\u0131nda, ki\u015fisel olarak tan\u0131mlanabilir bilgileri halka a\u00e7\u0131k olarak veya \u00fc\u00e7\u00fcnc\u00fc taraflarla payla\u015fmay\u0131z. Web sitemiz, taraf\u0131m\u0131zca i\u015fletilmeyen harici web sitelerine ba\u011flant\u0131lar i\u00e7erebilir. L\u00fctfen bu sitelerin i\u00e7eri\u011fi ve uygulamalar\u0131 \u00fczerinde hi\u00e7bir kontrol\u00fcm\u00fcz\u00fcn olmad\u0131\u011f\u0131n\u0131 ve ilgili gizlilik politikalar\u0131 i\u00e7in sorumluluk kabul edemeyece\u011fimizi unutmay\u0131n. \u0130stedi\u011finiz hizmetlerden baz\u0131lar\u0131n\u0131 size sa\u011flayamayaca\u011f\u0131m\u0131z\u0131 anlayarak, ki\u015fisel bilgi talebimizi reddetmekte \u00f6zg\u00fcrs\u00fcn\u00fcz. Web sitemizi kullanmaya devam etmeniz, gizlilik ve ki\u015fisel bilgilerle ilgili uygulamalar\u0131m\u0131z\u0131 kabul etti\u011finiz anlam\u0131na gelecektir. Kullan\u0131c\u0131 verilerini ve ki\u015fisel bilgileri nas\u0131l i\u015fledi\u011fimiz hakk\u0131nda herhangi bir sorunuz varsa, l\u00fctfen bizimle ileti\u015fime ge\u00e7in.<\/p>\n<h3 class=\"wp-block-heading\">Info Bizy \u00c7erez Politikas\u0131<\/h3>\n<h3 class=\"wp-block-heading\">\u00c7erezler nedir?<\/h3>\n<p>Neredeyse t\u00fcm profesyonel web sitelerinde oldu\u011fu gibi, bu site de deneyiminizi geli\u015ftirmek i\u00e7in bilgisayar\u0131n\u0131za indirilen k\u00fc\u00e7\u00fck dosyalar olan \u00e7erezleri kullan\u0131r. Bu sayfada hangi bilgileri toplad\u0131klar\u0131n\u0131, bunlar\u0131 nas\u0131l kulland\u0131\u011f\u0131m\u0131z\u0131 ve neden bazen bu \u00e7erezleri saklamam\u0131z gerekti\u011fini a\u00e7\u0131kl\u0131yoruz. Ayr\u0131ca bu \u00e7erezlerin saklanmas\u0131n\u0131 nas\u0131l \u00f6nleyebilece\u011finizi de payla\u015faca\u011f\u0131z; ancak bu, sitenin i\u015flevselli\u011finin belirli \u00f6\u011felerinin d\u00fczeyini d\u00fc\u015f\u00fcrebilir veya &#039;bozabilir&#039;.<\/p>\n<h3 class=\"wp-block-heading\">\u00c7erezleri nas\u0131l kullan\u0131r\u0131z?<\/h3>\n<p>\u00c7erezleri a\u015fa\u011f\u0131da ayr\u0131nt\u0131lar\u0131 verilen \u00e7e\u015fitli nedenlerle kullan\u0131yoruz. Ne yaz\u0131k ki, \u00e7o\u011fu durumda, bu web sitesine ekledikleri i\u015flevsellik ve \u00f6zellikleri tamamen devre d\u0131\u015f\u0131 b\u0131rakmadan \u00e7erezleri devre d\u0131\u015f\u0131 b\u0131rakmak i\u00e7in end\u00fcstri standard\u0131 se\u00e7enekler yoktur. Kulland\u0131\u011f\u0131n\u0131z bir hizmeti sa\u011flamak i\u00e7in kullan\u0131l\u0131yorlarsa, onlara ihtiyac\u0131n\u0131z olup olmad\u0131\u011f\u0131ndan emin de\u011filseniz, t\u00fcm \u00e7erezleri d\u0131\u015far\u0131da b\u0131rakman\u0131z \u00f6nerilir.<\/p>\n<h3 class=\"wp-block-heading\">tan\u0131mlama bilgilerini devre d\u0131\u015f\u0131 b\u0131rak<\/h3>\n<p>Taray\u0131c\u0131 ayarlar\u0131n\u0131z\u0131 de\u011fi\u015ftirerek tan\u0131mlama bilgilerinin ayarlanmas\u0131n\u0131 engelleyebilirsiniz (bunu nas\u0131l yapaca\u011f\u0131n\u0131z\u0131 \u00f6\u011frenmek i\u00e7in taray\u0131c\u0131n\u0131z\u0131n Yard\u0131m\u0131na bak\u0131n). \u00c7erezleri devre d\u0131\u015f\u0131 b\u0131rakman\u0131n, bu ve ziyaret etti\u011finiz di\u011fer bir\u00e7ok web sitesinin i\u015flevselli\u011fini etkileyece\u011fini l\u00fctfen unutmay\u0131n. \u00c7erezlerin devre d\u0131\u015f\u0131 b\u0131rak\u0131lmas\u0131, genellikle bu web sitesinin belirli i\u015flev ve \u00f6zelliklerinin devre d\u0131\u015f\u0131 b\u0131rak\u0131lmas\u0131yla sonu\u00e7lanacakt\u0131r. Bu nedenle \u00e7erezleri devre d\u0131\u015f\u0131 b\u0131rakmaman\u0131z \u00f6nerilir.<\/p>\n<h3 class=\"wp-block-heading\">Belirledi\u011fimiz \u00e7erezler<\/h3>\n<ul>\n<li>Hesapla ilgili \u00e7erezler<\/li>\n<li>Bizde bir hesap olu\u015fturursan\u0131z kay\u0131t s\u00fcrecini ve genel y\u00f6netimi y\u00f6netmek i\u00e7in \u00e7erezleri kullanaca\u011f\u0131z. Bu \u00e7erezler genellikle \u00e7\u0131k\u0131\u015f yapt\u0131\u011f\u0131n\u0131zda silinir, ancak baz\u0131 durumlarda \u00e7\u0131k\u0131\u015f yapt\u0131\u011f\u0131n\u0131zda site tercihlerinizi hat\u0131rlamak i\u00e7in daha sonra da kalabilirler.<\/li>\n<li>Giri\u015fle ilgili \u00e7erezler<\/li>\n<li>Bu eylemi hat\u0131rlayabilmemiz i\u00e7in oturum a\u00e7t\u0131\u011f\u0131n\u0131zda \u00e7erezleri kullan\u0131r\u0131z. Bu, sizi her yeni sayfay\u0131 ziyaret etti\u011finizde oturum a\u00e7ma zorunlulu\u011fundan kurtar\u0131r. Oturum a\u00e7t\u0131\u011f\u0131n\u0131zda yaln\u0131zca k\u0131s\u0131tl\u0131 \u00f6zelliklere ve alanlara eri\u015febilmenizi sa\u011flamak i\u00e7in bu \u00e7erezler normalde oturumunuzu kapatt\u0131\u011f\u0131n\u0131zda kald\u0131r\u0131l\u0131r veya temizlenir.<\/li>\n<li>E-posta b\u00fcltenleriyle ilgili \u00e7erezler<\/li>\n<li>Bu site haber b\u00fclteni veya e-posta aboneli\u011fi hizmetleri sunmaktad\u0131r ve \u00e7erezler, halihaz\u0131rda kay\u0131tl\u0131 olup olmad\u0131\u011f\u0131n\u0131z\u0131 ve yaln\u0131zca abone olan\/abone olmayan kullan\u0131c\u0131lar i\u00e7in ge\u00e7erli olan belirli bildirimlerin g\u00f6sterilip g\u00f6sterilmeyece\u011fini hat\u0131rlamak i\u00e7in kullan\u0131labilir.<\/li>\n<li>\u0130lgili \u00e7erezleri i\u015fleyen sipari\u015fler<\/li>\n<li>Bu site, e-ticaret veya \u00f6deme olanaklar\u0131 sunmaktad\u0131r ve baz\u0131 \u00e7erezler, sipari\u015finizin d\u00fczg\u00fcn bir \u015fekilde i\u015fleyebilmemiz i\u00e7in sayfalar aras\u0131nda hat\u0131rlanmas\u0131n\u0131 sa\u011flamak i\u00e7in gereklidir.<\/li>\n<li>Aramayla ilgili \u00e7erezler<\/li>\n<li>\u0130lgin\u00e7 bilgiler, faydal\u0131 ara\u00e7lar sa\u011flamak veya kullan\u0131c\u0131 taban\u0131m\u0131z\u0131 daha do\u011fru anlamak i\u00e7in periyodik olarak anketler ve soru formlar\u0131 sunuyoruz. Bu anketler, bir ankete daha \u00f6nce kimlerin kat\u0131ld\u0131\u011f\u0131n\u0131 hat\u0131rlamak veya sayfalar\u0131 de\u011fi\u015ftirdikten sonra do\u011fru sonu\u00e7lar sa\u011flamak i\u00e7in \u00e7erezleri kullanabilir.<\/li>\n<li>Formlarla ilgili \u00e7erezler<\/li>\n<li>\u0130leti\u015fim sayfalar\u0131nda veya yorum formlar\u0131nda bulunanlar gibi bir form arac\u0131l\u0131\u011f\u0131yla veri g\u00f6nderdi\u011finizde, gelecekteki yaz\u0131\u015fmalarda kullan\u0131c\u0131 bilgilerinizi hat\u0131rlamak i\u00e7in \u00e7erezler ayarlanabilir.<\/li>\n<li>Site tercihi \u00e7erezleri<\/li>\n<li>Size bu sitede harika bir deneyim sunmak i\u00e7in, bu siteyi kulland\u0131\u011f\u0131n\u0131zda nas\u0131l \u00e7al\u0131\u015faca\u011f\u0131na ili\u015fkin tercihlerinizi ayarlaman\u0131za olanak tan\u0131yan i\u015flevsellik sa\u011fl\u0131yoruz. Tercihlerinizi hat\u0131rlamak i\u00e7in, tercihlerinizden etkilenen bir sayfayla etkile\u015fimde bulundu\u011funuzda bu bilgilerin \u00e7a\u011fr\u0131labilmesi i\u00e7in \u00e7erezleri ayarlamam\u0131z gerekir.<\/li>\n<\/ul>\n<h3 class=\"wp-block-heading\">\u00dc\u00e7\u00fcnc\u00fc Taraf \u00c7erezler<\/h3>\n<p>Baz\u0131 \u00f6zel durumlarda, g\u00fcvenilir \u00fc\u00e7\u00fcnc\u00fc taraflarca sa\u011flanan \u00e7erezleri de kullan\u0131r\u0131z. A\u015fa\u011f\u0131daki b\u00f6l\u00fcm, bu web sitesi arac\u0131l\u0131\u011f\u0131yla hangi \u00fc\u00e7\u00fcnc\u00fc taraf tan\u0131mlama bilgileriyle kar\u015f\u0131la\u015fabilece\u011finizi ayr\u0131nt\u0131lar\u0131yla a\u00e7\u0131klar.<\/p>\n<ul>\n<li>Bu web sitesi, web sitesini nas\u0131l kulland\u0131\u011f\u0131n\u0131z\u0131 ve deneyiminizi nas\u0131l iyile\u015ftirebilece\u011fimizi anlamam\u0131za yard\u0131mc\u0131 olmas\u0131 i\u00e7in web&#039;deki en yayg\u0131n ve g\u00fcvenilir analiz \u00e7\u00f6z\u00fcmlerinden biri olan Google Analytics&#039;i kullan\u0131r. Bu \u00e7erezler, ilgi \u00e7ekici i\u00e7erikler \u00fcretmeye devam edebilmemiz i\u00e7in sitede ne kadar zaman ge\u00e7irdi\u011finiz ve hangi sayfalar\u0131 ziyaret etti\u011finiz gibi \u015feyleri takip edebilir.<\/li>\n<\/ul>\n<p>Google Analytics \u00e7erezleri hakk\u0131nda daha fazla bilgi i\u00e7in resmi Google Analytics sayfas\u0131na bak\u0131n.<\/p>\n<ul>\n<li>\u0130lgi \u00e7ekici i\u00e7erik \u00fcretmeye devam edebilmemiz i\u00e7in bu sitenin kullan\u0131m\u0131n\u0131 izlemek ve \u00f6l\u00e7mek i\u00e7in \u00fc\u00e7\u00fcnc\u00fc taraf analizleri kullan\u0131l\u0131r. Bu tan\u0131mlama bilgileri, sitede ne kadar zaman harcad\u0131\u011f\u0131n\u0131z veya hangi sayfalar\u0131 ziyaret etti\u011finiz gibi \u015feyleri izleyebilir ve bu da siteyi sizin i\u00e7in nas\u0131l geli\u015ftirebilece\u011fimizi anlamam\u0131za yard\u0131mc\u0131 olur.<\/li>\n<li>Periyodik olarak, yeni \u00f6zellikleri test ediyoruz ve sitenin g\u00f6r\u00fcn\u00fcm\u00fcnde ince de\u011fi\u015fiklikler yap\u0131yoruz. H\u00e2l\u00e2 yeni \u00f6zellikleri test ederken, bu tan\u0131mlama bilgileri, kullan\u0131c\u0131lar\u0131m\u0131z\u0131n en \u00e7ok hangi optimizasyonlar\u0131 takdir etti\u011fini anlaman\u0131n yan\u0131 s\u0131ra sitedeyken tutarl\u0131 bir deneyim ya\u015faman\u0131z\u0131 sa\u011flamak i\u00e7in kullan\u0131labilir.<\/li>\n<li>\u00dcr\u00fcn satarken, sitemizi ziyaret eden ka\u00e7 ziyaret\u00e7inin ger\u00e7ekten bir sat\u0131n alma i\u015flemi yapt\u0131\u011f\u0131na ili\u015fkin istatistikleri anlamam\u0131z bizim i\u00e7in \u00f6nemlidir ve bu nedenle bu \u00e7erezlerin izleyece\u011fi veri t\u00fcr\u00fc budur. Bu, m\u00fcmk\u00fcn olan en iyi fiyat\u0131 sa\u011flamak i\u00e7in reklam ve \u00fcr\u00fcn maliyetlerimizi analiz etmemizi sa\u011flayan do\u011fru i\u015f tahminleri yapabilece\u011fimiz anlam\u0131na geldi\u011finden, sizin i\u00e7in \u00f6nemlidir.<\/li>\n<li>Size reklam sunmak i\u00e7in kulland\u0131\u011f\u0131m\u0131z Google AdSense hizmeti, size web&#039;de daha alakal\u0131 reklamlar sunmak ve belirli bir reklam\u0131n size g\u00f6sterilme say\u0131s\u0131n\u0131 s\u0131n\u0131rlamak i\u00e7in bir DoubleClick \u00e7erezi kullan\u0131r. AdSense hakk\u0131nda daha fazla bilgi i\u00e7in resmi AdSense Gizlilik SSS&#039;sine bak\u0131n.<\/li>\n<li>Bu web sitesini \u00e7al\u0131\u015ft\u0131rma maliyetlerini dengelemek ve gelecekteki geli\u015ftirmeler i\u00e7in fon sa\u011flamak i\u00e7in reklamlar\u0131 kullan\u0131yoruz. Bu web sitesi taraf\u0131ndan kullan\u0131lan davran\u0131\u015fsal reklam \u00e7erezleri, ilgi alanlar\u0131n\u0131z\u0131 anonim olarak takip ederek ve ilginizi \u00e7ekebilecek benzer \u015feyleri size sunarak, size m\u00fcmk\u00fcn olan en alakal\u0131 reklamlar\u0131 sunmam\u0131z\u0131 sa\u011flamak i\u00e7in tasarlanm\u0131\u015ft\u0131r.<\/li>\n<li>\u00c7e\u015fitli ortaklar bizim ad\u0131m\u0131za reklam verir ve ba\u011fl\u0131 kurulu\u015f izleme tan\u0131mlama bilgileri, m\u00fc\u015fterilerimizin siteye ortak sitelerimizden biri arac\u0131l\u0131\u011f\u0131yla eri\u015fip eri\u015fmedi\u011fini g\u00f6rmemize izin verir, b\u00f6ylece onlar\u0131 uygun \u015fekilde kredilendirebiliriz ve uygun oldu\u011funda, ba\u011fl\u0131 ortaklar\u0131m\u0131z\u0131n herhangi bir promosyon sunmas\u0131na izin verir. bir sat\u0131n alma yapman\u0131z\u0131 sa\u011flar.<\/li>\n<\/ul>\n<h3 class=\"wp-block-heading\">Kullan\u0131c\u0131 Taahh\u00fcd\u00fc<\/h3>\n<p>Kullan\u0131c\u0131, Info Bizy&#039;nin web sitesinde sundu\u011fu i\u00e7erik ve bilgileri a\u00e7\u0131klay\u0131c\u0131 ancak s\u0131n\u0131rlay\u0131c\u0131 olmayan nitelikte kullanmay\u0131 taahh\u00fct eder:<\/p>\n<ul>\n<li>A) Kanuna ayk\u0131r\u0131, iyiniyet ve kamu d\u00fczenine ayk\u0131r\u0131 faaliyetlerde bulunmamak;<\/li>\n<li>B) Irk\u00e7\u0131, yabanc\u0131 d\u00fc\u015fman\u0131 veya \u015fanss\u0131zl\u0131k niteli\u011finde propaganda veya i\u00e7erik, her t\u00fcrl\u00fc yasa d\u0131\u015f\u0131 pornografi, ter\u00f6rizm veya insan haklar\u0131na kar\u015f\u0131 \u00f6z\u00fcr yaymamak;<\/li>\n<li>C) Info Bizy&#039;nin, tedarik\u00e7ilerinin veya \u00fc\u00e7\u00fcnc\u00fc taraflar\u0131n fiziksel (donan\u0131m) ve mant\u0131ksal (yaz\u0131l\u0131m) sistemlerine zarar vermeyecek, bilgisayar vir\u00fcsleri veya yukar\u0131da belirtilen zararlara neden olabilecek di\u011fer donan\u0131m veya yaz\u0131l\u0131m sistemlerini sokmayacak veya yaymayacaks\u0131n\u0131z.<\/li>\n<\/ul>\n<h3 class=\"wp-block-heading\">Daha fazla bilgi<\/h3>\n<p>Umar\u0131z bu sorun giderilmi\u015ftir ve daha \u00f6nce de belirtildi\u011fi gibi, ihtiyac\u0131n\u0131z olup olmad\u0131\u011f\u0131ndan emin olmad\u0131\u011f\u0131n\u0131z bir \u015fey varsa, web sitemizde kulland\u0131\u011f\u0131n\u0131z \u00f6zelliklerden biriyle etkile\u015fime ge\u00e7ti\u011finizde genellikle \u00e7erezleri etkin b\u0131rakmak daha g\u00fcvenlidir. Bu politika, <strong>Ocak<\/strong>\/<strong>2022<\/strong>.<\/p>\n<\/div>","protected":false},"excerpt":{"rendered":"<p>A sua privacidade \u00e9 importante para n\u00f3s. \u00c9 pol\u00edtica do Info Bizy respeitar a sua privacidade em rela\u00e7\u00e3o a qualquer informa\u00e7\u00e3o sua que possamos coletar no site Info Bizy, e outros sites que possu\u00edmos e operamos. Solicitamos informa\u00e7\u00f5es pessoais apenas quando realmente precisamos delas para lhe fornecer um servi\u00e7o. Fazemo-lo por meios justos e legais, [&hellip;]<\/p>\n","protected":false},"author":4,"featured_media":0,"parent":0,"menu_order":0,"comment_status":"closed","ping_status":"closed","template":"","meta":{"footnotes":""},"class_list":["post-419","page","type-page","status-publish"],"_links":{"self":[{"href":"https:\/\/infobizy.com\/tr\/wp-json\/wp\/v2\/pages\/419","targetHints":{"allow":["GET"]}}],"collection":[{"href":"https:\/\/infobizy.com\/tr\/wp-json\/wp\/v2\/pages"}],"about":[{"href":"https:\/\/infobizy.com\/tr\/wp-json\/wp\/v2\/types\/page"}],"author":[{"embeddable":true,"href":"https:\/\/infobizy.com\/tr\/wp-json\/wp\/v2\/users\/4"}],"replies":[{"embeddable":true,"href":"https:\/\/infobizy.com\/tr\/wp-json\/wp\/v2\/comments?post=419"}],"version-history":[{"count":8,"href":"https:\/\/infobizy.com\/tr\/wp-json\/wp\/v2\/pages\/419\/revisions"}],"predecessor-version":[{"id":1194,"href":"https:\/\/infobizy.com\/tr\/wp-json\/wp\/v2\/pages\/419\/revisions\/1194"}],"wp:attachment":[{"href":"https:\/\/infobizy.com\/tr\/wp-json\/wp\/v2\/media?parent=419"}],"curies":[{"name":"wp","href":"https:\/\/api.w.org\/{rel}","templated":true}]}}