{"id":129,"date":"2023-01-17T02:02:30","date_gmt":"2023-01-17T02:02:30","guid":{"rendered":"https:\/\/infobizy.com\/?page_id=129"},"modified":"2023-11-14T05:54:44","modified_gmt":"2023-11-14T05:54:44","slug":"%d8%a7%d8%b3%d8%aa%d8%b9%d9%85%d8%a7%d9%84-%da%a9%d8%b1%d9%86%db%92-%da%a9%db%8c-%d8%b4%d8%b1%d8%a7%d8%a6%d8%b7","status":"publish","type":"page","link":"https:\/\/infobizy.com\/ur\/termos-de-uso\/","title":{"rendered":"\u0627\u0633\u062a\u0639\u0645\u0627\u0644 \u06a9\u0631\u0646\u06d2 \u06a9\u06cc \u0634\u0631\u0627\u0626\u0637"},"content":{"rendered":"<h3 class=\"wp-block-heading\" id=\"1-termos\">1. \u0634\u0631\u0627\u0626\u0637<\/h3>\n\n\n\n<p>\u0648\u06cc\u0628 \u0633\u0627\u0626\u0679 \u062a\u06a9 \u0631\u0633\u0627\u0626\u06cc \u062d\u0627\u0635\u0644 \u06a9\u0631\u062a\u06d2 \u0648\u0642\u062a <a href=\"https:\/\/infobizy.com\/ur\/\">\u0645\u0639\u0644\u0648\u0645\u0627\u062a Bizy<\/a>\u060c \u0622\u067e \u0633\u0631\u0648\u0633 \u06a9\u06cc \u0627\u0646 \u0634\u0631\u0627\u0626\u0637\u060c \u062a\u0645\u0627\u0645 \u0642\u0627\u0628\u0644 \u0627\u0637\u0644\u0627\u0642 \u0642\u0648\u0627\u0646\u06cc\u0646 \u0627\u0648\u0631 \u0636\u0648\u0627\u0628\u0637 \u06a9\u06cc \u062a\u0639\u0645\u06cc\u0644 \u06a9\u0631\u0646\u06d2 \u0633\u06d2 \u0627\u062a\u0641\u0627\u0642 \u06a9\u0631\u062a\u06d2 \u06c1\u06cc\u06ba\u060c \u0627\u0648\u0631 \u0627\u0633 \u0628\u0627\u062a \u0633\u06d2 \u0627\u062a\u0641\u0627\u0642 \u06a9\u0631\u062a\u06d2 \u06c1\u06cc\u06ba \u06a9\u06c1 \u0622\u067e \u06a9\u0633\u06cc \u0628\u06be\u06cc \u0642\u0627\u0628\u0644 \u0627\u0637\u0644\u0627\u0642 \u0645\u0642\u0627\u0645\u06cc \u0642\u0648\u0627\u0646\u06cc\u0646 \u06a9\u06cc \u062a\u0639\u0645\u06cc\u0644 \u06a9\u06d2 \u0630\u0645\u06c1 \u062f\u0627\u0631 \u06c1\u06cc\u06ba\u06d4 \u0627\u06af\u0631 \u0622\u067e \u0627\u0646 \u0634\u0631\u0627\u0626\u0637 \u0645\u06cc\u06ba \u0633\u06d2 \u06a9\u0633\u06cc \u0633\u06d2 \u0645\u062a\u0641\u0642 \u0646\u06c1\u06cc\u06ba \u06c1\u06cc\u06ba\u060c \u062a\u0648 \u0622\u067e \u06a9\u0648 \u0627\u0633 \u0633\u0627\u0626\u0679 \u06a9\u0648 \u0627\u0633\u062a\u0639\u0645\u0627\u0644 \u06a9\u0631\u0646\u06d2 \u06cc\u0627 \u0627\u0633 \u062a\u06a9 \u0631\u0633\u0627\u0626\u06cc \u062d\u0627\u0635\u0644 \u06a9\u0631\u0646\u06d2 \u0633\u06d2 \u0645\u0646\u0639 \u06a9\u06cc\u0627 \u06af\u06cc\u0627 \u06c1\u06d2\u06d4 \u0627\u0633 \u0633\u0627\u0626\u0679 \u0645\u06cc\u06ba \u0645\u0648\u062c\u0648\u062f \u0645\u0648\u0627\u062f \u0642\u0627\u0628\u0644 \u0627\u0637\u0644\u0627\u0642 \u06a9\u0627\u067e\u06cc \u0631\u0627\u0626\u0679 \u0627\u0648\u0631 \u0679\u0631\u06cc\u0688 \u0645\u0627\u0631\u06a9 \u0642\u0648\u0627\u0646\u06cc\u0646 \u06a9\u06d2 \u0630\u0631\u06cc\u0639\u06d2 \u0645\u062d\u0641\u0648\u0638 \u06c1\u06cc\u06ba\u06d4<\/p>\n\n\n\n<h3 class=\"wp-block-heading\" id=\"2-uso-de-licenca\">2. \u0644\u0627\u0626\u0633\u0646\u0633 \u06a9\u0627 \u0627\u0633\u062a\u0639\u0645\u0627\u0644<\/h3>\n\n\n\n<p>\u0635\u0631\u0641 \u0630\u0627\u062a\u06cc\u060c \u063a\u06cc\u0631 \u062a\u062c\u0627\u0631\u062a\u06cc \u0639\u0627\u0631\u0636\u06cc \u062f\u06cc\u06a9\u06be\u0646\u06d2 \u06a9\u06d2 \u0644\u06cc\u06d2 Info Bizy \u06a9\u06cc \u0648\u06cc\u0628 \u0633\u0627\u0626\u0679 \u067e\u0631 \u0645\u0648\u0627\u062f (\u0645\u0639\u0644\u0648\u0645\u0627\u062a \u06cc\u0627 \u0633\u0627\u0641\u0679 \u0648\u06cc\u0626\u0631) \u06a9\u06cc \u0627\u06cc\u06a9 \u06a9\u0627\u067e\u06cc \u0639\u0627\u0631\u0636\u06cc \u0637\u0648\u0631 \u067e\u0631 \u0688\u0627\u0624\u0646 \u0644\u0648\u0688 \u06a9\u0631\u0646\u06d2 \u06a9\u06cc \u0627\u062c\u0627\u0632\u062a \u062f\u06cc \u062c\u0627\u062a\u06cc \u06c1\u06d2\u06d4 \u06cc\u06c1 \u0644\u0627\u0626\u0633\u0646\u0633 \u06a9\u06cc \u0645\u0646\u0638\u0648\u0631\u06cc \u06c1\u06d2\u060c \u0639\u0646\u0648\u0627\u0646 \u06a9\u06cc \u0645\u0646\u062a\u0642\u0644\u06cc \u0646\u06c1\u06cc\u06ba\u060c \u0627\u0648\u0631 \u0627\u0633 \u0644\u0627\u0626\u0633\u0646\u0633 \u06a9\u06d2 \u062a\u062d\u062a \u0622\u067e \u06cc\u06c1 \u0646\u06c1\u06cc\u06ba \u06a9\u0631 \u0633\u06a9\u062a\u06d2 \u06c1\u06cc\u06ba:&nbsp;<\/p>\n\n\n\n<ol class=\"wp-block-list\">\n<li>\u0645\u0648\u0627\u062f \u0645\u06cc\u06ba \u062a\u0631\u0645\u06cc\u0645 \u06cc\u0627 \u06a9\u0627\u067e\u06cc \u06a9\u0631\u06cc\u06ba\u061b&nbsp;<\/li>\n\n\n\n<li>\u0645\u0648\u0627\u062f \u06a9\u0648 \u06a9\u0633\u06cc \u062a\u062c\u0627\u0631\u062a\u06cc \u0645\u0642\u0635\u062f \u06a9\u06d2 \u0644\u06cc\u06d2 \u06cc\u0627 \u0639\u0648\u0627\u0645\u06cc \u0646\u0645\u0627\u0626\u0634 \u06a9\u06d2 \u0644\u06cc\u06d2 \u0627\u0633\u062a\u0639\u0645\u0627\u0644 \u06a9\u0631\u06cc\u06ba (\u062a\u062c\u0627\u0631\u062a\u06cc \u06cc\u0627 \u063a\u06cc\u0631 \u062a\u062c\u0627\u0631\u062a\u06cc)\u061b&nbsp;<\/li>\n\n\n\n<li>Info Bizy \u06a9\u06cc \u0648\u06cc\u0628 \u0633\u0627\u0626\u0679 \u067e\u0631 \u0645\u0648\u062c\u0648\u062f \u06a9\u0633\u06cc \u0628\u06be\u06cc \u0633\u0627\u0641\u0679 \u0648\u06cc\u0626\u0631 \u06a9\u0648 \u0688\u06cc \u06a9\u0645\u067e\u0627\u0626\u0644 \u06cc\u0627 \u0631\u06cc\u0648\u0631\u0633 \u0627\u0646\u062c\u06cc\u0646\u0626\u0631 \u06a9\u0631\u0646\u06d2 \u06a9\u06cc \u06a9\u0648\u0634\u0634 \u06a9\u0631\u06cc\u06ba\u061b&nbsp;<\/li>\n\n\n\n<li>\u0645\u0648\u0627\u062f \u0633\u06d2 \u06a9\u0627\u067e\u06cc \u0631\u0627\u0626\u0679 \u06cc\u0627 \u062f\u06cc\u06af\u0631 \u0645\u0644\u06a9\u06cc\u062a\u06cc \u0627\u0634\u0627\u0631\u06d2 \u06c1\u0679\u0627 \u062f\u06cc\u06ba\u061b \u06cc\u0627&nbsp;<\/li>\n\n\n\n<li>\u0645\u0648\u0627\u062f \u06a9\u0648 \u06a9\u0633\u06cc \u062f\u0648\u0633\u0631\u06d2 \u0634\u062e\u0635 \u06a9\u0648 \u0645\u0646\u062a\u0642\u0644 \u06a9\u0631\u06cc\u06ba \u06cc\u0627 \u06a9\u0633\u06cc \u062f\u0648\u0633\u0631\u06d2 \u0633\u0631\u0648\u0631 \u067e\u0631 \u0645\u0648\u0627\u062f \u06a9\u0648 &#039;\u0622\u0626\u06cc\u0646\u06c1&#039; \u06a9\u0631\u06cc\u06ba\u06d4<\/li>\n<\/ol>\n\n\n\n<p>\u0627\u06af\u0631 \u0622\u067e \u0627\u0646 \u067e\u0627\u0628\u0646\u062f\u06cc\u0648\u06ba \u0645\u06cc\u06ba \u0633\u06d2 \u06a9\u0633\u06cc \u06a9\u06cc \u062e\u0644\u0627\u0641 \u0648\u0631\u0632\u06cc \u06a9\u0631\u062a\u06d2 \u06c1\u06cc\u06ba \u062a\u0648 \u06cc\u06c1 \u0644\u0627\u0626\u0633\u0646\u0633 \u062e\u0648\u062f \u0628\u062e\u0648\u062f \u062e\u062a\u0645 \u06c1\u0648 \u062c\u0627\u0626\u06d2 \u06af\u0627 \u0627\u0648\u0631 \u06a9\u0633\u06cc \u0628\u06be\u06cc \u0648\u0642\u062a Info Bizy \u06a9\u06d2 \u0630\u0631\u06cc\u0639\u06d2 \u0627\u0633\u06d2 \u062e\u062a\u0645 \u06a9\u06cc\u0627 \u062c\u0627 \u0633\u06a9\u062a\u0627 \u06c1\u06d2\u06d4 \u0627\u0646 \u0645\u0648\u0627\u062f \u06a9\u0648 \u062f\u06cc\u06a9\u06be\u0646\u06d2 \u06a9\u06d2 \u0628\u0639\u062f \u06cc\u0627 \u0627\u0633 \u0644\u0627\u0626\u0633\u0646\u0633 \u06a9\u06d2 \u062e\u062a\u0645 \u06c1\u0648\u0646\u06d2 \u067e\u0631\u060c \u0622\u067e \u06a9\u0648 \u0627\u067e\u0646\u06d2 \u0642\u0628\u0636\u06d2 \u0645\u06cc\u06ba \u0645\u0648\u062c\u0648\u062f \u062a\u0645\u0627\u0645 \u0688\u0627\u0624\u0646 \u0644\u0648\u0688 \u06a9\u0631\u062f\u06c1 \u0645\u0648\u0627\u062f \u06a9\u0648 \u062d\u0630\u0641 \u06a9\u0631\u0646\u0627 \u06c1\u0648\u06af\u0627 \u0686\u0627\u06c1\u06d2 \u0648\u06c1 \u0627\u0644\u06cc\u06a9\u0679\u0631\u0627\u0646\u06a9 \u06cc\u0627 \u067e\u0631\u0646\u0679 \u0634\u062f\u06c1 \u0641\u0627\u0631\u0645\u06cc\u0679 \u0645\u06cc\u06ba \u06c1\u0648\u06d4<\/p>\n\n\n\n<h3 class=\"wp-block-heading\" id=\"3-isencao-de-responsabilidade\">3. \u062f\u0633\u062a\u0628\u0631\u062f\u0627\u0631\u06cc<\/h3>\n\n\n\n<ol class=\"wp-block-list\">\n<li>Info Bizy \u06a9\u06cc \u0648\u06cc\u0628 \u0633\u0627\u0626\u0679 \u067e\u0631 \u0645\u0648\u0627\u062f &#039;\u062c\u06cc\u0633\u06d2 \u06c1\u06d2&#039; \u06a9\u06cc \u0628\u0646\u06cc\u0627\u062f \u067e\u0631 \u0641\u0631\u0627\u06c1\u0645 \u06a9\u06cc\u0627 \u062c\u0627\u062a\u0627 \u06c1\u06d2\u06d4 Info Bizy \u06a9\u0648\u0626\u06cc \u0648\u0627\u0631\u0646\u0679\u06cc \u0646\u06c1\u06cc\u06ba \u062f\u06cc\u062a\u0627\u060c \u0638\u0627\u06c1\u0631 \u06cc\u0627 \u0645\u0636\u0645\u0631\u060c \u0627\u0648\u0631 \u0627\u0633 \u06a9\u06d2 \u0630\u0631\u06cc\u0639\u06d2 \u062a\u0645\u0627\u0645 \u062f\u06cc\u06af\u0631 \u0648\u0627\u0631\u0646\u0679\u06cc\u0648\u06ba \u06a9\u0648 \u0645\u0633\u062a\u0631\u062f \u06a9\u0631\u062a\u0627 \u06c1\u06d2 \u0627\u0648\u0631 \u0627\u0633 \u06a9\u06cc \u0646\u0641\u06cc \u06a9\u0631\u062a\u0627 \u06c1\u06d2\u060c \u0628\u0634\u0645\u0648\u0644\u060c \u0628\u063a\u06cc\u0631 \u06a9\u0633\u06cc \u062d\u062f \u06a9\u06d2\u060c \u0645\u0636\u0645\u0631 \u0648\u0627\u0631\u0646\u0679\u06cc \u06cc\u0627 \u062a\u062c\u0627\u0631\u062a \u06a9\u06cc \u0634\u0631\u0627\u0626\u0637\u060c \u06a9\u0633\u06cc \u062e\u0627\u0635 \u0645\u0642\u0635\u062f \u06a9\u06d2 \u0644\u06cc\u06d2 \u0641\u0679\u0646\u0633\u060c \u06cc\u0627 \u0627\u0645\u0644\u0627\u06a9 \u062f\u0627\u0646\u0634 \u06a9\u06cc \u0639\u062f\u0645 \u062e\u0644\u0627\u0641 \u0648\u0631\u0632\u06cc \u06cc\u0627 \u062d\u0642\u0648\u0642 \u06a9\u06cc \u062f\u0648\u0633\u0631\u06cc \u062e\u0644\u0627\u0641 \u0648\u0631\u0632\u06cc\u06d4<\/li>\n\n\n\n<li>\u0645\u0632\u06cc\u062f \u06cc\u06c1 \u06a9\u06c1\u060c Info Bizy \u0627\u067e\u0646\u06cc \u0648\u06cc\u0628 \u0633\u0627\u0626\u0679 \u067e\u0631 \u0645\u0648\u0627\u062f \u06a9\u06d2 \u0627\u0633\u062a\u0639\u0645\u0627\u0644 \u06a9\u06cc \u062f\u0631\u0633\u062a\u06af\u06cc\u060c \u0645\u0645\u06a9\u0646\u06c1 \u0646\u062a\u0627\u0626\u062c\u060c \u06cc\u0627 \u0648\u0634\u0648\u0633\u0646\u06cc\u06cc\u062a\u0627 \u06a9\u06d2 \u0628\u0627\u0631\u06d2 \u0645\u06cc\u06ba \u06cc\u0627 \u0628\u0635\u0648\u0631\u062a \u062f\u06cc\u06af\u0631 \u0627\u0633 \u0637\u0631\u062d \u06a9\u06d2 \u0645\u0648\u0627\u062f \u0633\u06d2 \u0645\u062a\u0639\u0644\u0642 \u06cc\u0627 \u0627\u0633 \u0633\u0627\u0626\u0679 \u0633\u06d2 \u0645\u0646\u0633\u0644\u06a9 \u06a9\u0633\u06cc \u0628\u06be\u06cc \u0633\u0627\u0626\u0679 \u067e\u0631 \u0627\u0633 \u06a9\u06cc \u0636\u0645\u0627\u0646\u062a \u06cc\u0627 \u06a9\u0648\u0626\u06cc \u0646\u0645\u0627\u0626\u0646\u062f\u06af\u06cc \u0646\u06c1\u06cc\u06ba \u06a9\u0631\u062a\u0627 \u06c1\u06d2\u06d4<\/li>\n<\/ol>\n\n\n\n<h3 class=\"wp-block-heading\" id=\"4-limitacoes\">4. \u062d\u062f\u0648\u062f<\/h3>\n\n\n\n<p>\u06a9\u0633\u06cc \u0628\u06be\u06cc \u0635\u0648\u0631\u062a \u0645\u06cc\u06ba Info Bizy \u06cc\u0627 \u0627\u0633 \u06a9\u06d2 \u0633\u067e\u0644\u0627\u0626\u06cc \u06a9\u0631\u0646\u06d2 \u0648\u0627\u0644\u06d2 \u06a9\u0633\u06cc \u0628\u06be\u06cc \u0646\u0642\u0635\u0627\u0646 \u06a9\u06d2 \u0644\u06cc\u06d2 \u0630\u0645\u06c1 \u062f\u0627\u0631 \u0646\u06c1\u06cc\u06ba \u06c1\u0648\u06ba \u06af\u06d2 (\u0628\u0634\u0645\u0648\u0644\u060c \u0628\u063a\u06cc\u0631 \u06a9\u0633\u06cc \u062d\u062f \u06a9\u06d2\u060c \u0688\u06cc\u0679\u0627 \u06cc\u0627 \u0645\u0646\u0627\u0641\u0639 \u06a9\u06d2 \u0646\u0642\u0635\u0627\u0646\u060c \u06cc\u0627 \u06a9\u0627\u0631\u0648\u0628\u0627\u0631\u06cc \u0631\u06a9\u0627\u0648\u0679 \u06a9\u06cc \u0648\u062c\u06c1 \u0633\u06d2) Info Bizy \u067e\u0631 \u0645\u0648\u0627\u062f \u0627\u0633\u062a\u0639\u0645\u0627\u0644 \u06a9\u0631\u0646\u06d2 \u06cc\u0627 \u0627\u0633\u062a\u0639\u0645\u0627\u0644 \u06a9\u0631\u0646\u06d2 \u0645\u06cc\u06ba \u0646\u0627\u06a9\u0627\u0645\u06cc \u06a9\u06cc \u0648\u062c\u06c1 \u0633\u06d2\u060c \u06cc\u06c1\u0627\u06ba \u062a\u06a9 \u06a9\u06c1 \u0627\u06af\u0631 Info Bizy \u06cc\u0627 Info Bizy \u06a9\u06d2 \u0645\u062c\u0627\u0632 \u0646\u0645\u0627\u0626\u0646\u062f\u06d2 \u06a9\u0648 \u0627\u0633 \u0637\u0631\u062d \u06a9\u06d2 \u0646\u0642\u0635\u0627\u0646\u0627\u062a \u06a9\u06d2 \u0627\u0645\u06a9\u0627\u0646 \u06a9\u06d2 \u0628\u0627\u0631\u06d2 \u0645\u06cc\u06ba \u0632\u0628\u0627\u0646\u06cc \u06cc\u0627 \u062a\u062d\u0631\u06cc\u0631\u06cc \u0637\u0648\u0631 \u067e\u0631 \u0645\u0637\u0644\u0639 \u06a9\u06cc\u0627 \u06af\u06cc\u0627 \u06c1\u06d2\u06d4 \u0686\u0648\u0646\u06a9\u06c1 \u06a9\u0686\u06be \u062f\u0627\u0626\u0631\u06c1 \u0627\u062e\u062a\u06cc\u0627\u0631 \u0645\u0636\u0645\u0631 \u0648\u0627\u0631\u0646\u0679\u06cc\u0648\u06ba\u060c \u06cc\u0627 \u0646\u062a\u06cc\u062c\u06c1 \u062e\u06cc\u0632 \u06cc\u0627 \u062d\u0627\u062f\u062b\u0627\u062a\u06cc \u0646\u0642\u0635\u0627\u0646\u0627\u062a \u06a9\u06d2 \u0644\u06cc\u06d2 \u0630\u0645\u06c1 \u062f\u0627\u0631\u06cc \u06a9\u06cc \u062d\u062f\u0648\u062f \u06a9\u06cc \u0627\u062c\u0627\u0632\u062a \u0646\u06c1\u06cc\u06ba \u062f\u06cc\u062a\u06d2 \u06c1\u06cc\u06ba\u060c \u0627\u0633 \u0644\u06cc\u06d2 \u06cc\u06c1 \u062d\u062f\u0648\u062f \u0622\u067e \u067e\u0631 \u0644\u0627\u06af\u0648 \u0646\u06c1\u06cc\u06ba \u06c1\u0648 \u0633\u06a9\u062a\u06cc \u06c1\u06cc\u06ba\u06d4<\/p>\n\n\n\n<h3 class=\"wp-block-heading\" id=\"5-precisao-dos-materiais\">5. \u0645\u0648\u0627\u062f \u06a9\u06cc \u0635\u062d\u062a \u0633\u06d2 \u0645\u062a\u0639\u0644\u0642<\/h3>\n\n\n\n<p>Info Bizy \u06a9\u06cc \u0648\u06cc\u0628 \u0633\u0627\u0626\u0679 \u067e\u0631 \u0638\u0627\u06c1\u0631 \u06c1\u0648\u0646\u06d2 \u0648\u0627\u0644\u06d2 \u0645\u0648\u0627\u062f \u0645\u06cc\u06ba \u062a\u06a9\u0646\u06cc\u06a9\u06cc\u060c \u0679\u0627\u0626\u067e\u0648\u06af\u0631\u0627\u0641\u06cc\u06a9\u0644 \u06cc\u0627 \u0641\u0648\u0679\u0648 \u06af\u0631\u0627\u0641\u06cc \u06a9\u06cc \u063a\u0644\u0637\u06cc\u0627\u06ba \u0634\u0627\u0645\u0644 \u06c1\u0648 \u0633\u06a9\u062a\u06cc \u06c1\u06cc\u06ba\u06d4 Info Bizy \u0627\u0633 \u0628\u0627\u062a \u06a9\u06cc \u0636\u0645\u0627\u0646\u062a \u0646\u06c1\u06cc\u06ba \u062f\u06cc\u062a\u0627 \u06a9\u06c1 \u0627\u0633 \u06a9\u06cc \u0648\u06cc\u0628 \u0633\u0627\u0626\u0679 \u067e\u0631 \u0645\u0648\u062c\u0648\u062f \u06a9\u0648\u0626\u06cc \u0628\u06be\u06cc \u0645\u0648\u0627\u062f \u062f\u0631\u0633\u062a\u060c \u0645\u06a9\u0645\u0644 \u06cc\u0627 \u0645\u0648\u062c\u0648\u062f\u06c1 \u06c1\u06d2\u06d4 Info Bizy \u06a9\u0633\u06cc \u0628\u06be\u06cc \u0648\u0642\u062a \u0628\u063a\u06cc\u0631 \u0627\u0637\u0644\u0627\u0639 \u06a9\u06d2 \u0627\u067e\u0646\u06cc \u0648\u06cc\u0628 \u0633\u0627\u0626\u0679 \u067e\u0631 \u0645\u0648\u062c\u0648\u062f \u0645\u0648\u0627\u062f \u0645\u06cc\u06ba \u062a\u0628\u062f\u06cc\u0644\u06cc\u0627\u06ba \u06a9\u0631 \u0633\u06a9\u062a\u0627 \u06c1\u06d2\u06d4 \u062a\u0627\u06c1\u0645 Info Bizy \u0645\u0648\u0627\u062f \u06a9\u0648 \u0627\u067e \u0688\u06cc\u0679 \u06a9\u0631\u0646\u06d2 \u06a9\u0627 \u06a9\u0648\u0626\u06cc \u0639\u06c1\u062f \u0646\u06c1\u06cc\u06ba \u06a9\u0631\u062a\u0627 \u06c1\u06d2\u06d4<\/p>\n\n\n\n<h3 class=\"wp-block-heading\" id=\"6-links\">6. \u0644\u0646\u06a9\u0633<\/h3>\n\n\n\n<p>Info Bizy \u0646\u06d2 \u0627\u067e\u0646\u06cc \u0648\u06cc\u0628 \u0633\u0627\u0626\u0679 \u0633\u06d2 \u0645\u0646\u0633\u0644\u06a9 \u062a\u0645\u0627\u0645 \u0633\u0627\u0626\u0679\u0633 \u06a9\u0627 \u062c\u0627\u0626\u0632\u06c1 \u0646\u06c1\u06cc\u06ba \u0644\u06cc\u0627 \u06c1\u06d2 \u0627\u0648\u0631 \u06a9\u0633\u06cc \u0628\u06be\u06cc \u0644\u0646\u06a9 \u0634\u062f\u06c1 \u0633\u0627\u0626\u0679 \u06a9\u06d2 \u0645\u0648\u0627\u062f \u06a9\u06d2 \u0644\u06cc\u06d2 \u0630\u0645\u06c1 \u062f\u0627\u0631 \u0646\u06c1\u06cc\u06ba \u06c1\u06d2\u06d4 \u06a9\u0633\u06cc \u0628\u06be\u06cc \u0644\u0646\u06a9 \u06a9\u0648 \u0634\u0627\u0645\u0644 \u06a9\u0631\u0646\u06d2 \u06a9\u0627 \u0645\u0637\u0644\u0628 \u0633\u0627\u0626\u0679 \u06a9\u06cc Info Bizy \u06a9\u06cc \u062a\u0648\u062b\u06cc\u0642 \u0646\u06c1\u06cc\u06ba \u06c1\u06d2\u06d4 \u06a9\u0633\u06cc \u0628\u06be\u06cc \u0645\u0646\u0633\u0644\u06a9 \u0633\u0627\u0626\u0679 \u06a9\u0627 \u0627\u0633\u062a\u0639\u0645\u0627\u0644 \u0635\u0627\u0631\u0641 \u06a9\u06d2 \u0627\u067e\u0646\u06d2 \u062e\u0637\u0631\u06d2 \u067e\u0631 \u06c1\u06d2\u06d4<\/p>\n\n\n\n<h3 class=\"wp-block-heading\" id=\"modificacoes\">\u062a\u0631\u0645\u06cc\u0645\u0627\u062a<\/h3>\n\n\n\n<p>Info Bizy \u06a9\u0633\u06cc \u0628\u06be\u06cc \u0648\u0642\u062a \u0628\u063a\u06cc\u0631 \u0627\u0637\u0644\u0627\u0639 \u06a9\u06d2 \u0627\u067e\u0646\u06cc \u0648\u06cc\u0628 \u0633\u0627\u0626\u0679 \u06a9\u06d2 \u0644\u06cc\u06d2 \u0633\u0631\u0648\u0633 \u06a9\u06cc \u0627\u0646 \u0634\u0631\u0627\u0626\u0637 \u067e\u0631 \u0646\u0638\u0631 \u062b\u0627\u0646\u06cc \u06a9\u0631 \u0633\u06a9\u062a\u0627 \u06c1\u06d2\u06d4 \u0627\u0633 \u0648\u06cc\u0628 \u0633\u0627\u0626\u0679 \u06a9\u0627 \u0627\u0633\u062a\u0639\u0645\u0627\u0644 \u06a9\u0631\u062a\u06d2 \u06c1\u0648\u0626\u06d2\u060c \u0622\u067e \u0633\u0631\u0648\u0633 \u06a9\u06cc \u0627\u0646 \u0634\u0631\u0627\u0626\u0637 \u06a9\u06d2 \u0645\u0648\u062c\u0648\u062f\u06c1 \u0648\u0631\u0698\u0646 \u06a9\u06d2 \u067e\u0627\u0628\u0646\u062f \u06c1\u0648\u0646\u06d2 \u0633\u06d2 \u0627\u062a\u0641\u0627\u0642 \u06a9\u0631 \u0631\u06c1\u06d2 \u06c1\u06cc\u06ba\u06d4<\/p>\n\n\n\n<h3 class=\"wp-block-heading\" id=\"lei-aplicavel\">\u0642\u0627\u0628\u0644 \u0627\u0637\u0644\u0627\u0642 \u0642\u0627\u0646\u0648\u0646<\/h3>\n\n\n\n<p>\u06cc\u06c1 \u0634\u0631\u0627\u0626\u0637 \u0648 \u0636\u0648\u0627\u0628\u0637 Info Bizy \u06a9\u06d2 \u0642\u0648\u0627\u0646\u06cc\u0646 \u06a9\u06d2 \u0645\u0637\u0627\u0628\u0642 \u0627\u0648\u0631 \u0627\u0646 \u06a9\u06cc \u062a\u0634\u06a9\u06cc\u0644 \u06a9\u06cc \u062c\u0627\u062a\u06cc \u06c1\u06cc\u06ba \u0627\u0648\u0631 \u0622\u067e \u0627\u0679\u0644 \u0637\u0648\u0631 \u067e\u0631 \u0627\u0633 \u0631\u06cc\u0627\u0633\u062a \u06cc\u0627 \u0645\u0642\u0627\u0645 \u06a9\u06cc \u0639\u062f\u0627\u0644\u062a\u0648\u06ba \u06a9\u06d2 \u062e\u0635\u0648\u0635\u06cc \u062f\u0627\u0626\u0631\u06c1 \u0627\u062e\u062a\u06cc\u0627\u0631 \u0645\u06cc\u06ba \u062c\u0645\u0639 \u06c1\u0648 \u062c\u0627\u062a\u06d2 \u06c1\u06cc\u06ba\u06d4<\/p>","protected":false},"excerpt":{"rendered":"<p>1. Termos Ao acessar ao site Info Bizy, concorda em cumprir estes termos de servi\u00e7o, todas as leis e regulamentos aplic\u00e1veis \u200b\u200be concorda que \u00e9 respons\u00e1vel pelo cumprimento de todas as leis locais aplic\u00e1veis. Se voc\u00ea n\u00e3o concordar com algum desses termos, est\u00e1 proibido de usar ou acessar este site. Os materiais contidos neste site [&hellip;]<\/p>\n","protected":false},"author":4,"featured_media":0,"parent":0,"menu_order":0,"comment_status":"closed","ping_status":"closed","template":"","meta":{"footnotes":""},"class_list":["post-129","page","type-page","status-publish"],"_links":{"self":[{"href":"https:\/\/infobizy.com\/ur\/wp-json\/wp\/v2\/pages\/129","targetHints":{"allow":["GET"]}}],"collection":[{"href":"https:\/\/infobizy.com\/ur\/wp-json\/wp\/v2\/pages"}],"about":[{"href":"https:\/\/infobizy.com\/ur\/wp-json\/wp\/v2\/types\/page"}],"author":[{"embeddable":true,"href":"https:\/\/infobizy.com\/ur\/wp-json\/wp\/v2\/users\/4"}],"replies":[{"embeddable":true,"href":"https:\/\/infobizy.com\/ur\/wp-json\/wp\/v2\/comments?post=129"}],"version-history":[{"count":6,"href":"https:\/\/infobizy.com\/ur\/wp-json\/wp\/v2\/pages\/129\/revisions"}],"predecessor-version":[{"id":1190,"href":"https:\/\/infobizy.com\/ur\/wp-json\/wp\/v2\/pages\/129\/revisions\/1190"}],"wp:attachment":[{"href":"https:\/\/infobizy.com\/ur\/wp-json\/wp\/v2\/media?parent=129"}],"curies":[{"name":"wp","href":"https:\/\/api.w.org\/{rel}","templated":true}]}}