{"id":419,"date":"2023-01-17T05:00:49","date_gmt":"2023-01-17T05:00:49","guid":{"rendered":"https:\/\/infobizy.com\/?page_id=419"},"modified":"2023-11-14T05:58:56","modified_gmt":"2023-11-14T05:58:56","slug":"chinh-sach-bao-mat","status":"publish","type":"page","link":"https:\/\/infobizy.com\/vi\/politica-de-privacidade\/","title":{"rendered":"Ch\u00ednh s\u00e1ch b\u1ea3o m\u1eadt"},"content":{"rendered":"<div class=\"td-page-content tagdiv-type\">\n<p>Quy\u1ec1n ri\u00eang t\u01b0 c\u1ee7a b\u1ea1n r\u1ea5t quan tr\u1ecdng v\u1edbi ch\u00fang t\u00f4i. \u0110\u00f3 l\u00e0 ch\u00ednh s\u00e1ch c\u1ee7a <a href=\"https:\/\/infobizy.com\/vi\/\">Th\u00f4ng tin k\u1ef3 l\u1ea1<\/a> t\u00f4n tr\u1ecdng quy\u1ec1n ri\u00eang t\u01b0 c\u1ee7a b\u1ea1n v\u1ec1 b\u1ea5t k\u1ef3 th\u00f4ng tin n\u00e0o ch\u00fang t\u00f4i c\u00f3 th\u1ec3 thu th\u1eadp t\u1eeb b\u1ea1n tr\u00ean trang web <a href=\"https:\/\/infobizy.com\/vi\/\">Th\u00f4ng tin k\u1ef3 l\u1ea1<\/a>v\u00e0 c\u00e1c trang web kh\u00e1c m\u00e0 ch\u00fang t\u00f4i s\u1edf h\u1eefu v\u00e0 v\u1eadn h\u00e0nh. Ch\u00fang t\u00f4i ch\u1ec9 y\u00eau c\u1ea7u th\u00f4ng tin c\u00e1 nh\u00e2n khi ch\u00fang t\u00f4i th\u1ef1c s\u1ef1 c\u1ea7n th\u00f4ng tin \u0111\u00f3 \u0111\u1ec3 cung c\u1ea5p d\u1ecbch v\u1ee5 cho b\u1ea1n. Ch\u00fang t\u00f4i l\u00e0m \u0111i\u1ec1u n\u00e0y b\u1eb1ng c\u00e1c bi\u1ec7n ph\u00e1p c\u00f4ng b\u1eb1ng v\u00e0 h\u1ee3p ph\u00e1p, v\u1edbi s\u1ef1 hi\u1ec3u bi\u1ebft v\u00e0 \u0111\u1ed3ng \u00fd c\u1ee7a b\u1ea1n. Ch\u00fang t\u00f4i c\u0169ng cho b\u1ea1n bi\u1ebft l\u00fd do t\u1ea1i sao ch\u00fang t\u00f4i thu th\u1eadp n\u00f3 v\u00e0 n\u00f3 s\u1ebd \u0111\u01b0\u1ee3c s\u1eed d\u1ee5ng nh\u01b0 th\u1ebf n\u00e0o. Ch\u00fang t\u00f4i ch\u1ec9 l\u01b0u gi\u1eef th\u00f4ng tin \u0111\u00e3 thu th\u1eadp trong th\u1eddi gian c\u1ea7n thi\u1ebft \u0111\u1ec3 cung c\u1ea5p d\u1ecbch v\u1ee5 \u0111\u01b0\u1ee3c y\u00eau c\u1ea7u. Khi ch\u00fang t\u00f4i l\u01b0u tr\u1eef d\u1eef li\u1ec7u, ch\u00fang t\u00f4i b\u1ea3o v\u1ec7 d\u1eef li\u1ec7u \u0111\u00f3 theo c\u00e1c ph\u01b0\u01a1ng ti\u1ec7n \u0111\u01b0\u1ee3c ch\u1ea5p nh\u1eadn v\u1ec1 m\u1eb7t th\u01b0\u01a1ng m\u1ea1i \u0111\u1ec3 ng\u0103n ng\u1eeba m\u1ea5t m\u00e1t v\u00e0 tr\u1ed9m c\u1eafp, c\u0169ng nh\u01b0 truy c\u1eadp, ti\u1ebft l\u1ed9, sao ch\u00e9p, s\u1eed d\u1ee5ng ho\u1eb7c s\u1eeda \u0111\u1ed5i tr\u00e1i ph\u00e9p. Ch\u00fang t\u00f4i kh\u00f4ng chia s\u1ebb th\u00f4ng tin nh\u1eadn d\u1ea1ng c\u00e1 nh\u00e2n m\u1ed9t c\u00e1ch c\u00f4ng khai ho\u1eb7c v\u1edbi b\u00ean th\u1ee9 ba, tr\u1eeb khi lu\u1eadt ph\u00e1p y\u00eau c\u1ea7u. Trang web c\u1ee7a ch\u00fang t\u00f4i c\u00f3 th\u1ec3 c\u00f3 c\u00e1c li\u00ean k\u1ebft \u0111\u1ebfn c\u00e1c trang web b\u00ean ngo\u00e0i kh\u00f4ng do ch\u00fang t\u00f4i \u0111i\u1ec1u h\u00e0nh. Xin l\u01b0u \u00fd r\u1eb1ng ch\u00fang t\u00f4i kh\u00f4ng ki\u1ec3m so\u00e1t n\u1ed9i dung v\u00e0 th\u1ef1c ti\u1ec5n c\u1ee7a c\u00e1c trang web n\u00e0y v\u00e0 kh\u00f4ng th\u1ec3 ch\u1ecbu tr\u00e1ch nhi\u1ec7m v\u1ec1 ch\u00ednh s\u00e1ch b\u1ea3o m\u1eadt t\u01b0\u01a1ng \u1ee9ng c\u1ee7a h\u1ecd. B\u1ea1n c\u00f3 quy\u1ec1n t\u1eeb ch\u1ed1i y\u00eau c\u1ea7u cung c\u1ea5p th\u00f4ng tin c\u00e1 nh\u00e2n c\u1ee7a ch\u00fang t\u00f4i, hi\u1ec3u r\u1eb1ng ch\u00fang t\u00f4i kh\u00f4ng th\u1ec3 cung c\u1ea5p cho b\u1ea1n m\u1ed9t s\u1ed1 d\u1ecbch v\u1ee5 m\u00e0 b\u1ea1n mong mu\u1ed1n. Vi\u1ec7c b\u1ea1n ti\u1ebfp t\u1ee5c s\u1eed d\u1ee5ng trang web c\u1ee7a ch\u00fang t\u00f4i s\u1ebd \u0111\u01b0\u1ee3c coi l\u00e0 ch\u1ea5p nh\u1eadn c\u00e1c th\u00f4ng l\u1ec7 c\u1ee7a ch\u00fang t\u00f4i v\u1ec1 quy\u1ec1n ri\u00eang t\u01b0 v\u00e0 th\u00f4ng tin c\u00e1 nh\u00e2n. N\u1ebfu b\u1ea1n c\u00f3 b\u1ea5t k\u1ef3 c\u00e2u h\u1ecfi n\u00e0o v\u1ec1 c\u00e1ch ch\u00fang t\u00f4i x\u1eed l\u00fd d\u1eef li\u1ec7u ng\u01b0\u1eddi d\u00f9ng v\u00e0 th\u00f4ng tin c\u00e1 nh\u00e2n, vui l\u00f2ng li\u00ean h\u1ec7 v\u1edbi ch\u00fang t\u00f4i.<\/p>\n<h3 class=\"wp-block-heading\">Th\u00f4ng tin Ch\u00ednh s\u00e1ch Cookie Bizy<\/h3>\n<h3 class=\"wp-block-heading\">Cookie l\u00e0 g\u00ec?<\/h3>\n<p>Nh\u01b0 th\u00f4ng l\u1ec7 v\u1edbi h\u1ea7u h\u1ebft c\u00e1c trang web chuy\u00ean nghi\u1ec7p, trang n\u00e0y s\u1eed d\u1ee5ng cookie, l\u00e0 nh\u1eefng t\u1ec7p nh\u1ecf \u0111\u01b0\u1ee3c t\u1ea3i xu\u1ed1ng m\u00e1y t\u00ednh c\u1ee7a b\u1ea1n, \u0111\u1ec3 c\u1ea3i thi\u1ec7n tr\u1ea3i nghi\u1ec7m c\u1ee7a b\u1ea1n. Trang n\u00e0y m\u00f4 t\u1ea3 nh\u1eefng th\u00f4ng tin h\u1ecd thu th\u1eadp, c\u00e1ch ch\u00fang t\u00f4i s\u1eed d\u1ee5ng th\u00f4ng tin \u0111\u00f3 v\u00e0 l\u00fd do \u0111\u00f4i khi ch\u00fang t\u00f4i c\u1ea7n l\u01b0u tr\u1eef nh\u1eefng cookie n\u00e0y. Ch\u00fang t\u00f4i c\u0169ng s\u1ebd chia s\u1ebb c\u00e1ch b\u1ea1n c\u00f3 th\u1ec3 ng\u0103n ch\u1eb7n vi\u1ec7c l\u01b0u tr\u1eef c\u00e1c cookie n\u00e0y, tuy nhi\u00ean \u0111i\u1ec1u n\u00e0y c\u00f3 th\u1ec3 h\u1ea1 c\u1ea5p ho\u1eb7c &#039;ph\u00e1 v\u1ee1&#039; m\u1ed9t s\u1ed1 th\u00e0nh ph\u1ea7n nh\u1ea5t \u0111\u1ecbnh trong ch\u1ee9c n\u0103ng c\u1ee7a trang web.<\/p>\n<h3 class=\"wp-block-heading\">Ch\u00fang t\u00f4i s\u1eed d\u1ee5ng cookie nh\u01b0 th\u1ebf n\u00e0o?<\/h3>\n<p>Ch\u00fang t\u00f4i s\u1eed d\u1ee5ng cookie v\u00ec nhi\u1ec1u l\u00fd do, \u0111\u01b0\u1ee3c tr\u00ecnh b\u00e0y chi ti\u1ebft b\u00ean d\u01b0\u1edbi. Th\u1eadt kh\u00f4ng may, trong h\u1ea7u h\u1ebft c\u00e1c tr\u01b0\u1eddng h\u1ee3p, kh\u00f4ng c\u00f3 t\u00f9y ch\u1ecdn ti\u00eau chu\u1ea9n ng\u00e0nh n\u00e0o \u0111\u1ec3 t\u1eaft cookie m\u00e0 kh\u00f4ng v\u00f4 hi\u1ec7u h\u00f3a ho\u00e0n to\u00e0n ch\u1ee9c n\u0103ng v\u00e0 t\u00ednh n\u0103ng m\u00e0 ch\u00fang th\u00eam v\u00e0o trang web n\u00e0y. B\u1ea1n n\u00ean lo\u1ea1i b\u1ecf t\u1ea5t c\u1ea3 c\u00e1c cookie n\u1ebfu b\u1ea1n kh\u00f4ng ch\u1eafc m\u00ecnh c\u00f3 c\u1ea7n ch\u00fang hay kh\u00f4ng n\u1ebfu ch\u00fang \u0111\u01b0\u1ee3c s\u1eed d\u1ee5ng \u0111\u1ec3 cung c\u1ea5p d\u1ecbch v\u1ee5 m\u00e0 b\u1ea1n s\u1eed d\u1ee5ng.<\/p>\n<h3 class=\"wp-block-heading\">t\u1eaft cookie<\/h3>\n<p>B\u1ea1n c\u00f3 th\u1ec3 ng\u0103n c\u00e0i \u0111\u1eb7t cookie b\u1eb1ng c\u00e1ch \u0111i\u1ec1u ch\u1ec9nh c\u00e0i \u0111\u1eb7t tr\u00ecnh duy\u1ec7t c\u1ee7a m\u00ecnh (xem Tr\u1ee3 gi\u00fap tr\u00ecnh duy\u1ec7t c\u1ee7a b\u1ea1n \u0111\u1ec3 bi\u1ebft c\u00e1ch th\u1ef1c hi\u1ec7n vi\u1ec7c n\u00e0y). Xin l\u01b0u \u00fd r\u1eb1ng vi\u1ec7c t\u1eaft cookie s\u1ebd \u1ea3nh h\u01b0\u1edfng \u0111\u1ebfn ch\u1ee9c n\u0103ng c\u1ee7a trang n\u00e0y v\u00e0 nhi\u1ec1u trang web kh\u00e1c m\u00e0 b\u1ea1n truy c\u1eadp. V\u00f4 hi\u1ec7u h\u00f3a cookie n\u00f3i chung s\u1ebd d\u1eabn \u0111\u1ebfn vi\u1ec7c v\u00f4 hi\u1ec7u h\u00f3a m\u1ed9t s\u1ed1 ch\u1ee9c n\u0103ng v\u00e0 t\u00ednh n\u0103ng c\u1ee7a trang web n\u00e0y. Do \u0111\u00f3, b\u1ea1n kh\u00f4ng n\u00ean t\u1eaft cookie.<\/p>\n<h3 class=\"wp-block-heading\">Cookie ch\u00fang t\u00f4i \u0111\u1eb7t<\/h3>\n<ul>\n<li>Cookie li\u00ean quan \u0111\u1ebfn t\u00e0i kho\u1ea3n<\/li>\n<li>N\u1ebfu b\u1ea1n t\u1ea1o t\u00e0i kho\u1ea3n v\u1edbi ch\u00fang t\u00f4i, ch\u00fang t\u00f4i s\u1ebd s\u1eed d\u1ee5ng cookie \u0111\u1ec3 qu\u1ea3n l\u00fd qu\u00e1 tr\u00ecnh \u0111\u0103ng k\u00fd v\u00e0 qu\u1ea3n tr\u1ecb chung. Nh\u1eefng cookie n\u00e0y th\u01b0\u1eddng s\u1ebd b\u1ecb x\u00f3a khi b\u1ea1n \u0111\u0103ng xu\u1ea5t, tuy nhi\u00ean trong m\u1ed9t s\u1ed1 tr\u01b0\u1eddng h\u1ee3p, ch\u00fang c\u00f3 th\u1ec3 v\u1eabn t\u1ed3n t\u1ea1i sau \u0111\u00f3 \u0111\u1ec3 ghi nh\u1edb c\u00e1c t\u00f9y ch\u1ecdn trang web c\u1ee7a b\u1ea1n khi b\u1ea1n \u0111\u0103ng xu\u1ea5t.<\/li>\n<li>Cookie li\u00ean quan \u0111\u1ebfn \u0111\u0103ng nh\u1eadp<\/li>\n<li>Ch\u00fang t\u00f4i s\u1eed d\u1ee5ng cookie khi b\u1ea1n \u0111\u0103ng nh\u1eadp \u0111\u1ec3 c\u00f3 th\u1ec3 ghi nh\u1edb h\u00e0nh \u0111\u1ed9ng n\u00e0y. \u0110i\u1ec1u n\u00e0y gi\u00fap b\u1ea1n kh\u00f4ng ph\u1ea3i \u0111\u0103ng nh\u1eadp m\u1ed7i khi truy c\u1eadp m\u1ed9t trang m\u1edbi. Nh\u1eefng cookie n\u00e0y th\u01b0\u1eddng b\u1ecb x\u00f3a ho\u1eb7c x\u00f3a khi b\u1ea1n \u0111\u0103ng xu\u1ea5t \u0111\u1ec3 \u0111\u1ea3m b\u1ea3o r\u1eb1ng b\u1ea1n ch\u1ec9 c\u00f3 th\u1ec3 truy c\u1eadp c\u00e1c t\u00ednh n\u0103ng v\u00e0 khu v\u1ef1c b\u1ecb h\u1ea1n ch\u1ebf khi \u0111\u0103ng nh\u1eadp.<\/li>\n<li>Cookie li\u00ean quan \u0111\u1ebfn b\u1ea3n tin email<\/li>\n<li>Trang web n\u00e0y cung c\u1ea5p c\u00e1c d\u1ecbch v\u1ee5 \u0111\u0103ng k\u00fd b\u1ea3n tin ho\u1eb7c email v\u00e0 cookie c\u00f3 th\u1ec3 \u0111\u01b0\u1ee3c s\u1eed d\u1ee5ng \u0111\u1ec3 ghi nh\u1edb xem b\u1ea1n \u0111\u00e3 \u0111\u0103ng k\u00fd hay ch\u01b0a v\u00e0 c\u00f3 hi\u1ec3n th\u1ecb m\u1ed9t s\u1ed1 th\u00f4ng b\u00e1o nh\u1ea5t \u0111\u1ecbnh ch\u1ec9 h\u1ee3p l\u1ec7 cho ng\u01b0\u1eddi d\u00f9ng \u0111\u00e3 \u0111\u0103ng k\u00fd\/h\u1ee7y \u0111\u0103ng k\u00fd hay kh\u00f4ng.<\/li>\n<li>C\u00e1c cookie li\u00ean quan \u0111\u1ebfn x\u1eed l\u00fd \u0111\u01a1n \u0111\u1eb7t h\u00e0ng<\/li>\n<li>Trang web n\u00e0y cung c\u1ea5p ph\u01b0\u01a1ng ti\u1ec7n th\u01b0\u01a1ng m\u1ea1i \u0111i\u1ec7n t\u1eed ho\u1eb7c thanh to\u00e1n v\u00e0 m\u1ed9t s\u1ed1 cookie r\u1ea5t c\u1ea7n thi\u1ebft \u0111\u1ec3 \u0111\u1ea3m b\u1ea3o r\u1eb1ng \u0111\u01a1n h\u00e0ng c\u1ee7a b\u1ea1n \u0111\u01b0\u1ee3c ghi nh\u1edb gi\u1eefa c\u00e1c trang \u0111\u1ec3 ch\u00fang t\u00f4i c\u00f3 th\u1ec3 x\u1eed l\u00fd \u0111\u01a1n h\u00e0ng \u0111\u00fang c\u00e1ch.<\/li>\n<li>Cookie li\u00ean quan \u0111\u1ebfn t\u00ecm ki\u1ebfm<\/li>\n<li>\u0110\u1ecbnh k\u1ef3, ch\u00fang t\u00f4i cung c\u1ea5p c\u00e1c cu\u1ed9c kh\u1ea3o s\u00e1t v\u00e0 b\u1ea3ng c\u00e2u h\u1ecfi \u0111\u1ec3 cung c\u1ea5p th\u00f4ng tin th\u00fa v\u1ecb, c\u00f4ng c\u1ee5 h\u1eefu \u00edch ho\u1eb7c \u0111\u1ec3 hi\u1ec3u c\u01a1 s\u1edf ng\u01b0\u1eddi d\u00f9ng c\u1ee7a ch\u00fang t\u00f4i ch\u00ednh x\u00e1c h\u01a1n. Nh\u1eefng kh\u1ea3o s\u00e1t n\u00e0y c\u00f3 th\u1ec3 s\u1eed d\u1ee5ng cookie \u0111\u1ec3 ghi nh\u1edb nh\u1eefng ng\u01b0\u1eddi \u0111\u00e3 tham gia kh\u1ea3o s\u00e1t ho\u1eb7c \u0111\u1ec3 cung c\u1ea5p k\u1ebft qu\u1ea3 ch\u00ednh x\u00e1c sau khi b\u1ea1n thay \u0111\u1ed5i trang.<\/li>\n<li>Cookie li\u00ean quan \u0111\u1ebfn bi\u1ec3u m\u1eabu<\/li>\n<li>Khi b\u1ea1n g\u1eedi d\u1eef li\u1ec7u th\u00f4ng qua m\u1ed9t bi\u1ec3u m\u1eabu, ch\u1eb3ng h\u1ea1n nh\u01b0 c\u00e1c bi\u1ec3u m\u1eabu \u0111\u01b0\u1ee3c t\u00ecm th\u1ea5y tr\u00ean trang li\u00ean h\u1ec7 ho\u1eb7c bi\u1ec3u m\u1eabu nh\u1eadn x\u00e9t, cookie c\u00f3 th\u1ec3 \u0111\u01b0\u1ee3c \u0111\u1eb7t \u0111\u1ec3 ghi nh\u1edb chi ti\u1ebft ng\u01b0\u1eddi d\u00f9ng c\u1ee7a b\u1ea1n \u0111\u1ec3 trao \u0111\u1ed5i th\u01b0 t\u1eeb trong t\u01b0\u01a1ng lai.<\/li>\n<li>Cookie t\u00f9y ch\u1ecdn trang web<\/li>\n<li>\u0110\u1ec3 mang \u0111\u1ebfn cho b\u1ea1n tr\u1ea3i nghi\u1ec7m tuy\u1ec7t v\u1eddi tr\u00ean trang web n\u00e0y, ch\u00fang t\u00f4i cung c\u1ea5p ch\u1ee9c n\u0103ng \u0111\u1ec3 \u0111\u1eb7t t\u00f9y ch\u1ecdn c\u1ee7a b\u1ea1n v\u1ec1 c\u00e1ch trang web n\u00e0y ch\u1ea1y khi b\u1ea1n s\u1eed d\u1ee5ng n\u00f3. \u0110\u1ec3 ghi nh\u1edb t\u00f9y ch\u1ecdn c\u1ee7a b\u1ea1n, ch\u00fang t\u00f4i c\u1ea7n \u0111\u1eb7t cookie \u0111\u1ec3 th\u00f4ng tin n\u00e0y c\u00f3 th\u1ec3 \u0111\u01b0\u1ee3c g\u1ecdi b\u1ea5t c\u1ee9 khi n\u00e0o b\u1ea1n t\u01b0\u01a1ng t\u00e1c v\u1edbi m\u1ed9t trang b\u1ecb \u1ea3nh h\u01b0\u1edfng b\u1edfi t\u00f9y ch\u1ecdn c\u1ee7a b\u1ea1n.<\/li>\n<\/ul>\n<h3 class=\"wp-block-heading\">Cookie c\u1ee7a b\u00ean th\u1ee9 ba<\/h3>\n<p>Trong m\u1ed9t s\u1ed1 tr\u01b0\u1eddng h\u1ee3p \u0111\u1eb7c bi\u1ec7t, ch\u00fang t\u00f4i c\u0169ng s\u1eed d\u1ee5ng cookie do c\u00e1c b\u00ean th\u1ee9 ba \u0111\u00e1ng tin c\u1eady cung c\u1ea5p. Ph\u1ea7n sau \u0111\u00e2y n\u00eau chi ti\u1ebft c\u00e1c cookie c\u1ee7a b\u00ean th\u1ee9 ba m\u00e0 b\u1ea1n c\u00f3 th\u1ec3 g\u1eb7p ph\u1ea3i th\u00f4ng qua trang web n\u00e0y.<\/p>\n<ul>\n<li>Trang web n\u00e0y s\u1eed d\u1ee5ng Google Analytics, m\u1ed9t trong nh\u1eefng gi\u1ea3i ph\u00e1p ph\u00e2n t\u00edch ph\u1ed5 bi\u1ebfn v\u00e0 \u0111\u00e1ng tin c\u1eady nh\u1ea5t tr\u00ean web, \u0111\u1ec3 gi\u00fap ch\u00fang t\u00f4i hi\u1ec3u c\u00e1ch b\u1ea1n s\u1eed d\u1ee5ng trang web v\u00e0 c\u00e1ch ch\u00fang t\u00f4i c\u00f3 th\u1ec3 c\u1ea3i thi\u1ec7n tr\u1ea3i nghi\u1ec7m c\u1ee7a b\u1ea1n. Nh\u1eefng cookie n\u00e0y c\u00f3 th\u1ec3 theo d\u00f5i nh\u1eefng th\u1ee9 nh\u01b0 th\u1eddi gian b\u1ea1n s\u1eed d\u1ee5ng trang web v\u00e0 nh\u1eefng trang b\u1ea1n truy c\u1eadp \u0111\u1ec3 ch\u00fang t\u00f4i c\u00f3 th\u1ec3 ti\u1ebfp t\u1ee5c s\u1ea3n xu\u1ea5t n\u1ed9i dung h\u1ea5p d\u1eabn.<\/li>\n<\/ul>\n<p>\u0110\u1ec3 bi\u1ebft th\u00eam th\u00f4ng tin v\u1ec1 cookie Google Analytics, h\u00e3y xem trang Google Analytics ch\u00ednh th\u1ee9c.<\/p>\n<ul>\n<li>Ph\u00e2n t\u00edch c\u1ee7a b\u00ean th\u1ee9 ba \u0111\u01b0\u1ee3c s\u1eed d\u1ee5ng \u0111\u1ec3 theo d\u00f5i v\u00e0 \u0111o l\u01b0\u1eddng vi\u1ec7c s\u1eed d\u1ee5ng trang web n\u00e0y \u0111\u1ec3 ch\u00fang t\u00f4i c\u00f3 th\u1ec3 ti\u1ebfp t\u1ee5c s\u1ea3n xu\u1ea5t n\u1ed9i dung h\u1ea5p d\u1eabn. Nh\u1eefng cookie n\u00e0y c\u00f3 th\u1ec3 theo d\u00f5i nh\u1eefng th\u1ee9 nh\u01b0 th\u1eddi gian b\u1ea1n s\u1eed d\u1ee5ng trang web ho\u1eb7c nh\u1eefng trang b\u1ea1n truy c\u1eadp, \u0111i\u1ec1u n\u00e0y gi\u00fap ch\u00fang t\u00f4i hi\u1ec3u c\u00e1ch ch\u00fang t\u00f4i c\u00f3 th\u1ec3 c\u1ea3i thi\u1ec7n trang web cho b\u1ea1n.<\/li>\n<li>Theo \u0111\u1ecbnh k\u1ef3, ch\u00fang t\u00f4i th\u1eed nghi\u1ec7m c\u00e1c t\u00ednh n\u0103ng m\u1edbi v\u00e0 th\u1ef1c hi\u1ec7n c\u00e1c thay \u0111\u1ed5i nh\u1ecf \u0111\u1ed1i v\u1edbi giao di\u1ec7n c\u1ee7a trang web. Khi ch\u00fang t\u00f4i v\u1eabn \u0111ang th\u1eed nghi\u1ec7m c\u00e1c t\u00ednh n\u0103ng m\u1edbi, nh\u1eefng cookie n\u00e0y c\u00f3 th\u1ec3 \u0111\u01b0\u1ee3c s\u1eed d\u1ee5ng \u0111\u1ec3 \u0111\u1ea3m b\u1ea3o r\u1eb1ng b\u1ea1n nh\u1eadn \u0111\u01b0\u1ee3c tr\u1ea3i nghi\u1ec7m nh\u1ea5t qu\u00e1n khi truy c\u1eadp trang web \u0111\u1ed3ng th\u1eddi hi\u1ec3u \u0111\u01b0\u1ee3c nh\u1eefng t\u1ed1i \u01b0u h\u00f3a n\u00e0o m\u00e0 ng\u01b0\u1eddi d\u00f9ng c\u1ee7a ch\u00fang t\u00f4i \u0111\u00e1nh gi\u00e1 cao nh\u1ea5t.<\/li>\n<li>Khi ch\u00fang t\u00f4i b\u00e1n s\u1ea3n ph\u1ea9m, \u0111i\u1ec1u quan tr\u1ecdng l\u00e0 ch\u00fang t\u00f4i ph\u1ea3i hi\u1ec3u s\u1ed1 li\u1ec7u th\u1ed1ng k\u00ea v\u1ec1 s\u1ed1 l\u01b0\u1ee3ng kh\u00e1ch truy c\u1eadp v\u00e0o trang web c\u1ee7a ch\u00fang t\u00f4i th\u1ef1c s\u1ef1 mua h\u00e0ng v\u00e0 do \u0111\u00f3, \u0111\u00e2y l\u00e0 lo\u1ea1i d\u1eef li\u1ec7u m\u00e0 c\u00e1c cookie n\u00e0y s\u1ebd theo d\u00f5i. \u0110i\u1ec1u n\u00e0y r\u1ea5t quan tr\u1ecdng \u0111\u1ed1i v\u1edbi b\u1ea1n v\u00ec n\u00f3 c\u00f3 ngh\u0129a l\u00e0 ch\u00fang t\u00f4i c\u00f3 th\u1ec3 \u0111\u01b0a ra d\u1ef1 \u0111o\u00e1n kinh doanh ch\u00ednh x\u00e1c, cho ph\u00e9p ch\u00fang t\u00f4i ph\u00e2n t\u00edch chi ph\u00ed qu\u1ea3ng c\u00e1o v\u00e0 s\u1ea3n ph\u1ea9m c\u1ee7a m\u00ecnh \u0111\u1ec3 \u0111\u1ea3m b\u1ea3o m\u1ee9c gi\u00e1 t\u1ed1t nh\u1ea5t c\u00f3 th\u1ec3.<\/li>\n<li>D\u1ecbch v\u1ee5 Google AdSense m\u00e0 ch\u00fang t\u00f4i s\u1eed d\u1ee5ng \u0111\u1ec3 ph\u00e2n ph\u00e1t qu\u1ea3ng c\u00e1o cho b\u1ea1n s\u1eed d\u1ee5ng cookie DoubleClick \u0111\u1ec3 ph\u00e2n ph\u00e1t cho b\u1ea1n c\u00e1c qu\u1ea3ng c\u00e1o c\u00f3 li\u00ean quan h\u01a1n tr\u00ean web v\u00e0 \u0111\u1ec3 gi\u1edbi h\u1ea1n s\u1ed1 l\u1ea7n m\u1ed9t qu\u1ea3ng c\u00e1o c\u1ee5 th\u1ec3 \u0111\u01b0\u1ee3c hi\u1ec3n th\u1ecb cho b\u1ea1n. \u0110\u1ec3 bi\u1ebft th\u00eam th\u00f4ng tin v\u1ec1 AdSense, h\u00e3y xem C\u00e2u h\u1ecfi th\u01b0\u1eddng g\u1eb7p v\u1ec1 quy\u1ec1n ri\u00eang t\u01b0 c\u1ee7a AdSense ch\u00ednh th\u1ee9c.<\/li>\n<li>Ch\u00fang t\u00f4i s\u1eed d\u1ee5ng qu\u1ea3ng c\u00e1o \u0111\u1ec3 b\u00f9 \u0111\u1eafp chi ph\u00ed v\u1eadn h\u00e0nh trang web n\u00e0y v\u00e0 cung c\u1ea5p kinh ph\u00ed cho s\u1ef1 ph\u00e1t tri\u1ec3n trong t\u01b0\u01a1ng lai. Cookie qu\u1ea3ng c\u00e1o h\u00e0nh vi \u0111\u01b0\u1ee3c trang web n\u00e0y s\u1eed d\u1ee5ng \u0111\u01b0\u1ee3c thi\u1ebft k\u1ebf \u0111\u1ec3 \u0111\u1ea3m b\u1ea3o r\u1eb1ng ch\u00fang t\u00f4i cung c\u1ea5p cho b\u1ea1n nh\u1eefng qu\u1ea3ng c\u00e1o ph\u00f9 h\u1ee3p nh\u1ea5t n\u1ebfu c\u00f3 th\u1ec3, theo d\u00f5i \u1ea9n danh s\u1edf th\u00edch c\u1ee7a b\u1ea1n v\u00e0 gi\u1edbi thi\u1ec7u cho b\u1ea1n nh\u1eefng th\u1ee9 t\u01b0\u01a1ng t\u1ef1 m\u00e0 b\u1ea1n c\u00f3 th\u1ec3 quan t\u00e2m.<\/li>\n<li>C\u00e1c \u0111\u1ed1i t\u00e1c kh\u00e1c nhau qu\u1ea3ng c\u00e1o thay m\u1eb7t ch\u00fang t\u00f4i v\u00e0 cookie theo d\u00f5i \u0111\u01a1n v\u1ecb li\u00ean k\u1ebft ch\u1ec9 \u0111\u01a1n gi\u1ea3n cho ph\u00e9p ch\u00fang t\u00f4i xem li\u1ec7u kh\u00e1ch h\u00e0ng c\u1ee7a ch\u00fang t\u00f4i c\u00f3 truy c\u1eadp trang web th\u00f4ng qua m\u1ed9t trong c\u00e1c trang web c\u1ee7a \u0111\u1ed1i t\u00e1c hay kh\u00f4ng \u0111\u1ec3 ch\u00fang t\u00f4i c\u00f3 th\u1ec3 ghi nh\u1eadn h\u1ecd m\u1ed9t c\u00e1ch h\u1ee3p l\u00fd v\u00e0, n\u1ebfu c\u00f3, cho ph\u00e9p c\u00e1c \u0111\u1ed1i t\u00e1c li\u00ean k\u1ebft c\u1ee7a ch\u00fang t\u00f4i cung c\u1ea5p b\u1ea5t k\u1ef3 khuy\u1ebfn m\u00e3i n\u00e0o c\u00f3 th\u1ec3 cung c\u1ea5p cho b\u1ea1n \u0111\u1ec3 mua h\u00e0ng.<\/li>\n<\/ul>\n<h3 class=\"wp-block-heading\">Cam k\u1ebft c\u1ee7a ng\u01b0\u1eddi d\u00f9ng<\/h3>\n<p>Ng\u01b0\u1eddi d\u00f9ng cam k\u1ebft s\u1eed d\u1ee5ng h\u1ee3p l\u00fd n\u1ed9i dung v\u00e0 th\u00f4ng tin m\u00e0 Info Bizy cung c\u1ea5p tr\u00ean trang web v\u1edbi t\u00ednh ch\u1ea5t r\u00f5 r\u00e0ng nh\u01b0ng kh\u00f4ng gi\u1edbi h\u1ea1n:<\/p>\n<ul>\n<li>A) Kh\u00f4ng tham gia v\u00e0o c\u00e1c ho\u1ea1t \u0111\u1ed9ng phi ph\u00e1p ho\u1eb7c tr\u00e1i v\u1edbi thi\u1ec7n ch\u00ed v\u00e0 tr\u1eadt t\u1ef1 c\u00f4ng c\u1ed9ng;<\/li>\n<li>B) Kh\u00f4ng ph\u1ed5 bi\u1ebfn tuy\u00ean truy\u1ec1n ho\u1eb7c n\u1ed9i dung c\u00f3 t\u00ednh ch\u1ea5t ph\u00e2n bi\u1ec7t ch\u1ee7ng t\u1ed9c, b\u00e0i ngo\u1ea1i ho\u1eb7c xui x\u1ebbo, b\u1ea5t k\u1ef3 lo\u1ea1i n\u1ed9i dung khi\u00eau d\u00e2m b\u1ea5t h\u1ee3p ph\u00e1p n\u00e0o, xin l\u1ed7i v\u00ec kh\u1ee7ng b\u1ed1 ho\u1eb7c ch\u1ed1ng l\u1ea1i nh\u00e2n quy\u1ec1n;<\/li>\n<li>C) Kh\u00f4ng g\u00e2y thi\u1ec7t h\u1ea1i cho h\u1ec7 th\u1ed1ng v\u1eadt l\u00fd (ph\u1ea7n c\u1ee9ng) v\u00e0 logic (ph\u1ea7n m\u1ec1m) c\u1ee7a Info Bizy, nh\u00e0 cung c\u1ea5p ho\u1eb7c b\u00ean th\u1ee9 ba c\u1ee7a Info Bizy \u0111\u1ec3 gi\u1edbi thi\u1ec7u ho\u1eb7c ph\u00e1t t\u00e1n virus m\u00e1y t\u00ednh ho\u1eb7c b\u1ea5t k\u1ef3 h\u1ec7 th\u1ed1ng ph\u1ea7n c\u1ee9ng ho\u1eb7c ph\u1ea7n m\u1ec1m n\u00e0o kh\u00e1c c\u00f3 kh\u1ea3 n\u0103ng g\u00e2y ra nh\u1eefng thi\u1ec7t h\u1ea1i n\u00f3i tr\u00ean.<\/li>\n<\/ul>\n<h3 class=\"wp-block-heading\">Th\u00eam th\u00f4ng tin<\/h3>\n<p>Hy v\u1ecdng r\u1eb1ng \u0111i\u1ec1u \u0111\u00f3 \u0111\u00e3 r\u00f5 r\u00e0ng v\u00e0 nh\u01b0 \u0111\u00e3 \u0111\u1ec1 c\u1eadp tr\u01b0\u1edbc \u0111\u00f3, n\u1ebfu c\u00f3 \u0111i\u1ec1u g\u00ec \u0111\u00f3 m\u00e0 b\u1ea1n kh\u00f4ng ch\u1eafc li\u1ec7u m\u00ecnh c\u00f3 c\u1ea7n hay kh\u00f4ng, th\u00ec n\u00f3i chung, vi\u1ec7c b\u1eadt cookie s\u1ebd an to\u00e0n h\u01a1n n\u1ebfu b\u1ea1n t\u01b0\u01a1ng t\u00e1c v\u1edbi m\u1ed9t trong c\u00e1c t\u00ednh n\u0103ng b\u1ea1n s\u1eed d\u1ee5ng tr\u00ean trang web c\u1ee7a ch\u00fang t\u00f4i. Ch\u00ednh s\u00e1ch n\u00e0y c\u00f3 hi\u1ec7u l\u1ef1c t\u1eeb <strong>Th\u00e1ng M\u1ed9t<\/strong>\/<strong>2022<\/strong>.<\/p>\n<\/div>","protected":false},"excerpt":{"rendered":"<p>A sua privacidade \u00e9 importante para n\u00f3s. \u00c9 pol\u00edtica do Info Bizy respeitar a sua privacidade em rela\u00e7\u00e3o a qualquer informa\u00e7\u00e3o sua que possamos coletar no site Info Bizy, e outros sites que possu\u00edmos e operamos. Solicitamos informa\u00e7\u00f5es pessoais apenas quando realmente precisamos delas para lhe fornecer um servi\u00e7o. Fazemo-lo por meios justos e legais, [&hellip;]<\/p>\n","protected":false},"author":4,"featured_media":0,"parent":0,"menu_order":0,"comment_status":"closed","ping_status":"closed","template":"","meta":{"footnotes":""},"class_list":["post-419","page","type-page","status-publish"],"_links":{"self":[{"href":"https:\/\/infobizy.com\/vi\/wp-json\/wp\/v2\/pages\/419","targetHints":{"allow":["GET"]}}],"collection":[{"href":"https:\/\/infobizy.com\/vi\/wp-json\/wp\/v2\/pages"}],"about":[{"href":"https:\/\/infobizy.com\/vi\/wp-json\/wp\/v2\/types\/page"}],"author":[{"embeddable":true,"href":"https:\/\/infobizy.com\/vi\/wp-json\/wp\/v2\/users\/4"}],"replies":[{"embeddable":true,"href":"https:\/\/infobizy.com\/vi\/wp-json\/wp\/v2\/comments?post=419"}],"version-history":[{"count":8,"href":"https:\/\/infobizy.com\/vi\/wp-json\/wp\/v2\/pages\/419\/revisions"}],"predecessor-version":[{"id":1194,"href":"https:\/\/infobizy.com\/vi\/wp-json\/wp\/v2\/pages\/419\/revisions\/1194"}],"wp:attachment":[{"href":"https:\/\/infobizy.com\/vi\/wp-json\/wp\/v2\/media?parent=419"}],"curies":[{"name":"wp","href":"https:\/\/api.w.org\/{rel}","templated":true}]}}